{"id":6302,"date":"2025-05-26T09:22:52","date_gmt":"2025-05-26T09:22:52","guid":{"rendered":"https:\/\/sinoextrud.com\/product\/professional-aluminium-tubing\/"},"modified":"2025-06-24T06:10:40","modified_gmt":"2025-06-24T06:10:40","slug":"professionaalsed-alumiiniumtorud","status":"publish","type":"product","link":"https:\/\/sinoextrud.com\/et\/product\/professional-aluminium-tubing\/","title":{"rendered":"Professionaalne alumiiniumtoru"},"content":{"rendered":"<h2>Toodete \u00fcksikasjad<\/h2>\n<table class=\"custom-table\">\n<tr>\n<td class=\"label\">Br\u00e4nd<\/td>\n<td>Hiina Sinoextrud<\/td>\n<\/tr>\n<tr>\n<td class=\"label\">Toote t\u00fc\u00fcp<\/td>\n<td>professionaalsed alumiiniumtorud, professionaalsed alumiiniumtorud<\/td>\n<\/tr>\n<tr>\n<td class=\"label\">Rakendused<\/td>\n<td>K\u00f5ik t\u00f6\u00f6stusharud<\/td>\n<\/tr>\n<tr>\n<td class=\"label\">Hallitus<\/td>\n<td>Rohkem kui 30 000 alumiiniumprofiili vormi laos<\/td>\n<\/tr>\n<tr>\n<td class=\"label\">Hinne<\/td>\n<td>6000-seeria alumiiniumisulam<\/td>\n<\/tr>\n<tr>\n<td class=\"label\">Temper<\/td>\n<td>T3-T8<\/td>\n<\/tr>\n<tr>\n<td class=\"label\">Teenused<\/td>\n<td>hulgim\u00fc\u00fck\/OEM\/ODM. CNC k\u00f5rge t\u00e4psusega kohandatud tootmine<\/td>\n<\/tr>\n<tr>\n<td class=\"label\">Kujundid<\/td>\n<td>\u00fcmmargune, poolringi, veerandringi, ovaalne, ruudukujuline, ristk\u00fclikukujuline, kolmnurkne jne. Saate kohandada erinevaid kujundeid.<\/td>\n<\/tr>\n<tr>\n<td class=\"label\">M\u00f5\u00f5tmed<\/td>\n<td>vastavalt meie n\u00f5udmisele<\/td>\n<\/tr>\n<tr>\n<td class=\"label\">Sallivus<\/td>\n<td>tavaline alumiiniumprofiil: \u00b10,1 mm<br \/>k\u00f5rge t\u00e4psusega alumiiniumprofiil: \u00b10,03 mm<br \/>Selle t\u00e4psuse kontrollimiseks v\u00f5ite saada proovi.<\/td>\n<\/tr>\n<tr>\n<td class=\"label\">Pinnat\u00f6\u00f6tlus<\/td>\n<td>anodeeritud, pulberv\u00e4rvimine, poleerimine, harjatud, liivapritsimine, puidumass, PVDF-kate, fluoros\u00fcsinikkate, elektroforees jne.<\/td>\n<\/tr>\n<tr>\n<td class=\"label\">Ametlikud sertifikaadid<\/td>\n<td>ISO 9001, ISO 14001, CE , TUV , SGS, ROHS; BV materjali sertifitseerimine; riikliku standardi GB5237-2017 l\u00e4bimine.<\/td>\n<\/tr>\n<tr>\n<td class=\"label\">Professionaalsed seadmed<\/td>\n<td>(1) \u00fcks tehas pindalaga \u00fcle 100 000 ruutmeetri<br \/>(2) kaksk\u00fcmmend viis t\u00e4iustatud alumiiniumi ekstrusiooniseadmed (600 tonni kuni 2500 tonni)<br \/>(3) kaks liivapritsimisseadet<br \/>(4) kaks anodeerimisliini (Jaapan)<br \/>(5) kaks elektroforeetilise katte tootmisliini (Korea)<br \/>(6) kaks pulberv\u00e4rvimise tootmisliini (Saksamaa)<br \/>(7) \u00fcks puidutootmisliin (Korea)<br \/>(8) kuus professionaalset CNC-t\u00f6\u00f6tlusseadet<br \/>(9) kaheksa energias\u00e4\u00e4stu ja soojusisolatsiooni tootmisliini (\u0160veits)<br \/>(10) kaks alumiiniumvarraste sulatamise ja valamise t\u00f6\u00f6koda toodangu v\u00e4\u00e4rtusega 80 000 tonni<\/td>\n<\/tr>\n<tr>\n<td class=\"label\">Toote eelised<\/td>\n<td>v\u00f5imeline tootma \u00fclisuuri alumiiniumprofiile \u00fcle 300 mm.<\/td>\n<\/tr>\n<\/table>\n<h2>Meie tootmisbaas<\/h2>\n<h3>Tehase panoraam<\/h3>\n<p><img decoding=\"async\" src=\"\/wp-content\/uploads\/factory-01.webp\"\/><\/p>\n<h3>Alumiiniumvarraste tootmise t\u00f6\u00f6koda<\/h3>\n<p><img decoding=\"async\" src=\"\/wp-content\/uploads\/factory-02.webp\"\/><\/p>\n<p><img decoding=\"async\" src=\"\/wp-content\/uploads\/factory-03.webp\"\/><\/p>\n<h3>hallituse ladustamise ladu<\/h3>\n<p><img decoding=\"async\" src=\"\/wp-content\/uploads\/factory-04.webp\"\/><\/p>\n<h3>43 alumiiniumi ekstrusiooniliini (500-5500 tonni)<\/h3>\n<p><img decoding=\"async\" src=\"\/wp-content\/uploads\/factory-05.webp\"\/><\/p>\n<p><img decoding=\"async\" src=\"\/wp-content\/uploads\/factory-06.webp\"\/><\/p>\n<p><img decoding=\"async\" src=\"\/wp-content\/uploads\/factory-07.webp\"\/><\/p>\n<h3>Pulberv\u00e4rvimise t\u00f6\u00f6koda<\/h3>\n<p><img decoding=\"async\" src=\"\/wp-content\/uploads\/factory-09.webp\"\/><\/p>\n<h3>Anodiseerimise t\u00f6\u00f6koda<\/h3>\n<p><img decoding=\"async\" src=\"\/wp-content\/uploads\/factory-10.webp\"\/><\/p>\n<h3>S\u00fcgavt\u00f6\u00f6tlemise t\u00f6\u00f6tuba<\/h3>\n<p><img decoding=\"async\" src=\"\/wp-content\/uploads\/factory-11.webp\"\/><\/p>\n<h3>CNC-t\u00e4ppist\u00f6\u00f6tlemise t\u00f6\u00f6koda<\/h3>\n<p><img decoding=\"async\" src=\"\/wp-content\/uploads\/factory-11.5.webp\"\/><\/p>\n<h3>Valmistoodete ja ekspordi ladu<\/h3>\n<p><img decoding=\"async\" src=\"\/wp-content\/uploads\/factory-12.webp\"\/><\/p>\n<p><img decoding=\"async\" src=\"\/wp-content\/uploads\/factory-13.webp\"\/><\/p>\n<p><img decoding=\"async\" src=\"\/wp-content\/uploads\/factory-14.webp\"\/><\/p>\n<h2>KKK<\/h2>\n<p><p><b>1.Mis on professionaalne alumiiniumtoru, mida kasutatakse?<\/b><\/p>\n<p>Professionaalsed alumiiniumtorud on t\u00e4nu oma tugevusele, kergusele ja mitmek\u00fclgsusele laialdaselt kasutusel sellistes t\u00f6\u00f6stusharudes nagu ehitus, autot\u00f6\u00f6stus, lennundus ja HVAC.<br \/>\n<\/p><br \/>\n<br \/>\n<p><b>2.Millised on professionaalsete alumiiniumtorude peamised eelised?<\/b><\/p>\n<p>Professionaalsed alumiiniumtorud pakuvad suurt tugevuse ja kaalu suhet, korrosioonikindlust, soojusjuhtivust ja lihtsat valmistamist.<br \/>\n<\/p><br \/>\n<br \/>\n<p><b>3.Miks valida professionaalsed alumiiniumtorud tavap\u00e4raste torude asemel?<\/b><\/p>\n<p>Professionaalsed alumiiniumtorud tagavad k\u00f5rgema kvaliteedi, rangemad tolerantsid ja j\u00e4rjepideva j\u00f5udluse n\u00f5udlikes t\u00f6\u00f6stus- ja \u00e4rirakendustes.<br \/>\n<\/p><br \/>\n<br \/>\n<p><b>4.Kas professionaalseid alumiiniumtorusid saab kohandada?<\/b><\/p>\n<p>Jah, alumiiniumtorusid saab kohandada l\u00e4bim\u00f5\u00f5du, seina paksuse, pikkuse ja pinnaviimistluse poolest, et need vastaksid projekti spetsiifilistele n\u00f5uetele.<br \/>\n<\/p><br \/>\n<br \/>\n<p><b>5.Millised pinnaviimistlused on saadaval professionaalsete alumiiniumtorude jaoks?<\/b><\/p>\n<p>Levinud viimistlused on anodeerimine, pulberv\u00e4rvimine ja freesimine, mis parandavad vastupidavust, korrosioonikindlust ja esteetilist atraktiivsust.<br \/>\n<\/p><br \/>\n<br \/>\n<p><b>6.Kas professionaalsed alumiiniumtorud sobivad v\u00e4litingimustes kasutamiseks?<\/b><\/p>\n<p>Jah, alumiiniumtorud on looduslikult korrosioonikindlad ja taluvad karmi ilmastikum\u00f5jusid, mist\u00f5ttu on need ideaalsed v\u00e4lis- ja merekeskkondades.<br \/>\n<\/p><br \/>\n<br \/>\n<p><b>7.Kuidas toetavad professionaalsed alumiiniumtorud s\u00e4\u00e4stvat inseneritehnikat?<\/b><\/p>\n<p>Alumiinium on 100% ringlussev\u00f5etav ja energiat\u00f5husa tootmisega, mist\u00f5ttu on professionaalne alumiiniumtorustik keskkonnas\u00f5bralik lahendus kaasaegsete insenerilahenduste jaoks.<br \/>\n<\/p><br \/><\/p>","protected":false},"featured_media":6301,"template":"","categories":[60],"class_list":["post-6302","product","type-product","status-publish","has-post-thumbnail","hentry","category-general-tubes-and-bars"],"meta_box":{"hilight_text_group":{"product_hilight_text":"<li>Engineered for high performance in industrial and commercial applications<\/li>\r\r\n<li>Precision manufacturing ensures tight tolerances and smooth finishes<\/li>\r\r\n<li>Excellent strength-to-weight ratio for structural efficiency<\/li>\r\r\n<li>Corrosion-resistant and suitable for harsh environments<\/li>\r\r\n<li>Custom lengths, diameters, and alloys available to meet project needs<\/li>","product_chanpin_chanpin":"<li><a href=\"https:\/\/sinoextrud.com\/product\/extruded-aluminium-profile-for-triangle-and-rectangle-pipe-with-6063-alloy-anodized-mill-finish-surface\/\" target=\"_blank\">Extruded Aluminium Profile For Triangle And Rectangle Pipe With 6063 Alloy Anodized Mill Finish Surface<\/a><\/li>\r\n<li><a href=\"https:\/\/sinoextrud.com\/product\/aluminium-hollow-tube\/\" target=\"_blank\">Aluminium Hollow Tube<\/a><\/li>\r\n<li><a href=\"https:\/\/sinoextrud.com\/product\/customized-6063-extruded-aluminum-flat-bar\/\" target=\"_blank\">Customized 6063 Extruded Aluminum Flat Bar<\/a><\/li>\r\n<li><a href=\"https:\/\/sinoextrud.com\/product\/aluminum-irrigation-pipe-for-sale\/\" target=\"_blank\">Aluminum Irrigation Pipe For Sale<\/a><\/li>\r\n<li><a href=\"https:\/\/sinoextrud.com\/product\/professional-aluminium-tubing\/\" target=\"_blank\">Professional Aluminium Tubing<\/a><\/li>\r\n<li><a href=\"https:\/\/sinoextrud.com\/product\/extruded-aluminum-pipe\/\" target=\"_blank\">Extruded Aluminum Pipe<\/a><\/li>\r\n<li><a href=\"https:\/\/sinoextrud.com\/product\/large-diameter-aluminum-pipe-for-sale\/\" target=\"_blank\">Large Diameter Aluminum Pipe For Sale<\/a><\/li>\r\n<li><a href=\"https:\/\/sinoextrud.com\/product\/aluminum-oval-tubing-with-competitive-price\/\" target=\"_blank\">Aluminum Oval Tubing With Competitive Price<\/a><\/li>\r\n<li><a href=\"https:\/\/sinoextrud.com\/product\/anodized-aluminum-alloy-pipe-supplier\/\" target=\"_blank\">Anodized Aluminum Alloy Pipe Supplier<\/a><\/li>\r\n<li><a href=\"https:\/\/sinoextrud.com\/product\/anodizing-aluminum-picture-photo-frame-brushed-aluminium-frame-for-home-decoration\/\" target=\"_blank\">Anodizing Aluminum Picture Photo Frame Brushed Aluminium Frame For Home Decoration<\/a><\/li>\r\n<li><a href=\"https:\/\/sinoextrud.com\/product\/machined-aluminium-profiles-for-windows-and-doors\/\" target=\"_blank\">Machined Aluminium Profiles For Windows And Doors<\/a><\/li>"},"feature_list":[]},"_links":{"self":[{"href":"https:\/\/sinoextrud.com\/et\/wp-json\/wp\/v2\/product\/6302","targetHints":{"allow":["GET"]}}],"collection":[{"href":"https:\/\/sinoextrud.com\/et\/wp-json\/wp\/v2\/product"}],"about":[{"href":"https:\/\/sinoextrud.com\/et\/wp-json\/wp\/v2\/types\/product"}],"wp:featuredmedia":[{"embeddable":true,"href":"https:\/\/sinoextrud.com\/et\/wp-json\/wp\/v2\/media\/6301"}],"wp:attachment":[{"href":"https:\/\/sinoextrud.com\/et\/wp-json\/wp\/v2\/media?parent=6302"}],"wp:term":[{"taxonomy":"category","embeddable":true,"href":"https:\/\/sinoextrud.com\/et\/wp-json\/wp\/v2\/categories?post=6302"}],"curies":[{"name":"wp","href":"https:\/\/api.w.org\/{rel}","templated":true}]}}