{"id":6298,"date":"2025-05-26T09:16:03","date_gmt":"2025-05-26T09:16:03","guid":{"rendered":"https:\/\/sinoextrud.com\/product\/customized-6063-extruded-aluminum-flat-bar\/"},"modified":"2025-06-24T06:10:37","modified_gmt":"2025-06-24T06:10:37","slug":"kohandatud-6063-ekstrudeeritud-alumiiniumist-lame-baar","status":"publish","type":"product","link":"https:\/\/sinoextrud.com\/et\/product\/customized-6063-extruded-aluminum-flat-bar\/","title":{"rendered":"Kohandatud 6063 ekstrudeeritud alumiiniumist Flat Bar"},"content":{"rendered":"<h2>Toodete \u00fcksikasjad<\/h2>\n<table class=\"custom-table\">\n<tr>\n<td class=\"label\">Punkti<\/td>\n<td>Kohandatud 6063 ekstrudeeritud alumiiniumist Flat Bar<\/td>\n<\/tr>\n<tr>\n<td class=\"label\">Materjal<\/td>\n<td>Sulam 6063, 6061 v\u00f5i vastavalt kliendi soovile.<\/td>\n<\/tr>\n<tr>\n<td class=\"label\">Temper<\/td>\n<td>T3, T4, T5, T6<\/td>\n<\/tr>\n<tr>\n<td class=\"label\">Pind<\/td>\n<td>Anodeerimine (l\u00e4bipaistev, satiin, pronks, must, kuldne, h\u00f5bedane, muu mitmev\u00e4rviline), elektroforees, pulberv\u00e4rvimine, PVDF-kate, puidumassiivide v\u00e4rvimine jne.<\/td>\n<\/tr>\n<tr>\n<td class=\"label\">MOQ<\/td>\n<td>200kg. Tavaliselt 12 tonni 20 jala konteineri puhul; 24 tonni 40 jala konteineri puhul.<\/td>\n<\/tr>\n<tr>\n<td class=\"label\">Profiili t\u00fc\u00fcp<\/td>\n<td>T\u00f6\u00f6stus Alumiiniumprofiil, mida kasutatakse autodes, rongides, masinates, haagistes, elektroonikas, meditsiinis ja muudes t\u00f6\u00f6stuslikes valdkondades.<\/td>\n<\/tr>\n<tr>\n<td class=\"label\">T\u00f6\u00f6tlemine<\/td>\n<td>1. freesimine; 2. puurimine; 3. painutamine; 4. l\u00f5ikamine ...<\/td>\n<\/tr>\n<tr>\n<td class=\"label\">Valu<\/td>\n<td>1. Kasutades meie vorme, tasuta; 2. Kasutades kliendi joonist, tuleb maksta avamisvormi tasu.<\/td>\n<\/tr>\n<tr>\n<td class=\"label\">Sertifikaat<\/td>\n<td>ISO14001:2004, ISO9001:2000<\/td>\n<\/tr>\n<\/table>\n<h2>Meie tootmisbaas<\/h2>\n<h3>Tehase panoraam<\/h3>\n<p><img decoding=\"async\" src=\"\/wp-content\/uploads\/factory-01.webp\"\/><\/p>\n<h3>Alumiiniumvarraste tootmise t\u00f6\u00f6koda<\/h3>\n<p><img decoding=\"async\" src=\"\/wp-content\/uploads\/factory-02.webp\"\/><\/p>\n<\/p>\n<p><img decoding=\"async\" src=\"\/wp-content\/uploads\/factory-03.webp\"\/><\/p>\n<h3>hallituse ladustamise ladu<\/h3>\n<p><img decoding=\"async\" src=\"\/wp-content\/uploads\/factory-04.webp\"\/><\/p>\n<h3>43 alumiiniumi ekstrusiooniliini (500-5500 tonni)<\/h3>\n<p><img decoding=\"async\" src=\"\/wp-content\/uploads\/factory-05.webp\"\/><\/p>\n<p><img decoding=\"async\" src=\"\/wp-content\/uploads\/factory-06.webp\"\/><\/p>\n<p><img decoding=\"async\" src=\"\/wp-content\/uploads\/factory-07.webp\"\/><\/p>\n<h3>Pulberv\u00e4rvimise t\u00f6\u00f6koda<\/h3>\n<p><img decoding=\"async\" src=\"\/wp-content\/uploads\/factory-09.webp\"\/><\/p>\n<h3>Anodiseerimise t\u00f6\u00f6koda<\/h3>\n<p><img decoding=\"async\" src=\"\/wp-content\/uploads\/factory-10.webp\"\/><\/p>\n<h3>S\u00fcgavt\u00f6\u00f6tlemise t\u00f6\u00f6tuba<\/h3>\n<p><img decoding=\"async\" src=\"\/wp-content\/uploads\/factory-11.webp\"\/><\/p>\n<h3>CNC-t\u00e4ppist\u00f6\u00f6tlemise t\u00f6\u00f6koda<\/h3>\n<p><img decoding=\"async\" src=\"\/wp-content\/uploads\/factory-11.5.webp\"\/><\/p>\n<h3>Valmistoodete ja ekspordi ladu<\/h3>\n<p><img decoding=\"async\" src=\"\/wp-content\/uploads\/factory-12.webp\"\/><\/p>\n<p><img decoding=\"async\" src=\"\/wp-content\/uploads\/factory-13.webp\"\/><\/p>\n<p><img decoding=\"async\" src=\"\/wp-content\/uploads\/factory-14.webp\"\/><\/p>\n<h2>KKK<\/h2>\n<p><b>1.What on kohandatud 6063 pressitud alumiiniumist lame baar kasutatakse?<\/b><\/p>\n<p>Kohandatud 6063 pressitud alumiiniumist lamevardaid kasutatakse ehituses, raami, masinate ja dekoratiivsete rakenduste puhul t\u00e4nu nende tugevusele, vormitavusele ja elegantsele v\u00e4limusele.\n<\/p>\n<p><\/p>\n<p><b>2.Millised on 6063 sulami kasutamise eelised alumiiniumplaatidel?<\/b><\/p>\n<p>Alumiiniumsulam 6063 pakub suurep\u00e4rast korrosioonikindlust, head pinnaviimistlust ja head t\u00f6\u00f6deldavust, mist\u00f5ttu sobib see ideaalselt arhitektuuri- ja konstruktsioonirakendusteks.\n<\/p>\n<p><\/p>\n<p><b>3.Miks valida kohandatud alumiiniumist lame baar?<\/b><\/p>\n<p>Kohandatud alumiiniumist lamevardad v\u00f5imaldavad t\u00e4pset kontrolli m\u00f5\u00f5tmete, tolerantside ja pinnat\u00f6\u00f6tluse \u00fcle, tagades \u00fchilduvuse konkreetsete projektin\u00f5uetega.\n<\/p>\n<p><\/p>\n<p><b>4.Millised pinnaviimistlused on saadaval 6063 pressitud alumiiniumist lamedate varraste jaoks?<\/b><\/p>\n<p>Populaarne pinnaviimistlus on anodeeritud, freesitud ja pulberv\u00e4rvitud, mis suurendab vastupidavust, korrosioonikaitset ja visuaalset atraktiivsust.\n<\/p>\n<p><\/p>\n<p><b>5.Kas 6063 ekstrudeeritud alumiiniumist lamedad vardad sobivad v\u00e4litingimustes kasutamiseks?<\/b><\/p>\n<p>Jah, korraliku pinnat\u00f6\u00f6tluse korral on 6063 pressitud alumiiniumist lamedad latid v\u00e4ga vastupidavad ilmastikutingimustele, mist\u00f5ttu sobivad need ideaalselt v\u00e4lisrakendusteks.\n<\/p>\n<p><\/p>\n<p><b>6.Kuidas parandab ekstrusioon alumiiniumist lamedate varraste j\u00f5udlust?<\/b><\/p>\n<p>Ekstrusioon tagab \u00fchtlase ristl\u00f5ike, sileda pinna ja struktuurilise tugevuse, parandades lamedate varraste j\u00f5udlust ja lihtsustades nende valmistamist.\n<\/p>\n<p><\/p>\n<p><b>7.Kas 6063 ekstrudeeritud alumiiniumist lame baar on keskkonnas\u00f5bralik?<\/b><\/p>\n<p>Jah, alumiinium on t\u00e4ielikult ringlussev\u00f5etav ja energiat\u00f5hus, mist\u00f5ttu on 6063 pressitud lamevardad s\u00e4\u00e4stev valik keskkonnateadlike projektide jaoks.\n<\/p>\n<p><\/p>","protected":false},"featured_media":6297,"template":"","categories":[60],"class_list":["post-6298","product","type-product","status-publish","has-post-thumbnail","hentry","category-general-tubes-and-bars"],"meta_box":{"hilight_text_group":{"product_hilight_text":"<li>Manufactured with 6063 alloy for excellent corrosion resistance and formability<\/li>\r\r\n<li>Custom sizes and lengths available to meet specific project requirements<\/li>\r\r\n<li>Ideal for framing, support structures, and decorative applications<\/li>\r\r\n<li>Smooth surface finish suitable for anodizing and powder coating<\/li>\r\r\n<li>High dimensional accuracy ensures easy machining and assembly<\/li>","product_chanpin_chanpin":"<li><a href=\"https:\/\/sinoextrud.com\/product\/round-aluminium-profile\/\" target=\"_blank\">Round Aluminium Profile<\/a><\/li>\r\n<li><a href=\"https:\/\/sinoextrud.com\/product\/aluminium-tube\/\" target=\"_blank\">Aluminium Tube<\/a><\/li>\r\n<li><a href=\"https:\/\/sinoextrud.com\/product\/extruded-aluminium-profile-for-triangle-and-rectangle-pipe-with-6063-alloy-anodized-mill-finish-surface\/\" target=\"_blank\">Extruded Aluminium Profile For Triangle And Rectangle Pipe With 6063 Alloy Anodized Mill Finish Surface<\/a><\/li>\r\n<li><a href=\"https:\/\/sinoextrud.com\/product\/aluminium-hollow-tube\/\" target=\"_blank\">Aluminium Hollow Tube<\/a><\/li>\r\n<li><a href=\"https:\/\/sinoextrud.com\/product\/customized-6063-extruded-aluminum-flat-bar\/\" target=\"_blank\">Customized 6063 Extruded Aluminum Flat Bar<\/a><\/li>\r\n<li><a href=\"https:\/\/sinoextrud.com\/product\/aluminum-irrigation-pipe-for-sale\/\" target=\"_blank\">Aluminum Irrigation Pipe For Sale<\/a><\/li>\r\n<li><a href=\"https:\/\/sinoextrud.com\/product\/professional-aluminium-tubing\/\" target=\"_blank\">Professional Aluminium Tubing<\/a><\/li>\r\n<li><a href=\"https:\/\/sinoextrud.com\/product\/extruded-aluminum-pipe\/\" target=\"_blank\">Extruded Aluminum Pipe<\/a><\/li>\r\n<li><a href=\"https:\/\/sinoextrud.com\/product\/large-diameter-aluminum-pipe-for-sale\/\" target=\"_blank\">Large Diameter Aluminum Pipe For Sale<\/a><\/li>\r\n<li><a href=\"https:\/\/sinoextrud.com\/product\/extruded-aluminium-window-frames\/\" target=\"_blank\">Extruded Aluminium Window Frames<\/a><\/li>\r\n<li><a href=\"https:\/\/sinoextrud.com\/product\/triangular-aluminium-extrusion\/\" target=\"_blank\">Triangular Aluminium Extrusion<\/a><\/li>"},"feature_list":[]},"_links":{"self":[{"href":"https:\/\/sinoextrud.com\/et\/wp-json\/wp\/v2\/product\/6298","targetHints":{"allow":["GET"]}}],"collection":[{"href":"https:\/\/sinoextrud.com\/et\/wp-json\/wp\/v2\/product"}],"about":[{"href":"https:\/\/sinoextrud.com\/et\/wp-json\/wp\/v2\/types\/product"}],"wp:featuredmedia":[{"embeddable":true,"href":"https:\/\/sinoextrud.com\/et\/wp-json\/wp\/v2\/media\/6297"}],"wp:attachment":[{"href":"https:\/\/sinoextrud.com\/et\/wp-json\/wp\/v2\/media?parent=6298"}],"wp:term":[{"taxonomy":"category","embeddable":true,"href":"https:\/\/sinoextrud.com\/et\/wp-json\/wp\/v2\/categories?post=6298"}],"curies":[{"name":"wp","href":"https:\/\/api.w.org\/{rel}","templated":true}]}}