{"id":6296,"date":"2025-05-26T09:11:12","date_gmt":"2025-05-26T09:11:12","guid":{"rendered":"https:\/\/sinoextrud.com\/product\/aluminium-hollow-tube\/"},"modified":"2025-06-24T06:10:37","modified_gmt":"2025-06-24T06:10:37","slug":"alumiiniumist-oones-toru","status":"publish","type":"product","link":"https:\/\/sinoextrud.com\/et\/product\/aluminium-hollow-tube\/","title":{"rendered":"Alumiiniumist \u00f5\u00f5nes toru"},"content":{"rendered":"<h2>Toodete \u00fcksikasjad<\/h2>\n<table class=\"custom-table\">\n<tr>\n<td class=\"label\">Objekt:<\/td>\n<td>Alumiinium \u00f5\u00f5nes toru, Alumiinium \u00f5\u00f5nes \u00fcmar toru, Alumiinium \u00f5\u00f5nes ruudukujuline toru, Alumiinium \u00f5\u00f5nes ristk\u00fclikukujuline toru, Alumiinium \u00f5\u00f5nes kolmnurkne toru.<\/td>\n<\/tr>\n<tr>\n<td class=\"label\">Materjal:<\/td>\n<td>100% alumiiniumprofiil<\/td>\n<\/tr>\n<tr>\n<td class=\"label\">sulam:<\/td>\n<td>6063-T5,6061-T6,6463-T5,6082etc<\/td>\n<\/tr>\n<tr>\n<td class=\"label\">Suurus:<\/td>\n<td>1m-9m v\u00f5i kohandatud suurus<\/td>\n<\/tr>\n<tr>\n<td class=\"label\">Taotlus:<\/td>\n<td>M\u00f6\u00f6bel, aknad ja uksed, dekoratsioonid, t\u00f6\u00f6stus, ehitus jne.<\/td>\n<\/tr>\n<tr>\n<td class=\"label\">V\u00e4rvid:<\/td>\n<td>Anodeeritud, puidumass, pulberv\u00e4rvimine, anodeeritud poleeritud ja harjatud, elektroforees, flurokarbonaadiga pulberv\u00e4rvitud jne.<\/td>\n<\/tr>\n<tr>\n<td class=\"label\">MOQ:<\/td>\n<td>200 kg iga profiili kohta<\/td>\n<\/tr>\n<tr>\n<td class=\"label\">OEM-teenus:<\/td>\n<td>kliendi koostatud jooniste v\u00f5i n\u00e4idiste alusel<\/td>\n<\/tr>\n<tr>\n<td class=\"label\">Sertifitseerimine on v\u00f5imalik:<\/td>\n<td>ISO:9001, SONCAP, BV sertifikaat v\u00f5i kliendi sertifikaat saadaval<\/td>\n<\/tr>\n<tr>\n<td class=\"label\">Pakendamise \u00fcksikasjad:<\/td>\n<td>(1) Sisemine : pakitud plastist kaitsekilega, et kaitsta iga profiili<br \/>(2) V\u00e4ljaspool: pakitud veekindla k\u00e4sit\u00f6\u00f6paberiga<\/td>\n<\/tr>\n<tr>\n<td class=\"label\">Tarneaeg:<\/td>\n<td>(1) Die arendamine ja proovi testimine :12-18 p\u00e4eva<br \/>(1) Tootmise kestus: 20-25 p\u00e4eva p\u00e4rast seda, kui ostja on proovi kinnitanud<\/td>\n<\/tr>\n<tr>\n<td class=\"label\">Maksetingimused:<\/td>\n<td>T\/T, 30% ettemaks, samas kui saldo makstakse v\u00e4lja enne tarnimist<\/td>\n<\/tr>\n<tr>\n<td class=\"label\">Arveldust\u00e4htaeg:<\/td>\n<td>L\u00f5plik makse p\u00f5hineb l\u00f5plikul tegelikul f\u00fc\u00fcsilisel kaalumisel.<\/td>\n<\/tr>\n<tr>\n<td class=\"label\">Tootmise garantii<\/td>\n<td>Pinnav\u00e4rv on siseruumides kasutamisel v\u00f5imeline s\u00e4ilima 10-20 aastat.<\/td>\n<\/tr>\n<tr>\n<td class=\"label\">Sadam:<\/td>\n<td>Shenzhen, Guangzhou, Foshan<\/td>\n<\/tr>\n<\/table>\n<h2>Meie tootmisbaas<\/h2>\n<h3>Tehase panoraam<\/h3>\n<p><img decoding=\"async\" src=\"\/wp-content\/uploads\/factory-01.webp\"\/><\/p>\n<h3>Alumiiniumvarraste tootmise t\u00f6\u00f6koda<\/h3>\n<p><img decoding=\"async\" src=\"\/wp-content\/uploads\/factory-02.webp\"\/><\/p>\n<\/p>\n<p><img decoding=\"async\" src=\"\/wp-content\/uploads\/factory-03.webp\"\/><\/p>\n<h3>hallituse ladustamise ladu<\/h3>\n<p><img decoding=\"async\" src=\"\/wp-content\/uploads\/factory-04.webp\"\/><\/p>\n<h3>43 alumiiniumi ekstrusiooniliini (500-5500 tonni)<\/h3>\n<p><img decoding=\"async\" src=\"\/wp-content\/uploads\/factory-05.webp\"\/><\/p>\n<p><img decoding=\"async\" src=\"\/wp-content\/uploads\/factory-06.webp\"\/><\/p>\n<p><img decoding=\"async\" src=\"\/wp-content\/uploads\/factory-07.webp\"\/><\/p>\n<h3>Pulberv\u00e4rvimise t\u00f6\u00f6koda<\/h3>\n<p><img decoding=\"async\" src=\"\/wp-content\/uploads\/factory-09.webp\"\/><\/p>\n<h3>Anodiseerimise t\u00f6\u00f6koda<\/h3>\n<p><img decoding=\"async\" src=\"\/wp-content\/uploads\/factory-10.webp\"\/><\/p>\n<h3>S\u00fcgavt\u00f6\u00f6tlemise t\u00f6\u00f6tuba<\/h3>\n<p><img decoding=\"async\" src=\"\/wp-content\/uploads\/factory-11.webp\"\/><\/p>\n<h3>CNC-t\u00e4ppist\u00f6\u00f6tlemise t\u00f6\u00f6koda<\/h3>\n<p><img decoding=\"async\" src=\"\/wp-content\/uploads\/factory-11.5.webp\"\/><\/p>\n<h3>Valmistoodete ja ekspordi ladu<\/h3>\n<p><img decoding=\"async\" src=\"\/wp-content\/uploads\/factory-12.webp\"\/><\/p>\n<p><img decoding=\"async\" src=\"\/wp-content\/uploads\/factory-13.webp\"\/><\/p>\n<p><img decoding=\"async\" src=\"\/wp-content\/uploads\/factory-14.webp\"\/><\/p>\n<h2>KKK<\/h2>\n<p><b>1.Milleks kasutatakse alumiiniumist \u00f5\u00f5nsat toru?<\/b><\/p>\n<p>Alumiiniumist \u00f5\u00f5nes torusid kasutatakse laialdaselt ehitus-, auto-, m\u00f6\u00f6bli- ja lennundust\u00f6\u00f6stuses nende kerguse ja konstruktsioonilise t\u00f5hususe t\u00f5ttu.\n<\/p>\n<p><\/p>\n<p><b>2.Millised on alumiiniumist \u00f5\u00f5nes torude peamised eelised?<\/b><\/p>\n<p>Alumiiniumist \u00f5\u00f5nsad torud pakuvad suurt tugevuse ja kaalu suhet, korrosioonikindlust ja lihtsat t\u00f6\u00f6deldavust, mist\u00f5ttu sobivad need ideaalselt nii funktsionaalseteks kui ka dekoratiivseteks rakendusteks.\n<\/p>\n<p><\/p>\n<p><b>3.Miks valida alumiiniumist \u00f5\u00f5nsad torud tahkete varraste asemel?<\/b><\/p>\n<p>Alumiiniumist \u00f5\u00f5nsad torud pakuvad sarnast tugevust v\u00e4iksema materjaliga, v\u00e4hendades kaalu ja kulusid, s\u00e4ilitades samas konstruktsiooni terviklikkuse.\n<\/p>\n<p><\/p>\n<p><b>4.Kas alumiiniumist \u00f5\u00f5nsad torud saab kohandada?<\/b><\/p>\n<p>Jah, alumiiniumist \u00f5\u00f5nsate torude l\u00e4bim\u00f5\u00f5tu, seinapaksust, pikkust ja pinnaviimistlust saab kohandada vastavalt konkreetsetele projekteerimis- ja tehnilistele vajadustele.\n<\/p>\n<p><\/p>\n<p><b>5.Millised pinnaviimistlused on saadaval alumiiniumist \u00f5\u00f5nes torude puhul?<\/b><\/p>\n<p>Tavalised viimistlusviisid on anodeerimine, pulberv\u00e4rvimine ja freesimine, mis suurendavad korrosioonikindlust ja visuaalset atraktiivsust.\n<\/p>\n<p><\/p>\n<p><b>6.Kas alumiiniumist \u00f5\u00f5nsad torud sobivad v\u00e4litingimustes kasutamiseks?<\/b><\/p>\n<p>Jah, alumiiniumist \u00f5\u00f5nsad torud on v\u00e4ga vastupidavad ilmastikule ja roostetamisele, mist\u00f5ttu on need suurep\u00e4rane valik v\u00e4lis- ja merekeskkondadesse.\n<\/p>\n<p><\/p>\n<p><b>7.Kuidas toetavad alumiiniumist \u00f5\u00f5nsad torud keskkonnas\u00f5bralikku ehitust?<\/b><\/p>\n<p>Alumiinium on 100% ringlussev\u00f5etav ja energiat\u00f5husa tootmisega, mist\u00f5ttu on alumiiniumist \u00f5\u00f5nes torud s\u00e4\u00e4stev valik roheliste ehitusprojektide jaoks.\n<\/p>\n<p><\/p>","protected":false},"featured_media":6295,"template":"","categories":[60],"class_list":["post-6296","product","type-product","status-publish","has-post-thumbnail","hentry","category-general-tubes-and-bars"],"meta_box":{"hilight_text_group":{"product_hilight_text":"<li>Lightweight hollow design reduces material cost and overall weight<\/li>\r\r\n<li>High strength-to-weight ratio suitable for structural applications<\/li>\r\r\n<li>Excellent corrosion resistance for indoor and outdoor use<\/li>\r\r\n<li>Available in various diameters, wall thicknesses, and lengths<\/li>\r\r\n<li>Supports custom fabrication, surface treatment, and bulk orders<\/li>","product_chanpin_chanpin":"<li><a href=\"https:\/\/sinoextrud.com\/product\/aluminium-curtain-guide-rail\/\" target=\"_blank\">Aluminium Curtain Guide Rail<\/a><\/li>\r\n<li><a href=\"https:\/\/sinoextrud.com\/product\/round-aluminium-profile\/\" target=\"_blank\">Round Aluminium Profile<\/a><\/li>\r\n<li><a href=\"https:\/\/sinoextrud.com\/product\/aluminium-tube\/\" target=\"_blank\">Aluminium Tube<\/a><\/li>\r\n<li><a href=\"https:\/\/sinoextrud.com\/product\/extruded-aluminium-profile-for-triangle-and-rectangle-pipe-with-6063-alloy-anodized-mill-finish-surface\/\" target=\"_blank\">Extruded Aluminium Profile For Triangle And Rectangle Pipe With 6063 Alloy Anodized Mill Finish Surface<\/a><\/li>\r\n<li><a href=\"https:\/\/sinoextrud.com\/product\/aluminium-hollow-tube\/\" target=\"_blank\">Aluminium Hollow Tube<\/a><\/li>\r\n<li><a href=\"https:\/\/sinoextrud.com\/product\/customized-6063-extruded-aluminum-flat-bar\/\" target=\"_blank\">Customized 6063 Extruded Aluminum Flat Bar<\/a><\/li>\r\n<li><a href=\"https:\/\/sinoextrud.com\/product\/aluminum-irrigation-pipe-for-sale\/\" target=\"_blank\">Aluminum Irrigation Pipe For Sale<\/a><\/li>\r\n<li><a href=\"https:\/\/sinoextrud.com\/product\/professional-aluminium-tubing\/\" target=\"_blank\">Professional Aluminium Tubing<\/a><\/li>\r\n<li><a href=\"https:\/\/sinoextrud.com\/product\/extruded-aluminum-pipe\/\" target=\"_blank\">Extruded Aluminum Pipe<\/a><\/li>\r\n<li><a href=\"https:\/\/sinoextrud.com\/product\/pvdf-aluminum-extrusion-curtain-wall-profile\/\" target=\"_blank\">PVDF Aluminum Extrusion Curtain Wall Profile<\/a><\/li>\r\n<li><a href=\"https:\/\/sinoextrud.com\/product\/t-section-aluminium-extrusion\/\" target=\"_blank\">T Section Aluminium Extrusion<\/a><\/li>"},"feature_list":[]},"_links":{"self":[{"href":"https:\/\/sinoextrud.com\/et\/wp-json\/wp\/v2\/product\/6296","targetHints":{"allow":["GET"]}}],"collection":[{"href":"https:\/\/sinoextrud.com\/et\/wp-json\/wp\/v2\/product"}],"about":[{"href":"https:\/\/sinoextrud.com\/et\/wp-json\/wp\/v2\/types\/product"}],"wp:featuredmedia":[{"embeddable":true,"href":"https:\/\/sinoextrud.com\/et\/wp-json\/wp\/v2\/media\/6295"}],"wp:attachment":[{"href":"https:\/\/sinoextrud.com\/et\/wp-json\/wp\/v2\/media?parent=6296"}],"wp:term":[{"taxonomy":"category","embeddable":true,"href":"https:\/\/sinoextrud.com\/et\/wp-json\/wp\/v2\/categories?post=6296"}],"curies":[{"name":"wp","href":"https:\/\/api.w.org\/{rel}","templated":true}]}}