{"id":6294,"date":"2025-05-26T09:07:59","date_gmt":"2025-05-26T09:07:59","guid":{"rendered":"https:\/\/sinoextrud.com\/product\/extruded-aluminium-profile-for-triangle-and-rectangle-pipe-with-6063-alloy-anodized-mill-finish-surface\/"},"modified":"2025-06-24T06:10:37","modified_gmt":"2025-06-24T06:10:37","slug":"pressitud-alumiiniumprofiil-kolmnurkse-ja-ristkuliku-kujulise-toru-jaoks-6063-sulamist-anodeeritud-freesitud-pinnaga","status":"publish","type":"product","link":"https:\/\/sinoextrud.com\/et\/product\/extruded-aluminium-profile-for-triangle-and-rectangle-pipe-with-6063-alloy-anodized-mill-finish-surface\/","title":{"rendered":"Ekstrudeeritud alumiiniumprofiil kolmnurga ja ristk\u00fclikukujulise toru jaoks 6063 sulamiga anodeeritud Mill Finish pinnaga"},"content":{"rendered":"<h2>Toodete \u00fcksikasjad<\/h2>\n<table class=\"custom-table\">\n<tr>\n<td class=\"label\">Materjal<\/td>\n<td>Sulam 6063-T5, 6063-T6, 6061-T5, 6061-T6<\/td>\n<\/tr>\n<tr>\n<td class=\"label\">Taotlus<\/td>\n<td>Alumiiniumprofiili kolmnurk ja ristk\u00fclikutoru<\/td>\n<\/tr>\n<tr>\n<td class=\"label\">Sertifikaat<\/td>\n<td>ISO9001, ISO14001<\/td>\n<\/tr>\n<tr>\n<td class=\"label\">V\u00f5imekus<\/td>\n<td>Aastane toodang \u00fcle 60 000 tonni<\/td>\n<\/tr>\n<tr>\n<td class=\"label\">V\u00e4rv<\/td>\n<td>Kohandatud saadaval<\/td>\n<\/tr>\n<tr>\n<td class=\"label\">Pikkus<\/td>\n<td>1-9 meetrit v\u00f5i kohandatud<\/td>\n<\/tr>\n<tr>\n<td class=\"label\">Paksus<\/td>\n<td>Kohandatud<\/td>\n<\/tr>\n<tr>\n<td class=\"label\">Pinna viimistlus<\/td>\n<td>veski viimistlus, anodeerimine, pulberv\u00e4rvimine, puiduribaline \u00fclekanne, katmine jne.<\/td>\n<\/tr>\n<tr>\n<td class=\"label\">Taotlus<\/td>\n<td>akna- ja uksel\u00f5iked, k\u00e4sipuu, kardinaseinad<br \/>Laadimine , Foshani sadam<\/td>\n<\/tr>\n<tr>\n<td class=\"label\">Maksmine<\/td>\n<td>T\/T, 30% ettemaks, samas kui saldo makstakse v\u00e4lja enne tarnimist<\/td>\n<\/tr>\n<tr>\n<td class=\"label\">Pakett<\/td>\n<td>1.Inside: pakitud plastist kaitsekilega, et kaitsta iga profiili<br \/>2.V\u00e4ljaspool: pakitud veekindla k\u00e4sit\u00f6\u00f6paberiga<\/td>\n<\/tr>\n<tr>\n<td class=\"label\">Kohaletoimetamine<\/td>\n<td>25-30 p\u00e4eva p\u00e4rast ettemaksu tasumist<\/td>\n<\/tr>\n<tr>\n<td class=\"label\">J\u00e4rjekord<\/td>\n<td>1. Kinnitage joonised, pinnat\u00f6\u00f6tlus ja hind;<br \/>2. Makske vormi tasu ja me alustame vormide valmistamist;<br \/>3. Saadame teile kinnituse saamiseks proovid;<br \/>4. Tehke makse 30% tagatisraha, alustage tootmist;<\/td>\n<\/tr>\n<\/table>\n<h2>Meie tootmisbaas<\/h2>\n<h3>Tehase panoraam<\/h3>\n<p><img decoding=\"async\" src=\"\/wp-content\/uploads\/factory-01.webp\"\/><\/p>\n<h3>Alumiiniumvarraste tootmise t\u00f6\u00f6koda<\/h3>\n<p><img decoding=\"async\" src=\"\/wp-content\/uploads\/factory-02.webp\"\/><\/p>\n<p><img decoding=\"async\" src=\"\/wp-content\/uploads\/factory-03.webp\"\/><\/p>\n<h3>hallituse ladustamise ladu<\/h3>\n<p><img decoding=\"async\" src=\"\/wp-content\/uploads\/factory-04.webp\"\/><\/p>\n<h3>43 alumiiniumi ekstrusiooniliini (500-5500 tonni)<\/h3>\n<p><img decoding=\"async\" src=\"\/wp-content\/uploads\/factory-05.webp\"\/><\/p>\n<p><img decoding=\"async\" src=\"\/wp-content\/uploads\/factory-06.webp\"\/><\/p>\n<p><img decoding=\"async\" src=\"\/wp-content\/uploads\/factory-07.webp\"\/><\/p>\n<h3>Pulberv\u00e4rvimise t\u00f6\u00f6koda<\/h3>\n<p><img decoding=\"async\" src=\"\/wp-content\/uploads\/factory-09.webp\"\/><\/p>\n<h3>Anodiseerimise t\u00f6\u00f6koda<\/h3>\n<p><img decoding=\"async\" src=\"\/wp-content\/uploads\/factory-10.webp\"\/><\/p>\n<h3>S\u00fcgavt\u00f6\u00f6tlemise t\u00f6\u00f6tuba<\/h3>\n<p><img decoding=\"async\" src=\"\/wp-content\/uploads\/factory-11.webp\"\/><\/p>\n<h3>CNC-t\u00e4ppist\u00f6\u00f6tlemise t\u00f6\u00f6koda<\/h3>\n<p><img decoding=\"async\" src=\"\/wp-content\/uploads\/factory-11.5.webp\"\/><\/p>\n<h3>Valmistoodete ja ekspordi ladu<\/h3>\n<p><img decoding=\"async\" src=\"\/wp-content\/uploads\/factory-12.webp\"\/><\/p>\n<p><img decoding=\"async\" src=\"\/wp-content\/uploads\/factory-13.webp\"\/><\/p>\n<p><img decoding=\"async\" src=\"\/wp-content\/uploads\/factory-14.webp\"\/><\/p>\n<h2>KKK<\/h2>\n<p><p><b>1.Milleks kasutatakse kolmnurga- ja ristk\u00fclikukujulise toru pressitud alumiiniumprofiili?<\/b><\/p>\n<p>V\u00e4ljapressitud alumiiniumprofiilid kolmnurk- ja ristk\u00fclikukujulise toru jaoks on t\u00e4nu oma geomeetrilisele mitmek\u00fclgsusele ja tugevusele levinud arhitektuuri-, ehitus- ja t\u00f6\u00f6stusrakendustes.<br \/>\n<\/p><br \/>\n<br \/>\n<p><b>2.Millised on 6063 sulami kasutamise eelised pressitud alumiiniumprofiilides?<\/b><\/p>\n<p>Alumiiniumsulam 6063 pakub suurep\u00e4rast korrosioonikindlust, head keevitatavust ja siledat pinna viimistlust, mist\u00f5ttu sobib see ideaalselt anodeerimiseks ja arhitektuuriliseks kasutamiseks.<br \/>\n<\/p><br \/>\n<br \/>\n<p><b>3.Miks valida kolmnurk- ja ristk\u00fclikukujulised alumiiniumtorude profiilid?<\/b><\/p>\n<p>Kolm- ja ristk\u00fclikukujulised alumiiniumprofiilid pakuvad unikaalseid disainiv\u00f5imalusi, optimeeritud konstruktsiooniomadusi ja ruumiliselt t\u00f5husaid lahendusi erinevateks rakendusteks.<br \/>\n<\/p><br \/>\n<br \/>\n<p><b>4.Millised pinnaviimistlused on nende alumiiniumprofiilide puhul saadaval?<\/b><\/p>\n<p>Need profiilid on saadaval anodeeritud ja freesitud pinnaga, mis pakuvad t\u00e4iustatud korrosioonikaitset, vastupidavust ja esteetilist atraktiivsust.<br \/>\n<\/p><br \/>\n<br \/>\n<p><b>5.Kuidas on anodeerimine kasulik 6063 alumiiniumprofiilidele?<\/b><\/p>\n<p>Anodeerimine parandab pinna k\u00f5vadust, korrosioonikindlust ja v\u00e4rvi stabiilsust, muutes 6063 alumiiniumprofiili vastupidavamaks ja atraktiivsemaks.<br \/>\n<\/p><br \/>\n<br \/>\n<p><b>6.Kas pressitud kolmnurk- ja ristk\u00fclikukujulised alumiiniumtorud on kohandatavad?<\/b><\/p>\n<p>Jah, neid saab kujundada vastavalt projektile ja funktsionaalsetele n\u00f5uetele suuruse, seina paksuse ja pinnat\u00f6\u00f6tluse osas.<br \/>\n<\/p><br \/>\n<br \/>\n<p><b>7.Millised t\u00f6\u00f6stusharud kasutavad tavaliselt 6063 sulamiga pressitud alumiiniumprofiile?<\/b><\/p>\n<p>Sellised t\u00f6\u00f6stusharud nagu ehitus, transport, m\u00f6\u00f6bel ja p\u00e4ikeseenergia kasutavad 6063 pressitud alumiiniumprofiile nende tugevuse, vormitavuse ja visuaalse kvaliteedi t\u00f5ttu.<br \/>\n<\/p><br \/><\/p>","protected":false},"featured_media":6293,"template":"","categories":[60],"class_list":["post-6294","product","type-product","status-publish","has-post-thumbnail","hentry","category-general-tubes-and-bars"],"meta_box":{"hilight_text_group":{"product_hilight_text":"<li>Made from 6063 alloy for excellent strength and corrosion resistance<\/li>\r\r\n<li>Available in triangle and rectangle shapes for versatile structural use<\/li>\r\r\n<li>Extruded with high precision for consistent dimensions and quality<\/li>\r\r\n<li>Surface options include anodized and mill finish for different needs<\/li>\r\r\n<li>Ideal for architectural, construction, and framing applications<\/li>","product_chanpin_chanpin":"<li><a href=\"https:\/\/sinoextrud.com\/product\/oem-aluminum-channel-tube-and-pipe-extrusions-profile-for-constuction\/\" target=\"_blank\">OEM Aluminum Channel Tube And Pipe Extrusions Profile For Constuction<\/a><\/li>\r\n<li><a href=\"https:\/\/sinoextrud.com\/product\/aluminium-curtain-guide-rail\/\" target=\"_blank\">Aluminium Curtain Guide Rail<\/a><\/li>\r\n<li><a href=\"https:\/\/sinoextrud.com\/product\/round-aluminium-profile\/\" target=\"_blank\">Round Aluminium Profile<\/a><\/li>\r\n<li><a href=\"https:\/\/sinoextrud.com\/product\/aluminium-tube\/\" target=\"_blank\">Aluminium Tube<\/a><\/li>\r\n<li><a href=\"https:\/\/sinoextrud.com\/product\/extruded-aluminium-profile-for-triangle-and-rectangle-pipe-with-6063-alloy-anodized-mill-finish-surface\/\" target=\"_blank\">Extruded Aluminium Profile For Triangle And Rectangle Pipe With 6063 Alloy Anodized Mill Finish Surface<\/a><\/li>\r\n<li><a href=\"https:\/\/sinoextrud.com\/product\/aluminium-hollow-tube\/\" target=\"_blank\">Aluminium Hollow Tube<\/a><\/li>\r\n<li><a href=\"https:\/\/sinoextrud.com\/product\/customized-6063-extruded-aluminum-flat-bar\/\" target=\"_blank\">Customized 6063 Extruded Aluminum Flat Bar<\/a><\/li>\r\n<li><a href=\"https:\/\/sinoextrud.com\/product\/aluminum-irrigation-pipe-for-sale\/\" target=\"_blank\">Aluminum Irrigation Pipe For Sale<\/a><\/li>\r\n<li><a href=\"https:\/\/sinoextrud.com\/product\/professional-aluminium-tubing\/\" target=\"_blank\">Professional Aluminium Tubing<\/a><\/li>\r\n<li><a href=\"https:\/\/sinoextrud.com\/product\/anodized-extruded-aluminum-j-channel\/\" target=\"_blank\">Anodized Extruded Aluminum J Channel<\/a><\/li>\r\n<li><a href=\"https:\/\/sinoextrud.com\/product\/linear-rail-aluminium-extrusion\/\" target=\"_blank\">Linear Rail Aluminium Extrusion<\/a><\/li>"},"feature_list":[]},"_links":{"self":[{"href":"https:\/\/sinoextrud.com\/et\/wp-json\/wp\/v2\/product\/6294","targetHints":{"allow":["GET"]}}],"collection":[{"href":"https:\/\/sinoextrud.com\/et\/wp-json\/wp\/v2\/product"}],"about":[{"href":"https:\/\/sinoextrud.com\/et\/wp-json\/wp\/v2\/types\/product"}],"wp:featuredmedia":[{"embeddable":true,"href":"https:\/\/sinoextrud.com\/et\/wp-json\/wp\/v2\/media\/6293"}],"wp:attachment":[{"href":"https:\/\/sinoextrud.com\/et\/wp-json\/wp\/v2\/media?parent=6294"}],"wp:term":[{"taxonomy":"category","embeddable":true,"href":"https:\/\/sinoextrud.com\/et\/wp-json\/wp\/v2\/categories?post=6294"}],"curies":[{"name":"wp","href":"https:\/\/api.w.org\/{rel}","templated":true}]}}