{"id":6286,"date":"2025-05-26T08:58:23","date_gmt":"2025-05-26T08:58:23","guid":{"rendered":"https:\/\/sinoextrud.com\/product\/round-aluminium-profile\/"},"modified":"2025-06-24T04:00:18","modified_gmt":"2025-06-24T04:00:18","slug":"ummargune-alumiiniumprofiil","status":"publish","type":"product","link":"https:\/\/sinoextrud.com\/et\/product\/round-aluminium-profile\/","title":{"rendered":"\u00dcmmargune alumiiniumprofiil"},"content":{"rendered":"<h2>Toodete \u00fcksikasjad<\/h2>\n<table class=\"custom-table\">\n<tr>\n<td class=\"label\">Punkti<\/td>\n<td>\u00dcmmargune alumiiniumprofiil<\/td>\n<\/tr>\n<tr>\n<td class=\"label\">Temper<\/td>\n<td>T5-T8<\/td>\n<\/tr>\n<tr>\n<td class=\"label\">Protsessi kulgemine<\/td>\n<td>Vormide arendamine - Alumiinium toorikute kuumutamine - vormimine tooralumiiniumiga - eloksoreeritud pulberv\u00e4rvitud pulberv\u00e4rviga<\/td>\n<\/tr>\n<tr>\n<td class=\"label\">Iseloomulikud<\/td>\n<td>1.Neat ja ilusad peened jooned pinnal.<\/td>\n<\/tr>\n<tr>\n<td class=\"label\">Taotlus<\/td>\n<td>T\u00f6\u00f6stus, ehitus<\/td>\n<\/tr>\n<tr>\n<td class=\"label\">Kuju<\/td>\n<td>Kohandamine, Solided<\/td>\n<\/tr>\n<tr>\n<td class=\"label\">Pinnat\u00f6\u00f6tlus<\/td>\n<td>Veski viimistletud, anodeeritud, elektrikate, liivapritsimine, elektroforees, harjatud, poleerimine,<\/td>\n<\/tr>\n<tr>\n<td class=\"label\">V\u00e4rv<\/td>\n<td>H\u00f5be, must, kuld, \u0161ampanja, pronks, punane, sinine;<br \/>saame kohandada v\u00e4rve klientide proovide alusel<\/td>\n<\/tr>\n<tr>\n<td class=\"label\">S\u00fcgav t\u00f6\u00f6tlemine<\/td>\n<td>L\u00f5ikamine, puurimine, mehaaniline t\u00f6\u00f6tlemine, l\u00f6\u00f6mine, painutamine, koputades jne.<\/td>\n<\/tr>\n<tr>\n<td class=\"label\">Garantii<\/td>\n<td>ISO: 9001, SONCAP, BV sertifikaat, TUV, SGS v\u00f5i klientide sertifikaat saadaval<\/td>\n<\/tr>\n<tr>\n<td class=\"label\">MOQ<\/td>\n<td>200KG<\/td>\n<\/tr>\n<tr>\n<td class=\"label\">Tarneaeg<\/td>\n<td>Vormi v\u00e4ljat\u00f6\u00f6tamine ja n\u00e4idise kujundamine kestab 12-15 p\u00e4eva, seej\u00e4rel tootmine kestab 15-25 p\u00e4eva p\u00e4rast ostjalt tagatisraha saamist.<\/td>\n<\/tr>\n<tr>\n<td class=\"label\">Tasuta proovi<\/td>\n<td>1-3 p\u00e4eva saab saata<\/td>\n<\/tr>\n<\/table>\n<h2>Meie tootmisbaas<\/h2>\n<h3>Tehase panoraam<\/h3>\n<p><img decoding=\"async\" src=\"\/wp-content\/uploads\/factory-01.webp\"\/><\/p>\n<h3>Alumiiniumvarraste tootmise t\u00f6\u00f6koda<\/h3>\n<p><img decoding=\"async\" src=\"\/wp-content\/uploads\/factory-02.webp\"\/><\/p>\n<p><img decoding=\"async\" src=\"\/wp-content\/uploads\/factory-03.webp\"\/><\/p>\n<h3>hallituse ladustamise ladu<\/h3>\n<p><img decoding=\"async\" src=\"\/wp-content\/uploads\/factory-04.webp\"\/><\/p>\n<h3>43 alumiiniumi ekstrusiooniliini (500-5500 tonni)<\/h3>\n<p><img decoding=\"async\" src=\"\/wp-content\/uploads\/factory-05.webp\"\/><\/p>\n<p><img decoding=\"async\" src=\"\/wp-content\/uploads\/factory-06.webp\"\/><\/p>\n<p><img decoding=\"async\" src=\"\/wp-content\/uploads\/factory-07.webp\"\/><\/p>\n<h3>Pulberv\u00e4rvimise t\u00f6\u00f6koda<\/h3>\n<p><img decoding=\"async\" src=\"\/wp-content\/uploads\/factory-09.webp\"\/><\/p>\n<h3>Anodiseerimise t\u00f6\u00f6koda<\/h3>\n<p><img decoding=\"async\" src=\"\/wp-content\/uploads\/factory-10.webp\"\/><\/p>\n<h3>S\u00fcgavt\u00f6\u00f6tlemise t\u00f6\u00f6tuba<\/h3>\n<p><img decoding=\"async\" src=\"\/wp-content\/uploads\/factory-11.webp\"\/><\/p>\n<h3>CNC-t\u00e4ppist\u00f6\u00f6tlemise t\u00f6\u00f6koda<\/h3>\n<p><img decoding=\"async\" src=\"\/wp-content\/uploads\/factory-11.5.webp\"\/><\/p>\n<h3>Valmistoodete ja ekspordi ladu<\/h3>\n<p><img decoding=\"async\" src=\"\/wp-content\/uploads\/factory-12.webp\"\/><\/p>\n<p><img decoding=\"async\" src=\"\/wp-content\/uploads\/factory-13.webp\"\/><\/p>\n<p><img decoding=\"async\" src=\"\/wp-content\/uploads\/factory-14.webp\"\/><\/p>\n<h2>KKK<\/h2>\n<p><p><b>1.Milleks kasutatakse \u00fcmmargune alumiiniumprofiil?<\/b><\/p>\n<p>\u00dcmmargune alumiiniumprofiil on t\u00e4nu oma tugevusele, vormile ja mitmek\u00fclgsusele levinud ehituses, m\u00f6\u00f6blis, valgustuses ja t\u00f6\u00f6stuslikes rakendustes.<br \/>\n<\/p><br \/>\n<br \/>\n<p><b>2.Millised on \u00fcmmarguste alumiiniumprofiilide peamised eelised?<\/b><\/p>\n<p>\u00dcmmargused alumiiniumprofiilid pakuvad kerget tugevust, korrosioonikindlust ja lihtsat valmistamist, mist\u00f5ttu sobivad need ideaalselt nii konstruktsioonilisteks kui ka esteetilisteks rakendusteks.<br \/>\n<\/p><br \/>\n<br \/>\n<p><b>3.Miks valida \u00fcmmargused alumiiniumprofiilid teiste vormide asemel?<\/b><\/p>\n<p>\u00dcmmargused alumiiniumprofiilid tagavad parema aerod\u00fcnaamika, \u00fchtlase tugevusjaotuse ja puhta, kaasaegse v\u00e4limuse erinevate disainivajaduste jaoks.<br \/>\n<\/p><br \/>\n<br \/>\n<p><b>4.Kas \u00fcmmargusi alumiiniumprofiile saab kohandada?<\/b><\/p>\n<p>Jah, alumiiniumist \u00fcmarprofiile saab valmistada erineva l\u00e4bim\u00f5\u00f5du, seina paksuse ja viimistlusega, et vastata konkreetsetele kasutusn\u00f5uetele.<br \/>\n<\/p><br \/>\n<br \/>\n<p><b>5.Milline pinnat\u00f6\u00f6tlus on saadaval \u00fcmmarguste alumiiniumprofiilide puhul?<\/b><\/p>\n<p>Saadaval on anodeerimine, pulberv\u00e4rvimine ja poleerimine, mis parandavad korrosioonikindlust ja pinna v\u00e4limust.<br \/>\n<\/p><br \/>\n<br \/>\n<p><b>6.Kas \u00fcmmargused alumiiniumprofiilid sobivad v\u00e4litingimustes kasutamiseks?<\/b><\/p>\n<p>Jah, korraliku pinnat\u00f6\u00f6tluse korral on \u00fcmmargused alumiiniumprofiilid v\u00e4ga vastupidavad ilmastiku, niiskuse ja UV-kiirguse suhtes, mist\u00f5ttu sobivad need ideaalselt v\u00e4litingimustesse.<br \/>\n<\/p><br \/>\n<br \/>\n<p><b>7.Kuidas toetavad \u00fcmarad alumiiniumprofiilid s\u00e4\u00e4stvat disaini?<\/b><\/p>\n<p>Alumiinium on 100% ringlussev\u00f5etav ja energiat\u00f5hus ning \u00fcmarprofiilid v\u00e4hendavad materjalikasutust, s\u00e4ilitades samas tugevuse, toetades keskkonnas\u00f5bralikku ehitust.<br \/>\n<\/p><br \/><\/p>","protected":false},"featured_media":6285,"template":"","categories":[60],"class_list":["post-6286","product","type-product","status-publish","has-post-thumbnail","hentry","category-general-tubes-and-bars"],"meta_box":{"hilight_text_group":{"product_hilight_text":"<li>High-strength round aluminum profiles suitable for structural applications<\/li>\r\r\n<li>Lightweight and corrosion-resistant, ideal for indoor and outdoor use<\/li>\r\r\n<li>Available in various diameters and wall thicknesses for flexible design<\/li>\r\r\n<li>Supports anodizing, powder coating, and other surface treatments<\/li>\r\r\n<li>Custom cutting and fabrication services available for bulk orders<\/li>","product_chanpin_chanpin":"<li><a href=\"https:\/\/sinoextrud.com\/product\/oem-aluminum-extrusion-profile-for-windows-and-doors\/\" target=\"_blank\">OEM Aluminum Extrusion Profile for Windows and Doors<\/a><\/li>\r\n<li><a href=\"https:\/\/sinoextrud.com\/product\/aluminium-tube-suppliers-offer-extruded-aluminium-square-tube-profile-with-anodized-powder-coating-surface-treatment\/\" target=\"_blank\">Aluminium Tube Suppliers Offer Extruded Aluminium Square Tube Profile With Anodized Powder Coating Surface Treatment<\/a><\/li>\r\n<li><a href=\"https:\/\/sinoextrud.com\/product\/oem-aluminum-channel-tube-and-pipe-extrusions-profile-for-constuction\/\" target=\"_blank\">OEM Aluminum Channel Tube And Pipe Extrusions Profile For Constuction<\/a><\/li>\r\n<li><a href=\"https:\/\/sinoextrud.com\/product\/aluminium-curtain-guide-rail\/\" target=\"_blank\">Aluminium Curtain Guide Rail<\/a><\/li>\r\n<li><a href=\"https:\/\/sinoextrud.com\/product\/round-aluminium-profile\/\" target=\"_blank\">Round Aluminium Profile<\/a><\/li>\r\n<li><a href=\"https:\/\/sinoextrud.com\/product\/aluminium-tube\/\" target=\"_blank\">Aluminium Tube<\/a><\/li>\r\n<li><a href=\"https:\/\/sinoextrud.com\/product\/extruded-aluminium-profile-for-triangle-and-rectangle-pipe-with-6063-alloy-anodized-mill-finish-surface\/\" target=\"_blank\">Extruded Aluminium Profile For Triangle And Rectangle Pipe With 6063 Alloy Anodized Mill Finish Surface<\/a><\/li>\r\n<li><a href=\"https:\/\/sinoextrud.com\/product\/aluminium-hollow-tube\/\" target=\"_blank\">Aluminium Hollow Tube<\/a><\/li>\r\n<li><a href=\"https:\/\/sinoextrud.com\/product\/customized-6063-extruded-aluminum-flat-bar\/\" target=\"_blank\">Customized 6063 Extruded Aluminum Flat Bar<\/a><\/li>\r\n<li><a href=\"https:\/\/sinoextrud.com\/product\/round-aluminium-profile\/\" target=\"_blank\">Round Aluminium Profile<\/a><\/li>\r\n<li><a href=\"https:\/\/sinoextrud.com\/product\/6061-extruded-aluminum\/\" target=\"_blank\">6061 Extruded Aluminum<\/a><\/li>"},"feature_list":[]},"_links":{"self":[{"href":"https:\/\/sinoextrud.com\/et\/wp-json\/wp\/v2\/product\/6286","targetHints":{"allow":["GET"]}}],"collection":[{"href":"https:\/\/sinoextrud.com\/et\/wp-json\/wp\/v2\/product"}],"about":[{"href":"https:\/\/sinoextrud.com\/et\/wp-json\/wp\/v2\/types\/product"}],"wp:featuredmedia":[{"embeddable":true,"href":"https:\/\/sinoextrud.com\/et\/wp-json\/wp\/v2\/media\/6285"}],"wp:attachment":[{"href":"https:\/\/sinoextrud.com\/et\/wp-json\/wp\/v2\/media?parent=6286"}],"wp:term":[{"taxonomy":"category","embeddable":true,"href":"https:\/\/sinoextrud.com\/et\/wp-json\/wp\/v2\/categories?post=6286"}],"curies":[{"name":"wp","href":"https:\/\/api.w.org\/{rel}","templated":true}]}}