{"id":6284,"date":"2025-05-26T08:55:42","date_gmt":"2025-05-26T08:55:42","guid":{"rendered":"https:\/\/sinoextrud.com\/product\/aluminium-curtain-guide-rail\/"},"modified":"2025-06-24T04:00:13","modified_gmt":"2025-06-24T04:00:13","slug":"alumiiniumist-kardinate-juhtsiin","status":"publish","type":"product","link":"https:\/\/sinoextrud.com\/et\/product\/aluminium-curtain-guide-rail\/","title":{"rendered":"Alumiiniumist kardina juhtr\u00f6\u00f6pmel"},"content":{"rendered":"<h2>Toodete \u00fcksikasjad<\/h2>\n<table class=\"custom-table\">\n<tr>\n<td class=\"label\">Artikli nimi:<\/td>\n<td>Alumiiniumist kardina juhtr\u00f6\u00f6pmel<\/td>\n<\/tr>\n<tr>\n<td class=\"label\">Materjal:<\/td>\n<td>6063-T5 (sulam 6000 seeria)<\/td>\n<\/tr>\n<tr>\n<td class=\"label\">Temperament:<\/td>\n<td>T5-T6<\/td>\n<\/tr>\n<tr>\n<td class=\"label\">Tehnoloogia:<\/td>\n<td>Alumiiniumi ekstrusioon<\/td>\n<\/tr>\n<tr>\n<td class=\"label\">Pinnat\u00f6\u00f6tlus:<\/td>\n<td>Veskiviimistlus, anodeerimine, pulberv\u00e4rvimine, liivapritsimine, elektroforees jne.<\/td>\n<\/tr>\n<tr>\n<td class=\"label\">V\u00e4rv:<\/td>\n<td>H\u00f5bedane ja must (valikuline)<\/td>\n<\/tr>\n<tr>\n<td class=\"label\">Suurus:<\/td>\n<td>2020\/2040\/2060\/2080\/4040\/4080 (Optional)<\/td>\n<\/tr>\n<tr>\n<td class=\"label\">Pikkus:<\/td>\n<td>100mm-3000mm v\u00f5i vastavalt soovile<\/td>\n<\/tr>\n<tr>\n<td class=\"label\">S\u00fcgavt\u00f6\u00f6tlemine:<\/td>\n<td>l\u00f5ikamine, puurimine, stantsimine, painutamine jne.<\/td>\n<\/tr>\n<tr>\n<td class=\"label\">Kvaliteedikontroll:<\/td>\n<td>1.ISO heaks kiidetud.<\/td>\n<\/tr>\n<tr>\n<td class=\"label\">Pakendamise \u00fcksikasjad:<\/td>\n<td>1.EP paber iga profiili jaoks eraldi, seej\u00e4rel k\u00e4sit\u00f6\u00f6paber v\u00e4ljastpoolt<\/td>\n<\/tr>\n<tr>\n<td class=\"label\">Kohaletoimetamine:<\/td>\n<td>3-5 t\u00f6\u00f6p\u00e4eva n\u00e4idiste puhul; 3-7 p\u00e4eva v\u00e4iketellimuste puhul; 7-15 p\u00e4eva suurtel tellimustel.<\/td>\n<\/tr>\n<tr>\n<td class=\"label\">Maksmine:<\/td>\n<td>Paypal, Alipay, T\/T (panga\u00fclekanne), Western Union.<\/td>\n<\/tr>\n<tr>\n<td class=\"label\">Kuumalt tellida:<\/td>\n<td>\u00dctle meile suurus, pikkus, anodeeritud v\u00e4rv ja kogus, mida vajate, parim pakkumine oleks<\/td>\n<\/tr>\n<\/table>\n<h2>Meie tootmisbaas<\/h2>\n<h3>Tehase panoraam<\/h3>\n<p><img decoding=\"async\" src=\"\/wp-content\/uploads\/factory-01.webp\"\/><\/p>\n<h3>Alumiiniumvarraste tootmise t\u00f6\u00f6koda<\/h3>\n<p><img decoding=\"async\" src=\"\/wp-content\/uploads\/factory-02.webp\"\/><\/p>\n<p><img decoding=\"async\" src=\"\/wp-content\/uploads\/factory-03.webp\"\/><\/p>\n<h3>hallituse ladustamise ladu<\/h3>\n<p><img decoding=\"async\" src=\"\/wp-content\/uploads\/factory-04.webp\"\/><\/p>\n<h3>43 alumiiniumi ekstrusiooniliini (500-5500 tonni)<\/h3>\n<p><img decoding=\"async\" src=\"\/wp-content\/uploads\/factory-05.webp\"\/><\/p>\n<p><img decoding=\"async\" src=\"\/wp-content\/uploads\/factory-06.webp\"\/><\/p>\n<p><img decoding=\"async\" src=\"\/wp-content\/uploads\/factory-07.webp\"\/><\/p>\n<h3>Pulberv\u00e4rvimise t\u00f6\u00f6koda<\/h3>\n<p><img decoding=\"async\" src=\"\/wp-content\/uploads\/factory-09.webp\"\/><\/p>\n<h3>Anodiseerimise t\u00f6\u00f6koda<\/h3>\n<p><img decoding=\"async\" src=\"\/wp-content\/uploads\/factory-10.webp\"\/><\/p>\n<h3>S\u00fcgavt\u00f6\u00f6tlemise t\u00f6\u00f6tuba<\/h3>\n<p><img decoding=\"async\" src=\"\/wp-content\/uploads\/factory-11.webp\"\/><\/p>\n<h3>CNC-t\u00e4ppist\u00f6\u00f6tlemise t\u00f6\u00f6koda<\/h3>\n<p><img decoding=\"async\" src=\"\/wp-content\/uploads\/factory-11.5.webp\"\/><\/p>\n<h3>Valmistoodete ja ekspordi ladu<\/h3>\n<p><img decoding=\"async\" src=\"\/wp-content\/uploads\/factory-12.webp\"\/><\/p>\n<p><img decoding=\"async\" src=\"\/wp-content\/uploads\/factory-13.webp\"\/><\/p>\n<p><img decoding=\"async\" src=\"\/wp-content\/uploads\/factory-14.webp\"\/><\/p>\n<h2>KKK<\/h2>\n<p><p><b>1.Milleks kasutatakse alumiiniumist kardinate juhtrauda?<\/b><\/p>\n<p>Alumiiniumist kardinate juhtrauda kasutatakse kardinate toetamiseks ja sujuvaks liikumiseks elamutes, kaubanduses ja t\u00f6\u00f6stuses.<br \/>\n<\/p><br \/>\n<br \/>\n<p><b>2.Millised on alumiiniumist kardinate juhtr\u00f6\u00f6baste kasutamise peamised eelised?<\/b><\/p>\n<p>Alumiiniumist kardinate juhtr\u00f6\u00f6pad pakuvad kerget vastupidavust, korrosioonikindlust ja lihtsat paigaldamist, mist\u00f5ttu on need ideaalsed pikaajaliseks kasutamiseks.<br \/>\n<\/p><br \/>\n<br \/>\n<p><b>3.Miks valida alumiinium teiste materjalide asemel kardinate juhtr\u00f6\u00f6baste jaoks?<\/b><\/p>\n<p>Alumiinium on roostekindel, tugev ja hooldusvaba, pakkudes kardinate r\u00f6\u00f6baste s\u00fcsteemidele elegantset ja kaasaegset lahendust.<br \/>\n<\/p><br \/>\n<br \/>\n<p><b>4.Kas alumiiniumist kardinate juhtr\u00f6\u00f6paid saab kohandada?<\/b><\/p>\n<p>Jah, alumiiniumist kardinate juhtr\u00f6\u00f6paid saab kohandada pikkuse, kuju ja pinnaviimistluse poolest vastavalt konkreetsetele disaini- ja funktsionaalsetele n\u00f5uetele.<br \/>\n<\/p><br \/>\n<br \/>\n<p><b>5.Millised pinnaviimistlused on saadaval alumiiniumist kardinate juhtr\u00f6\u00f6bastele?<\/b><\/p>\n<p>Saadaval on anodeerimine ja pulberv\u00e4rvimine, mis parandavad v\u00e4limust, vastupidavust ning kulumis- ja korrosioonikindlust.<br \/>\n<\/p><br \/>\n<br \/>\n<p><b>6.Kas alumiiniumist kardinate juhtr\u00f6\u00f6pad sobivad raskete kardinate jaoks?<\/b><\/p>\n<p>Jah, kvaliteetsed alumiiniumist juhtr\u00f6\u00f6pad on kavandatud kandma raskeid kardinaid, s\u00e4ilitades samal ajal sujuva ja vaikse t\u00f6\u00f6.<br \/>\n<\/p><br \/>\n<br \/>\n<p><b>7.Kuidas parandavad alumiiniumist kardinate juhtr\u00f6\u00f6pad sisekujundust?<\/b><\/p>\n<p>Puhaste joonte ja kohandatavate viimistlustega alumiiniumist kardinate juhtr\u00f6\u00f6pad sobituvad sujuvalt erinevatesse sisustusstiilidesse, lisades samas kaasaegse puudutuse.<br \/>\n<\/p><br \/><\/p>","protected":false},"featured_media":6283,"template":"","categories":[60],"class_list":["post-6284","product","type-product","status-publish","has-post-thumbnail","hentry","category-general-tubes-and-bars"],"meta_box":{"hilight_text_group":{"product_hilight_text":"<li>Durable aluminum construction ensures long-lasting performance<\/li>\r\r\n<li>Precision-extruded guide rails for smooth and silent curtain movement<\/li>\r\r\n<li>Available in multiple finishes to match different interior styles<\/li>\r\r\n<li>Easy to install and maintain, saving time and labor costs<\/li>\r\r\n<li>Custom lengths and profiles available for project-specific needs<\/li>","product_chanpin_chanpin":"<li><a href=\"https:\/\/sinoextrud.com\/product\/aluminum-windows-and-doors\/\" target=\"_blank\">Aluminum Windows And Doors<\/a><\/li>\r\n<li><a href=\"https:\/\/sinoextrud.com\/product\/oem-aluminum-extrusion-profile-for-windows-and-doors\/\" target=\"_blank\">OEM Aluminum Extrusion Profile for Windows and Doors<\/a><\/li>\r\n<li><a href=\"https:\/\/sinoextrud.com\/product\/aluminium-tube-suppliers-offer-extruded-aluminium-square-tube-profile-with-anodized-powder-coating-surface-treatment\/\" target=\"_blank\">Aluminium Tube Suppliers Offer Extruded Aluminium Square Tube Profile With Anodized Powder Coating Surface Treatment<\/a><\/li>\r\n<li><a href=\"https:\/\/sinoextrud.com\/product\/oem-aluminum-channel-tube-and-pipe-extrusions-profile-for-constuction\/\" target=\"_blank\">OEM Aluminum Channel Tube And Pipe Extrusions Profile For Constuction<\/a><\/li>\r\n<li><a href=\"https:\/\/sinoextrud.com\/product\/aluminium-curtain-guide-rail\/\" target=\"_blank\">Aluminium Curtain Guide Rail<\/a><\/li>\r\n<li><a href=\"https:\/\/sinoextrud.com\/product\/round-aluminium-profile\/\" target=\"_blank\">Round Aluminium Profile<\/a><\/li>\r\n<li><a href=\"https:\/\/sinoextrud.com\/product\/aluminium-tube\/\" target=\"_blank\">Aluminium Tube<\/a><\/li>\r\n<li><a href=\"https:\/\/sinoextrud.com\/product\/extruded-aluminium-profile-for-triangle-and-rectangle-pipe-with-6063-alloy-anodized-mill-finish-surface\/\" target=\"_blank\">Extruded Aluminium Profile For Triangle And Rectangle Pipe With 6063 Alloy Anodized Mill Finish Surface<\/a><\/li>\r\n<li><a href=\"https:\/\/sinoextrud.com\/product\/aluminium-hollow-tube\/\" target=\"_blank\">Aluminium Hollow Tube<\/a><\/li>\r\n<li><a href=\"https:\/\/sinoextrud.com\/product\/expanded-metal-aluminium-profiles-partition-frame-for-bathroom-doors-busch-polish-light-top-a-grade\/\" target=\"_blank\">expanded metal aluminium profiles partition frame for bathroom doors busch polish light top a grade<\/a><\/li>\r\n<li><a href=\"https:\/\/sinoextrud.com\/product\/powder-coating-surface-aluminum-profile\/\" target=\"_blank\">Powder Coating Surface Aluminum Profile<\/a><\/li>"},"feature_list":[]},"_links":{"self":[{"href":"https:\/\/sinoextrud.com\/et\/wp-json\/wp\/v2\/product\/6284","targetHints":{"allow":["GET"]}}],"collection":[{"href":"https:\/\/sinoextrud.com\/et\/wp-json\/wp\/v2\/product"}],"about":[{"href":"https:\/\/sinoextrud.com\/et\/wp-json\/wp\/v2\/types\/product"}],"wp:featuredmedia":[{"embeddable":true,"href":"https:\/\/sinoextrud.com\/et\/wp-json\/wp\/v2\/media\/6283"}],"wp:attachment":[{"href":"https:\/\/sinoextrud.com\/et\/wp-json\/wp\/v2\/media?parent=6284"}],"wp:term":[{"taxonomy":"category","embeddable":true,"href":"https:\/\/sinoextrud.com\/et\/wp-json\/wp\/v2\/categories?post=6284"}],"curies":[{"name":"wp","href":"https:\/\/api.w.org\/{rel}","templated":true}]}}