{"id":6278,"date":"2025-05-26T07:34:52","date_gmt":"2025-05-26T07:34:52","guid":{"rendered":"https:\/\/sinoextrud.com\/product\/oem-aluminum-extrusion-profile-for-windows-and-doors\/"},"modified":"2025-06-24T03:59:58","modified_gmt":"2025-06-24T03:59:58","slug":"oem-alumiiniumist-ekstrusiooniprofiil-akende-ja-uste-jaoks","status":"publish","type":"product","link":"https:\/\/sinoextrud.com\/et\/product\/oem-aluminum-extrusion-profile-for-windows-and-doors\/","title":{"rendered":"OEM alumiiniumist ekstrusiooniprofiil akende ja uste jaoks"},"content":{"rendered":"<h2>Toodete \u00fcksikasjad<\/h2>\n<table class=\"custom-table\">\n<tr>\n<td class=\"label\">Kasutamine<\/td>\n<td>alumiiniumklaasist ukse- ja aknatarvikud kontorile<\/td>\n<\/tr>\n<tr>\n<td class=\"label\">Nimetus:<\/td>\n<td>6 v\u00f5i muud seeriad teie n\u00f5udmisel<\/td>\n<\/tr>\n<tr>\n<td class=\"label\">pikkus<\/td>\n<td>Kohandatud<\/td>\n<\/tr>\n<tr>\n<td class=\"label\">paksus<\/td>\n<td>Kohandatud<\/td>\n<\/tr>\n<tr>\n<td class=\"label\">Kirjeldus<\/td>\n<td>alumiinium profiil, alumiinium ekstrusioon, alumiinium toru, alumiinium sulam, alumiinium uksed ja aknad, alumiinium aken, alumiinium liuguks, alumiinium ehitusmaterjalid<\/td>\n<\/tr>\n<tr>\n<td class=\"label\">Pinnat\u00f6\u00f6tlus<\/td>\n<td>veski viimistlus (ilma t\u00f6\u00f6tlemata), poleeritud, anodeerimine, elektrikate, puidumassi v\u00e4rvimine, liivapritsimine, elektroforees jne.<\/td>\n<\/tr>\n<tr>\n<td class=\"label\">M\u00f5\u00f5de<\/td>\n<td>vabatahtlik<\/td>\n<\/tr>\n<tr>\n<td class=\"label\">Pakkimine<\/td>\n<td>Kraftpaber, kartongkarbi, vahtpol\u00fcstri, vahtpol\u00fcstri soojuslepinguga kile jne teie n\u00f5udluse j\u00e4rgi.<\/td>\n<\/tr>\n<tr>\n<td class=\"label\">Sertifikaadid<\/td>\n<td>ISO 9001.CE, SGS,<\/td>\n<\/tr>\n<tr>\n<td class=\"label\">V\u00e4rv<\/td>\n<td>H\u00f5be , must, h\u00f5be, pronks, \u0161ampanja, puidumass jne.<\/td>\n<\/tr>\n<tr>\n<td class=\"label\">Kuju<\/td>\n<td>Saadaval on erinevad kujud, parameetrid ja v\u00e4rvid<\/td>\n<\/tr>\n<tr>\n<td class=\"label\">Tarne \u00fcksikasjad<\/td>\n<td>10-20 p\u00e4eva \/ s\u00f5ltub kogusest ja joonistest<\/td>\n<\/tr>\n<tr>\n<td class=\"label\">Kvaliteet<\/td>\n<td>Kvaliteet vastab rahvusvahelisele standardile.<\/td>\n<\/tr>\n<tr>\n<td class=\"label\">Disain<\/td>\n<td>OEM v\u00f5i ODM on saadaval, pls saatke meile oma joonis<\/td>\n<\/tr>\n<tr>\n<td class=\"label\">Funktsioon<\/td>\n<td>K\u00f5rge korrosioonikindlus, ilmastikukindlus, kuumakindlus, leeliskindlus<\/td>\n<\/tr>\n<\/table>\n<h2>Meie tootmisbaas<\/h2>\n<h3>Tehase panoraam<\/h3>\n<p><img decoding=\"async\" src=\"\/wp-content\/uploads\/factory-01.webp\"\/><\/p>\n<h3>Alumiiniumvarraste tootmise t\u00f6\u00f6koda<\/h3>\n<p><img decoding=\"async\" src=\"\/wp-content\/uploads\/factory-02.webp\"\/><\/p>\n<p><img decoding=\"async\" src=\"\/wp-content\/uploads\/factory-03.webp\"\/><\/p>\n<h3>hallituse ladustamise ladu<\/h3>\n<p><img decoding=\"async\" src=\"\/wp-content\/uploads\/factory-04.webp\"\/><\/p>\n<h3>43 alumiiniumi ekstrusiooniliini (500-5500 tonni)<\/h3>\n<p><img decoding=\"async\" src=\"\/wp-content\/uploads\/factory-05.webp\"\/><\/p>\n<p><img decoding=\"async\" src=\"\/wp-content\/uploads\/factory-06.webp\"\/><\/p>\n<p><img decoding=\"async\" src=\"\/wp-content\/uploads\/factory-07.webp\"\/><\/p>\n<h3>Pulberv\u00e4rvimise t\u00f6\u00f6koda<\/h3>\n<p><img decoding=\"async\" src=\"\/wp-content\/uploads\/factory-09.webp\"\/><\/p>\n<h3>Anodiseerimise t\u00f6\u00f6koda<\/h3>\n<p><img decoding=\"async\" src=\"\/wp-content\/uploads\/factory-10.webp\"\/><\/p>\n<h3>S\u00fcgavt\u00f6\u00f6tlemise t\u00f6\u00f6tuba<\/h3>\n<p><img decoding=\"async\" src=\"\/wp-content\/uploads\/factory-11.webp\"\/><\/p>\n<h3>CNC-t\u00e4ppist\u00f6\u00f6tlemise t\u00f6\u00f6koda<\/h3>\n<p><img decoding=\"async\" src=\"\/wp-content\/uploads\/factory-11.5.webp\"\/><\/p>\n<h3>Valmistoodete ja ekspordi ladu<\/h3>\n<p><img decoding=\"async\" src=\"\/wp-content\/uploads\/factory-12.webp\"\/><\/p>\n<p><img decoding=\"async\" src=\"\/wp-content\/uploads\/factory-13.webp\"\/><\/p>\n<p><img decoding=\"async\" src=\"\/wp-content\/uploads\/factory-14.webp\"\/><\/p>\n<h2>KKK<\/h2>\n<p><p><b>1.Millised on akende ja uste OEM alumiiniumprofiilide eelised?<\/b><\/p>\n<p>OEM-alumiiniumprofiilid pakuvad suurt tugevust, korrosioonikindlust ja t\u00e4pseid m\u00f5\u00f5tmeid, mist\u00f5ttu on need ideaalsed vastupidavate ja energiat\u00f5husate akna- ja ukses\u00fcsteemide jaoks.<br \/>\n<\/p><br \/>\n<br \/>\n<p><b>2.Kas OEM-alumiiniumprofiile saab kohandada konkreetsete akna- ja uksekujunduste jaoks?<\/b><\/p>\n<p>Jah, OEM-alumiiniumprofiile saab t\u00e4ielikult kohandada kuju, suuruse ja pinnaviimistluse poolest, et need vastaksid ainulaadsetele arhitektuurilistele ja funktsionaalsetele n\u00f5uetele.<br \/>\n<\/p><br \/>\n<br \/>\n<p><b>3.Millised pinnaviimistlused on saadaval alumiiniumprofiilidele?<\/b><\/p>\n<p>Tavalised viimistlusviisid on anodeerimine, pulberv\u00e4rvimine ja elektroforees, mis parandavad korrosioonikindlust, esteetilisust ja pikaealisust.<br \/>\n<\/p><br \/>\n<br \/>\n<p><b>4.Miks valida uste ja akende jaoks alumiiniumprofiilid?<\/b><\/p>\n<p>Alumiiniumprofiilid on kerged, keskkonnas\u00f5bralikud ning pakuvad suurep\u00e4rast soojusisolatsiooni ja struktuurilist terviklikkust, mis sobib ideaalselt kaasaegseteks ehitust\u00f6\u00f6deks.<br \/>\n<\/p><br \/>\n<br \/>\n<p><b>5.Kas OEM-alumiiniumprofiilid sobivad karmide ilmastikutingimuste jaoks?<\/b><\/p>\n<p>Jah, OEM-alumiiniumprofiilid on t\u00e4nu oma k\u00f5rgele korrosioonikindlusele ja vastupidavusele konstrueeritud nii, et nad peavad vastu \u00e4\u00e4rmuslikele ilmastikutingimustele.<br \/>\n<\/p><br \/>\n<br \/>\n<p><b>6.Kuidas OEM alumiiniumist ekstrusioon parandab tootmise t\u00f5husust?<\/b><\/p>\n<p>OEM-alumiiniumprofiilid on t\u00e4ppisekspressitud, mis v\u00e4hendab t\u00f6\u00f6tlemisaega, parandab koostet\u00f5husust ja tagab \u00fchtlase kvaliteedi.<br \/>\n<\/p><br \/>\n<br \/>\n<p><b>7.Kas alumiiniumist OEM-akna- ja ukseprofiilide otsetarne on saadaval?<\/b><\/p>\n<p>Jah, paljud tootjad pakuvad tehases otsetarneid, mis tagavad konkurentsiv\u00f5imelise hinnakujunduse, kvaliteedikontrolli ja kiirema tarneaja.<br \/>\n<\/p><br \/><\/p>","protected":false},"featured_media":6277,"template":"","categories":[59],"class_list":["post-6278","product","type-product","status-publish","has-post-thumbnail","hentry","category-aluminum-window-door-system"],"meta_box":{"hilight_text_group":{"product_hilight_text":"<li>Customizable dimensions and structures to meet diverse project needs<\/li>\r\r\n<li>High-strength aluminum alloy, corrosion-resistant for various climates<\/li>\r\r\n<li>Multiple surface finishes (anodizing, electrophoresis, powder coating) for durability and aesthetics<\/li>\r\r\n<li>Factory direct supply for shorter lead times and reduced procurement costs<\/li>\r\r\n<li>Precision extrusion ensures easy installation and excellent sealing performance<\/li>","product_chanpin_chanpin":"<li><a href=\"https:\/\/sinoextrud.com\/product\/aluminium-mosquito-net-windows-and-door\/\" target=\"_blank\">Aluminium Mosquito Net Windows And Door<\/a><\/li>\r\n<li><a href=\"https:\/\/sinoextrud.com\/product\/aluminum-profile-doors\/\" target=\"_blank\">Aluminum Profile Doors<\/a><\/li>\r\n<li><a href=\"https:\/\/sinoextrud.com\/product\/aluminium-gate-fence\/\" target=\"_blank\">Aluminium gate fence<\/a><\/li>\r\n<li><a href=\"https:\/\/sinoextrud.com\/product\/aluminum-windows-and-doors\/\" target=\"_blank\">Aluminum Windows And Doors<\/a><\/li>\r\n<li><a href=\"https:\/\/sinoextrud.com\/product\/oem-aluminum-extrusion-profile-for-windows-and-doors\/\" target=\"_blank\">OEM Aluminum Extrusion Profile for Windows and Doors<\/a><\/li>\r\n<li><a href=\"https:\/\/sinoextrud.com\/product\/aluminium-tube-suppliers-offer-extruded-aluminium-square-tube-profile-with-anodized-powder-coating-surface-treatment\/\" target=\"_blank\">Aluminium Tube Suppliers Offer Extruded Aluminium Square Tube Profile With Anodized Powder Coating Surface Treatment<\/a><\/li>\r\n<li><a href=\"https:\/\/sinoextrud.com\/product\/oem-aluminum-channel-tube-and-pipe-extrusions-profile-for-constuction\/\" target=\"_blank\">OEM Aluminum Channel Tube And Pipe Extrusions Profile For Constuction<\/a><\/li>\r\n<li><a href=\"https:\/\/sinoextrud.com\/product\/aluminium-curtain-guide-rail\/\" target=\"_blank\">Aluminium Curtain Guide Rail<\/a><\/li>\r\n<li><a href=\"https:\/\/sinoextrud.com\/product\/round-aluminium-profile\/\" target=\"_blank\">Round Aluminium Profile<\/a><\/li>\r\n<li><a href=\"https:\/\/sinoextrud.com\/product\/extruded-aluminum-triangle-electrical-instrument-shell-housing\/\" target=\"_blank\">Extruded Aluminum Triangle Electrical Instrument Shell Housing<\/a><\/li>\r\n<li><a href=\"https:\/\/sinoextrud.com\/product\/aluminum-mirror-frame-extrusions\/\" target=\"_blank\">Aluminum Mirror Frame Extrusions<\/a><\/li>"},"feature_list":[]},"_links":{"self":[{"href":"https:\/\/sinoextrud.com\/et\/wp-json\/wp\/v2\/product\/6278","targetHints":{"allow":["GET"]}}],"collection":[{"href":"https:\/\/sinoextrud.com\/et\/wp-json\/wp\/v2\/product"}],"about":[{"href":"https:\/\/sinoextrud.com\/et\/wp-json\/wp\/v2\/types\/product"}],"wp:featuredmedia":[{"embeddable":true,"href":"https:\/\/sinoextrud.com\/et\/wp-json\/wp\/v2\/media\/6277"}],"wp:attachment":[{"href":"https:\/\/sinoextrud.com\/et\/wp-json\/wp\/v2\/media?parent=6278"}],"wp:term":[{"taxonomy":"category","embeddable":true,"href":"https:\/\/sinoextrud.com\/et\/wp-json\/wp\/v2\/categories?post=6278"}],"curies":[{"name":"wp","href":"https:\/\/api.w.org\/{rel}","templated":true}]}}