{"id":6276,"date":"2025-05-26T07:30:56","date_gmt":"2025-05-26T07:30:56","guid":{"rendered":"https:\/\/sinoextrud.com\/product\/aluminum-windows-and-doors\/"},"modified":"2025-06-24T03:59:47","modified_gmt":"2025-06-24T03:59:47","slug":"alumiiniumaknad-ja-uksed","status":"publish","type":"product","link":"https:\/\/sinoextrud.com\/et\/product\/aluminum-windows-and-doors\/","title":{"rendered":"Alumiiniumist aknad ja uksed"},"content":{"rendered":"<h2>Toodete \u00fcksikasjad<\/h2>\n<table class=\"custom-table\">\n<tr>\n<td class=\"label\">Materjal<\/td>\n<td>Sulam 6063 T5<\/td>\n<\/tr>\n<tr>\n<td class=\"label\">Taotlus<\/td>\n<td>Alumiiniumaknad ja -uksed<\/td>\n<\/tr>\n<tr>\n<td class=\"label\">Sertifikaat<\/td>\n<td>ISO9001, ISO14001<\/td>\n<\/tr>\n<tr>\n<td class=\"label\">V\u00f5imekus<\/td>\n<td>Aastane toodang \u00fcle 60 000 tonni<\/td>\n<\/tr>\n<tr>\n<td class=\"label\">V\u00e4rv<\/td>\n<td>Kohandatud saadaval<\/td>\n<\/tr>\n<tr>\n<td class=\"label\">Pikkus<\/td>\n<td>1-9 meetrit v\u00f5i kohandatud<\/td>\n<\/tr>\n<tr>\n<td class=\"label\">Paksus<\/td>\n<td>Kohandatud<\/td>\n<\/tr>\n<tr>\n<td class=\"label\">Pinna viimistlus<\/td>\n<td>veski viimistlus, anodeerimine, pulberv\u00e4rvimine, puiduribaline \u00fclekanne, harjatud, poleerimine, elektroforees jne.<\/td>\n<\/tr>\n<tr>\n<td class=\"label\">Taotlus<\/td>\n<td>alumiiniumist akna- ja ukseprofiil, kardinasein<\/td>\n<\/tr>\n<tr>\n<td class=\"label\">Laadimissadam<\/td>\n<td>Foshan, Shenzhen, Guangzhou<\/td>\n<\/tr>\n<tr>\n<td class=\"label\">Maksmine<\/td>\n<td>T\/T, 30% ettemaks, samas kui saldo makstakse v\u00e4lja enne tarnimist<\/td>\n<\/tr>\n<tr>\n<td class=\"label\">Pakett<\/td>\n<td>1.Inside: pakitud plastist kaitsekilega, et kaitsta iga profiili<br \/>2.V\u00e4ljaspool: pakitud veekindla k\u00e4sit\u00f6\u00f6paberiga<\/td>\n<\/tr>\n<tr>\n<td class=\"label\">Kohaletoimetamine<\/td>\n<td>25-30 p\u00e4eva p\u00e4rast ettemaksu tasumist<\/td>\n<\/tr>\n<tr>\n<td class=\"label\">J\u00e4rjekord<\/td>\n<td>1. Kinnitage joonised, pinnat\u00f6\u00f6tlus ja hind;<br \/>2. Makske vormi tasu ja me alustame vormide valmistamist;<br \/>3. Saadame teile kinnituse saamiseks proovid;<br \/>4. Tehke makse 30% tagatisraha, alustage tootmist;<\/td>\n<\/tr>\n<\/table>\n<h2>Meie tootmisbaas<\/h2>\n<h3>Tehase panoraam<\/h3>\n<p><img decoding=\"async\" src=\"\/wp-content\/uploads\/factory-01.webp\"\/><\/p>\n<h3>Alumiiniumvarraste tootmise t\u00f6\u00f6koda<\/h3>\n<p><img decoding=\"async\" src=\"\/wp-content\/uploads\/factory-02.webp\"\/><\/p>\n<p><img decoding=\"async\" src=\"\/wp-content\/uploads\/factory-03.webp\"\/><\/p>\n<h3>hallituse ladustamise ladu<\/h3>\n<p><img decoding=\"async\" src=\"\/wp-content\/uploads\/factory-04.webp\"\/><\/p>\n<h3>43 alumiiniumi ekstrusiooniliini (500-5500 tonni)<\/h3>\n<p><img decoding=\"async\" src=\"\/wp-content\/uploads\/factory-05.webp\"\/><\/p>\n<p><img decoding=\"async\" src=\"\/wp-content\/uploads\/factory-06.webp\"\/><\/p>\n<p><img decoding=\"async\" src=\"\/wp-content\/uploads\/factory-07.webp\"\/><\/p>\n<h3>Pulberv\u00e4rvimise t\u00f6\u00f6koda<\/h3>\n<p><img decoding=\"async\" src=\"\/wp-content\/uploads\/factory-09.webp\"\/><\/p>\n<h3>Anodiseerimise t\u00f6\u00f6koda<\/h3>\n<p><img decoding=\"async\" src=\"\/wp-content\/uploads\/factory-10.webp\"\/><\/p>\n<h3>S\u00fcgavt\u00f6\u00f6tlemise t\u00f6\u00f6tuba<\/h3>\n<p><img decoding=\"async\" src=\"\/wp-content\/uploads\/factory-11.webp\"\/><\/p>\n<h3>CNC-t\u00e4ppist\u00f6\u00f6tlemise t\u00f6\u00f6koda<\/h3>\n<p><img decoding=\"async\" src=\"\/wp-content\/uploads\/factory-11.5.webp\"\/><\/p>\n<h3>Valmistoodete ja ekspordi ladu<\/h3>\n<p><img decoding=\"async\" src=\"\/wp-content\/uploads\/factory-12.webp\"\/><\/p>\n<p><img decoding=\"async\" src=\"\/wp-content\/uploads\/factory-13.webp\"\/><\/p>\n<p><img decoding=\"async\" src=\"\/wp-content\/uploads\/factory-14.webp\"\/><\/p>\n<h2>KKK<\/h2>\n<p><p><b>1.Mis on alumiiniumist aknad ja uksed?<\/b><\/p>\n<p>Alumiiniumaknad ja -uksed on vastupidavatest alumiiniumisulamitest valmistatud k\u00f5rgtehnoloogilised raamis\u00fcsteemid, mis on m\u00f5eldud elamu- ja \u00e4rirakenduste jaoks.<br \/>\n<\/p><br \/>\n<br \/>\n<p><b>2.Miks valida alumiiniumist aknad ja uksed?<\/b><\/p>\n<p>Alumiiniumist aknad ja uksed pakuvad teiste materjalidega v\u00f5rreldes paremat tugevuse ja kaalu suhet, elegantset kaasaegset esteetikat ja pikaajalist korrosioonikindlust.<br \/>\n<\/p><br \/>\n<br \/>\n<p><b>3.Kuidas alumiiniumist aknad ja uksed parandavad energiat\u00f5husust?<\/b><\/p>\n<p>Energiat\u00f5husad alumiiniumaknad ja -uksed on varustatud termilise katkestuse tehnoloogia ja mitmekambriliste raamidega, mis v\u00e4hendavad soojus\u00fclekannet ja kommunaalarveid.<br \/>\n<\/p><br \/>\n<br \/>\n<p><b>4.Kas alumiiniumist aknad ja uksed on v\u00e4he hooldatavad?<\/b><\/p>\n<p>Jah, alumiiniumist aknad ja uksed vajavad ainult perioodilist puhastamist ja hingede m\u00e4\u00e4rimist, nende tehasepoolne viimistlus on vastupidav pleekimisele ja korrosioonile.<br \/>\n<\/p><br \/>\n<br \/>\n<p><b>5.Kas alumiiniumist aknad ja uksed saab kohandada?<\/b><\/p>\n<p>Alumiiniumist aknad ja uksed toetavad kohandatud profiile, pulberv\u00e4rve, anodeeritud viimistlusi ja mitmesuguseid klaasivalikuid mis tahes arhitektuurilise stiili jaoks.<br \/>\n<\/p><br \/>\n<br \/>\n<p><b>6.Milliseid turvaelemente pakuvad alumiiniumist aknad ja uksed?<\/b><\/p>\n<p>Tugevdatud alumiiniumist aknad ja uksed on varustatud mitmepunktiliste lukustuss\u00fcsteemidega, lamineeritud v\u00f5i karastatud klaasiga ja tugeva riistvaraga, mis suurendab turvalisust.<br \/>\n<\/p><br \/>\n<br \/>\n<p><b>7.Kuidas toimivad alumiiniumist aknad ja uksed karmides kliimatingimustes?<\/b><\/p>\n<p>Ilmastikukindlad alumiiniumist aknad ja uksed taluvad UV-kiirgust, niiskust ja \u00e4\u00e4rmuslikke temperatuure ilma v\u00e4\u00e4ndumise v\u00f5i roostetamiseni.<br \/>\n<\/p><br \/>\n<br \/>\n<p><b>8.Kas alumiiniumist aknad ja uksed pakuvad heliisolatsiooni?<\/b><\/p>\n<p>Alumiiniumist aknad ja uksed koos integreeritud tihenditega ja kahe- v\u00f5i kolmekordse klaaspaketiga tagavad suurep\u00e4rase akustilise toimivuse, v\u00e4hendades v\u00e4lism\u00fcra.<br \/>\n<\/p><br \/>\n<br \/>\n<p><b>9.Kas alumiiniumist aknad ja uksed on keskkonnas\u00f5bralikud?<\/b><\/p>\n<p>Alumiiniumist aknad ja uksed on t\u00e4ielikult taaskasutatavad, nende tootmiseks kulub v\u00e4hem energiat kui terase tootmiseks ning nad toetavad rohelise ehitamise sertifikaate, nagu LEED.<br \/>\n<\/p><br \/>\n<br \/>\n<p><b>10. kust ma saan hankida kvaliteetseid alumiiniumaknaid ja -uksi?<\/b><\/p>\n<p>Juhtivad alumiiniumakende ja -uste tootjad pakuvad ISO-sertifitseeritud tooteid, \u00fclemaailmset turustamist ning spetsiaalset tehnilist ja paigaldustuge.<br \/>\n<\/p><br \/><\/p>","protected":false},"featured_media":6275,"template":"","categories":[59],"class_list":["post-6276","product","type-product","status-publish","has-post-thumbnail","hentry","category-aluminum-window-door-system"],"meta_box":{"hilight_text_group":{"product_hilight_text":"<li>Constructed from 6063-T5 aluminum alloy for exceptional strength and corrosion resistance<\/li>\r\r\n<li>Precision-extruded profiles with \u00c2\u00b10.1 mm tolerance for seamless assembly and airtight sealing<\/li>\r\r\n<li>Optional thermal break and multi-chamber designs to optimize energy efficiency and reduce condensation<\/li>\r\r\n<li>Wide range of finish options (anodized, powder-coated, woodgrain) for design flexibility<\/li>\r\r\n<li>Heavy-duty hardware and multi-point locking systems for enhanced security and compliance<\/li>\r\r\n<li>Integrated drainage and ventilation channels to prevent water buildup and ensure durability<\/li>\r\r\n<li>Pre-drilled mounting holes and snap-fit connectors for fast, error-free installation<\/li>\r\r\n<li>RoHS\/REACH-compliant and fully recyclable for sustainable building projects<\/li>","product_chanpin_chanpin":"<li><a href=\"https:\/\/sinoextrud.com\/product\/thermal-break-aluminium-profiles\/\" target=\"_blank\">Thermal Break Aluminium Profiles<\/a><\/li>\r\n<li><a href=\"https:\/\/sinoextrud.com\/product\/aluminium-mosquito-net-windows-and-door\/\" target=\"_blank\">Aluminium Mosquito Net Windows And Door<\/a><\/li>\r\n<li><a href=\"https:\/\/sinoextrud.com\/product\/aluminum-profile-doors\/\" target=\"_blank\">Aluminum Profile Doors<\/a><\/li>\r\n<li><a href=\"https:\/\/sinoextrud.com\/product\/aluminium-gate-fence\/\" target=\"_blank\">Aluminium gate fence<\/a><\/li>\r\n<li><a href=\"https:\/\/sinoextrud.com\/product\/aluminum-windows-and-doors\/\" target=\"_blank\">Aluminum Windows And Doors<\/a><\/li>\r\n<li><a href=\"https:\/\/sinoextrud.com\/product\/oem-aluminum-extrusion-profile-for-windows-and-doors\/\" target=\"_blank\">OEM Aluminum Extrusion Profile for Windows and Doors<\/a><\/li>\r\n<li><a href=\"https:\/\/sinoextrud.com\/product\/aluminium-tube-suppliers-offer-extruded-aluminium-square-tube-profile-with-anodized-powder-coating-surface-treatment\/\" target=\"_blank\">Aluminium Tube Suppliers Offer Extruded Aluminium Square Tube Profile With Anodized Powder Coating Surface Treatment<\/a><\/li>\r\n<li><a href=\"https:\/\/sinoextrud.com\/product\/oem-aluminum-channel-tube-and-pipe-extrusions-profile-for-constuction\/\" target=\"_blank\">OEM Aluminum Channel Tube And Pipe Extrusions Profile For Constuction<\/a><\/li>\r\n<li><a href=\"https:\/\/sinoextrud.com\/product\/aluminium-curtain-guide-rail\/\" target=\"_blank\">Aluminium Curtain Guide Rail<\/a><\/li>\r\n<li><a href=\"https:\/\/sinoextrud.com\/product\/6063-t5-aluminum-profile-tslot-for-production-line\/\" target=\"_blank\">6063 t5 aluminum profile Tslot for production line<\/a><\/li>\r\n<li><a href=\"https:\/\/sinoextrud.com\/product\/aluminum-extrusion-6063-anodized-clothes-drive-airer-aluminum-rack-profile\/\" target=\"_blank\">Aluminum Extrusion 6063 Anodized Clothes Drive Airer Aluminum Rack Profile<\/a><\/li>"},"feature_list":[]},"_links":{"self":[{"href":"https:\/\/sinoextrud.com\/et\/wp-json\/wp\/v2\/product\/6276","targetHints":{"allow":["GET"]}}],"collection":[{"href":"https:\/\/sinoextrud.com\/et\/wp-json\/wp\/v2\/product"}],"about":[{"href":"https:\/\/sinoextrud.com\/et\/wp-json\/wp\/v2\/types\/product"}],"wp:featuredmedia":[{"embeddable":true,"href":"https:\/\/sinoextrud.com\/et\/wp-json\/wp\/v2\/media\/6275"}],"wp:attachment":[{"href":"https:\/\/sinoextrud.com\/et\/wp-json\/wp\/v2\/media?parent=6276"}],"wp:term":[{"taxonomy":"category","embeddable":true,"href":"https:\/\/sinoextrud.com\/et\/wp-json\/wp\/v2\/categories?post=6276"}],"curies":[{"name":"wp","href":"https:\/\/api.w.org\/{rel}","templated":true}]}}