{"id":6272,"date":"2025-05-26T07:26:03","date_gmt":"2025-05-26T07:26:03","guid":{"rendered":"https:\/\/sinoextrud.com\/product\/aluminum-profile-doors\/"},"modified":"2025-06-24T03:59:34","modified_gmt":"2025-06-24T03:59:34","slug":"alumiiniumprofiiliga-uksed","status":"publish","type":"product","link":"https:\/\/sinoextrud.com\/et\/product\/aluminum-profile-doors\/","title":{"rendered":"Alumiiniumprofiiliga uksed"},"content":{"rendered":"<h2>Toodete \u00fcksikasjad<\/h2>\n<table class=\"custom-table\">\n<tr>\n<td class=\"label\">Punkti<\/td>\n<td>Alumiiniumprofiiliga uksed<\/td>\n<\/tr>\n<tr>\n<td class=\"label\">Materjal<\/td>\n<td>Sulam 6063, 6061<\/td>\n<\/tr>\n<tr>\n<td class=\"label\">Taotlus<\/td>\n<td>Alumiiniumaknad ja -uksed<\/td>\n<\/tr>\n<tr>\n<td class=\"label\">Sertifikaat<\/td>\n<td>ISO9001, ISO14001<\/td>\n<\/tr>\n<tr>\n<td class=\"label\">V\u00f5imekus<\/td>\n<td>Aastane toodang \u00fcle 60 000 tonni<\/td>\n<\/tr>\n<tr>\n<td class=\"label\">V\u00e4rv<\/td>\n<td>Kohandatud saadaval<\/td>\n<\/tr>\n<tr>\n<td class=\"label\">Pikkus<\/td>\n<td>1-9 meetrit v\u00f5i kohandatud<\/td>\n<\/tr>\n<tr>\n<td class=\"label\">Paksus<\/td>\n<td>Kohandatud<\/td>\n<\/tr>\n<tr>\n<td class=\"label\">Pinna viimistlus<\/td>\n<td>veski viimistlus, anodeerimine, pulberv\u00e4rvimine, puiduribaline \u00fclekanne, harjatud, poleerimine, elektroforees jne.<\/td>\n<\/tr>\n<tr>\n<td class=\"label\">Taotlus<\/td>\n<td>alumiiniumist akna- ja ukseprofiil, kardinasein<\/td>\n<\/tr>\n<tr>\n<td class=\"label\">Laadimissadam<\/td>\n<td>Guangzhou, Foshan, Shenzhen<\/td>\n<\/tr>\n<tr>\n<td class=\"label\">Maksmine<\/td>\n<td>T\/T, 30% ettemaks, samas kui saldo makstakse v\u00e4lja enne tarnimist<\/td>\n<\/tr>\n<tr>\n<td class=\"label\">Pakett<\/td>\n<td>1.Inside: pakitud plastist kaitsekilega, et kaitsta iga profiili<br \/>2.V\u00e4ljaspool: pakitud veekindla k\u00e4sit\u00f6\u00f6paberiga<\/td>\n<\/tr>\n<tr>\n<td class=\"label\">Kohaletoimetamine<\/td>\n<td>25-30 p\u00e4eva p\u00e4rast ettemaksu tasumist<\/td>\n<\/tr>\n<tr>\n<td class=\"label\">J\u00e4rjekord<\/td>\n<td>1. Kinnitage joonised, pinnat\u00f6\u00f6tlus ja hind;<br \/>2. Makske vormi tasu ja me alustame vormide valmistamist;<br \/>3. Saadame teile kinnituse saamiseks proovid;<br \/>4. Tehke makse 30% tagatisraha, alustage tootmist;<\/td>\n<\/tr>\n<\/table>\n<h2>Meie tootmisbaas<\/h2>\n<h3>Tehase panoraam<\/h3>\n<p><img decoding=\"async\" src=\"\/wp-content\/uploads\/factory-01.webp\"\/><\/p>\n<h3>Alumiiniumvarraste tootmise t\u00f6\u00f6koda<\/h3>\n<p><img decoding=\"async\" src=\"\/wp-content\/uploads\/factory-02.webp\"\/><\/p>\n<p><img decoding=\"async\" src=\"\/wp-content\/uploads\/factory-03.webp\"\/><\/p>\n<h3>hallituse ladustamise ladu<\/h3>\n<p><img decoding=\"async\" src=\"\/wp-content\/uploads\/factory-04.webp\"\/><\/p>\n<h3>43 alumiiniumi ekstrusiooniliini (500-5500 tonni)<\/h3>\n<p><img decoding=\"async\" src=\"\/wp-content\/uploads\/factory-05.webp\"\/><\/p>\n<p><img decoding=\"async\" src=\"\/wp-content\/uploads\/factory-06.webp\"\/><\/p>\n<p><img decoding=\"async\" src=\"\/wp-content\/uploads\/factory-07.webp\"\/><\/p>\n<h3>Pulberv\u00e4rvimise t\u00f6\u00f6koda<\/h3>\n<p><img decoding=\"async\" src=\"\/wp-content\/uploads\/factory-09.webp\"\/><\/p>\n<h3>Anodiseerimise t\u00f6\u00f6koda<\/h3>\n<p><img decoding=\"async\" src=\"\/wp-content\/uploads\/factory-10.webp\"\/><\/p>\n<h3>S\u00fcgavt\u00f6\u00f6tlemise t\u00f6\u00f6tuba<\/h3>\n<p><img decoding=\"async\" src=\"\/wp-content\/uploads\/factory-11.webp\"\/><\/p>\n<h3>CNC-t\u00e4ppist\u00f6\u00f6tlemise t\u00f6\u00f6koda<\/h3>\n<p><img decoding=\"async\" src=\"\/wp-content\/uploads\/factory-11.5.webp\"\/><\/p>\n<h3>Valmistoodete ja ekspordi ladu<\/h3>\n<p><img decoding=\"async\" src=\"\/wp-content\/uploads\/factory-12.webp\"\/><\/p>\n<p><img decoding=\"async\" src=\"\/wp-content\/uploads\/factory-13.webp\"\/><\/p>\n<p><img decoding=\"async\" src=\"\/wp-content\/uploads\/factory-14.webp\"\/><\/p>\n<h2>KKK<\/h2>\n<p><p><b>1.Mis on alumiiniumprofiiliga uksed?<\/b><\/p>\n<p>Alumiiniumprofiil uksed on suure tugevusega alumiiniumisulamist valmistatud t\u00e4ppisekspressitud ukseraamid, mis on loodud vastupidavuse, elegantse esteetika ja lihtsa paigalduse tagamiseks.<br \/>\n<\/p><br \/>\n<br \/>\n<p><b>2.Miks valida alumiiniumprofiiliga uksed kaasaegsete hoonete jaoks?<\/b><\/p>\n<p>Alumiiniumprofiiliga uksed pakuvad suurep\u00e4rast tugevuse ja kaalu suhet, korrosioonikindlust ja kaasaegset disaini, mis parandab v\u00e4limust ja pikaealisust.<br \/>\n<\/p><br \/>\n<br \/>\n<p><b>3.Kuidas alumiiniumprofiiliga uksed parandavad energiat\u00f5husust?<\/b><\/p>\n<p>Energiat\u00f5husad alumiiniumprofiiliga uksed on varustatud soojusvahemike ja mitmekambriliste profiilidega, mis v\u00e4hendavad soojus\u00fclekannet ning k\u00fctte- ja jahutuskulusid.<br \/>\n<\/p><br \/>\n<br \/>\n<p><b>4.Kas alumiiniumprofiiliga uksed on v\u00e4he hooldust n\u00f5udvad?<\/b><\/p>\n<p>Jah, alumiiniumprofiiliga uksed vajavad ainult perioodilist puhastamist ja hingede m\u00e4\u00e4rimist, nad on vastupidavad roostetamisele, m\u00e4danemisele ja pleekimisele ilma \u00fcmberv\u00e4rvimiseta.<br \/>\n<\/p><br \/>\n<br \/>\n<p><b>5.Kas alumiiniumprofiiliga uksed saab kohandada?<\/b><\/p>\n<p>Alumiiniumprofiiliga uksed toetavad kohandatud ekstrusiooniprofiile, pulberv\u00e4rvi viimistlust, anodeerimist ja riistvara v\u00f5imalusi, mis sobivad iga arhitektuurse stiiliga.<br \/>\n<\/p><br \/>\n<br \/>\n<p><b>6.Milliseid turvaelemente pakuvad alumiiniumprofiiliga uksed?<\/b><\/p>\n<p>Tugevdatud alumiiniumprofiiliga uksed on varustatud mitmepunktiliste lukustuss\u00fcsteemide, lamineeritud klaasi ja tugevate hingedega, mis tagavad suurema turvalisuse kodus ja \u00e4ritegevuses.<br \/>\n<\/p><br \/>\n<br \/>\n<p><b>7.Kuidas toimivad alumiiniumprofiiliga uksed karmide ilmastikutingimuste korral?<\/b><\/p>\n<p>Ilmastikukindlad alumiiniumprofiilidest uksed taluvad UV-kiirgust, niiskust ja \u00e4\u00e4rmuslikke temperatuure ilma v\u00e4\u00e4ndumise v\u00f5i korrosioonita.<br \/>\n<\/p><br \/>\n<br \/>\n<p><b>8.Kas alumiiniumprofiiliga uksed toetavad heliisolatsiooni?<\/b><\/p>\n<p>Integreeritud tihendite ja topeltklaasiga alumiiniumprofiiliga uksed tagavad suurep\u00e4rase akustilise toimivuse, et blokeerida v\u00e4lism\u00fcra.<br \/>\n<\/p><br \/>\n<br \/>\n<p><b>9.Kas alumiiniumprofiiliga uksed on keskkonnas\u00f5bralikud?<\/b><\/p>\n<p>Alumiiniumprofiiliga uksed on t\u00e4ielikult taaskasutatavad, tarbivad tootmisel v\u00e4hem energiat kui teras ja aitavad kaasa s\u00e4\u00e4stvate ehitiste, n\u00e4iteks LEED-sertifikaatide saamisele.<br \/>\n<\/p><br \/>\n<br \/>\n<p><b>10. kust ma saan hankida kvaliteetseid alumiiniumprofiiliga uksi?<\/b><\/p>\n<p>Juhtivad tootjad pakuvad sertifitseeritud alumiiniumprofiiliga uksi, millel on ISO ja EN standardid, \u00fclemaailmne turustus ja spetsiaalne tehniline tugi.<br \/>\n<\/p><br \/><\/p>","protected":false},"featured_media":6271,"template":"","categories":[59],"class_list":["post-6272","product","type-product","status-publish","has-post-thumbnail","hentry","category-aluminum-window-door-system"],"meta_box":{"hilight_text_group":{"product_hilight_text":"<li>Constructed from 6063-T5 aluminum alloy for exceptional strength and durability<\/li>\r\r\n<li>Precision-engineered profiles with \u00c2\u00b10.1 mm tolerance for seamless assembly<\/li>\r\r\n<li>Integrated thermal break option to enhance insulation and reduce energy consumption<\/li>\r\r\n<li>Customizable finishes (anodized, powder-coated, woodgrain) for design flexibility<\/li>\r\r\n<li>Heavy-duty multi-point locking systems for superior security and compliance<\/li>\r\r\n<li>Pre-drilled mounting holes and snap-fit connectors for fast, error-free installation<\/li>\r\r\n<li>Integrated drainage and ventilation channels for effective water management<\/li>\r\r\n<li>Eco-friendly and fully recyclable, compliant with RoHS and REACH standards<\/li>","product_chanpin_chanpin":"<li><a href=\"https:\/\/sinoextrud.com\/product\/aluminum-window\/\" target=\"_blank\">Aluminum Window<\/a><\/li>\r\n<li><a href=\"https:\/\/sinoextrud.com\/product\/aluminum-profile-windows-extrusion-companies-in-china\/\" target=\"_blank\">aluminum profile windows extrusion companies in china<\/a><\/li>\r\n<li><a href=\"https:\/\/sinoextrud.com\/product\/thermal-break-aluminium-profiles\/\" target=\"_blank\">Thermal Break Aluminium Profiles<\/a><\/li>\r\n<li><a href=\"https:\/\/sinoextrud.com\/product\/aluminium-mosquito-net-windows-and-door\/\" target=\"_blank\">Aluminium Mosquito Net Windows And Door<\/a><\/li>\r\n<li><a href=\"https:\/\/sinoextrud.com\/product\/aluminum-profile-doors\/\" target=\"_blank\">Aluminum Profile Doors<\/a><\/li>\r\n<li><a href=\"https:\/\/sinoextrud.com\/product\/aluminium-gate-fence\/\" target=\"_blank\">Aluminium gate fence<\/a><\/li>\r\n<li><a href=\"https:\/\/sinoextrud.com\/product\/aluminum-windows-and-doors\/\" target=\"_blank\">Aluminum Windows And Doors<\/a><\/li>\r\n<li><a href=\"https:\/\/sinoextrud.com\/product\/oem-aluminum-extrusion-profile-for-windows-and-doors\/\" target=\"_blank\">OEM Aluminum Extrusion Profile for Windows and Doors<\/a><\/li>\r\n<li><a href=\"https:\/\/sinoextrud.com\/product\/aluminium-tube-suppliers-offer-extruded-aluminium-square-tube-profile-with-anodized-powder-coating-surface-treatment\/\" target=\"_blank\">Aluminium Tube Suppliers Offer Extruded Aluminium Square Tube Profile With Anodized Powder Coating Surface Treatment<\/a><\/li>\r\n<li><a href=\"https:\/\/sinoextrud.com\/product\/extruded-aluminum-trim-shapes\/\" target=\"_blank\">Extruded Aluminum Trim Shapes<\/a><\/li>\r\n<li><a href=\"https:\/\/sinoextrud.com\/product\/aluminum-photo-frame-profile\/\" target=\"_blank\">Aluminum Photo Frame Profile<\/a><\/li>"},"feature_list":[]},"_links":{"self":[{"href":"https:\/\/sinoextrud.com\/et\/wp-json\/wp\/v2\/product\/6272","targetHints":{"allow":["GET"]}}],"collection":[{"href":"https:\/\/sinoextrud.com\/et\/wp-json\/wp\/v2\/product"}],"about":[{"href":"https:\/\/sinoextrud.com\/et\/wp-json\/wp\/v2\/types\/product"}],"wp:featuredmedia":[{"embeddable":true,"href":"https:\/\/sinoextrud.com\/et\/wp-json\/wp\/v2\/media\/6271"}],"wp:attachment":[{"href":"https:\/\/sinoextrud.com\/et\/wp-json\/wp\/v2\/media?parent=6272"}],"wp:term":[{"taxonomy":"category","embeddable":true,"href":"https:\/\/sinoextrud.com\/et\/wp-json\/wp\/v2\/categories?post=6272"}],"curies":[{"name":"wp","href":"https:\/\/api.w.org\/{rel}","templated":true}]}}