{"id":6270,"date":"2025-05-26T07:23:26","date_gmt":"2025-05-26T07:23:26","guid":{"rendered":"https:\/\/sinoextrud.com\/product\/aluminium-mosquito-net-windows-and-door\/"},"modified":"2025-06-24T03:59:15","modified_gmt":"2025-06-24T03:59:15","slug":"alumiiniumist-saasevorgu-aknad-ja-uks","status":"publish","type":"product","link":"https:\/\/sinoextrud.com\/et\/product\/aluminium-mosquito-net-windows-and-door\/","title":{"rendered":"Alumiiniumist s\u00e4\u00e4sev\u00f5rk aknad ja uksed"},"content":{"rendered":"<h2>Toodete \u00fcksikasjad<\/h2>\n<table class=\"custom-table\">\n<tr>\n<td class=\"label\">Artikli nr.<\/td>\n<td>Alumiiniumist s\u00e4\u00e4sev\u00f5rk aknad ja uksed<\/td>\n<\/tr>\n<tr>\n<td class=\"label\">Nimi<\/td>\n<td>V\u00e4rvid klientide vajaduste alumiiniumist s\u00e4\u00e4sev\u00f5rgu ukse disain aeda<\/td>\n<\/tr>\n<tr>\n<td class=\"label\">Materjal<\/td>\n<td>Ekraani raam - alumiiniumsulam 6063T5<\/td>\n<\/tr>\n<tr>\n<td class=\"label\">SIZE<\/td>\n<td>Nagu te palute<\/td>\n<\/tr>\n<tr>\n<td class=\"label\">V\u00f5rgustiku v\u00e4rvus<\/td>\n<td>Must, hall<\/td>\n<\/tr>\n<tr>\n<td class=\"label\">Ekraani raami v\u00e4rv<\/td>\n<td>Valge, hall, pronksv\u00e4rviline, n\u00e4htamatu roheline, tumehall, imiteeritud teras, kollane puiduv\u00e4rv, punane puiduv\u00e4rv jne. v\u00f5i kohandatud.<\/td>\n<\/tr>\n<tr>\n<td class=\"label\">Osture\u017eiim<\/td>\n<td>Pooltooted \/ fikseeritud Suurus<\/td>\n<\/tr>\n<tr>\n<td class=\"label\">Peamised omadused<\/td>\n<td>Kasutajas\u00f5bralik, t\u00f6\u00f6kindel ja kaasaegne;<br \/>P\u00f5randal olevate juhiste puudumine teeb selle puhastamise ja transiidi lihtsaks.<br \/>Lihtne paigaldada ja eemaldada spetsiaalsete plastklambrite abil<br \/>V\u00f5imalik \u00fchendada rohkem kui \u00fcks uks, mis v\u00f5imaldab katta m\u00e4rkimisv\u00e4\u00e4rset laiust.<br \/>Saadaval k\u00f5igile teie olemasolevatele ustele, \u00fche- ja kaheinimesele uksele.<br \/>Ideaalne suurte r\u00f5dude, verandade, Prantsuse uste, kahestikuklappe ja garaa\u017ei jaoks jne.<br \/>K\u00f5ik tarvikud on v\u00f5imalik tarnida individuaalselt<\/td>\n<\/tr>\n<tr>\n<td class=\"label\">Pakkimine<\/td>\n<td>Sisemine: PE-kott, mis on kokkut\u00f5mmatud, mullkotti pakitud.<\/td>\n<\/tr>\n<tr>\n<td class=\"label\">Tarneaeg<\/td>\n<td>15 p\u00e4eva p\u00e4rast makse saamist<\/td>\n<\/tr>\n<tr>\n<td class=\"label\">Tarneklausel<\/td>\n<td>FOB FOSHAN ,GUANGZHOU ,SHENZHEN<\/td>\n<\/tr>\n<tr>\n<td class=\"label\">Maksetingimused<\/td>\n<td>Ettemakstud T\/T ja L\/C<\/td>\n<\/tr>\n<\/table>\n<h2>Meie tootmisbaas<\/h2>\n<h3>Tehase panoraam<\/h3>\n<p><img decoding=\"async\" src=\"\/wp-content\/uploads\/factory-01.webp\"\/><\/p>\n<h3>Alumiiniumvarraste tootmise t\u00f6\u00f6koda<\/h3>\n<p><img decoding=\"async\" src=\"\/wp-content\/uploads\/factory-02.webp\"\/><\/p>\n<p><img decoding=\"async\" src=\"\/wp-content\/uploads\/factory-03.webp\"\/><\/p>\n<h3>hallituse ladustamise ladu<\/h3>\n<p><img decoding=\"async\" src=\"\/wp-content\/uploads\/factory-04.webp\"\/><\/p>\n<h3>43 alumiiniumi ekstrusiooniliini (500-5500 tonni)<\/h3>\n<p><img decoding=\"async\" src=\"\/wp-content\/uploads\/factory-05.webp\"\/><\/p>\n<p><img decoding=\"async\" src=\"\/wp-content\/uploads\/factory-06.webp\"\/><\/p>\n<p><img decoding=\"async\" src=\"\/wp-content\/uploads\/factory-07.webp\"\/><\/p>\n<h3>Pulberv\u00e4rvimise t\u00f6\u00f6koda<\/h3>\n<p><img decoding=\"async\" src=\"\/wp-content\/uploads\/factory-09.webp\"\/><\/p>\n<h3>Anodiseerimise t\u00f6\u00f6koda<\/h3>\n<p><img decoding=\"async\" src=\"\/wp-content\/uploads\/factory-10.webp\"\/><\/p>\n<h3>S\u00fcgavt\u00f6\u00f6tlemise t\u00f6\u00f6tuba<\/h3>\n<p><img decoding=\"async\" src=\"\/wp-content\/uploads\/factory-11.webp\"\/><\/p>\n<h3>CNC-t\u00e4ppist\u00f6\u00f6tlemise t\u00f6\u00f6koda<\/h3>\n<p><img decoding=\"async\" src=\"\/wp-content\/uploads\/factory-11.5.webp\"\/><\/p>\n<h3>Valmistoodete ja ekspordi ladu<\/h3>\n<p><img decoding=\"async\" src=\"\/wp-content\/uploads\/factory-12.webp\"\/><\/p>\n<p><img decoding=\"async\" src=\"\/wp-content\/uploads\/factory-13.webp\"\/><\/p>\n<p><img decoding=\"async\" src=\"\/wp-content\/uploads\/factory-14.webp\"\/><\/p>\n<h2>KKK<\/h2>\n<p><p><b>1.Mis on alumiiniumist s\u00e4\u00e4sev\u00f5rgu aken ja uks?<\/b><\/p>\n<p>Alumiiniumist s\u00e4\u00e4sev\u00f5rgu aken ja uks on vastupidav, korrosioonikindel raamis\u00fcsteem, millel on integreeritud peenv\u00f5rgulised ekraanid putukakaitse ja ventilatsiooni jaoks.<br \/>\n<\/p><br \/>\n<br \/>\n<p><b>2.Miks valida alumiiniumist s\u00e4\u00e4sev\u00f5rgu aken ja uks?<\/b><\/p>\n<p>Alumiiniumist s\u00e4\u00e4sev\u00f5rgu aknad ja uksed \u00fchendavad endas kerge tugevuse, roostekindluse ja lihtsa kasutuse ning t\u00f5husa s\u00e4\u00e4skede ja kahjurite t\u00f5rjumise.<br \/>\n<\/p><br \/>\n<br \/>\n<p><b>3.Kuidas parandab alumiiniumist s\u00e4\u00e4sev\u00f5rgu aken ja uks \u00f5huvoolu?<\/b><\/p>\n<p>Alumiiniumist s\u00e4\u00e4sev\u00f5rgu akende ja uste peenv\u00f5rk v\u00f5imaldab maksimaalset \u00f5huvoolu, takistades samal ajal putukate sisenemist, parandades sise\u00f5hu kvaliteeti.<br \/>\n<\/p><br \/>\n<br \/>\n<p><b>4.Kas alumiiniumist s\u00e4\u00e4sev\u00f5rgu akna- ja ukseraamid on v\u00e4he hooldatavad?<\/b><\/p>\n<p>Jah, alumiiniumist s\u00e4\u00e4sev\u00f5rguga aknad ja uksed vajavad korrosioonikindluse ja t\u00f5rgeteta toimimise s\u00e4ilitamiseks vaid perioodilist raamide ja ekraanide puhastamist.<br \/>\n<\/p><br \/>\n<br \/>\n<p><b>5.Kas alumiiniumist s\u00e4\u00e4sev\u00f5rgu akna- ja uksekraane saab kohandada?<\/b><\/p>\n<p>Alumiiniumist s\u00e4\u00e4sev\u00f5rgu akna- ja uksesirmid toetavad kohandatud v\u00f5rgusilma tihedust, raami v\u00e4rvi ja suurust, et sobida mis tahes akna- v\u00f5i ukseavale.<br \/>\n<\/p><br \/>\n<br \/>\n<p><b>6.Kuidas toimivad alumiiniumist s\u00e4\u00e4sev\u00f5rgu akna- ja ukseraamid karmides kliimatingimustes?<\/b><\/p>\n<p>Ilmastikukindlad alumiiniumist s\u00e4\u00e4sev\u00f5rgu aknad ja uksed peavad vastu UV-kiirgusele, soolasele \u00f5hule ja niiskusele, ilma et need v\u00e4\u00e4nduksid v\u00f5i tuhmuksid.<br \/>\n<\/p><br \/>\n<br \/>\n<p><b>7. millised turvaelemendid on olemas alumiiniumist s\u00e4\u00e4sev\u00f5rgu akna ja ukse puhul?<\/b><\/p>\n<p>Tugevdatud alumiiniumist s\u00e4\u00e4sev\u00f5rgu akna- ja ukseraamid v\u00f5ivad sisaldada mitmepunktlukke ja tugevdatud v\u00f5rku, mis lisavad turvalisust ja meelerahu.<br \/>\n<\/p><br \/>\n<br \/>\n<p><b>8.Kas alumiiniumist s\u00e4\u00e4sev\u00f5rgu akna- ja ukses\u00fcsteemid toetavad lihtsat paigaldamist?<\/b><\/p>\n<p>Alumiiniumist s\u00e4\u00e4sev\u00f5rgu akna- ja uksekomplektidel on eelpuuritud raamid ja sissepandav v\u00f5rk, mis v\u00f5imaldab kiiret paigaldamist koduseks v\u00f5i professionaalseks paigaldamiseks.<br \/>\n<\/p><br \/>\n<br \/>\n<p><b>9.Kui keskkonnas\u00f5bralikud on alumiiniumist s\u00e4\u00e4sev\u00f5rgu akna- ja uksetooted?<\/b><\/p>\n<p>Alumiiniumist s\u00e4\u00e4sev\u00f5rguga aknad ja uksed on t\u00e4ielikult taaskasutatavad, nende tootmine on energias\u00e4\u00e4stlik ja need aitavad kaasa s\u00e4\u00e4stvatele ehitustavadele.<br \/>\n<\/p><br \/>\n<br \/>\n<p><b>10. kust ma saan hankida kvaliteetseid alumiiniumist s\u00e4\u00e4sev\u00f5rgu akna- ja ukselahendusi?<\/b><\/p>\n<p>Juhtivad alumiiniumist s\u00e4\u00e4sev\u00f5rgu akende ja uste tootjad pakuvad ISO-sertifitseeritud tooteid, \u00fclemaailmset turustamist ja spetsiaalset tehnilist tuge.<br \/>\n<\/p><br \/><\/p>","protected":false},"featured_media":6269,"template":"","categories":[59],"class_list":["post-6270","product","type-product","status-publish","has-post-thumbnail","hentry","category-aluminum-window-door-system"],"meta_box":{"hilight_text_group":{"product_hilight_text":"<li>Multi-chamber thermal break design for superior insulation and reduced energy costs<\/li>\r\r\n<li>High-strength 6063-T5 alloy construction ensuring structural rigidity<\/li>\r\r\n<li>Precision extrusion with \u00c2\u00b10.1 mm tolerance for seamless assembly<\/li>\r\r\n<li>Customizable profiles and lengths to suit diverse architectural requirements<\/li>\r\r\n<li>Optional finishes (anodized, powder-coated) for corrosion protection and aesthetics<\/li>\r\r\n<li>Integrated drainage and condensation channels for reliable water management<\/li>\r\r\n<li>Compliant with international thermal performance standards (EN, ASTM)<\/li>\r\r\n<li>RoHS-compliant and fully recyclable for sustainable building practices<\/li>","product_chanpin_chanpin":"<li><a href=\"https:\/\/sinoextrud.com\/product\/aluminum-casement-window-double-hung-single-hung-jalousie-security-door-and-window\/\" target=\"_blank\">aluminum casement window Double Hung Single Hung Jalousie Security Door And Window<\/a><\/li>\r\n<li><a href=\"https:\/\/sinoextrud.com\/product\/aluminum-window\/\" target=\"_blank\">Aluminum Window<\/a><\/li>\r\n<li><a href=\"https:\/\/sinoextrud.com\/product\/aluminum-profile-windows-extrusion-companies-in-china\/\" target=\"_blank\">aluminum profile windows extrusion companies in china<\/a><\/li>\r\n<li><a href=\"https:\/\/sinoextrud.com\/product\/thermal-break-aluminium-profiles\/\" target=\"_blank\">Thermal Break Aluminium Profiles<\/a><\/li>\r\n<li><a href=\"https:\/\/sinoextrud.com\/product\/aluminium-mosquito-net-windows-and-door\/\" target=\"_blank\">Aluminium Mosquito Net Windows And Door<\/a><\/li>\r\n<li><a href=\"https:\/\/sinoextrud.com\/product\/aluminum-profile-doors\/\" target=\"_blank\">Aluminum Profile Doors<\/a><\/li>\r\n<li><a href=\"https:\/\/sinoextrud.com\/product\/aluminium-gate-fence\/\" target=\"_blank\">Aluminium gate fence<\/a><\/li>\r\n<li><a href=\"https:\/\/sinoextrud.com\/product\/aluminum-windows-and-doors\/\" target=\"_blank\">Aluminum Windows And Doors<\/a><\/li>\r\n<li><a href=\"https:\/\/sinoextrud.com\/product\/oem-aluminum-extrusion-profile-for-windows-and-doors\/\" target=\"_blank\">OEM Aluminum Extrusion Profile for Windows and Doors<\/a><\/li>\r\n<li><a href=\"https:\/\/sinoextrud.com\/product\/aluminium-enclosure\/\" target=\"_blank\">Aluminium Enclosure<\/a><\/li>\r\n<li><a href=\"https:\/\/sinoextrud.com\/product\/aluminum-hydraulic-oil-tank\/\" target=\"_blank\">Aluminum Hydraulic Oil Tank<\/a><\/li>"},"feature_list":[]},"_links":{"self":[{"href":"https:\/\/sinoextrud.com\/et\/wp-json\/wp\/v2\/product\/6270","targetHints":{"allow":["GET"]}}],"collection":[{"href":"https:\/\/sinoextrud.com\/et\/wp-json\/wp\/v2\/product"}],"about":[{"href":"https:\/\/sinoextrud.com\/et\/wp-json\/wp\/v2\/types\/product"}],"wp:featuredmedia":[{"embeddable":true,"href":"https:\/\/sinoextrud.com\/et\/wp-json\/wp\/v2\/media\/6269"}],"wp:attachment":[{"href":"https:\/\/sinoextrud.com\/et\/wp-json\/wp\/v2\/media?parent=6270"}],"wp:term":[{"taxonomy":"category","embeddable":true,"href":"https:\/\/sinoextrud.com\/et\/wp-json\/wp\/v2\/categories?post=6270"}],"curies":[{"name":"wp","href":"https:\/\/api.w.org\/{rel}","templated":true}]}}