{"id":6268,"date":"2025-05-26T07:20:44","date_gmt":"2025-05-26T07:20:44","guid":{"rendered":"https:\/\/sinoextrud.com\/product\/thermal-break-aluminium-profiles\/"},"modified":"2025-06-24T03:59:01","modified_gmt":"2025-06-24T03:59:01","slug":"termilise-katkestuse-alumiiniumprofiilid","status":"publish","type":"product","link":"https:\/\/sinoextrud.com\/et\/product\/thermal-break-aluminium-profiles\/","title":{"rendered":"Termilise katkestuse alumiiniumprofiilid"},"content":{"rendered":"<h2>Toodete \u00fcksikasjad<\/h2>\n<table class=\"custom-table\">\n<tr>\n<td class=\"label\">Pealkiri<\/td>\n<td>Alumiiniumprofiilide termiline katkestus<\/td>\n<\/tr>\n<tr>\n<td class=\"label\">Materjal<\/td>\n<td>Alumiiniumsulam (6063, 6061,6463,6005,6082)<\/td>\n<\/tr>\n<tr>\n<td class=\"label\">Temper<\/td>\n<td>T5<\/td>\n<\/tr>\n<tr>\n<td class=\"label\">Suurus<\/td>\n<td>Vastavalt joonisele<\/td>\n<\/tr>\n<tr>\n<td class=\"label\">Pinnat\u00f6\u00f6tlus<\/td>\n<td>Anodeeritud, liivapritsitud, poleerimine, elektroforees, elektropinnakate<\/td>\n<\/tr>\n<tr>\n<td class=\"label\">V\u00e4rv<\/td>\n<td>Kohandatud on saadaval<\/td>\n<\/tr>\n<tr>\n<td class=\"label\">Sertifikaat<\/td>\n<td>TUV, ASTM, GB<\/td>\n<\/tr>\n<tr>\n<td class=\"label\">Alates<\/td>\n<td>Guangdong, Hiina<\/td>\n<\/tr>\n<\/table>\n<h2>Meie tootmisbaas<\/h2>\n<h3>Tehase panoraam<\/h3>\n<p><img decoding=\"async\" src=\"\/wp-content\/uploads\/factory-01.webp\"\/><\/p>\n<h3>Alumiiniumvarraste tootmise t\u00f6\u00f6koda<\/h3>\n<p><img decoding=\"async\" src=\"\/wp-content\/uploads\/factory-02.webp\"\/><\/p>\n<p><img decoding=\"async\" src=\"\/wp-content\/uploads\/factory-03.webp\"\/><\/p>\n<h3>hallituse ladustamise ladu<\/h3>\n<p><img decoding=\"async\" src=\"\/wp-content\/uploads\/factory-04.webp\"\/><\/p>\n<h3>43 alumiiniumi ekstrusiooniliini (500-5500 tonni)<\/h3>\n<p><img decoding=\"async\" src=\"\/wp-content\/uploads\/factory-05.webp\"\/><\/p>\n<p><img decoding=\"async\" src=\"\/wp-content\/uploads\/factory-06.webp\"\/><\/p>\n<p><img decoding=\"async\" src=\"\/wp-content\/uploads\/factory-07.webp\"\/><\/p>\n<h3>Pulberv\u00e4rvimise t\u00f6\u00f6koda<\/h3>\n<p><img decoding=\"async\" src=\"\/wp-content\/uploads\/factory-09.webp\"\/><\/p>\n<h3>Anodiseerimise t\u00f6\u00f6koda<\/h3>\n<p><img decoding=\"async\" src=\"\/wp-content\/uploads\/factory-10.webp\"\/><\/p>\n<h3>S\u00fcgavt\u00f6\u00f6tlemise t\u00f6\u00f6tuba<\/h3>\n<p><img decoding=\"async\" src=\"\/wp-content\/uploads\/factory-11.webp\"\/><\/p>\n<h3>CNC-t\u00e4ppist\u00f6\u00f6tlemise t\u00f6\u00f6koda<\/h3>\n<p><img decoding=\"async\" src=\"\/wp-content\/uploads\/factory-11.5.webp\"\/><\/p>\n<h3>Valmistoodete ja ekspordi ladu<\/h3>\n<p><img decoding=\"async\" src=\"\/wp-content\/uploads\/factory-12.webp\"\/><\/p>\n<p><img decoding=\"async\" src=\"\/wp-content\/uploads\/factory-13.webp\"\/><\/p>\n<p><img decoding=\"async\" src=\"\/wp-content\/uploads\/factory-14.webp\"\/><\/p>\n<h2>KKK<\/h2>\n<p><p><b>1.Mis on termilise purunemise alumiiniumprofiilid?<\/b><\/p>\n<p>Thermal Break Alumiiniumprofiilid on pressitud alumiiniumprofiilid, millel on mittejuhtiv pol\u00fcmeeribarj\u00e4\u00e4r, mis v\u00e4hendab soojus\u00fclekannet ja parandab hoone isolatsiooni.<br \/>\n<\/p><br \/>\n<br \/>\n<p><b>2.Kuidas suurendavad Thermal Break alumiiniumprofiilid energiat\u00f5husust?<\/b><\/p>\n<p>Soojust\u00f5kke integreerimisega v\u00e4hendavad need profiilid soojust\u00f5kkeid, alandavad U-v\u00e4\u00e4rtusi ning aitavad saavutada energias\u00e4\u00e4stu eesm\u00e4rke ja keskkonnahoidlike ehitiste standardeid.<br \/>\n<\/p><br \/>\n<br \/>\n<p><b>3.Millised rakendused saavad kasu Thermal Break alumiiniumprofiilidest?<\/b><\/p>\n<p>Thermal Break alumiiniumprofiilid on ideaalsed akende, uste, kardinate, fassaadide ja katuseakende jaoks, kus soojapidavus ja kondenseerumise kontroll on kriitilise t\u00e4htsusega.<br \/>\n<\/p><br \/>\n<br \/>\n<p><b>4.Miks valida Thermal Break alumiiniumprofiilid standardse alumiiniumi asemel?<\/b><\/p>\n<p>Termiliselt purustatud alumiiniumprofiilid pakuvad paremat isolatsiooni, v\u00e4hendavad k\u00fctte- ja jahutuskulusid ning hoiavad \u00e4ra sisemuse kondenseerumise v\u00f5rreldes termiliselt purustamata profiilidega.<br \/>\n<\/p><br \/>\n<br \/>\n<p><b>5.Kas termilise purunemise alumiiniumprofiile saab kohandada?<\/b><\/p>\n<p>Jah, Thermal Break alumiiniumprofiilid toetavad kohandatud ristl\u00f5ikeid, purunemismaterjali t\u00fc\u00fcpe, viimistlusi ja pikkusi, et vastata konkreetsetele arhitektuurilistele ja tulemuslikkusn\u00f5uetele.<br \/>\n<\/p><br \/>\n<br \/>\n<p><b>6.Milliseid materjale kasutatakse termilise purunemise alumiiniumprofiilides?<\/b><\/p>\n<p>Need profiilid kombineerivad suure tugevusega alumiiniumisulamid (nt 6063-T6) ja vastupidavad PA66 v\u00f5i klaaskiuga tugevdatud pol\u00fcamiidist termot\u00f5kked, mis tagavad optimaalse tugevuse ja isolatsiooni.<br \/>\n<\/p><br \/>\n<br \/>\n<p><b>7.Kuidas toimib Thermal Break alumiiniumprofiilide paigaldamine?<\/b><\/p>\n<p>Paigaldamine h\u00f5lmab pressitud profiilide joondamist, kinnitamist mehaaniliste kinnitusvahenditega ja soojusisolatsiooni komponentide liimimist, et s\u00e4ilitada pidev isolatsioon.<br \/>\n<\/p><br \/>\n<br \/>\n<p><b>8.Kas termilise purunemise alumiiniumprofiilid on j\u00e4tkusuutlikud?<\/b><\/p>\n<p>Thermal Break Alumiiniumprofiilid on t\u00e4ielikult taaskasutatavad, aitavad v\u00e4hendada hoonete energiakulu ning toetavad LEED, BREEAM ja muid s\u00e4\u00e4stva ehituse sertifikaate.<br \/>\n<\/p><br \/>\n<br \/>\n<p><b>9.Milliseid hooldust\u00f6id on vaja Thermal Break alumiiniumprofiilide puhul?<\/b><\/p>\n<p>V\u00e4he hooldust n\u00f5udvad Thermal Break Aluminium profiilid vajavad soojapidavuse s\u00e4ilitamiseks vaid alumiiniumpindade perioodilist puhastamist ja tihendite kontrollimist.<br \/>\n<\/p><br \/>\n<br \/>\n<p><b>10.Kust ma saan hankida kvaliteetseid termilise purunemise alumiiniumprofiile?<\/b><\/p>\n<p>Juhtivad alumiiniumi ekstrudeerijad tarnivad sertifitseeritud termilise purunemise alumiiniumprofiile ISO 9001, EN 14024 ja AAMA standarditega ning pakuvad lisaks tehnilist tuge ja \u00fclemaailmset kohaletoimetamist.<br \/>\n<\/p><br \/><\/p>","protected":false},"featured_media":6267,"template":"","categories":[59],"class_list":["post-6268","product","type-product","status-publish","has-post-thumbnail","hentry","category-aluminum-window-door-system"],"meta_box":{"hilight_text_group":{"product_hilight_text":"<li>Multi-chamber thermal break design for superior insulation and reduced energy costs<\/li>\r\r\n<li>High-strength 6063-T5 alloy construction ensuring structural rigidity<\/li>\r\r\n<li>Precision extrusion with \u00c2\u00b10.1 mm tolerance for seamless assembly<\/li>\r\r\n<li>Customizable profiles and lengths to suit diverse architectural requirements<\/li>\r\r\n<li>Optional finishes (anodized, powder-coated) for corrosion protection and aesthetics<\/li>\r\r\n<li>Integrated drainage and condensation channels for reliable water management<\/li>\r\r\n<li>Compliant with international thermal performance standards (EN, ASTM)<\/li>\r\r\n<li>RoHS-compliant and fully recyclable for sustainable building practices<\/li>","product_chanpin_chanpin":"<li><a href=\"https:\/\/sinoextrud.com\/product\/aluminum-window-profile\/\" target=\"_blank\">Aluminum Window Profile<\/a><\/li>\r\n<li><a href=\"https:\/\/sinoextrud.com\/product\/aluminum-casement-window-double-hung-single-hung-jalousie-security-door-and-window\/\" target=\"_blank\">aluminum casement window Double Hung Single Hung Jalousie Security Door And Window<\/a><\/li>\r\n<li><a href=\"https:\/\/sinoextrud.com\/product\/aluminum-window\/\" target=\"_blank\">Aluminum Window<\/a><\/li>\r\n<li><a href=\"https:\/\/sinoextrud.com\/product\/aluminum-profile-windows-extrusion-companies-in-china\/\" target=\"_blank\">aluminum profile windows extrusion companies in china<\/a><\/li>\r\n<li><a href=\"https:\/\/sinoextrud.com\/product\/thermal-break-aluminium-profiles\/\" target=\"_blank\">Thermal Break Aluminium Profiles<\/a><\/li>\r\n<li><a href=\"https:\/\/sinoextrud.com\/product\/aluminium-mosquito-net-windows-and-door\/\" target=\"_blank\">Aluminium Mosquito Net Windows And Door<\/a><\/li>\r\n<li><a href=\"https:\/\/sinoextrud.com\/product\/aluminum-profile-doors\/\" target=\"_blank\">Aluminum Profile Doors<\/a><\/li>\r\n<li><a href=\"https:\/\/sinoextrud.com\/product\/aluminium-gate-fence\/\" target=\"_blank\">Aluminium gate fence<\/a><\/li>\r\n<li><a href=\"https:\/\/sinoextrud.com\/product\/aluminum-windows-and-doors\/\" target=\"_blank\">Aluminum Windows And Doors<\/a><\/li>\r\n<li><a href=\"https:\/\/sinoextrud.com\/product\/china-aluminum-extrusion-6061-6063-anodized-aluminum-pipe\/\" target=\"_blank\">China Aluminum Extrusion 6061 6063 Anodized Aluminum Pipe<\/a><\/li>\r\n<li><a href=\"https:\/\/sinoextrud.com\/product\/aluminium-extruded-sections\/\" target=\"_blank\">Aluminium Extruded Sections<\/a><\/li>"},"feature_list":[]},"_links":{"self":[{"href":"https:\/\/sinoextrud.com\/et\/wp-json\/wp\/v2\/product\/6268","targetHints":{"allow":["GET"]}}],"collection":[{"href":"https:\/\/sinoextrud.com\/et\/wp-json\/wp\/v2\/product"}],"about":[{"href":"https:\/\/sinoextrud.com\/et\/wp-json\/wp\/v2\/types\/product"}],"wp:featuredmedia":[{"embeddable":true,"href":"https:\/\/sinoextrud.com\/et\/wp-json\/wp\/v2\/media\/6267"}],"wp:attachment":[{"href":"https:\/\/sinoextrud.com\/et\/wp-json\/wp\/v2\/media?parent=6268"}],"wp:term":[{"taxonomy":"category","embeddable":true,"href":"https:\/\/sinoextrud.com\/et\/wp-json\/wp\/v2\/categories?post=6268"}],"curies":[{"name":"wp","href":"https:\/\/api.w.org\/{rel}","templated":true}]}}