{"id":6266,"date":"2025-05-26T07:16:30","date_gmt":"2025-05-26T07:16:30","guid":{"rendered":"https:\/\/sinoextrud.com\/product\/aluminum-profile-windows-extrusion-companies-in-china\/"},"modified":"2025-06-24T03:58:39","modified_gmt":"2025-06-24T03:58:39","slug":"alumiiniumprofiilide-akende-pressimisfirmad-hiinas","status":"publish","type":"product","link":"https:\/\/sinoextrud.com\/et\/product\/aluminum-profile-windows-extrusion-companies-in-china\/","title":{"rendered":"alumiiniumprofiilide akende pressimisfirmad Hiinas"},"content":{"rendered":"<h2>Toodete \u00fcksikasjad<\/h2>\n<table class=\"custom-table\">\n<tr>\n<td class=\"label\">Mudel nr.:<\/td>\n<td>6063 t5 alumiiniumprofiili akende ekstrusiooni ettev\u00f5tted Hiinas koos piltide esitlusega<\/td>\n<\/tr>\n<tr>\n<td class=\"label\">T\u00fc\u00fcp:<\/td>\n<td> alumiiniumprofiiliga aknad<\/td>\n<\/tr>\n<tr>\n<td class=\"label\">Kuju:<\/td>\n<td> Hiina alumiiniumiettev\u00f5tted 80-seeria<\/td>\n<\/tr>\n<tr>\n<td class=\"label\">Pinna viimistlemine:<\/td>\n<td>Elektroforees kuld<\/td>\n<\/tr>\n<tr>\n<td class=\"label\">Legeeriv koostisosa:<\/td>\n<td>6063<\/td>\n<\/tr>\n<tr>\n<td class=\"label\">Sertifitseerimine:<\/td>\n<td>CE, ISO alumiinium ettev\u00f5tted Hiinas<\/td>\n<\/tr>\n<tr>\n<td class=\"label\">Poleeritud alumiiniumprofiil:<\/td>\n<td>Keemiline poleerimine<\/td>\n<\/tr>\n<tr>\n<td class=\"label\">Toote nimi:<\/td>\n<td>Alumiinium aknaprofiilid ekstrusiooni teel m\u00fc\u00fcgiks<\/td>\n<\/tr>\n<tr>\n<td class=\"label\">Pinnat\u00f6\u00f6tlus:<\/td>\n<td>Anodeeritud, pulberv\u00e4rvitud, puidust tera jne.<\/td>\n<\/tr>\n<tr>\n<td class=\"label\">V\u00e4rv:<\/td>\n<td>Kohandatud<\/td>\n<\/tr>\n<tr>\n<td class=\"label\">Materjal:<\/td>\n<td>Alumiiniumsulam<\/td>\n<\/tr>\n<tr>\n<td class=\"label\">Alumiiniumi t\u00fc\u00fcp:<\/td>\n<td>6063-T5<\/td>\n<\/tr>\n<tr>\n<td class=\"label\">Kaubam\u00e4rk:<\/td>\n<td> Sinoextrud<\/td>\n<\/tr>\n<tr>\n<td class=\"label\">P\u00e4ritolu:<\/td>\n<td> Guangdong<\/td>\n<\/tr>\n<tr>\n<td class=\"label\">HS-kood:<\/td>\n<td>76042100<\/td>\n<\/tr>\n<\/table>\n<h2>Meie tootmisbaas<\/h2>\n<h3>Tehase panoraam<\/h3>\n<p><img decoding=\"async\" src=\"\/wp-content\/uploads\/factory-01.webp\"\/><\/p>\n<h3>Alumiiniumvarraste tootmise t\u00f6\u00f6koda<\/h3>\n<p><img decoding=\"async\" src=\"\/wp-content\/uploads\/factory-02.webp\"\/><\/p>\n<\/p>\n<p><img decoding=\"async\" src=\"\/wp-content\/uploads\/factory-03.webp\"\/><\/p>\n<h3>hallituse ladustamise ladu<\/h3>\n<p><img decoding=\"async\" src=\"\/wp-content\/uploads\/factory-04.webp\"\/><\/p>\n<h3>43 alumiiniumi ekstrusiooniliini (500-5500 tonni)<\/h3>\n<p><img decoding=\"async\" src=\"\/wp-content\/uploads\/factory-05.webp\"\/><\/p>\n<p><img decoding=\"async\" src=\"\/wp-content\/uploads\/factory-06.webp\"\/><\/p>\n<p><img decoding=\"async\" src=\"\/wp-content\/uploads\/factory-07.webp\"\/><\/p>\n<h3>Pulberv\u00e4rvimise t\u00f6\u00f6koda<\/h3>\n<p><img decoding=\"async\" src=\"\/wp-content\/uploads\/factory-09.webp\"\/><\/p>\n<h3>Anodiseerimise t\u00f6\u00f6koda<\/h3>\n<p><img decoding=\"async\" src=\"\/wp-content\/uploads\/factory-10.webp\"\/><\/p>\n<h3>S\u00fcgavt\u00f6\u00f6tlemise t\u00f6\u00f6tuba<\/h3>\n<p><img decoding=\"async\" src=\"\/wp-content\/uploads\/factory-11.webp\"\/><\/p>\n<h3>CNC-t\u00e4ppist\u00f6\u00f6tlemise t\u00f6\u00f6koda<\/h3>\n<p><img decoding=\"async\" src=\"\/wp-content\/uploads\/factory-11.5.webp\"\/><\/p>\n<h3>Valmistoodete ja ekspordi ladu<\/h3>\n<p><img decoding=\"async\" src=\"\/wp-content\/uploads\/factory-12.webp\"\/><\/p>\n<p><img decoding=\"async\" src=\"\/wp-content\/uploads\/factory-13.webp\"\/><\/p>\n<p><img decoding=\"async\" src=\"\/wp-content\/uploads\/factory-14.webp\"\/><\/p>\n<h2>KKK<\/h2>\n<p><b>1.Mis on alumiiniumprofiili akende pressimisfirmad Hiinas koos piltide esitlusega?<\/b><\/p>\n<p>Nad on juhtivad Hiina tootjad, kes on spetsialiseerunud aknaprofiilide t\u00e4ppisalumiiniumi pressimisele, esitledes tooteportfelli k\u00f5rgresolutsiooniga pildipresentatsioonide kaudu.\n<\/p>\n<p><\/p>\n<p><b>2.Miks valida alumiiniumprofiili akende pressimisfirmad Hiinas koos piltide esitlusega?<\/b><\/p>\n<p>Nad kombineerivad t\u00e4iustatud ekstrusioonitehnoloogiat, konkurentsiv\u00f5imelist hinnakujundust ja \u00fcksikasjalikku pildipresentatsiooni toote selgeks visualiseerimiseks ja kvaliteedi tagamiseks.\n<\/p>\n<p><\/p>\n<p><b>3.Kuidas kasutavad Hiina alumiiniumprofiili akende pressimisfirmad pildi esitlusi?<\/b><\/p>\n<p>Need ettev\u00f5tted koostavad professionaalseid visuaalseid katalooge koos ajakohaste piltide esitlusega, et r\u00f5hutada ekstrusiooniprofiile, pinnaviimistlusi ja paigaldusn\u00e4iteid.\n<\/p>\n<p><\/p>\n<p><b>4.Milliseid eeliseid pakuvad Hiina alumiiniumprofiili akende pressimisfirmad?<\/b><\/p>\n<p>Nad pakuvad kiiret protot\u00fc\u00fcpimist, laiaulatuslikku tootmisv\u00f5imsust ja p\u00f5hjalikke pildipresentatsioone, et lihtsustada spetsifikatsioonide ja disaini heakskiitmist.\n<\/p>\n<p><\/p>\n<p><b>5.Kas ma saan kohandada alumiiniumprofiiliga aknaid Hiina ekstruderite piltide esitlusega?<\/b><\/p>\n<p>Jah, enamik Hiina alumiiniumprofiilide ekstrudeerimisega tegelevaid ettev\u00f5tteid pakuvad kohandatud kujundeid, viimistlusi ja kommenteeritud pildi esitlusi, mis sobivad mis tahes arhitektuuriliste n\u00f5uetega.\n<\/p>\n<p><\/p>\n<p><b>6.Kuidas parandab pildi esitus Hiina ekstrusiooniettev\u00f5tete tellimist?<\/b><\/p>\n<p>\u00dcksikasjalikud pildiesitlused v\u00e4hendavad suhtlusvigu, kiirendavad hinnapakkumiste koostamist ja tagavad, et alumiiniumprofiiliga aknad vastavad enne tootmist t\u00e4psetele spetsifikatsioonidele.\n<\/p>\n<p><\/p>\n<p><b>7.Milliseid kvaliteedistandardeid j\u00e4rgivad Hiina alumiiniumprofiili akende pressimisfirmad?<\/b><\/p>\n<p>Hiina parimad ekstrusiooniettev\u00f5tted j\u00e4rgivad ISO 9001, CE ja ASTM standardeid ning lisavad l\u00e4bipaistvuse tagamiseks lisaks pildiesitlustele ka sertifitseeritud katseprotokollid.\n<\/p>\n<p><\/p>\n<p><b>8.Kas alumiiniumprofiilide akende ekstrusiooni ettev\u00f5tted Hiinas on kuluefektiivsed?<\/b><\/p>\n<p>Hiinas asuvad pressimisfirmad kasutavad mastaabis\u00e4\u00e4stu, et pakkuda alumiiniumprofiiliga akende konkurentsiv\u00f5imelist hinda, mida t\u00e4iendavad tasuta pildiesitlused disaini kinnitamiseks.\n<\/p>\n<p><\/p>\n<p><b>9.Kuidas hinnata alumiiniumprofiilide akende pressimisfirmasid Hiinas?<\/b><\/p>\n<p>Vaadake nende alumiiniumprofiiliga akende pressimisportfelli, vaadake k\u00f5rglahutusega pildipresentatsioone, kontrollige klientide iseloomustusi ja kontrollige sertifikaate.\n<\/p>\n<p><\/p>\n<p><b>10.Kus ma leian alumiiniumprofiilide akende pressimisfirmade pildipresentatsioone Hiinas?<\/b><\/p>\n<p>K\u00fclastage juhtivate Hiina ekstruderite ametlikke veebisaite v\u00f5i tootekatalooge, et laadida alla p\u00f5hjalikke pildipresentatsioone ja tehnilisi andmelehed.\n<\/p>\n<p><\/p>","protected":false},"featured_media":6265,"template":"","categories":[59],"class_list":["post-6266","product","type-product","status-publish","has-post-thumbnail","hentry","category-aluminum-window-door-system"],"meta_box":{"hilight_text_group":{"product_hilight_text":"<li>Over 20 years of extrusion expertise with annual capacity of 50,000 tons, ensuring stable supply<\/li>\r\r\n<li>Advanced CNC machining and anodizing lines to deliver precise window profiles with diverse finishes<\/li>\r\r\n<li>Comprehensive picture presentations and digital catalogs showcasing profiles, applications, and installations<\/li>\r\r\n<li>Customized design services with 3D renderings and physical samples to meet specific project needs<\/li>\r\r\n<li>ISO 9001, CE, and GAI-Labs certified for consistent quality and global compliance<\/li>\r\r\n<li>Strong OEM\/ODM capabilities supported by a dedicated R&D team for innovative extrusion solutions<\/li>\r\r\n<li>Global export experience to 50+ countries with reliable logistics partners and on-time delivery<\/li>\r\r\n<li>Full after-sales support including technical consultation, installation guidance, and spare parts supply<\/li>","product_chanpin_chanpin":"<li><a href=\"https:\/\/sinoextrud.com\/product\/aluminum-window-frame\/\" target=\"_blank\">Aluminum Window Frame<\/a><\/li>\r\n<li><a href=\"https:\/\/sinoextrud.com\/product\/aluminum-window-profile\/\" target=\"_blank\">Aluminum Window Profile<\/a><\/li>\r\n<li><a href=\"https:\/\/sinoextrud.com\/product\/aluminum-casement-window-double-hung-single-hung-jalousie-security-door-and-window\/\" target=\"_blank\">aluminum casement window Double Hung Single Hung Jalousie Security Door And Window<\/a><\/li>\r\n<li><a href=\"https:\/\/sinoextrud.com\/product\/aluminum-window\/\" target=\"_blank\">Aluminum Window<\/a><\/li>\r\n<li><a href=\"https:\/\/sinoextrud.com\/product\/aluminum-profile-windows-extrusion-companies-in-china\/\" target=\"_blank\">aluminum profile windows extrusion companies in china<\/a><\/li>\r\n<li><a href=\"https:\/\/sinoextrud.com\/product\/thermal-break-aluminium-profiles\/\" target=\"_blank\">Thermal Break Aluminium Profiles<\/a><\/li>\r\n<li><a href=\"https:\/\/sinoextrud.com\/product\/aluminium-mosquito-net-windows-and-door\/\" target=\"_blank\">Aluminium Mosquito Net Windows And Door<\/a><\/li>\r\n<li><a href=\"https:\/\/sinoextrud.com\/product\/aluminum-profile-doors\/\" target=\"_blank\">Aluminum Profile Doors<\/a><\/li>\r\n<li><a href=\"https:\/\/sinoextrud.com\/product\/aluminium-gate-fence\/\" target=\"_blank\">Aluminium gate fence<\/a><\/li>\r\n<li><a href=\"https:\/\/sinoextrud.com\/product\/aluminium-profile-workbench\/\" target=\"_blank\">Aluminium Profile Workbench<\/a><\/li>\r\n<li><a href=\"https:\/\/sinoextrud.com\/product\/anodized-extrusion-precise-round-square-aluminum-tube\/\" target=\"_blank\">Anodized Extrusion Precise Round Square Aluminum Tube<\/a><\/li>"},"feature_list":[]},"_links":{"self":[{"href":"https:\/\/sinoextrud.com\/et\/wp-json\/wp\/v2\/product\/6266","targetHints":{"allow":["GET"]}}],"collection":[{"href":"https:\/\/sinoextrud.com\/et\/wp-json\/wp\/v2\/product"}],"about":[{"href":"https:\/\/sinoextrud.com\/et\/wp-json\/wp\/v2\/types\/product"}],"wp:featuredmedia":[{"embeddable":true,"href":"https:\/\/sinoextrud.com\/et\/wp-json\/wp\/v2\/media\/6265"}],"wp:attachment":[{"href":"https:\/\/sinoextrud.com\/et\/wp-json\/wp\/v2\/media?parent=6266"}],"wp:term":[{"taxonomy":"category","embeddable":true,"href":"https:\/\/sinoextrud.com\/et\/wp-json\/wp\/v2\/categories?post=6266"}],"curies":[{"name":"wp","href":"https:\/\/api.w.org\/{rel}","templated":true}]}}