{"id":6262,"date":"2025-05-26T07:07:44","date_gmt":"2025-05-26T07:07:44","guid":{"rendered":"https:\/\/sinoextrud.com\/product\/aluminum-casement-window-double-hung-single-hung-jalousie-security-door-and-window\/"},"modified":"2025-06-24T03:56:58","modified_gmt":"2025-06-24T03:56:58","slug":"alumiiniumist-aknalaud-kahepoolne-uhekordne-jalousie-turvauks-ja-aken","status":"publish","type":"product","link":"https:\/\/sinoextrud.com\/et\/product\/aluminum-casement-window-double-hung-single-hung-jalousie-security-door-and-window\/","title":{"rendered":"Alumiinium aken Double Hung Single Hung Jalousie Security Door And Window"},"content":{"rendered":"<h2>Toodete \u00fcksikasjad<\/h2>\n<table class=\"custom-table\">\n<tr>\n<td class=\"label\">Objekt:<\/td>\n<td>Alumiinium aken Double Hung Single Hung Jalousie Security Door And Window<\/td>\n<\/tr>\n<tr>\n<td class=\"label\">Temperament:<\/td>\n<td>6063-T5<\/td>\n<\/tr>\n<tr>\n<td class=\"label\">Kuju:<\/td>\n<td>kohandada<\/td>\n<\/tr>\n<tr>\n<td class=\"label\">Sallivus:<\/td>\n<td>\u00b10,5%<\/td>\n<\/tr>\n<tr>\n<td class=\"label\">Standard:<\/td>\n<td>keskmine ja k\u00f5rge kvaliteet<\/td>\n<\/tr>\n<tr>\n<td class=\"label\">Tarneaeg:<\/td>\n<td>25-30 p\u00e4eva<\/td>\n<\/tr>\n<tr>\n<td class=\"label\">Makset\u00e4htaeg:<\/td>\n<td>T \/ T (30% tagatisraha), L \/ C<\/td>\n<\/tr>\n<tr>\n<td class=\"label\">Sadam:<\/td>\n<td>Guangzhou, Shenzhen<\/td>\n<\/tr>\n<tr>\n<td class=\"label\">Hinne:<\/td>\n<td>6000 seeria 6063<\/td>\n<\/tr>\n<tr>\n<td class=\"label\">P\u00e4ritolukoht:<\/td>\n<td>Foshan, Guangdong<\/td>\n<\/tr>\n<tr>\n<td class=\"label\">Sulam v\u00f5i mitte:<\/td>\n<td>Alunimun sulam<\/td>\n<\/tr>\n<tr>\n<td class=\"label\">Br\u00e4ndi:<\/td>\n<td> Sinoextrud<\/td>\n<\/tr>\n<tr>\n<td class=\"label\">Pinnat\u00f6\u00f6tlus:<\/td>\n<td>pulberv\u00e4rvimine, elektroforees, puidumass, anodeeritud, harjatud, poleerimine<\/td>\n<\/tr>\n<tr>\n<td class=\"label\">MOQ:<\/td>\n<td>200KG<\/td>\n<\/tr>\n<tr>\n<td class=\"label\">T\u00f6\u00f6tlemisteenus:<\/td>\n<td>Painutamine, keevitamine, keevitamine, stantsimine, l\u00f5ikamine<\/td>\n<\/tr>\n<tr>\n<td class=\"label\">Pikkus::<\/td>\n<td>1-9m v\u00f5i kohandatud<\/td>\n<\/tr>\n<tr>\n<td class=\"label\">Igakuine toodang:<\/td>\n<td>2400tons -3000tons<\/td>\n<\/tr>\n<\/table>\n<h2>Meie tootmisbaas<\/h2>\n<h3>Tehase panoraam<\/h3>\n<p><img decoding=\"async\" src=\"\/wp-content\/uploads\/factory-01.webp\"\/><\/p>\n<h3>Alumiiniumvarraste tootmise t\u00f6\u00f6koda<\/h3>\n<p><img decoding=\"async\" src=\"\/wp-content\/uploads\/factory-02.webp\"\/><\/p>\n<\/p>\n<p><img decoding=\"async\" src=\"\/wp-content\/uploads\/factory-03.webp\"\/><\/p>\n<h3>hallituse ladustamise ladu<\/h3>\n<p><img decoding=\"async\" src=\"\/wp-content\/uploads\/factory-04.webp\"\/><\/p>\n<h3>43 alumiiniumi ekstrusiooniliini (500-5500 tonni)<\/h3>\n<p><img decoding=\"async\" src=\"\/wp-content\/uploads\/factory-05.webp\"\/><\/p>\n<p><img decoding=\"async\" src=\"\/wp-content\/uploads\/factory-06.webp\"\/><\/p>\n<p><img decoding=\"async\" src=\"\/wp-content\/uploads\/factory-07.webp\"\/><\/p>\n<h3>Pulberv\u00e4rvimise t\u00f6\u00f6koda<\/h3>\n<p><img decoding=\"async\" src=\"\/wp-content\/uploads\/factory-09.webp\"\/><\/p>\n<h3>Anodiseerimise t\u00f6\u00f6koda<\/h3>\n<p><img decoding=\"async\" src=\"\/wp-content\/uploads\/factory-10.webp\"\/><\/p>\n<h3>S\u00fcgavt\u00f6\u00f6tlemise t\u00f6\u00f6tuba<\/h3>\n<p><img decoding=\"async\" src=\"\/wp-content\/uploads\/factory-11.webp\"\/><\/p>\n<h3>CNC-t\u00e4ppist\u00f6\u00f6tlemise t\u00f6\u00f6koda<\/h3>\n<p><img decoding=\"async\" src=\"\/wp-content\/uploads\/factory-11.5.webp\"\/><\/p>\n<h3>Valmistoodete ja ekspordi ladu<\/h3>\n<p><img decoding=\"async\" src=\"\/wp-content\/uploads\/factory-12.webp\"\/><\/p>\n<p><img decoding=\"async\" src=\"\/wp-content\/uploads\/factory-13.webp\"\/><\/p>\n<p><img decoding=\"async\" src=\"\/wp-content\/uploads\/factory-14.webp\"\/><\/p>\n<h2>KKK<\/h2>\n<p><b>1.Mis on alumiiniumist korpuseaken?<\/b><\/p>\n<p>Alumiiniumkardaanaken on vastupidavast alumiiniumraamidest valmistatud k\u00fclgsuunaline aken, mis pakub takistusteta vaateid, lihtsat kasutamist ja kaasaegset esteetikat.\n<\/p>\n<p><\/p>\n<p><b>2.Millised on alumiiniumist korpuseakna eelised?<\/b><\/p>\n<p>Alumiiniumaknad pakuvad energiat\u00f5husust, korrosioonikindlust, tihedat tihendust ja v\u00e4hese hoolduse tulemuslikkust, mis tagab pikaajalise v\u00e4\u00e4rtuse.\n<\/p>\n<p><\/p>\n<p><b>3.Mis on kahekordne alumiiniumaken?<\/b><\/p>\n<p>Kahepoolse alumiiniumakna puhul on alumiiniumraamides kaks avatavat aknaraami, mis liiguvad vertikaalselt, et tagada mitmek\u00fclgne ventilatsioon ja lihtne puhastamine.\n<\/p>\n<p><\/p>\n<p><b>4.Miks valida kahepoolne aken?<\/b><\/p>\n<p>Kahepoolsed aknad pakuvad kahesuguseid aknaid, suurep\u00e4rast \u00f5huvoolu kontrolli, traditsioonilist stiili ning \u00fchilduvust alumiiniumraamiga, mis tagab tugevuse ja vastupidavuse.\n<\/p>\n<p><\/p>\n<p><b>5.Mis on \u00fchekordne alumiiniumaken?<\/b><\/p>\n<p>Alumiiniumist \u00fchepoolse akna puhul on \u00fcks alumiiniumprofiilidest \u00fclemine fikseeritud ja \u00fcks alumine liikuv aknaluugi, mis tagab kuluefektiivse ventilatsiooni ja klassikalise disaini.\n<\/p>\n<p><\/p>\n<p><b>6.Kuidas v\u00f5rrelda \u00fchekordset akent ja kahekordset akent?<\/b><\/p>\n<p>\u00dchekordsed aknad maksavad v\u00e4hem, kasutavad lihtsamaid alumiiniumraame ja pakuvad usaldusv\u00e4\u00e4rset ventilatsiooni, samas kui kahepoolsed aknad lisavad puhastamismugavust ja \u00f5huvoolu paindlikkust.\n<\/p>\n<p><\/p>\n<p><b>7.Mis on Jalousie aken?<\/b><\/p>\n<p>Jalousie aken koosneb alumiiniumkanalites olevatest paralleelsetest klaasist ribadest, mis kallutatakse \u00fcheskoos lahti, et maksimeerida \u00f5huvoolu ja pakkuda troopilist v\u00f5lu.\n<\/p>\n<p><\/p>\n<p><b>8.Millised on Jalousie akna eelised?<\/b><\/p>\n<p>Jalousie aknad pakuvad reguleeritavat ventilatsiooni, elegantset alumiiniumraami, laiaulatuslikku \u00f5huvoolu ja kiiret toimimist sooja kliima jaoks.\n<\/p>\n<p><\/p>\n<p><b>9.Mis m\u00e4\u00e4ratleb turvauks ja -aken?<\/b><\/p>\n<p>Turvauksel ja -aknal on tugevdatud alumiiniumraamid, mitmepunktilised lukud, l\u00f6\u00f6gikindel klaas ja integreeritud v\u00f5re, mis kaitsevad sissetungi eest.\n<\/p>\n<p><\/p>\n<p><b>10.Kuidas sobivad turvauksed ja -aknad korpuse- ja rippakendega?<\/b><\/p>\n<p>Turvauksi ja -aknaid saab kombineerida alumiiniumist korpuseakende, topelt- ja \u00fchekordsete akende ning Jalousie-akendega, kasutades sobivaid alumiiniumprofiile ja k\u00f5rge turvalisusega riistvara.\n<\/p>\n<p><\/p>","protected":false},"featured_media":6261,"template":"","categories":[59],"class_list":["post-6262","product","type-product","status-publish","has-post-thumbnail","hentry","category-aluminum-window-door-system"],"meta_box":{"hilight_text_group":{"product_hilight_text":"<li>Constructed from premium 6063-T5 aluminum alloy for superior strength and corrosion resistance<\/li>\r\r\n<li>Versatile product range: casement, double-hung, single-hung, jalousie, and security door\/window options<\/li>\r\r\n<li>Precision-engineered frames with \u00c2\u00b10.1 mm tolerance for seamless integration and airtight sealing<\/li>\r\r\n<li>Optional thermal break and multi-chamber design to enhance insulation and lower energy costs<\/li>\r\r\n<li>Customizable finishes (anodized, powder-coated) and color matching for architectural harmony<\/li>\r\r\n<li>Heavy-duty multi-point locking systems for enhanced security and compliance with industry standards<\/li>\r\r\n<li>Integrated drainage and ventilation channels to prevent water accumulation and maintain performance<\/li>\r\r\n<li>Pre-drilled mounting holes and snap-fit accessories for rapid, error-free installation<\/li>\r\r\n<li>Low-maintenance hardware with corrosion-proof components for long-term reliability<\/li>\r\r\n<li>RoHS-compliant and fully recyclable for sustainable building projects<\/li>","product_chanpin_chanpin":"<li><a href=\"https:\/\/sinoextrud.com\/product\/aluminum-door-frame-profile\/\" target=\"_blank\">Aluminum Door Frame Profile<\/a><\/li>\r\n<li><a href=\"https:\/\/sinoextrud.com\/product\/sliding-window-aluminum-window-track\/\" target=\"_blank\">Sliding Window Aluminum Window Track<\/a><\/li>\r\n<li><a href=\"https:\/\/sinoextrud.com\/product\/aluminum-window-frame\/\" target=\"_blank\">Aluminum Window Frame<\/a><\/li>\r\n<li><a href=\"https:\/\/sinoextrud.com\/product\/aluminum-window-profile\/\" target=\"_blank\">Aluminum Window Profile<\/a><\/li>\r\n<li><a href=\"https:\/\/sinoextrud.com\/product\/aluminum-casement-window-double-hung-single-hung-jalousie-security-door-and-window\/\" target=\"_blank\">aluminum casement window Double Hung Single Hung Jalousie Security Door And Window<\/a><\/li>\r\n<li><a href=\"https:\/\/sinoextrud.com\/product\/aluminum-window\/\" target=\"_blank\">Aluminum Window<\/a><\/li>\r\n<li><a href=\"https:\/\/sinoextrud.com\/product\/aluminum-profile-windows-extrusion-companies-in-china\/\" target=\"_blank\">aluminum profile windows extrusion companies in china<\/a><\/li>\r\n<li><a href=\"https:\/\/sinoextrud.com\/product\/thermal-break-aluminium-profiles\/\" target=\"_blank\">Thermal Break Aluminium Profiles<\/a><\/li>\r\n<li><a href=\"https:\/\/sinoextrud.com\/product\/aluminium-mosquito-net-windows-and-door\/\" target=\"_blank\">Aluminium Mosquito Net Windows And Door<\/a><\/li>\r\n<li><a href=\"https:\/\/sinoextrud.com\/product\/extruded-aluminium-profile-tube-pipe-with-oval-trigle-square-round-shape-manufacturer-price\/\" target=\"_blank\">Extruded Aluminium Profile Tube Pipe With Oval Trigle Square Round Shape Manufacturer Price<\/a><\/li>\r\n<li><a href=\"https:\/\/sinoextrud.com\/product\/custom-finishing-aluminum-extrusion-profile-fabrication-and-cnc-machining\/\" target=\"_blank\">Custom Finishing Aluminum Extrusion Profile Fabrication and CNC Machining<\/a><\/li>"},"feature_list":[]},"_links":{"self":[{"href":"https:\/\/sinoextrud.com\/et\/wp-json\/wp\/v2\/product\/6262","targetHints":{"allow":["GET"]}}],"collection":[{"href":"https:\/\/sinoextrud.com\/et\/wp-json\/wp\/v2\/product"}],"about":[{"href":"https:\/\/sinoextrud.com\/et\/wp-json\/wp\/v2\/types\/product"}],"wp:featuredmedia":[{"embeddable":true,"href":"https:\/\/sinoextrud.com\/et\/wp-json\/wp\/v2\/media\/6261"}],"wp:attachment":[{"href":"https:\/\/sinoextrud.com\/et\/wp-json\/wp\/v2\/media?parent=6262"}],"wp:term":[{"taxonomy":"category","embeddable":true,"href":"https:\/\/sinoextrud.com\/et\/wp-json\/wp\/v2\/categories?post=6262"}],"curies":[{"name":"wp","href":"https:\/\/api.w.org\/{rel}","templated":true}]}}