{"id":6258,"date":"2025-05-26T06:59:40","date_gmt":"2025-05-26T06:59:40","guid":{"rendered":"https:\/\/sinoextrud.com\/product\/aluminum-window-frame\/"},"modified":"2025-06-24T03:56:02","modified_gmt":"2025-06-24T03:56:02","slug":"alumiiniumist-aknaraam","status":"publish","type":"product","link":"https:\/\/sinoextrud.com\/et\/product\/aluminum-window-frame\/","title":{"rendered":"Alumiiniumist aknaraam"},"content":{"rendered":"<h2>Toodete \u00fcksikasjad<\/h2>\n<table class=\"custom-table\">\n<tr>\n<td class=\"label\">Punkti<\/td>\n<td>Alumiiniumist aknaraam<\/td>\n<\/tr>\n<tr>\n<td class=\"label\">Materjal<\/td>\n<td>Sulam 6063 T5<\/td>\n<\/tr>\n<tr>\n<td class=\"label\">Taotlus<\/td>\n<td>Alumiiniumaknad ja -uksed<\/td>\n<\/tr>\n<tr>\n<td class=\"label\">Sertifikaat<\/td>\n<td>ISO9001, ISO14001<\/td>\n<\/tr>\n<tr>\n<td class=\"label\">V\u00f5imekus<\/td>\n<td>Aastane toodang \u00fcle 200 000 tonni<\/td>\n<\/tr>\n<tr>\n<td class=\"label\">V\u00e4rv<\/td>\n<td>Kohandatud saadaval<\/td>\n<\/tr>\n<tr>\n<td class=\"label\">Pikkus<\/td>\n<td>1-9 meetrit v\u00f5i kohandatud<\/td>\n<\/tr>\n<tr>\n<td class=\"label\">Paksus<\/td>\n<td>Kohandatud<\/td>\n<\/tr>\n<tr>\n<td class=\"label\">Pinna viimistlus<\/td>\n<td>anodiseerimine, pulberv\u00e4rvimine, puidutransfer, elektroforees jne.<\/td>\n<\/tr>\n<tr>\n<td class=\"label\">Taotlus<\/td>\n<td>alumiiniumist akna- ja ukseprofiil, kardinasein<\/td>\n<\/tr>\n<tr>\n<td class=\"label\">Laadimissadam<\/td>\n<td>Foshan, Shenzhen, Guangzhou<\/td>\n<\/tr>\n<tr>\n<td class=\"label\">Maksmine<\/td>\n<td>T\/T, 30% ettemaks, samas kui saldo makstakse v\u00e4lja enne tarnimist<\/td>\n<\/tr>\n<tr>\n<td class=\"label\">Pakett<\/td>\n<td>1.Inside: pakitud plastist kaitsekilega, et kaitsta iga profiili<br \/>2.V\u00e4ljaspool: pakitud veekindla k\u00e4sit\u00f6\u00f6paberiga<\/td>\n<\/tr>\n<tr>\n<td class=\"label\">Kohaletoimetamine<\/td>\n<td>25-30 p\u00e4eva p\u00e4rast ettemaksu tasumist<\/td>\n<\/tr>\n<tr>\n<td class=\"label\">J\u00e4rjekord<\/td>\n<td>1. Kinnitage joonised, pinnat\u00f6\u00f6tlus ja hind;<br \/>2. Makske vormi tasu ja me alustame vormide valmistamist;<br \/>3. Saadame teile kinnituse saamiseks proovid;<br \/>4. Tehke makse 30% tagatisraha, alustage tootmist;<\/td>\n<\/tr>\n<\/table>\n<h2>Meie tootmisbaas<\/h2>\n<h3>Tehase panoraam<\/h3>\n<p><img decoding=\"async\" src=\"\/wp-content\/uploads\/factory-01.webp\"\/><\/p>\n<h3>Alumiiniumvarraste tootmise t\u00f6\u00f6koda<\/h3>\n<p><img decoding=\"async\" src=\"\/wp-content\/uploads\/factory-02.webp\"\/><\/p>\n<\/p>\n<p><img decoding=\"async\" src=\"\/wp-content\/uploads\/factory-03.webp\"\/><\/p>\n<h3>hallituse ladustamise ladu<\/h3>\n<p><img decoding=\"async\" src=\"\/wp-content\/uploads\/factory-04.webp\"\/><\/p>\n<h3>43 alumiiniumi ekstrusiooniliini (500-5500 tonni)<\/h3>\n<p><img decoding=\"async\" src=\"\/wp-content\/uploads\/factory-05.webp\"\/><\/p>\n<p><img decoding=\"async\" src=\"\/wp-content\/uploads\/factory-06.webp\"\/><\/p>\n<p><img decoding=\"async\" src=\"\/wp-content\/uploads\/factory-07.webp\"\/><\/p>\n<h3>Pulberv\u00e4rvimise t\u00f6\u00f6koda<\/h3>\n<p><img decoding=\"async\" src=\"\/wp-content\/uploads\/factory-09.webp\"\/><\/p>\n<h3>Anodiseerimise t\u00f6\u00f6koda<\/h3>\n<p><img decoding=\"async\" src=\"\/wp-content\/uploads\/factory-10.webp\"\/><\/p>\n<h3>S\u00fcgavt\u00f6\u00f6tlemise t\u00f6\u00f6tuba<\/h3>\n<p><img decoding=\"async\" src=\"\/wp-content\/uploads\/factory-11.webp\"\/><\/p>\n<h3>CNC-t\u00e4ppist\u00f6\u00f6tlemise t\u00f6\u00f6koda<\/h3>\n<p><img decoding=\"async\" src=\"\/wp-content\/uploads\/factory-11.5.webp\"\/><\/p>\n<h3>Valmistoodete ja ekspordi ladu<\/h3>\n<p><img decoding=\"async\" src=\"\/wp-content\/uploads\/factory-12.webp\"\/><\/p>\n<p><img decoding=\"async\" src=\"\/wp-content\/uploads\/factory-13.webp\"\/><\/p>\n<p><img decoding=\"async\" src=\"\/wp-content\/uploads\/factory-14.webp\"\/><\/p>\n<h2>KKK<\/h2>\n<p><b>1.Mis on alumiiniumist aknaraam?<\/b><\/p>\n<p>Alumiiniumist aknaraam on suure tugevusega alumiiniumisulamist valmistatud t\u00e4ppisekspressitud konstruktsioonikomponent, mis on m\u00f5eldud klaasplaatide toetamiseks ja vastupidavaks aknakomplektiks.\n<\/p>\n<p><\/p>\n<p><b>2.Miks valida alumiiniumist aknaraam kaasaegsete hoonete jaoks?<\/b><\/p>\n<p>Alumiiniumist aknaraam pakub elegantset profiili, suurep\u00e4rast tugevuse ja kaalu suhet ning kaasaegset esteetikat, mis sobib ideaalselt \u00e4ri- ja elamuarhitektuuri.\n<\/p>\n<p><\/p>\n<p><b>3.Kuidas parandab alumiiniumist aknaraam energiat\u00f5husust?<\/b><\/p>\n<p>Energiat\u00f5husad alumiiniumist aknaraamid on varustatud termilise katkestuse tehnoloogia ja mitmekambrilise konstruktsiooniga, et v\u00e4hendada soojus\u00fclekannet ja v\u00e4hendada k\u00fctte- ja jahutuskulusid.\n<\/p>\n<p><\/p>\n<p><b>4.Kas alumiiniumist aknaraamid on vastupidavad ja korrosioonikindlad?<\/b><\/p>\n<p>Alumiiniumist aknaraamid on vastupidavad roostetamisele, UV-kiirgusele ja ilmastikutingimustele, tagades pikaajalise toimivuse minimaalse hooldusega rannikualadel ja niisketes keskkondades.\n<\/p>\n<p><\/p>\n<p><b>5.Kas alumiiniumist aknaraamid on kohandatud disaini paindlikkuse jaoks?<\/b><\/p>\n<p>Jah, alumiiniumist aknaraamid toetavad kohandatud ekstrusiooniprofiile, viimistlusi, pulberv\u00e4rvimise ja anodeerimise v\u00f5imalusi, et sobida mis tahes arhitektuurilise stiili ja v\u00e4rvivalikuga.\n<\/p>\n<p><\/p>\n<p><b>6.Kuidas toimivad alumiiniumist aknaraamid \u00e4\u00e4rmuslikes ilmastikutingimustes?<\/b><\/p>\n<p>Suure j\u00f5udlusega alumiiniumist aknaraamid s\u00e4ilitavad struktuurilise terviklikkuse tugeva tuulekoormuse, vihma ja temperatuurik\u00f5ikumiste korral, ilma et need v\u00e4\u00e4nduksid v\u00f5i tuhmuksid.\n<\/p>\n<p><\/p>\n<p><b>7.Milline hooldus on vajalik alumiiniumist aknaraamide puhul?<\/b><\/p>\n<p>V\u00e4hese hooldusega alumiiniumist aknaraamid vajavad ainult perioodilist puhastamist ja kontrollimist, t\u00e4nu vastupidavale tehasepinnale ei ole vaja v\u00e4rvimist ega tihendamist.\n<\/p>\n<p><\/p>\n<p><b>8.Kas alumiiniumist aknaraamid pakuvad suuremat turvalisust?<\/b><\/p>\n<p>Tugevdatud alumiiniumist aknaraamid on varustatud mitmepunktilise lukustusseadmete ja lamineeritud klaasiga, mis tagab tugeva vastupidavuse sissetungile ja parema ohutuse.\n<\/p>\n<p><\/p>\n<p><b>9.Kas alumiiniumist aknaraamid on keskkonnas\u00f5bralikud ja taaskasutatavad?<\/b><\/p>\n<p>Alumiiniumist aknaraamid on t\u00e4ielikult taaskasutatavad, tarbivad tootmisel v\u00e4hem energiat ja toetavad s\u00e4\u00e4stvate ehitiste nagu LEED ja BREEAM sertifikaate.\n<\/p>\n<p><\/p>\n<p><b>10. kust ma saan hankida kvaliteetseid alumiiniumist aknaraame?<\/b><\/p>\n<p>Juhtivad tootjad pakuvad sertifitseeritud alumiiniumaknaraame ISO standarditega, \u00fclemaailmset turustamist ja tehnilist tuge akende sujuvaks paigaldamiseks.\n<\/p>\n<p><\/p>","protected":false},"featured_media":6257,"template":"","categories":[59],"class_list":["post-6258","product","type-product","status-publish","has-post-thumbnail","hentry","category-aluminum-window-door-system"],"meta_box":{"hilight_text_group":{"product_hilight_text":"<li>Manufactured from 6063-T5 aluminum alloy for exceptional strength and durability<\/li>\r\r\n<li>Precision-engineered profiles with \u00c2\u00b10.1 mm tolerance for seamless assembly<\/li>\r\r\n<li>Optional thermal break design to improve energy efficiency and reduce condensation<\/li>\r\r\n<li>Multiple finish options (anodized, powder-coated) for corrosion resistance and design flexibility<\/li>\r\r\n<li>Integrated drainage and ventilation channels to prevent water buildup<\/li>\r\r\n<li>Pre-drilled mounting holes and snap-fit corners for quick, error-free installation<\/li>\r\r\n<li>Compatible with standard glazing beads and weather seals for superior airtightness<\/li>\r\r\n<li>Lightweight yet robust construction reduces shipping costs and handling effort<\/li>","product_chanpin_chanpin":"<li><a href=\"https:\/\/sinoextrud.com\/product\/6063t6-aluminium-profile-corner\/\" target=\"_blank\">6063T6 Aluminium Profile Corner<\/a><\/li>\r\n<li><a href=\"https:\/\/sinoextrud.com\/product\/extruded-aluminum-sliding-channel\/\" target=\"_blank\">Extruded Aluminum Sliding Channel<\/a><\/li>\r\n<li><a href=\"https:\/\/sinoextrud.com\/product\/aluminum-door-frame-profile\/\" target=\"_blank\">Aluminum Door Frame Profile<\/a><\/li>\r\n<li><a href=\"https:\/\/sinoextrud.com\/product\/sliding-window-aluminum-window-track\/\" target=\"_blank\">Sliding Window Aluminum Window Track<\/a><\/li>\r\n<li><a href=\"https:\/\/sinoextrud.com\/product\/aluminum-window-frame\/\" target=\"_blank\">Aluminum Window Frame<\/a><\/li>\r\n<li><a href=\"https:\/\/sinoextrud.com\/product\/aluminum-window-profile\/\" target=\"_blank\">Aluminum Window Profile<\/a><\/li>\r\n<li><a href=\"https:\/\/sinoextrud.com\/product\/aluminum-casement-window-double-hung-single-hung-jalousie-security-door-and-window\/\" target=\"_blank\">aluminum casement window Double Hung Single Hung Jalousie Security Door And Window<\/a><\/li>\r\n<li><a href=\"https:\/\/sinoextrud.com\/product\/aluminum-window\/\" target=\"_blank\">Aluminum Window<\/a><\/li>\r\n<li><a href=\"https:\/\/sinoextrud.com\/product\/aluminum-profile-windows-extrusion-companies-in-china\/\" target=\"_blank\">aluminum profile windows extrusion companies in china<\/a><\/li>\r\n<li><a href=\"https:\/\/sinoextrud.com\/product\/fluorocarbon-coated-heavy-duty-exposed-aluminium-frame-glazed-building-curtain-wall-aluminium-profile\/\" target=\"_blank\">Fluorocarbon coated heavy duty exposed aluminium frame glazed building curtain wall aluminium profile<\/a><\/li>\r\n<li><a href=\"https:\/\/sinoextrud.com\/product\/greenhouse-aluminum-extrusions-blade-window\/\" target=\"_blank\">Greenhouse Aluminum Extrusions Blade Window<\/a><\/li>"},"feature_list":[]},"_links":{"self":[{"href":"https:\/\/sinoextrud.com\/et\/wp-json\/wp\/v2\/product\/6258","targetHints":{"allow":["GET"]}}],"collection":[{"href":"https:\/\/sinoextrud.com\/et\/wp-json\/wp\/v2\/product"}],"about":[{"href":"https:\/\/sinoextrud.com\/et\/wp-json\/wp\/v2\/types\/product"}],"wp:featuredmedia":[{"embeddable":true,"href":"https:\/\/sinoextrud.com\/et\/wp-json\/wp\/v2\/media\/6257"}],"wp:attachment":[{"href":"https:\/\/sinoextrud.com\/et\/wp-json\/wp\/v2\/media?parent=6258"}],"wp:term":[{"taxonomy":"category","embeddable":true,"href":"https:\/\/sinoextrud.com\/et\/wp-json\/wp\/v2\/categories?post=6258"}],"curies":[{"name":"wp","href":"https:\/\/api.w.org\/{rel}","templated":true}]}}