{"id":6256,"date":"2025-05-26T06:56:48","date_gmt":"2025-05-26T06:56:48","guid":{"rendered":"https:\/\/sinoextrud.com\/product\/sliding-window-aluminum-window-track\/"},"modified":"2025-06-24T03:56:01","modified_gmt":"2025-06-24T03:56:01","slug":"liugakna-alumiiniumist-aknaraja","status":"publish","type":"product","link":"https:\/\/sinoextrud.com\/et\/product\/sliding-window-aluminum-window-track\/","title":{"rendered":"Liugakna alumiiniumist aknaraja"},"content":{"rendered":"<h2>Toodete \u00fcksikasjad<\/h2>\n<table class=\"custom-table\">\n<tr>\n<td class=\"label\">Punkti<\/td>\n<td>Liugakna alumiiniumist aknaraja<\/td>\n<\/tr>\n<tr>\n<td class=\"label\">Hinne<\/td>\n<td>6000 seeria<\/td>\n<\/tr>\n<tr>\n<td class=\"label\">Temper<\/td>\n<td>T3-T8<\/td>\n<\/tr>\n<tr>\n<td class=\"label\">Taotlus<\/td>\n<td>Dekoratsioonid, robotraam, t\u00f6\u00f6kohad jne.<\/td>\n<\/tr>\n<tr>\n<td class=\"label\">Kuju<\/td>\n<td>liugakna alumiiniumist aknar\u00f6\u00f6pmel<\/td>\n<\/tr>\n<tr>\n<td class=\"label\">Sulam v\u00f5i mitte<\/td>\n<td>Kas sulam on sulam<\/td>\n<\/tr>\n<tr>\n<td class=\"label\">Toote nimi<\/td>\n<td>alumiiniumprofiilid akende ja uste jaoks<\/td>\n<\/tr>\n<tr>\n<td class=\"label\">Pinnat\u00f6\u00f6tlus<\/td>\n<td>Anodeerimine<\/td>\n<\/tr>\n<tr>\n<td class=\"label\">V\u00e4rv<\/td>\n<td>H\u00f5be, pronks, must, kuld, sinine, hall, \u0161ampanja jne.<\/td>\n<\/tr>\n<tr>\n<td class=\"label\">Materjal<\/td>\n<td>Sulam 6063\/6061\/661\/6005\/6060 T5\/T6<\/td>\n<\/tr>\n<tr>\n<td class=\"label\">Pikkus<\/td>\n<td>Vastavalt teie n\u00f5udmisele<\/td>\n<\/tr>\n<tr>\n<td class=\"label\">Sertifitseerimine<\/td>\n<td>ISO9001:2008<\/td>\n<\/tr>\n<tr>\n<td class=\"label\">MOQ<\/td>\n<td>1Kg<\/td>\n<\/tr>\n<tr>\n<td class=\"label\">Suurus<\/td>\n<td>Joonised<\/td>\n<\/tr>\n<tr>\n<td class=\"label\">Makset\u00e4htaeg<\/td>\n<td>T\/T<\/td>\n<\/tr>\n<\/table>\n<h2>Meie tootmisbaas<\/h2>\n<h3>Tehase panoraam<\/h3>\n<p><img decoding=\"async\" src=\"\/wp-content\/uploads\/factory-01.webp\"\/><\/p>\n<h3>Alumiiniumvarraste tootmise t\u00f6\u00f6koda<\/h3>\n<p><img decoding=\"async\" src=\"\/wp-content\/uploads\/factory-02.webp\"\/><\/p>\n<p><img decoding=\"async\" src=\"\/wp-content\/uploads\/factory-03.webp\"\/><\/p>\n<h3>hallituse ladustamise ladu<\/h3>\n<p><img decoding=\"async\" src=\"\/wp-content\/uploads\/factory-04.webp\"\/><\/p>\n<h3>43 alumiiniumi ekstrusiooniliini (500-5500 tonni)<\/h3>\n<p><img decoding=\"async\" src=\"\/wp-content\/uploads\/factory-05.webp\"\/><\/p>\n<p><img decoding=\"async\" src=\"\/wp-content\/uploads\/factory-06.webp\"\/><\/p>\n<p><img decoding=\"async\" src=\"\/wp-content\/uploads\/factory-07.webp\"\/><\/p>\n<h3>Pulberv\u00e4rvimise t\u00f6\u00f6koda<\/h3>\n<p><img decoding=\"async\" src=\"\/wp-content\/uploads\/factory-09.webp\"\/><\/p>\n<h3>Anodiseerimise t\u00f6\u00f6koda<\/h3>\n<p><img decoding=\"async\" src=\"\/wp-content\/uploads\/factory-10.webp\"\/><\/p>\n<h3>S\u00fcgavt\u00f6\u00f6tlemise t\u00f6\u00f6tuba<\/h3>\n<p><img decoding=\"async\" src=\"\/wp-content\/uploads\/factory-11.webp\"\/><\/p>\n<h3>CNC-t\u00e4ppist\u00f6\u00f6tlemise t\u00f6\u00f6koda<\/h3>\n<p><img decoding=\"async\" src=\"\/wp-content\/uploads\/factory-11.5.webp\"\/><\/p>\n<h3>Valmistoodete ja ekspordi ladu<\/h3>\n<p><img decoding=\"async\" src=\"\/wp-content\/uploads\/factory-12.webp\"\/><\/p>\n<p><img decoding=\"async\" src=\"\/wp-content\/uploads\/factory-13.webp\"\/><\/p>\n<p><img decoding=\"async\" src=\"\/wp-content\/uploads\/factory-14.webp\"\/><\/p>\n<h2>KKK<\/h2>\n<p><p><b>1.Mis on liugakna alumiiniumist aknaraja?<\/b><\/p>\n<p>Alumiiniumist liugakna aknaraud on t\u00e4pselt pressitud kanal, mis juhib ja toetab liugakna aknaraudu sujuvaks ja usaldusv\u00e4\u00e4rseks toimimiseks.<br \/>\n<\/p><br \/>\n<br \/>\n<p><b>2.Miks valida l\u00fckandakna alumiiniumist aknaraja?<\/b><\/p>\n<p>Alumiiniumist liugakna aknar\u00f6\u00f6pad pakuvad plast- v\u00f5i terasr\u00f6\u00f6bastega v\u00f5rreldes parimat vastupidavust, korrosioonikindlust ja madalat h\u00f5\u00f5rdumist.<br \/>\n<\/p><br \/>\n<br \/>\n<p><b>3.Kuidas parandab liugakna alumiiniumist aknaraja akna toimimist?<\/b><\/p>\n<p>Sliding Window alumiiniumist aknaraja v\u00e4hese h\u00f5\u00f5rdumisega pind ja tihedad tolerantsid tagavad vaevata libisemise ja rullide v\u00e4hese kulumise.<br \/>\n<\/p><br \/>\n<br \/>\n<p><b>4.Can Sliding Window alumiiniumist aknar\u00f6\u00f6paid saab kohandada?<\/b><\/p>\n<p>Jah, l\u00fckandakende alumiiniumist aknar\u00f6\u00f6paid saab kohandada erinevate ristl\u00f5ikete, pilumustrite ja anodeeritud viimistlusega, et need sobiksid mis tahes aknas\u00fcsteemiga.<br \/>\n<\/p><br \/>\n<br \/>\n<p><b>5.Milline hooldus on vajalik liugakna alumiiniumist aknaraja puhul?<\/b><\/p>\n<p>Alumiiniumist liugakna aknar\u00f6\u00f6pad vajavad minimaalset hooldust - perioodiline puhastamine ja kerge m\u00e4\u00e4rimine hoiab r\u00f6\u00f6pad vabana prahist ja tagab sujuva libisemise.<br \/>\n<\/p><br \/>\n<br \/>\n<p><b>6.Kuidas on korrosioonikindlusest kasu Sliding Window Alumiinium aknaraudad?<\/b><\/p>\n<p>Korrosioonikindlad alumiiniumist liugakna aknar\u00f6\u00f6pad taluvad niiskust ja soolast \u00f5hku, pikendades kasutusiga rannikualadel ja niisketes keskkondades.<br \/>\n<\/p><br \/>\n<br \/>\n<p><b>7.Kas l\u00fckandakna alumiiniumist aknar\u00f6\u00f6pad on energiat\u00f5husad?<\/b><\/p>\n<p>Liugakna alumiiniumist aknar\u00f6\u00f6pad v\u00f5ivad integreerida termilise katkestuse sisestusi, et parandada isolatsiooni ja v\u00e4hendada soojus\u00fclekannet aknakomplektides.<br \/>\n<\/p><br \/>\n<br \/>\n<p><b>8.Milline kandev\u00f5ime v\u00f5ib Sliding Window alumiiniumist aknar\u00f6\u00f6paid toetada?<\/b><\/p>\n<p>K\u00f5rgtugevad alumiiniumist liugakna aknar\u00f6\u00f6pad on konstrueeritud nii, et need kannavad raskeid klaasist piirdeklaase ja suuri aknapaneele ilma paindumise v\u00f5i l\u00e4bipaindumisena.<br \/>\n<\/p><br \/>\n<br \/>\n<p><b>9.Kus kasutatakse tavaliselt liugakna alumiiniumist aknaraudasid?<\/b><\/p>\n<p>Alumiiniumist liugakna aknar\u00f6\u00f6pad sobivad ideaalselt elamute terrassidele, kaubanduslikele poefrontiividele, r\u00f5dukestele ja rasketele arhitektuursetele akendele.<br \/>\n<\/p><br \/>\n<br \/>\n<p><b>10. kust ma saan hankida kvaliteetseid alumiiniumist liugakna aknaraudasid?<\/b><\/p>\n<p>Juhtivad ekstrusiooni tarnijad pakuvad sertifitseeritud liugakende alumiiniumist aknar\u00f6\u00f6paid koos ISO-kvaliteedi tagamise, \u00fclemaailmse turustamise ja tehnilise toega.<br \/>\n<\/p><br \/><\/p>","protected":false},"featured_media":6255,"template":"","categories":[59],"class_list":["post-6256","product","type-product","status-publish","has-post-thumbnail","hentry","category-aluminum-window-door-system"],"meta_box":{"hilight_text_group":{"product_hilight_text":"<li>High-precision extruded aluminum track for smooth sliding and reduced operational noise<\/li>\r\r\n<li>Durable hard-anodized finish resists corrosion and wear in diverse environments<\/li>\r\r\n<li>Standardized profile compatible with multiple sliding window systems for easy integration<\/li>\r\r\n<li>Integrated drainage channels prevent water accumulation and maintain track cleanliness<\/li>\r\r\n<li>Low-friction design with optional self-lubricating inserts for minimal maintenance<\/li>\r\r\n<li>Lightweight 6063-T6 construction combines strength with ease of handling<\/li>\r\r\n<li>Customizable lengths and groove dimensions to suit various project requirements<\/li>\r\r\n<li>RoHS-compliant and fully recyclable for sustainable building practices<\/li>","product_chanpin_chanpin":"<li><a href=\"https:\/\/sinoextrud.com\/product\/aluminum-casement-door\/\" target=\"_blank\">Aluminum Casement Door<\/a><\/li>\r\n<li><a href=\"https:\/\/sinoextrud.com\/product\/6063t6-aluminium-profile-corner\/\" target=\"_blank\">6063T6 Aluminium Profile Corner<\/a><\/li>\r\n<li><a href=\"https:\/\/sinoextrud.com\/product\/extruded-aluminum-sliding-channel\/\" target=\"_blank\">Extruded Aluminum Sliding Channel<\/a><\/li>\r\n<li><a href=\"https:\/\/sinoextrud.com\/product\/aluminum-door-frame-profile\/\" target=\"_blank\">Aluminum Door Frame Profile<\/a><\/li>\r\n<li><a href=\"https:\/\/sinoextrud.com\/product\/sliding-window-aluminum-window-track\/\" target=\"_blank\">Sliding Window Aluminum Window Track<\/a><\/li>\r\n<li><a href=\"https:\/\/sinoextrud.com\/product\/aluminum-window-frame\/\" target=\"_blank\">Aluminum Window Frame<\/a><\/li>\r\n<li><a href=\"https:\/\/sinoextrud.com\/product\/aluminum-window-profile\/\" target=\"_blank\">Aluminum Window Profile<\/a><\/li>\r\n<li><a href=\"https:\/\/sinoextrud.com\/product\/aluminum-casement-window-double-hung-single-hung-jalousie-security-door-and-window\/\" target=\"_blank\">aluminum casement window Double Hung Single Hung Jalousie Security Door And Window<\/a><\/li>\r\n<li><a href=\"https:\/\/sinoextrud.com\/product\/aluminum-window\/\" target=\"_blank\">Aluminum Window<\/a><\/li>\r\n<li><a href=\"https:\/\/sinoextrud.com\/product\/aluminum-extrusion-gate-barrier-arm-aluminum-profile\/\" target=\"_blank\">Aluminum Extrusion Gate Barrier Arm Aluminum Profile<\/a><\/li>\r\n<li><a href=\"https:\/\/sinoextrud.com\/product\/t-aluminum-profile\/\" target=\"_blank\">T Aluminum Profile<\/a><\/li>"},"feature_list":[]},"_links":{"self":[{"href":"https:\/\/sinoextrud.com\/et\/wp-json\/wp\/v2\/product\/6256","targetHints":{"allow":["GET"]}}],"collection":[{"href":"https:\/\/sinoextrud.com\/et\/wp-json\/wp\/v2\/product"}],"about":[{"href":"https:\/\/sinoextrud.com\/et\/wp-json\/wp\/v2\/types\/product"}],"wp:featuredmedia":[{"embeddable":true,"href":"https:\/\/sinoextrud.com\/et\/wp-json\/wp\/v2\/media\/6255"}],"wp:attachment":[{"href":"https:\/\/sinoextrud.com\/et\/wp-json\/wp\/v2\/media?parent=6256"}],"wp:term":[{"taxonomy":"category","embeddable":true,"href":"https:\/\/sinoextrud.com\/et\/wp-json\/wp\/v2\/categories?post=6256"}],"curies":[{"name":"wp","href":"https:\/\/api.w.org\/{rel}","templated":true}]}}