{"id":6248,"date":"2025-05-26T06:31:29","date_gmt":"2025-05-26T06:31:29","guid":{"rendered":"https:\/\/sinoextrud.com\/product\/aluminum-casement-door\/"},"modified":"2025-06-24T03:55:41","modified_gmt":"2025-06-24T03:55:41","slug":"alumiiniumist-korpuseuks","status":"publish","type":"product","link":"https:\/\/sinoextrud.com\/et\/product\/aluminum-casement-door\/","title":{"rendered":"Alumiiniumist korpuse uks"},"content":{"rendered":"<h2>Toodete \u00fcksikasjad<\/h2>\n<table class=\"custom-table\">\n<tr>\n<td class=\"label\">Toote nimi<\/td>\n<td>Alumiiniumist korpuseuks<\/td>\n<\/tr>\n<tr>\n<td class=\"label\">Materjal<\/td>\n<td>6063, 6061, 6463, 6082 Alumiiniumsulam<\/td>\n<\/tr>\n<tr>\n<td class=\"label\">V\u00e4rv<\/td>\n<td>Kohandatud<\/td>\n<\/tr>\n<tr>\n<td class=\"label\">Standard<\/td>\n<td>GB2008<\/td>\n<\/tr>\n<tr>\n<td class=\"label\">Hinne<\/td>\n<td>6000-seeria<\/td>\n<\/tr>\n<tr>\n<td class=\"label\">Paksus<\/td>\n<td>Kohandatud<\/td>\n<\/tr>\n<tr>\n<td class=\"label\">Kasutamine<\/td>\n<td>Kaunistus<\/td>\n<\/tr>\n<tr>\n<td class=\"label\">Temper<\/td>\n<td>T3-T8<\/td>\n<\/tr>\n<tr>\n<td class=\"label\">Pikkus<\/td>\n<td>Kohandatud<\/td>\n<\/tr>\n<tr>\n<td class=\"label\">Pinnat\u00f6\u00f6tlus<\/td>\n<td>Pulbriline pinnakate, Mill Finish, PVDF, anodeeritud, puidumass, poleeritud, harjatud jne.<\/td>\n<\/tr>\n<tr>\n<td class=\"label\">Orgin<\/td>\n<td>KINA<\/td>\n<\/tr>\n<tr>\n<td class=\"label\">Kas sulam v\u00f5i mitte<\/td>\n<td>Kas sulam on sulam<\/td>\n<\/tr>\n<tr>\n<td class=\"label\">Sadam<\/td>\n<td>Guangzhou, Shenzhen, Foshan<\/td>\n<\/tr>\n<\/table>\n<h2>Meie tootmisbaas<\/h2>\n<h3>Tehase panoraam<\/h3>\n<p><img decoding=\"async\" src=\"\/wp-content\/uploads\/factory-01.webp\"\/><\/p>\n<h3>Alumiiniumvarraste tootmise t\u00f6\u00f6koda<\/h3>\n<p><img decoding=\"async\" src=\"\/wp-content\/uploads\/factory-02.webp\"\/><\/p>\n<p><img decoding=\"async\" src=\"\/wp-content\/uploads\/factory-03.webp\"\/><\/p>\n<h3>hallituse ladustamise ladu<\/h3>\n<p><img decoding=\"async\" src=\"\/wp-content\/uploads\/factory-04.webp\"\/><\/p>\n<h3>43 alumiiniumi ekstrusiooniliini (500-5500 tonni)<\/h3>\n<p><img decoding=\"async\" src=\"\/wp-content\/uploads\/factory-05.webp\"\/><\/p>\n<p><img decoding=\"async\" src=\"\/wp-content\/uploads\/factory-06.webp\"\/><\/p>\n<p><img decoding=\"async\" src=\"\/wp-content\/uploads\/factory-07.webp\"\/><\/p>\n<h3>Pulberv\u00e4rvimise t\u00f6\u00f6koda<\/h3>\n<p><img decoding=\"async\" src=\"\/wp-content\/uploads\/factory-09.webp\"\/><\/p>\n<h3>Anodiseerimise t\u00f6\u00f6koda<\/h3>\n<p><img decoding=\"async\" src=\"\/wp-content\/uploads\/factory-10.webp\"\/><\/p>\n<h3>S\u00fcgavt\u00f6\u00f6tlemise t\u00f6\u00f6tuba<\/h3>\n<p><img decoding=\"async\" src=\"\/wp-content\/uploads\/factory-11.webp\"\/><\/p>\n<h3>CNC-t\u00e4ppist\u00f6\u00f6tlemise t\u00f6\u00f6koda<\/h3>\n<p><img decoding=\"async\" src=\"\/wp-content\/uploads\/factory-11.5.webp\"\/><\/p>\n<h3>Valmistoodete ja ekspordi ladu<\/h3>\n<p><img decoding=\"async\" src=\"\/wp-content\/uploads\/factory-12.webp\"\/><\/p>\n<p><img decoding=\"async\" src=\"\/wp-content\/uploads\/factory-13.webp\"\/><\/p>\n<p><img decoding=\"async\" src=\"\/wp-content\/uploads\/factory-14.webp\"\/><\/p>\n<h2>KKK<\/h2>\n<p><p><b>1.Mis on alumiiniumist korpuseuks?<\/b><\/p>\n<p>Alumiiniumist korpuseuks on k\u00f5rgtugevast alumiiniumist valmistatud k\u00fclgmine ukses\u00fcsteem, mis pakub elegantset moodsat esteetikat ja usaldusv\u00e4\u00e4rset toimimist.<br \/>\n<\/p><br \/>\n<br \/>\n<p><b>2.Miks valida alumiiniumist korpuseuks?<\/b><\/p>\n<p>Alumiiniumist korpuseuksed pakuvad traditsiooniliste materjalidega v\u00f5rreldes parimat vastupidavust, madalat hooldust ja pikaajalist korrosioonikindlust.<br \/>\n<\/p><br \/>\n<br \/>\n<p><b>3.Kuidas suurendab alumiiniumist korpuseuks energiat\u00f5husust?<\/b><\/p>\n<p>Energiat\u00f5husad alumiiniumist korpuseuksed on varustatud mitmekambriliste profiilide ja termilise katkestuse tehnoloogiaga, et v\u00e4hendada soojus\u00fclekannet ja v\u00e4hendada kommunaalkulude arveid.<br \/>\n<\/p><br \/>\n<br \/>\n<p><b>4.Kas alumiiniumist korpuseuksed on turvalised?<\/b><\/p>\n<p>Alumiiniumist korpuseuksed on varustatud mitmepunktiliste lukustusmehhanismide ja tugevdatud raamidega, mis tagavad suurema turvalisuse ja meelerahu.<br \/>\n<\/p><br \/>\n<br \/>\n<p><b>5.Millised disainiv\u00f5imalused on saadaval alumiiniumist korpuseustele?<\/b><\/p>\n<p>Alumiiniumist korpuseuksed pakuvad kohandatavat viimistlust, pulberv\u00e4rve, riistvara stiile ja klaasivalikuid kohandatud arhitektuurse atraktiivsuse saavutamiseks.<br \/>\n<\/p><br \/>\n<br \/>\n<p><b>6.Kuidas toimivad alumiiniumist korpuseuksed karmides kliimatingimustes?<\/b><\/p>\n<p>Ilmastikukindlad alumiiniumist korpuseuksed peavad vastu \u00e4\u00e4rmuslikele temperatuuridele, UV-kiirgusele ja tugevatele vihmadele, ilma et need deformeeruksid v\u00f5i tuhmuksid.<br \/>\n<\/p><br \/>\n<br \/>\n<p><b>7.Kas alumiiniumist korpuseuksed v\u00f5ivad parandada siseruumide mugavust?<\/b><\/p>\n<p>Jah, alumiiniumist korpuseakende tihedad tihendid ja t\u00e4iustatud tihendid takistavad t\u00f5mbumist, m\u00fcra ja niiskust, et luua mugavam eluruum.<br \/>\n<\/p><br \/>\n<br \/>\n<p><b>8.Milline hooldus on vajalik alumiiniumist korpuseustele?<\/b><\/p>\n<p>V\u00e4hese hooldusega alumiiniumist korpuseuksed vajavad optimaalse toimimise ja v\u00e4limuse s\u00e4ilitamiseks ainult perioodilist puhastamist ja hingede m\u00e4\u00e4rimist.<br \/>\n<\/p><br \/>\n<br \/>\n<p><b>9.Kuidas aitavad alumiiniumist korpuseuksed kaasa s\u00e4\u00e4stvale ehitamisele?<\/b><\/p>\n<p>Ringlussev\u00f5etavad alumiiniumist korpuseuksed v\u00e4hendavad keskkonnam\u00f5ju, toetavad rohelise hoone sertifikaate ja v\u00e4hendavad eluts\u00fckli jooksul kasutatavat energiat.<br \/>\n<\/p><br \/>\n<br \/>\n<p><b>10.Kus saab paigaldada alumiiniumist korpuseuksed?<\/b><\/p>\n<p>Mitmek\u00fclgsed alumiiniumist korpuseuksed sobivad ideaalselt elamute terrassidele, \u00e4riruumide esiplaanidele, r\u00f5dudele ja kaasaegsete ehitiste siseruumide vaheseinadele.<br \/>\n<\/p><br \/><\/p>","protected":false},"featured_media":6247,"template":"","categories":[59],"class_list":["post-6248","product","type-product","status-publish","has-post-thumbnail","hentry","category-aluminum-window-door-system"],"meta_box":{"hilight_text_group":{"product_hilight_text":"<li>Durable aluminum frame with corrosion-resistant finish for long service life<\/li>\r\r\n<li>Multi-point locking system for enhanced security in commercial applications<\/li>\r\r\n<li>Thermal break design to improve energy efficiency and reduce HVAC costs<\/li>\r\r\n<li>Customizable sizes and powder-coated color options to match architectural aesthetics<\/li>\r\r\n<li>High-performance weather seals for superior wind and water tightness<\/li>\r\r\n<li>Integrated insect screen option for improved ventilation without pests<\/li>\r\r\n<li>Easy installation with pre-drilled mounting holes and adjustable hinges<\/li>\r\r\n<li>Low-maintenance operation with smooth hardware and corrosion-proof components<\/li>","product_chanpin_chanpin":"<li><a href=\"https:\/\/sinoextrud.com\/product\/aluminium-window-extrusion-profile\/\" target=\"_blank\">Aluminium Window Extrusion Profile<\/a><\/li>\r\n<li><a href=\"https:\/\/sinoextrud.com\/product\/aluminium-extrusion-frameless-glass-railing-aluminum-profiles\/\" target=\"_blank\">Aluminium Extrusion Frameless Glass Railing Aluminum Profiles<\/a><\/li>\r\n<li><a href=\"https:\/\/sinoextrud.com\/product\/extruded-aluminum-alloy-profile-for-glass-floor-channel\/\" target=\"_blank\">Extruded Aluminum Alloy Profile For Glass Floor Channel<\/a><\/li>\r\n<li><a href=\"https:\/\/sinoextrud.com\/product\/aluminum-extrusion-aerospace-grade-2024-aluminum-alloy-tubes\/\" target=\"_blank\">Aluminum Extrusion Aerospace-Grade 2024 Aluminum Alloy Tubes<\/a><\/li>\r\n<li><a href=\"https:\/\/sinoextrud.com\/product\/aluminum-casement-door\/\" target=\"_blank\">Aluminum Casement Door<\/a><\/li>\r\n<li><a href=\"https:\/\/sinoextrud.com\/product\/6063t6-aluminium-profile-corner\/\" target=\"_blank\">6063T6 Aluminium Profile Corner<\/a><\/li>\r\n<li><a href=\"https:\/\/sinoextrud.com\/product\/extruded-aluminum-sliding-channel\/\" target=\"_blank\">Extruded Aluminum Sliding Channel<\/a><\/li>\r\n<li><a href=\"https:\/\/sinoextrud.com\/product\/aluminum-door-frame-profile\/\" target=\"_blank\">Aluminum Door Frame Profile<\/a><\/li>\r\n<li><a href=\"https:\/\/sinoextrud.com\/product\/sliding-window-aluminum-window-track\/\" target=\"_blank\">Sliding Window Aluminum Window Track<\/a><\/li>\r\n<li><a href=\"https:\/\/sinoextrud.com\/product\/aluminium-extrusion-curtain-wall-profile-with-powder-coated-surface-manufacturer-direct-selling\/\" target=\"_blank\">Aluminium Extrusion Curtain Wall Profile With Powder Coated Surface Manufacturer Direct Selling<\/a><\/li>\r\n<li><a href=\"https:\/\/sinoextrud.com\/product\/aluminum-sunshading-profile\/\" target=\"_blank\">Aluminum Sunshading Profile<\/a><\/li>"},"feature_list":[]},"_links":{"self":[{"href":"https:\/\/sinoextrud.com\/et\/wp-json\/wp\/v2\/product\/6248","targetHints":{"allow":["GET"]}}],"collection":[{"href":"https:\/\/sinoextrud.com\/et\/wp-json\/wp\/v2\/product"}],"about":[{"href":"https:\/\/sinoextrud.com\/et\/wp-json\/wp\/v2\/types\/product"}],"wp:featuredmedia":[{"embeddable":true,"href":"https:\/\/sinoextrud.com\/et\/wp-json\/wp\/v2\/media\/6247"}],"wp:attachment":[{"href":"https:\/\/sinoextrud.com\/et\/wp-json\/wp\/v2\/media?parent=6248"}],"wp:term":[{"taxonomy":"category","embeddable":true,"href":"https:\/\/sinoextrud.com\/et\/wp-json\/wp\/v2\/categories?post=6248"}],"curies":[{"name":"wp","href":"https:\/\/api.w.org\/{rel}","templated":true}]}}