{"id":6234,"date":"2025-05-26T03:18:25","date_gmt":"2025-05-26T03:18:25","guid":{"rendered":"https:\/\/sinoextrud.com\/product\/aluminum-extrusion-minimalist-office-partition-aluminum-profiles\/"},"modified":"2025-06-24T03:55:26","modified_gmt":"2025-06-24T03:55:26","slug":"alumiiniumist-ekstrusioon-minimalistlik-buroo-vahesein-alumiiniumprofiilid","status":"publish","type":"product","link":"https:\/\/sinoextrud.com\/et\/product\/aluminum-extrusion-minimalist-office-partition-aluminum-profiles\/","title":{"rendered":"Alumiinium ekstrusioon Minimalistlik b\u00fcroo vahesein alumiinium profiilid"},"content":{"rendered":"<h2>Toodete \u00fcksikasjad<\/h2>\n<table class=\"custom-table\">\n<tr>\n<td class=\"label\">Punkti<\/td>\n<td>Alumiinium ekstrusioon Minimalistlik b\u00fcroo vahesein alumiinium profiilid<\/td>\n<\/tr>\n<tr>\n<td class=\"label\">Materjal<\/td>\n<td>Esmaklassiline alumiiniumisulam (6063-T5 v\u00f5i samav\u00e4\u00e4rne)<\/td>\n<\/tr>\n<tr>\n<td class=\"label\">Pinnat\u00f6\u00f6tlus<\/td>\n<td>Anodeerimine, pulberv\u00e4rvimine, poleerimine v\u00f5i harjamine (kohandatav)<\/td>\n<\/tr>\n<tr>\n<td class=\"label\">Paksus<\/td>\n<td>1.2mm - 3.0mm (s\u00f5ltuvalt rakendusest ja koormusn\u00f5uetest)<\/td>\n<\/tr>\n<tr>\n<td class=\"label\">Laius<\/td>\n<td>20mm - 200mm (kohandatav vastavalt konkreetsetele disainivajadustele)<\/td>\n<\/tr>\n<tr>\n<td class=\"label\">K\u00f5rgus<\/td>\n<td>Kuni 6 meetrit (saab kohandada vastavalt projekti n\u00f5uetele)<\/td>\n<\/tr>\n<tr>\n<td class=\"label\">Kaal<\/td>\n<td>Kerge, umbes 2,7 g\/cm3 (varieerub s\u00f5ltuvalt profiili suurusest ja paksusest).<\/td>\n<\/tr>\n<tr>\n<td class=\"label\">V\u00e4rvivalikud<\/td>\n<td>H\u00f5be, must, valge, kuld, pronks v\u00f5i kohandatud RAL v\u00e4rvid<\/td>\n<\/tr>\n<tr>\n<td class=\"label\">L\u00f5peta<\/td>\n<td>Matt, l\u00e4ikiv v\u00f5i satiinne (s\u00f5ltuvalt pinnat\u00f6\u00f6tlusest)<\/td>\n<\/tr>\n<tr>\n<td class=\"label\">Sallivus<\/td>\n<td>\u00b10,1 mm (t\u00e4iuslikuks sobivuseks ja joondamiseks t\u00e4pselt v\u00e4ljat\u00f6\u00f6tatud)<\/td>\n<\/tr>\n<tr>\n<td class=\"label\">Tulekindlus<\/td>\n<td>Mittes\u00fcttiv, vastab tuleohutusstandarditele<\/td>\n<\/tr>\n<tr>\n<td class=\"label\">Korrosioonikindlus<\/td>\n<td>K\u00f5rge rooste- ja korrosioonikindlus, sobib kasutamiseks nii sise- kui ka v\u00e4listingimustes.<\/td>\n<\/tr>\n<tr>\n<td class=\"label\">Koormuse maht<\/td>\n<td>K\u00f5rge struktuuriline tugevus, mis suudab kanda t\u00e4iendavaid kinnitusi v\u00f5i paneele<\/td>\n<\/tr>\n<tr>\n<td class=\"label\">Paigaldamine<\/td>\n<td>Lihtne paigaldada modulaarse konstruktsiooniga, \u00fchildub standardsete paigalduss\u00fcsteemidega<\/td>\n<\/tr>\n<tr>\n<td class=\"label\">Sertifikaadid<\/td>\n<td>ISO 9001, ISO 14001, SGS ja muud rahvusvahelised kvaliteedistandardid.<\/td>\n<\/tr>\n<tr>\n<td class=\"label\">Pakend<\/td>\n<td>Kaitsev pakkematerjal, kohandatud kastid ja turvaline m\u00e4rgistamine ohutuks transpordiks.<\/td>\n<\/tr>\n<tr>\n<td class=\"label\">Rakendused<\/td>\n<td>Kontori vaheseinad, modulaarsed t\u00f6\u00f6kohad, jaem\u00fc\u00fcgiekraanid ja dekoratiivsed raamid<\/td>\n<\/tr>\n<\/table>\n<h2>Meie tootmisbaas<\/h2>\n<h3>Tehase panoraam<\/h3>\n<p><img decoding=\"async\" src=\"\/wp-content\/uploads\/factory-01.webp\"\/><\/p>\n<h3>Alumiiniumvarraste tootmise t\u00f6\u00f6koda<\/h3>\n<p><img decoding=\"async\" src=\"\/wp-content\/uploads\/factory-02.webp\"\/><\/p>\n<p><img decoding=\"async\" src=\"\/wp-content\/uploads\/factory-03.webp\"\/><\/p>\n<h3>hallituse ladustamise ladu<\/h3>\n<p><img decoding=\"async\" src=\"\/wp-content\/uploads\/factory-04.webp\"\/><\/p>\n<h3>43 alumiiniumi ekstrusiooniliini (500-5500 tonni)<\/h3>\n<p><img decoding=\"async\" src=\"\/wp-content\/uploads\/factory-05.webp\"\/><\/p>\n<p><img decoding=\"async\" src=\"\/wp-content\/uploads\/factory-06.webp\"\/><\/p>\n<p><img decoding=\"async\" src=\"\/wp-content\/uploads\/factory-07.webp\"\/><\/p>\n<h3>Pulberv\u00e4rvimise t\u00f6\u00f6koda<\/h3>\n<p><img decoding=\"async\" src=\"\/wp-content\/uploads\/factory-09.webp\"\/><\/p>\n<h3>Anodiseerimise t\u00f6\u00f6koda<\/h3>\n<p><img decoding=\"async\" src=\"\/wp-content\/uploads\/factory-10.webp\"\/><\/p>\n<h3>S\u00fcgavt\u00f6\u00f6tlemise t\u00f6\u00f6tuba<\/h3>\n<p><img decoding=\"async\" src=\"\/wp-content\/uploads\/factory-11.webp\"\/><\/p>\n<h3>CNC-t\u00e4ppist\u00f6\u00f6tlemise t\u00f6\u00f6koda<\/h3>\n<p><img decoding=\"async\" src=\"\/wp-content\/uploads\/factory-11.5.webp\"\/><\/p>\n<h3>Valmistoodete ja ekspordi ladu<\/h3>\n<p><img decoding=\"async\" src=\"\/wp-content\/uploads\/factory-12.webp\"\/><\/p>\n<p><img decoding=\"async\" src=\"\/wp-content\/uploads\/factory-13.webp\"\/><\/p>\n<p><img decoding=\"async\" src=\"\/wp-content\/uploads\/factory-14.webp\"\/><\/p>\n<h2>KKK<\/h2>\n<p><p><b>1.Mis on alumiiniumist pressitud minimalistlik kontori vaheseina alumiiniumprofiilid? <\/b><\/p>\n<p> Need on elegantsed, pressitud alumiiniumprofiilid, mis on m\u00f5eldud kaasaegsete, minimalistlike kontorivahendite loomiseks, mis on vastupidavad ja esteetilised.<br \/>\n<\/p><br \/>\n<br \/>\n<p><b>2.Millised on alumiiniumprofiilide kasutamise eelised kontori vaheseinte jaoks? <\/b><\/p>\n<p> Alumiiniumprofiilid pakuvad kerget tugevust, korrosioonikindlust, lihtsat paigaldamist ja puhast, kaasaegset v\u00e4limust, mis sobib ideaalselt kaasaegsetesse kontoriruumidesse.<br \/>\n<\/p><br \/>\n<br \/>\n<p><b>3.Miks valida minimalistlike kontoriseinte jaoks alumiiniumist ekstrusioon? <\/b><\/p>\n<p> Ekstrusioon v\u00f5imaldab t\u00e4pseid, kohandatavaid profiilikujusid, mis tagavad struktuurilise terviklikkuse, s\u00e4ilitades samal ajal \u00f5hukese, minimalistliku disaini.<br \/>\n<\/p><br \/>\n<br \/>\n<p><b>4.Kus kasutatakse tavaliselt alumiiniumist minimalistlikke kontori vaheseinaprofiile? <\/b><\/p>\n<p> Neid kasutatakse ettev\u00f5tete kontorites, t\u00f6\u00f6ruumides, vastuv\u00f5turuumides ja konverentsiruumides, et luua funktsionaalseid ja stiilseid vaheseinu.<br \/>\n<\/p><br \/>\n<br \/>\n<p><b>5.Kas alumiiniumist kontori vaheseinaprofiile on lihtne paigaldada? <\/b><\/p>\n<p> Jah, alumiiniumprofiilid on kavandatud kiireks kokkupanekuks mooduli\u00fchendustega, mis v\u00e4hendab paigaldusaega ja v\u00f5imaldab paindlikke ruumikonfiguratsioone.<br \/>\n<\/p><br \/>\n<br \/>\n<p><b>6.Kas alumiiniumist vaheseinaprofiile saab kohandada? <\/b><\/p>\n<p> Kindlasti saab profiile kohandada kuju, suuruse, viimistluse ja v\u00e4rvi poolest, et need sobiksid konkreetsete kontori kujundusn\u00f5uete ja br\u00e4ndi kujundamisega.<br \/>\n<\/p><br \/>\n<br \/>\n<p><b>7.Millised viimistlused on saadaval alumiiniumist kontori vaheseinaprofiilidele? <\/b><\/p>\n<p> Viimistlused h\u00f5lmavad anodeeritud, pulberv\u00e4rvitud, harjatud ja v\u00e4rvitud variante, et suurendada vastupidavust ja sobitada sisekujundust.<br \/>\n<\/p><br \/>\n<br \/>\n<p><b>8.Kas alumiiniumist pressitud vaheseinad parandavad kontori akustikat? <\/b><\/p>\n<p> Kombineerituna akustiliste paneelide v\u00f5i klaasiga aitavad alumiiniumist vaheseinad v\u00e4hendada m\u00fcra, parandades privaatsust ja keskendumist avatud kontorites.<br \/>\n<\/p><br \/>\n<br \/>\n<p><b>9.Kas alumiiniumist kontori vaheseinaprofiilid on vastupidavad? <\/b><\/p>\n<p> Jah, alumiinium pakub suurep\u00e4rast korrosiooni-, kulumis- ja l\u00f6\u00f6gikindlust, tagades seega kauakestvad kontori vaheseinad.<br \/>\n<\/p><br \/>\n<br \/>\n<p><b>10.Kuidas alumiiniumist pressitud minimalistlikud profiilid parandavad kontori esteetikat? <\/b><\/p>\n<p> Nende \u00f5hukesed, puhtad jooned ja kohandatav viimistlus loovad kaasaegse, elegantse keskkonna, mis soodustab tootlikkust ja professionaalset kuvandit.<br \/>\n<\/p><br \/><\/p>","protected":false},"featured_media":6233,"template":"","categories":[58],"class_list":["post-6234","product","type-product","status-publish","has-post-thumbnail","hentry","category-aluminium-extrusion-profiles"],"meta_box":{"hilight_text_group":{"product_hilight_text":"<li>Sleek minimalist design complements modern office aesthetics<\/li>\r\r\n<li>Lightweight yet sturdy aluminum ensures durable partitions<\/li>\r\r\n<li>Easy to assemble and reconfigure for flexible office layouts<\/li>\r\r\n<li>Corrosion-resistant surface suitable for long-term indoor use<\/li>\r\r\n<li>Customizable profiles and finishes to match branding and design needs<\/li>","product_chanpin_chanpin":"<li><a href=\"https:\/\/sinoextrud.com\/product\/aluminum-extrusion-bathroom-mirror-cabinet-aluminum-profile\/\" target=\"_blank\">Aluminum Extrusion Bathroom Mirror Cabinet Aluminum Profile<\/a><\/li>\r\n<li><a href=\"https:\/\/sinoextrud.com\/product\/aluminum-extrusion-advertising-signs-aluminum-frame-profile\/\" target=\"_blank\">Aluminum Extrusion Advertising Signs Aluminum Frame Profile<\/a><\/li>\r\n<li><a href=\"https:\/\/sinoextrud.com\/product\/aluminum-extrusion-7003-7075-aluminum-profile-cnc\/\" target=\"_blank\">Aluminum Extrusion 7003 7075 Pilates Equipment Aluminum Profile CNC Precision Aluminum Profile<\/a><\/li>\r\n<li><a href=\"https:\/\/sinoextrud.com\/product\/aluminum-extrusion-cable-clamp-profile-cnc-custom-cable-cleat-aluminum-profile\/\" target=\"_blank\">Aluminum Extrusion Cable Clamp Profile CNC Custom Cable Cleat Aluminum Profile<\/a><\/li>\r\n<li><a href=\"https:\/\/sinoextrud.com\/product\/aluminum-extrusion-minimalist-office-partition-aluminum-profiles\/\" target=\"_blank\">Aluminum Extrusion Minimalist Office Partition Aluminum Profiles<\/a><\/li>\r\n<li><a href=\"https:\/\/sinoextrud.com\/product\/aluminum-extrusion-ultra-small-material-aluminum-frame-profile\/\" target=\"_blank\">Aluminum Extrusion Ultra-small Material Aluminum Frame Profile<\/a><\/li>\r\n<li><a href=\"https:\/\/sinoextrud.com\/product\/aluminum-extrusion-6061-6082-automotive-bumper-beam\/\" target=\"_blank\">Aluminum Extrusion 6061 6082 Automotive Bumper Beam<\/a><\/li>\r\n<li><a href=\"https:\/\/sinoextrud.com\/product\/aluminium-window-extrusion-profile\/\" target=\"_blank\">Aluminium Window Extrusion Profile<\/a><\/li>\r\n<li><a href=\"https:\/\/sinoextrud.com\/product\/aluminium-extrusion-frameless-glass-railing-aluminum-profiles\/\" target=\"_blank\">Aluminium Extrusion Frameless Glass Railing Aluminum Profiles<\/a><\/li>\r\n<li><a href=\"https:\/\/sinoextrud.com\/product\/aluminum-extruded-profile\/\" target=\"_blank\">Aluminum Extruded Profile<\/a><\/li>\r\n<li><a href=\"https:\/\/sinoextrud.com\/product\/aluminum-profile-system\/\" target=\"_blank\">Aluminum Profile System<\/a><\/li>"},"feature_list":[]},"_links":{"self":[{"href":"https:\/\/sinoextrud.com\/et\/wp-json\/wp\/v2\/product\/6234","targetHints":{"allow":["GET"]}}],"collection":[{"href":"https:\/\/sinoextrud.com\/et\/wp-json\/wp\/v2\/product"}],"about":[{"href":"https:\/\/sinoextrud.com\/et\/wp-json\/wp\/v2\/types\/product"}],"wp:featuredmedia":[{"embeddable":true,"href":"https:\/\/sinoextrud.com\/et\/wp-json\/wp\/v2\/media\/6233"}],"wp:attachment":[{"href":"https:\/\/sinoextrud.com\/et\/wp-json\/wp\/v2\/media?parent=6234"}],"wp:term":[{"taxonomy":"category","embeddable":true,"href":"https:\/\/sinoextrud.com\/et\/wp-json\/wp\/v2\/categories?post=6234"}],"curies":[{"name":"wp","href":"https:\/\/api.w.org\/{rel}","templated":true}]}}