{"id":6230,"date":"2025-05-26T03:12:26","date_gmt":"2025-05-26T03:12:26","guid":{"rendered":"https:\/\/sinoextrud.com\/?post_type=product&#038;p=6230"},"modified":"2025-06-24T03:55:22","modified_gmt":"2025-06-24T03:55:22","slug":"alumiinium-ekstrusioon-7003-7075-alumiiniumprofiil-cnc","status":"publish","type":"product","link":"https:\/\/sinoextrud.com\/et\/product\/aluminum-extrusion-7003-7075-aluminum-profile-cnc\/","title":{"rendered":"Alumiinium ekstrusioon 7003 7075 Pilates seadmete alumiiniumprofiil CNC t\u00e4psus alumiiniumprofiil"},"content":{"rendered":"<h2>Toodete \u00fcksikasjad<\/h2>\n<table class=\"custom-table\">\n<tr>\n<td class=\"label\">Punkti<\/td>\n<td>Alumiinium ekstrusioon 7003 7075 Pilates seadmete alumiiniumprofiil CNC t\u00e4psus alumiiniumprofiil<\/td>\n<\/tr>\n<tr>\n<td class=\"label\">Temper<\/td>\n<td>T3-T8<\/td>\n<\/tr>\n<tr>\n<td class=\"label\">Protsessi kulgemine<\/td>\n<td>Mold Development-Alumiinium Billets-kuumutamine kuni vormimine tooralumiiniumiga-Alumiinium ekstrusioon-CNC t\u00f6\u00f6tlemine-Pindade t\u00f6\u00f6tlemine-QC-pakendamine ja tarne<\/td>\n<\/tr>\n<tr>\n<td class=\"label\">Taotlus<\/td>\n<td>\u00f5hus\u00f5idukite komponendid, konstruktsiooniosad ja k\u00f5rgtehnoloogilised seadmed<\/td>\n<\/tr>\n<tr>\n<td class=\"label\">Kuju<\/td>\n<td>Kohandamine<\/td>\n<\/tr>\n<tr>\n<td class=\"label\">Pinnat\u00f6\u00f6tlus<\/td>\n<td>Veski valmis, anodeeritud, Power coating, liivapritsimine, elektroforees, harjatud, poleerimine jne.<\/td>\n<\/tr>\n<tr>\n<td class=\"label\">S\u00fcgav t\u00f6\u00f6tlemine<\/td>\n<td>L\u00f5ikamine, puurimine, mehaaniline t\u00f6\u00f6tlemine, l\u00f6\u00f6mine, painutamine, koputades jne.<\/td>\n<\/tr>\n<tr>\n<td class=\"label\">MOQ<\/td>\n<td>200 kg iga profiili kohta<\/td>\n<\/tr>\n<tr>\n<td class=\"label\">Tarneaeg<\/td>\n<td>15-25 p\u00e4eva<\/td>\n<\/tr>\n<tr>\n<td class=\"label\">Tasuta proovi<\/td>\n<td>1-3 p\u00e4eva saab saata<\/td>\n<\/tr>\n<tr>\n<td class=\"label\">ODM\/OEM<\/td>\n<td>Aktsepteeritav<\/td>\n<\/tr>\n<\/table>\n<h2>Meie tootmisbaas<\/h2>\n<h3>Tehase panoraam<\/h3>\n<p><img decoding=\"async\" src=\"\/wp-content\/uploads\/factory-01.webp\"\/><\/p>\n<h3>Alumiiniumvarraste tootmise t\u00f6\u00f6koda<\/h3>\n<p><img decoding=\"async\" src=\"\/wp-content\/uploads\/factory-02.webp\"\/><\/p>\n<\/p>\n<p><img decoding=\"async\" src=\"\/wp-content\/uploads\/factory-03.webp\"\/><\/p>\n<h3>hallituse ladustamise ladu<\/h3>\n<p><img decoding=\"async\" src=\"\/wp-content\/uploads\/factory-04.webp\"\/><\/p>\n<h3>43 alumiiniumi ekstrusiooniliini (500-5500 tonni)<\/h3>\n<p><img decoding=\"async\" src=\"\/wp-content\/uploads\/factory-05.webp\"\/><\/p>\n<p><img decoding=\"async\" src=\"\/wp-content\/uploads\/factory-06.webp\"\/><\/p>\n<p><img decoding=\"async\" src=\"\/wp-content\/uploads\/factory-07.webp\"\/><\/p>\n<h3>Pulberv\u00e4rvimise t\u00f6\u00f6koda<\/h3>\n<p><img decoding=\"async\" src=\"\/wp-content\/uploads\/factory-09.webp\"\/><\/p>\n<h3>Anodiseerimise t\u00f6\u00f6koda<\/h3>\n<p><img decoding=\"async\" src=\"\/wp-content\/uploads\/factory-10.webp\"\/><\/p>\n<h3>S\u00fcgavt\u00f6\u00f6tlemise t\u00f6\u00f6tuba<\/h3>\n<p><img decoding=\"async\" src=\"\/wp-content\/uploads\/factory-11.webp\"\/><\/p>\n<h3>CNC-t\u00e4ppist\u00f6\u00f6tlemise t\u00f6\u00f6koda<\/h3>\n<p><img decoding=\"async\" src=\"\/wp-content\/uploads\/factory-11.5.webp\"\/><\/p>\n<h3>Valmistoodete ja ekspordi ladu<\/h3>\n<p><img decoding=\"async\" src=\"\/wp-content\/uploads\/factory-12.webp\"\/><\/p>\n<p><img decoding=\"async\" src=\"\/wp-content\/uploads\/factory-13.webp\"\/><\/p>\n<p><img decoding=\"async\" src=\"\/wp-content\/uploads\/factory-14.webp\"\/><\/p>\n<h2>KKK<\/h2>\n<p><b>1.Mis on alumiinium ekstrusioon 7003 ja 7075 Pilates seadmete alumiinium profiilid? <\/b><\/p>\n<p> Need on 7003 ja 7075 sulamitest valmistatud \u00fclitugevad pressitud alumiiniumprofiilid, mis on spetsiaalselt loodud vastupidavate ja kergete Pilates-seadmete raamide jaoks.\n<\/p>\n<p><\/p>\n<p><b>2.Milliseid eeliseid pakuvad 7003 ja 7075 alumiiniumprofiilid Pilatese seadmete jaoks? <\/b><\/p>\n<p> Need profiilid tagavad suurep\u00e4rase tugevuse ja kaalu suhte, korrosioonikindluse ja suure t\u00e4psuse, mis tagab vastupidavad, kuid samas kerged Pilatese masinad.\n<\/p>\n<p><\/p>\n<p><b>3.Miks valida 7003 ja 7075 alumiiniumisulamid CNC-t\u00e4ppisprofiilide jaoks? <\/b><\/p>\n<p> 7003 ja 7075 sulamid pakuvad parimat mehaanilist t\u00f6\u00f6deldavust ja mehaanilist tugevust, mist\u00f5ttu on need ideaalsed CNC-t\u00f6\u00f6tluseks ja fitness-seadmete t\u00e4psuskomponentide valmistamiseks.\n<\/p>\n<p><\/p>\n<p><b>4.Kuidas CNC-t\u00e4ppisalumiiniumprofiilid parandavad Pilates-seadmete kvaliteeti? <\/b><\/p>\n<p> CNC-t\u00f6\u00f6tlus tagab tihedad tolerantsid, sileda viimistluse ja t\u00e4psed m\u00f5\u00f5tmed, mille tulemuseks on usaldusv\u00e4\u00e4rsed ja suure j\u00f5udlusega Pilates-seadmete osad.\n<\/p>\n<p><\/p>\n<p><b>5.Kas 7003 ja 7075 alumiiniumprofiilid on korrosioonikindlad? <\/b><\/p>\n<p> Jah, m\u00f5lemal sulamil on tugev korrosioonikindlus, mis on oluline pilatese seadmete puhul, mis puutuvad kokku higi ja niiske keskkonnaga.\n<\/p>\n<p><\/p>\n<p><b>6.Kas neid alumiiniumprofiile saab kohandada Pilatese masinate jaoks? <\/b><\/p>\n<p> Absoluutselt saab 7003 ja 7075 alumiiniumprofiile pressida ja CNC-t\u00f6\u00f6delda konkreetsete kujude, suuruste ja viimistluste j\u00e4rgi, et vastata Pilates-seadmete disainin\u00f5uetele.\n<\/p>\n<p><\/p>\n<p><b>7.Millised pinnaviimistlused on saadaval Pilates alumiiniumprofiilidele? <\/b><\/p>\n<p> Viimistlused h\u00f5lmavad anodeeritud, pulberv\u00e4rvitud, harjatud ja poleeritud viimistlusi, mis pakuvad fitness-seadmetele suuremat vastupidavust ja esteetilist atraktiivsust.\n<\/p>\n<p><\/p>\n<p><b>8.Kas 7003 ja 7075 alumiiniumprofiilid pakuvad vastupidavust k\u00f5rge koormusega rakendustes? <\/b><\/p>\n<p> Jah, need sulamid on tuntud oma suure t\u00f5mbetugevuse ja v\u00e4simuskindluse poolest, mis tagab pikaajalise toimivuse korduval kasutamisel.\n<\/p>\n<p><\/p>\n<p><b>9.Miks on kerge alumiinium oluline Pilatese seadmete raamide puhul? <\/b><\/p>\n<p> Kerge alumiinium v\u00e4hendab masina \u00fcldist kaalu, muutes Pilatese seadmed kergemini liigutatavateks ja kasutajatele harjutuste ajal mugavamaks.\n<\/p>\n<p><\/p>\n<p><b>10.Kus on 7003 ja 7075 alumiiniumprofiilid, mida tavaliselt kasutatakse v\u00e4ljaspool Pilates-seadmeid? <\/b><\/p>\n<p> Neid \u00fclitugevaid sulameid kasutatakse t\u00e4nu nende erakordsetele mehaanilistele omadustele laialdaselt lennundus- ja kosmoset\u00f6\u00f6stuses, autot\u00f6\u00f6stuses, spordiseadmete ja t\u00e4ppistehnika t\u00f6\u00f6stuses.\n<\/p>\n<p><\/p>","protected":false},"featured_media":6229,"template":"","categories":[58],"class_list":["post-6230","product","type-product","status-publish","has-post-thumbnail","hentry","category-aluminium-extrusion-profiles"],"meta_box":{"hilight_text_group":{"product_hilight_text":"<li>High-strength 7003 and 7075 alloys ensure durability and load-bearing capacity<\/li>\r\r\n<li>CNC precision machining guarantees tight tolerances and smooth finishes<\/li>\r\r\n<li>Lightweight design improves portability without compromising stability<\/li>\r\r\n<li>Corrosion-resistant surface ideal for humid gym and fitness environments<\/li>\r\r\n<li>Custom profiles tailored for specialized Pilates equipment designs<\/li>","product_chanpin_chanpin":"<li><a href=\"https:\/\/sinoextrud.com\/product\/aluminum-extrusion-l-shaped-angle-aluminum-profile-in-china\/\" target=\"_blank\">Aluminum Extrusion L-shaped Angle Aluminum Profile in China<\/a><\/li>\r\n<li><a href=\"https:\/\/sinoextrud.com\/product\/aluminum-extrusion-1060-2024-3003-5082-6061-6082-7003-7005-7075-aluminum-alloy-profile\/\" target=\"_blank\">Aluminum Extrusion 1060 2024 3003 5082 6061 6082 7003 7005 7075 Aluminum Alloy Profile<\/a><\/li>\r\n<li><a href=\"https:\/\/sinoextrud.com\/product\/aluminum-extrusion-bathroom-mirror-cabinet-aluminum-profile\/\" target=\"_blank\">Aluminum Extrusion Bathroom Mirror Cabinet Aluminum Profile<\/a><\/li>\r\n<li><a href=\"https:\/\/sinoextrud.com\/product\/aluminum-extrusion-advertising-signs-aluminum-frame-profile\/\" target=\"_blank\">Aluminum Extrusion Advertising Signs Aluminum Frame Profile<\/a><\/li>\r\n<li><a href=\"https:\/\/sinoextrud.com\/product\/aluminum-extrusion-7003-7075-aluminum-profile-cnc\/\" target=\"_blank\">Aluminum Extrusion 7003 7075 Pilates Equipment Aluminum Profile CNC Precision Aluminum Profile<\/a><\/li>\r\n<li><a href=\"https:\/\/sinoextrud.com\/product\/aluminum-extrusion-cable-clamp-profile-cnc-custom-cable-cleat-aluminum-profile\/\" target=\"_blank\">Aluminum Extrusion Cable Clamp Profile CNC Custom Cable Cleat Aluminum Profile<\/a><\/li>\r\n<li><a href=\"https:\/\/sinoextrud.com\/product\/aluminum-extrusion-minimalist-office-partition-aluminum-profiles\/\" target=\"_blank\">Aluminum Extrusion Minimalist Office Partition Aluminum Profiles<\/a><\/li>\r\n<li><a href=\"https:\/\/sinoextrud.com\/product\/aluminum-extrusion-ultra-small-material-aluminum-frame-profile\/\" target=\"_blank\">Aluminum Extrusion Ultra-small Material Aluminum Frame Profile<\/a><\/li>\r\n<li><a href=\"https:\/\/sinoextrud.com\/product\/aluminum-extrusion-6061-6082-automotive-bumper-beam\/\" target=\"_blank\">Aluminum Extrusion 6061 6082 Automotive Bumper Beam<\/a><\/li>\r\n<li><a href=\"https:\/\/sinoextrud.com\/product\/aluminum-handrail-extrusions\/\" target=\"_blank\">Aluminum Handrail Extrusions<\/a><\/li>\r\n<li><a href=\"https:\/\/sinoextrud.com\/product\/aluminum-extrusion-u-channel-profiles\/\" target=\"_blank\">Aluminum Extrusion U Channel Profiles<\/a><\/li>"},"feature_list":[]},"_links":{"self":[{"href":"https:\/\/sinoextrud.com\/et\/wp-json\/wp\/v2\/product\/6230","targetHints":{"allow":["GET"]}}],"collection":[{"href":"https:\/\/sinoextrud.com\/et\/wp-json\/wp\/v2\/product"}],"about":[{"href":"https:\/\/sinoextrud.com\/et\/wp-json\/wp\/v2\/types\/product"}],"wp:featuredmedia":[{"embeddable":true,"href":"https:\/\/sinoextrud.com\/et\/wp-json\/wp\/v2\/media\/6229"}],"wp:attachment":[{"href":"https:\/\/sinoextrud.com\/et\/wp-json\/wp\/v2\/media?parent=6230"}],"wp:term":[{"taxonomy":"category","embeddable":true,"href":"https:\/\/sinoextrud.com\/et\/wp-json\/wp\/v2\/categories?post=6230"}],"curies":[{"name":"wp","href":"https:\/\/api.w.org\/{rel}","templated":true}]}}