{"id":6213,"date":"2025-05-26T02:39:23","date_gmt":"2025-05-26T02:39:23","guid":{"rendered":"https:\/\/sinoextrud.com\/product\/aluminum-extrusion-sunflower-aluminum-profile\/"},"modified":"2025-06-24T03:55:02","modified_gmt":"2025-06-24T03:55:02","slug":"alumiinium-ekstrusiooni-paevalille-alumiiniumprofiil","status":"publish","type":"product","link":"https:\/\/sinoextrud.com\/et\/product\/aluminum-extrusion-sunflower-aluminum-profile\/","title":{"rendered":"Alumiinium ekstrusioon Sunflower Alumiinium profiil"},"content":{"rendered":"<h2>Toodete \u00fcksikasjad<\/h2>\n<table class=\"custom-table\">\n<tr>\n<td class=\"label\">Toote nimi<\/td>\n<td>Alumiinium ekstrusiooni p\u00e4evalille alumiiniumprofiil, radiaatori alumiiniumprofiil v\u00f5i jahutusradiaator alumiiniumprofiil<\/td>\n<\/tr>\n<tr>\n<td class=\"label\">Materjal<\/td>\n<td>Kvaliteetne alumiiniumisulam (nt 6063, 6061)<\/td>\n<\/tr>\n<tr>\n<td class=\"label\">Profiili kuju<\/td>\n<td>P\u00e4ikeselillest inspireeritud disain unikaalsete kontuuridega<\/td>\n<\/tr>\n<tr>\n<td class=\"label\">Standardne pikkus<\/td>\n<td>Tavaliselt saadaval 6m, 12m v\u00f5i kohandatud pikkusega vastavalt kliendi vajadustele<\/td>\n<\/tr>\n<tr>\n<td class=\"label\">Laius<\/td>\n<td>Varieerub s\u00f5ltuvalt konstruktsioonist; tavalised laiused ulatuvad 20mm kuni 200mm.<\/td>\n<\/tr>\n<tr>\n<td class=\"label\">K\u00f5rgus<\/td>\n<td>Varieerub s\u00f5ltuvalt konstruktsioonist; tavalised k\u00f5rgused j\u00e4\u00e4vad vahemikku 20mm kuni 200mm.<\/td>\n<\/tr>\n<tr>\n<td class=\"label\">Seina paksus<\/td>\n<td>Standardne seinapaksus on vahemikus 1,0 mm kuni 5,0 mm, kohandatav vastavalt rakenduse vajadustele.<\/td>\n<\/tr>\n<tr>\n<td class=\"label\">Kaal<\/td>\n<td>Umbes 1,5 kg kuni 5,0 kg meetri kohta, s\u00f5ltuvalt profiili m\u00f5\u00f5tmetest ja seina paksusest.<\/td>\n<\/tr>\n<tr>\n<td class=\"label\">Pinnat\u00f6\u00f6tluse v\u00f5imalused<\/td>\n<td>- Anodeerimine (erinevad v\u00e4rvid)<br \/>- Pulbriga katmine (kohandatud v\u00e4rvid)<br \/>- Harjatud viimistlus<\/td>\n<\/tr>\n<tr>\n<td class=\"label\">L\u00f5peta<\/td>\n<td>Pinnat\u00f6\u00f6tlusel p\u00f5hinev sile, matt v\u00f5i l\u00e4ikiv viimistlus on saadaval.<\/td>\n<\/tr>\n<tr>\n<td class=\"label\">Mehaanilised omadused<\/td>\n<td>- T\u00f5mbetugevus: \u2265 200 MPa<br \/>- Voolavuspiir: \u2265 150 MPa<br \/>- Pikendus: \u2265 8%<\/td>\n<\/tr>\n<tr>\n<td class=\"label\">Soojusjuhtivus<\/td>\n<td>Umbes 200 W\/m-K (s\u00f5ltub sulamist ja t\u00f6\u00f6tlemisest)<\/td>\n<\/tr>\n<tr>\n<td class=\"label\">Korrosioonikindlus<\/td>\n<td>Suurep\u00e4rane vastupidavus t\u00e4nu anodeerimisele v\u00f5i pulberv\u00e4rvimisele<\/td>\n<\/tr>\n<tr>\n<td class=\"label\">Rakendusvaldkonnad<\/td>\n<td>- Arhitektuursed elemendid<\/p>\n<p>- Dekoratiivsed rakendused<br \/>- T\u00f6\u00f6stuslik kasutamine<br \/>- M\u00f6\u00f6bli disain<\/td>\n<\/tr>\n<tr>\n<td class=\"label\">Pakend<\/td>\n<td>Individuaalselt pakitud ja komplekteeritud; kaitstud vahu v\u00f5i kartongiga, et v\u00e4ltida kahjustusi transpordi ajal.<\/td>\n<\/tr>\n<tr>\n<td class=\"label\">Sertifikaadid<\/td>\n<td>ISO 9001, RoHS-konformsus ja muud asjakohased t\u00f6\u00f6stussertifikaadid.<\/td>\n<\/tr>\n<tr>\n<td class=\"label\">Juhtumisaeg<\/td>\n<td>Tavaliselt 15-30 p\u00e4eva s\u00f5ltuvalt tellimuse suurusest ja kohandamisn\u00f5uetest.<\/td>\n<\/tr>\n<tr>\n<td class=\"label\">Minimaalne tellimuse kogus (MOQ)<\/td>\n<td>Tavaliselt 500 kg v\u00f5i vastavalt kokkuleppele kliendiga.<\/td>\n<\/tr>\n<\/table>\n<h2>Meie tootmisbaas<\/h2>\n<h3>Tehase panoraam<\/h3>\n<p><img decoding=\"async\" src=\"\/wp-content\/uploads\/factory-01.webp\"\/><\/p>\n<h3>Alumiiniumvarraste tootmise t\u00f6\u00f6koda<\/h3>\n<p><img decoding=\"async\" src=\"\/wp-content\/uploads\/factory-02.webp\"\/><\/p>\n<\/p>\n<p><img decoding=\"async\" src=\"\/wp-content\/uploads\/factory-03.webp\"\/><\/p>\n<h3>hallituse ladustamise ladu<\/h3>\n<p><img decoding=\"async\" src=\"\/wp-content\/uploads\/factory-04.webp\"\/><\/p>\n<h3>43 alumiiniumi ekstrusiooniliini (500-5500 tonni)<\/h3>\n<p><img decoding=\"async\" src=\"\/wp-content\/uploads\/factory-05.webp\"\/><\/p>\n<p><img decoding=\"async\" src=\"\/wp-content\/uploads\/factory-06.webp\"\/><\/p>\n<p><img decoding=\"async\" src=\"\/wp-content\/uploads\/factory-07.webp\"\/><\/p>\n<h3>Pulberv\u00e4rvimise t\u00f6\u00f6koda<\/h3>\n<p><img decoding=\"async\" src=\"\/wp-content\/uploads\/factory-09.webp\"\/><\/p>\n<h3>Anodiseerimise t\u00f6\u00f6koda<\/h3>\n<p><img decoding=\"async\" src=\"\/wp-content\/uploads\/factory-10.webp\"\/><\/p>\n<h3>S\u00fcgavt\u00f6\u00f6tlemise t\u00f6\u00f6tuba<\/h3>\n<p><img decoding=\"async\" src=\"\/wp-content\/uploads\/factory-11.webp\"\/><\/p>\n<h3>CNC-t\u00e4ppist\u00f6\u00f6tlemise t\u00f6\u00f6koda<\/h3>\n<p><img decoding=\"async\" src=\"\/wp-content\/uploads\/factory-11.5.webp\"\/><\/p>\n<h3>Valmistoodete ja ekspordi ladu<\/h3>\n<p><img decoding=\"async\" src=\"\/wp-content\/uploads\/factory-12.webp\"\/><\/p>\n<p><img decoding=\"async\" src=\"\/wp-content\/uploads\/factory-13.webp\"\/><\/p>\n<p><img decoding=\"async\" src=\"\/wp-content\/uploads\/factory-14.webp\"\/><\/p>\n<h2>KKK<\/h2>\n<p><b>1.Mis on alumiiniumist ekstrusiooni p\u00e4evalille alumiiniumprofiil?<\/b><\/p>\n<p>Alumiiniumist ekstrusioonist p\u00e4ikeselillega alumiiniumprofiil on spetsiaalselt p\u00e4ikeselillekujuliste ribadega projekteeritud jahutusprofiil, mis on optimeeritud t\u00f5husaks soojuse hajutamiseks elektroonilistes ja t\u00f6\u00f6stuslikes rakendustes.\n<\/p>\n<p><\/p>\n<p><b>2.Millised on Sunfloweri alumiiniumprofiilide kasutamise eelised?<\/b><\/p>\n<p>Sunfloweri alumiiniumprofiilid pakuvad suurep\u00e4rast soojuse hajutamist, kerget struktuuri, korrosioonikindlust ja suurt tugevust, mist\u00f5ttu on need ideaalsed jahutuss\u00fcsteemide ja LED-rakenduste jaoks.\n<\/p>\n<p><\/p>\n<p><b>3.Kuidas parandab p\u00e4ikeselillede konstruktsioon soojuse hajutamist?<\/b><\/p>\n<p>P\u00e4ikesekujundus suurendab pindala, parandab \u00f5huvoolu ja maksimeerib soojuse hajutamise t\u00f5husust alumiiniumist ekstrusioonk\u00fctte rakendustes.\n<\/p>\n<p><\/p>\n<p><b>4.Kas alumiiniumist ekstrusiooni p\u00e4evalilleprofiil on kohandatav?<\/b><\/p>\n<p>Jah, Sunfloweri alumiiniumprofiile saab kohandada l\u00e4bim\u00f5\u00f5du, ribade struktuuri, pinna viimistluse ja sulami koostise poolest, et vastata konkreetsetele termilistele ja disainin\u00f5uetele.\n<\/p>\n<p><\/p>\n<p><b>5.Millised t\u00f6\u00f6stusharud kasutavad tavaliselt p\u00e4evalille alumiiniumist ekstrusiooniprofiile?<\/b><\/p>\n<p>Neid profiile kasutatakse laialdaselt LED-valgustuses, j\u00f5uelektroonikas, autokomponentides ja taastuvenergias\u00fcsteemides t\u00e4nu nende suurep\u00e4rasele soojusjuhtimisele.\n<\/p>\n<p><\/p>\n<p><b>6.Millised pinnaviimistlused on saadaval Sunfloweri alumiiniumprofiilidele?<\/b><\/p>\n<p>Tavalised viimistlusviisid on anodeerimine, pulberv\u00e4rvimine ja liivapritsimine, mis parandavad alumiiniumprofiili korrosioonikindlust ja v\u00e4limust.\n<\/p>\n<p><\/p>\n<p><b>7.Kas p\u00e4evalille alumiiniumprofiilid on keskkonnas\u00f5bralikud?<\/b><\/p>\n<p>Jah, taaskasutatavast alumiiniumist valmistatud Sunfloweri ekstrusiooniprofiilid toetavad s\u00e4\u00e4stvat tootmist ja keskkonnas\u00f5bralikku tootekujundust.\n<\/p>\n<p><\/p>\n<p><b>8.Kui vastupidavad on alumiiniumist p\u00e4ikesekiirguse soojuss\u00f5lme profiilid?<\/b><\/p>\n<p>Need on v\u00e4ga vastupidavad, tugeva kulumis-, korrosiooni- ja deformatsioonikindlusega, tagades pikaajalise toimimise n\u00f5udlikes termilistes keskkondades.\n<\/p>\n<p><\/p>","protected":false},"featured_media":6205,"template":"","categories":[58],"class_list":["post-6213","product","type-product","status-publish","has-post-thumbnail","hentry","category-aluminium-extrusion-profiles"],"meta_box":{"hilight_text_group":{"product_hilight_text":"<li>Sunflower fin design maximizes surface area for superior heat dissipation<\/li>\r\r\n<li>Made from high-grade aluminum alloy for enhanced thermal conductivity<\/li>\r\r\n<li>Customizable dimensions and surface finishes to match specific application needs<\/li>\r\r\n<li>Lightweight yet structurally strong, ideal for industrial heat sink solutions<\/li>\r\r\n<li>Corrosion-resistant with anodized or powder-coated options for extended durability<\/li>\r\r\n<li>Efficient and cost-effective solution for LED lighting and electronic cooling systems<\/li>","product_chanpin_chanpin":"<li><a href=\"https:\/\/sinoextrud.com\/product\/aluminium-extrusion-wood-grain-aluminum-profile\/\" target=\"_blank\">Aluminium Extrusion Wood Grain Aluminum Profile<\/a><\/li>\r\n<li><a href=\"https:\/\/sinoextrud.com\/product\/aluminum-extrusion-u-channel-profiles\/\" target=\"_blank\">Aluminum Extrusion U Channel Profiles<\/a><\/li>\r\n<li><a href=\"https:\/\/sinoextrud.com\/product\/aluminum-extrusion-car-truck-aluminum-profile\/\" target=\"_blank\">Aluminum Extrusion Car & Truck Aluminum Profile<\/a><\/li>\r\n<li><a href=\"https:\/\/sinoextrud.com\/product\/aluminum-extrusion-aluminum-fence-panel-profile\/\" target=\"_blank\">Aluminum Extrusion Aluminum Fence Panel Profile<\/a><\/li>\r\n<li><a href=\"https:\/\/sinoextrud.com\/product\/aluminum-extrusion-sunflower-aluminum-profile\/\" target=\"_blank\">Aluminum Extrusion Sunflower Aluminum Profile<\/a><\/li>\r\n<li><a href=\"https:\/\/sinoextrud.com\/product\/aluminum-extrusion-aluminum-framing-profiles-for-sunroom\/\" target=\"_blank\">Aluminum Extrusion Aluminum Framing Profiles For Sunroom<\/a><\/li>\r\n<li><a href=\"https:\/\/sinoextrud.com\/product\/aluminum-extrusion-6063-large-diameter-aluminum-tube\/\" target=\"_blank\">Aluminum Extrusion 6063 Large Diameter Aluminum Tube<\/a><\/li>\r\n<li><a href=\"https:\/\/sinoextrud.com\/product\/aluminium-extrusion-3003-6082-7003-7075-aluminum-profile\/\" target=\"_blank\">Aluminium Extrusion 3003 6082 7003 7075 Aluminum Profile<\/a><\/li>\r\n<li><a href=\"https:\/\/sinoextrud.com\/product\/aluminum-extruded-aluminum-roofing-profiles\/\" target=\"_blank\">Aluminum Extruded Aluminum Roofing Profiles<\/a><\/li>\r\n<li><a href=\"https:\/\/sinoextrud.com\/product\/u-shaped-baffle-ceiling-system\/\" target=\"_blank\">U-Shaped Baffle Ceiling System<\/a><\/li>\r\n<li><a href=\"https:\/\/sinoextrud.com\/product\/extruded-aluminum-wood-grain-tube-profile\/\" target=\"_blank\">Extruded Aluminum Wood Grain Tube Profile<\/a><\/li>"},"feature_list":[]},"_links":{"self":[{"href":"https:\/\/sinoextrud.com\/et\/wp-json\/wp\/v2\/product\/6213","targetHints":{"allow":["GET"]}}],"collection":[{"href":"https:\/\/sinoextrud.com\/et\/wp-json\/wp\/v2\/product"}],"about":[{"href":"https:\/\/sinoextrud.com\/et\/wp-json\/wp\/v2\/types\/product"}],"wp:featuredmedia":[{"embeddable":true,"href":"https:\/\/sinoextrud.com\/et\/wp-json\/wp\/v2\/media\/6205"}],"wp:attachment":[{"href":"https:\/\/sinoextrud.com\/et\/wp-json\/wp\/v2\/media?parent=6213"}],"wp:term":[{"taxonomy":"category","embeddable":true,"href":"https:\/\/sinoextrud.com\/et\/wp-json\/wp\/v2\/categories?post=6213"}],"curies":[{"name":"wp","href":"https:\/\/api.w.org\/{rel}","templated":true}]}}