{"id":6196,"date":"2025-05-26T01:51:59","date_gmt":"2025-05-26T01:51:59","guid":{"rendered":"https:\/\/sinoextrud.com\/product\/aluminum-extrusion-blackboard-whiteboard-frame-aluminum-profiles\/"},"modified":"2025-06-24T03:54:52","modified_gmt":"2025-06-24T03:54:52","slug":"alumiinium-ekstrusioon-tahvel-tahvli-raam-alumiinium-profiilid","status":"publish","type":"product","link":"https:\/\/sinoextrud.com\/et\/product\/aluminum-extrusion-blackboard-whiteboard-frame-aluminum-profiles\/","title":{"rendered":"Alumiinium ekstrusioon tahvli Whiteboard Frame alumiinium profiilid"},"content":{"rendered":"<h2>Toodete \u00fcksikasjad<\/h2>\n<table class=\"custom-table\">\n<tr>\n<td class=\"label\">Toote nimi:<\/td>\n<td>Alumiinium ekstrusioon tahvli Whiteboard Frame alumiinium profiilid<\/td>\n<\/tr>\n<tr>\n<td class=\"label\">Toote t\u00fc\u00fcp: Toode:<\/td>\n<td>V: Alumiiniumist sise- ja v\u00e4lireklaamiraam;<br \/>B: Laste joonistuslaua raam alumiiniumist;<br \/>C: kontori kokkupandav ekraaniraam alumiiniumist;<br \/>D: Alumiiniumist konverentsi tahvliraami profiil, alumiiniumist klassiruumi tahvliprofiil<\/td>\n<\/tr>\n<tr>\n<td class=\"label\">Materjal:<\/td>\n<td>6063 alumiiniumisulam<\/td>\n<\/tr>\n<tr>\n<td class=\"label\">Pinnat\u00f6\u00f6tlus:<\/td>\n<td>Anodeeritud, pulberv\u00e4rvimine, pihustamine<\/td>\n<\/tr>\n<tr>\n<td class=\"label\">Suurused:<\/td>\n<td>20mm x 20mm, 30mm x 30mm, 40mm x 40mm v\u00f5i kohandamine.<\/td>\n<\/tr>\n<tr>\n<td class=\"label\">Paksus:<\/td>\n<td>Kohandatav; tavaline paksus on vahemikus 1,0 mm kuni 3,0 mm.<\/td>\n<\/tr>\n<tr>\n<td class=\"label\">Toote omadused:<\/td>\n<td>K\u00f5rge tugevus, kerge kaal, korrosioonikindlus, esteetiline v\u00e4limus<\/td>\n<\/tr>\n<tr>\n<td class=\"label\">Rakendused:<\/td>\n<td>Haridussektor, B\u00fcrookeskkonnad, Kodukaunistus<\/td>\n<\/tr>\n<tr>\n<td class=\"label\">Kvaliteedikontroll:<\/td>\n<td>Ranged kvaliteedikontrollid, sealhulgas tooraine kontroll, protsessi j\u00e4lgimine ja l\u00f5pptoote testimine.<\/td>\n<\/tr>\n<tr>\n<td class=\"label\">Pakend:<\/td>\n<td>Standardne ekspordipakend<\/td>\n<\/tr>\n<tr>\n<td class=\"label\">CNC-t\u00f6\u00f6tlemise teenused:<\/td>\n<td>Painutamine, keevitamine, keevitamine, stantsimine, l\u00f5ikamine, muu erit\u00f6\u00f6tlus<\/td>\n<\/tr>\n<tr>\n<td class=\"label\">Kohandamise teenused:<\/td>\n<td>Toetab ODM\/OEM, personaalsed lahendused vastavalt kliendi spetsifikatsioonidele<\/td>\n<\/tr>\n<tr>\n<td class=\"label\">Ettev\u00f5tte eelised:<\/td>\n<td>30-aastane t\u00f6\u00f6stuskogemus, \u00fchekordne teenus, paindlik kohandamine, professionaalne tehniline meeskond<\/td>\n<\/tr>\n<tr>\n<td class=\"label\">Kvaliteedi tagamine:<\/td>\n<td>P\u00fchendumine kvaliteetsetele toodetele koos rangete kvaliteedikontrollimeetmetega<\/td>\n<\/tr>\n<\/table>\n<h2>Meie tootmisbaas<\/h2>\n<h3>Tehase panoraam<\/h3>\n<p><img decoding=\"async\" src=\"\/wp-content\/uploads\/factory-01.webp\"\/><\/p>\n<h3>Alumiiniumvarraste tootmise t\u00f6\u00f6koda<\/h3>\n<p><img decoding=\"async\" src=\"\/wp-content\/uploads\/factory-02.webp\"\/><\/p>\n<p><img decoding=\"async\" src=\"\/wp-content\/uploads\/factory-03.webp\"\/><\/p>\n<h3>hallituse ladustamise ladu<\/h3>\n<p><img decoding=\"async\" src=\"\/wp-content\/uploads\/factory-04.webp\"\/><\/p>\n<h3>43 alumiiniumi ekstrusiooniliini (500-5500 tonni)<\/h3>\n<p><img decoding=\"async\" src=\"\/wp-content\/uploads\/factory-05.webp\"\/><\/p>\n<p><img decoding=\"async\" src=\"\/wp-content\/uploads\/factory-06.webp\"\/><\/p>\n<p><img decoding=\"async\" src=\"\/wp-content\/uploads\/factory-07.webp\"\/><\/p>\n<h3>Pulberv\u00e4rvimise t\u00f6\u00f6koda<\/h3>\n<p><img decoding=\"async\" src=\"\/wp-content\/uploads\/factory-09.webp\"\/><\/p>\n<h3>Anodiseerimise t\u00f6\u00f6koda<\/h3>\n<p><img decoding=\"async\" src=\"\/wp-content\/uploads\/factory-10.webp\"\/><\/p>\n<h3>S\u00fcgavt\u00f6\u00f6tlemise t\u00f6\u00f6tuba<\/h3>\n<p><img decoding=\"async\" src=\"\/wp-content\/uploads\/factory-11.webp\"\/><\/p>\n<h3>CNC-t\u00e4ppist\u00f6\u00f6tlemise t\u00f6\u00f6koda<\/h3>\n<p><img decoding=\"async\" src=\"\/wp-content\/uploads\/factory-11.5.webp\"\/><\/p>\n<h3>Valmistoodete ja ekspordi ladu<\/h3>\n<p><img decoding=\"async\" src=\"\/wp-content\/uploads\/factory-12.webp\"\/><\/p>\n<p><img decoding=\"async\" src=\"\/wp-content\/uploads\/factory-13.webp\"\/><\/p>\n<p><img decoding=\"async\" src=\"\/wp-content\/uploads\/factory-14.webp\"\/><\/p>\n<h2>KKK<\/h2>\n<p><p><b>1.Mis on alumiiniumist pressitud tahvliraami alumiiniumprofiilid? <\/b><\/p>\n<p> Need on spetsiaalselt projekteeritud pressitud alumiiniumprofiilid, mida kasutatakse tahvlite ja tahvlite raamimiseks, pakkudes struktuurilist tuge ja elegantset, vastupidavat piirdet.<br \/>\n<\/p><br \/>\n<br \/>\n<p><b>2.Millised on alumiiniumprofiilide kasutamise eelised tahvli- ja tahvliraamide jaoks? <\/b><\/p>\n<p> Alumiiniumprofiilid pakuvad kerget tugevust, korrosioonikindlust, puhast esteetikat ja pikaajalist vastupidavust haridus- ja kontoritahvlite jaoks.<br \/>\n<\/p><br \/>\n<br \/>\n<p><b>3.Miks valida alumiiniumist ekstrusioon tahvli ja tahvli raamide jaoks? <\/b><\/p>\n<p> Alumiiniumist ekstrusioon v\u00f5imaldab t\u00e4pset vormimist, siledaid pindu ja lihtsat kokkupanekut, mis muudab selle ideaalseks moodsate, professionaalse v\u00e4limusega lauaraamide jaoks.<br \/>\n<\/p><br \/>\n<br \/>\n<p><b>4.Kus kasutatakse tavaliselt alumiiniumplaadi raamiprofiile? <\/b><\/p>\n<p> Neid profiile kasutatakse klassiruumides, konverentsiruumides, kontorites ja koolituskeskustes tahvlite, tahvlite ja klaasist kirjutustahvlite raamimiseks.<br \/>\n<\/p><br \/>\n<br \/>\n<p><b>5.Kas alumiiniumist raamiprofiilid on korrosiooni- ja kulumiskindlad? <\/b><\/p>\n<p> Jah, alumiiniumplaadi raamiprofiilid on loomulikult korrosioonikindlad ja neid saab anodeerida v\u00f5i katta, et parandada pinna k\u00f5vadust ja vastupidavust.<br \/>\n<\/p><br \/>\n<br \/>\n<p><b>6.Kas alumiiniumist ekstrusioonilaua raame saab kohandada? <\/b><\/p>\n<p> Absoluutselt saab alumiiniumraamiprofiile kohandada kuju, paksuse, pikkuse, nurgakujunduse ja viimistluse poolest, et need sobiksid erinevate laudade t\u00fc\u00fcpide ja suurustega.<br \/>\n<\/p><br \/>\n<br \/>\n<p><b>7.Millised viimistlused on saadaval tahvlite ja tahvlite alumiiniumraamidele? <\/b><\/p>\n<p> Levinud viimistlused on anodeeritud h\u00f5bedane, mattmusta, pulberv\u00e4rvitud v\u00e4rvid ja harjatud pinnad nii funktsionaalsetel kui ka dekoratiivsetel eesm\u00e4rkidel.<br \/>\n<\/p><br \/>\n<br \/>\n<p><b>8.Kas alumiiniumprofiilid parandavad kirjutuslaudade v\u00e4limust? <\/b><\/p>\n<p> Jah, alumiiniumraamid annavad kaasaegse, puhta servaga v\u00e4limuse, mis parandab tahvlite ja tahvlite \u00fcldist v\u00e4limust ja professionaalsust.<br \/>\n<\/p><br \/>\n<br \/>\n<p><b>9.Kas alumiiniumist ekstrusioonplaadi raame on lihtne paigaldada? <\/b><\/p>\n<p> Jah, need on m\u00f5eldud lihtsaks kokkupanekuks, kasutades sageli nurgakinnitusi ja kinnitusklambreid kiireks ja turvaliseks paigaldamiseks.<br \/>\n<\/p><br \/>\n<br \/>\n<p><b>10.Kui vastupidavad on alumiiniumist pressitud tahvli- ja tahvliprofiilid? <\/b><\/p>\n<p> Need profiilid on v\u00e4ga vastupidavad, kriimustuskindlad ja vastupidavad igap\u00e4evasele kasutamisele tiheda liiklusega haridus- v\u00f5i kontorikeskkondades.<br \/>\n<\/p><br \/><\/p>","protected":false},"featured_media":6195,"template":"","categories":[58],"class_list":["post-6196","product","type-product","status-publish","has-post-thumbnail","hentry","category-aluminium-extrusion-profiles"],"meta_box":{"hilight_text_group":{"product_hilight_text":"<li>Lightweight and durable aluminum ensures long-lasting frame support<\/li>\r\r\n<li>Clean, professional appearance enhances board aesthetics<\/li>\r\r\n<li>Corrosion-resistant surface for classroom and office environments<\/li>\r\r\n<li>Easy to assemble and install with standard connectors<\/li>\r\r\n<li>Customizable sizes and finishes to fit various board designs<\/li>","product_chanpin_chanpin":"<li><a href=\"https:\/\/sinoextrud.com\/product\/aluminum-extrusion-aluminum-cladding-profile-wood-look-grain-aluminum-panels\/\" target=\"_blank\">Aluminum Extrusion Aluminum Cladding Profile Wood Look Grain Aluminum Panels<\/a><\/li>\r\n<li><a href=\"https:\/\/sinoextrud.com\/product\/aluminum-extrusion-6005-big-size-industrial-aluminum-profile\/\" target=\"_blank\">Aluminum Extrusion 6005 Big Size Industrial Aluminum Profile<\/a><\/li>\r\n<li><a href=\"https:\/\/sinoextrud.com\/product\/aluminum-extrusion-telescopic-tube-octagon-tube\/\" target=\"_blank\">Aluminum Extrusion Telescopic Tube Octagon Tube<\/a><\/li>\r\n<li><a href=\"https:\/\/sinoextrud.com\/product\/aluminum-extrusion-aluminum-roof-rack-profiles\/\" target=\"_blank\">Aluminum Extrusion Aluminum Roof Rack Profiles<\/a><\/li>\r\n<li><a href=\"https:\/\/sinoextrud.com\/product\/aluminum-extrusion-blackboard-whiteboard-frame-aluminum-profiles\/\" target=\"_blank\">Aluminum Extrusion Blackboard Whiteboard Frame Aluminum Profiles<\/a><\/li>\r\n<li><a href=\"https:\/\/sinoextrud.com\/product\/aluminium-extrusion-anodized-aluminum-profile\/\" target=\"_blank\">Aluminium Extrusion Anodized Aluminum Profile<\/a><\/li>\r\n<li><a href=\"https:\/\/sinoextrud.com\/product\/aluminium-extrusion-wood-grain-aluminum-profile\/\" target=\"_blank\">Aluminium Extrusion Wood Grain Aluminum Profile<\/a><\/li>\r\n<li><a href=\"https:\/\/sinoextrud.com\/product\/aluminum-extrusion-u-channel-profiles\/\" target=\"_blank\">Aluminum Extrusion U Channel Profiles<\/a><\/li>\r\n<li><a href=\"https:\/\/sinoextrud.com\/product\/aluminum-extrusion-car-truck-aluminum-profile\/\" target=\"_blank\">Aluminum Extrusion Car & Truck Aluminum Profile<\/a><\/li>\r\n<li><a href=\"https:\/\/sinoextrud.com\/product\/aluminum-sliding-door-frames-extrusion-profile-with-custom-shape-alloy-6063-for-furnitures-decoration\/\" target=\"_blank\">Aluminum Sliding Door Frames Extrusion Profile With Custom Shape Alloy 6063 For Furnitures Decoration<\/a><\/li>\r\n<li><a href=\"https:\/\/sinoextrud.com\/product\/slotted-aluminum-framing\/\" target=\"_blank\">Slotted Aluminum Framing<\/a><\/li>"},"feature_list":[]},"_links":{"self":[{"href":"https:\/\/sinoextrud.com\/et\/wp-json\/wp\/v2\/product\/6196","targetHints":{"allow":["GET"]}}],"collection":[{"href":"https:\/\/sinoextrud.com\/et\/wp-json\/wp\/v2\/product"}],"about":[{"href":"https:\/\/sinoextrud.com\/et\/wp-json\/wp\/v2\/types\/product"}],"wp:featuredmedia":[{"embeddable":true,"href":"https:\/\/sinoextrud.com\/et\/wp-json\/wp\/v2\/media\/6195"}],"wp:attachment":[{"href":"https:\/\/sinoextrud.com\/et\/wp-json\/wp\/v2\/media?parent=6196"}],"wp:term":[{"taxonomy":"category","embeddable":true,"href":"https:\/\/sinoextrud.com\/et\/wp-json\/wp\/v2\/categories?post=6196"}],"curies":[{"name":"wp","href":"https:\/\/api.w.org\/{rel}","templated":true}]}}