{"id":6194,"date":"2025-05-26T01:42:23","date_gmt":"2025-05-26T01:42:23","guid":{"rendered":"https:\/\/sinoextrud.com\/product\/aluminum-extrusion-aluminum-roof-rack-profiles\/"},"modified":"2025-06-24T03:54:50","modified_gmt":"2025-06-24T03:54:50","slug":"alumiiniumist-pressitud-alumiiniumist-katuseraamiprofiilid","status":"publish","type":"product","link":"https:\/\/sinoextrud.com\/et\/product\/aluminum-extrusion-aluminum-roof-rack-profiles\/","title":{"rendered":"Alumiiniumist ekstrusioon alumiiniumist katuseraami profiilid"},"content":{"rendered":"<h2>Toodete \u00fcksikasjad<\/h2>\n<table class=\"custom-table\">\n<tr>\n<td class=\"label\">Punkti<\/td>\n<td>Alumiiniumist ekstrusioon alumiiniumist katuseraami profiilid<\/td>\n<\/tr>\n<tr>\n<td class=\"label\">Materjal<\/td>\n<td>Kvaliteetsed alumiiniumisulamid, 6063\/6061\/6463\/6000 seeria<\/td>\n<\/tr>\n<tr>\n<td class=\"label\">Temper<\/td>\n<td>T4\/T5\/T6<\/td>\n<\/tr>\n<tr>\n<td class=\"label\">Rakendused<\/td>\n<td>Sobib s\u00f5iduautodele, veoautodele, kaubikutele, maasturitele, vaba aja veetmise ja kaubanduslikule kasutamisele.<\/td>\n<\/tr>\n<tr>\n<td class=\"label\">Disaini valikud<\/td>\n<td>Saadaval on p\u00fcsivad v\u00f5i eemaldatavad riiulid<\/td>\n<\/tr>\n<tr>\n<td class=\"label\">T\u00f6\u00f6tlemisteenused<\/td>\n<td>L\u00f5ikamine, stantsimine, puurimine, keermestamine, CNC-t\u00f6\u00f6tlemine, keevitamine, montaa\u017e<\/td>\n<\/tr>\n<tr>\n<td class=\"label\">Pinna t\u00f6\u00f6tlemine<\/td>\n<td>Anodeeritud, pulberv\u00e4rvimine, elektroforees, puidumass, harjatud, poleerimine<\/td>\n<\/tr>\n<tr>\n<td class=\"label\">Kvaliteedi tagamine<\/td>\n<td>Ranged kvaliteedikontrolli meetmed, mis \u00fcletavad t\u00f6\u00f6stusharu standardeid<\/td>\n<\/tr>\n<tr>\n<td class=\"label\">Kohandamine<\/td>\n<td>Kohandatud suurused ja kujud on saadaval vastavalt erin\u00f5uetele.<\/td>\n<\/tr>\n<tr>\n<td class=\"label\">Juhtumisaeg<\/td>\n<td>Kiire tootmis- ja tarneaeg<\/td>\n<\/tr>\n<tr>\n<td class=\"label\">Klienditugi<\/td>\n<td>Kiire ja s\u00f5bralik teenindus kogenud m\u00fc\u00fcgiinseneride poolt<\/td>\n<\/tr>\n<tr>\n<td class=\"label\">Reageerimisaeg<\/td>\n<td>12 tunni jooksul p\u00e4ringute ja hinnapakkumiste puhul<\/td>\n<\/tr>\n<tr>\n<td class=\"label\">Rahulolu garantii<\/td>\n<td>Klientide rahulolu ja vastastikuse kasvu tagamine koos klientidega<\/td>\n<\/tr>\n<\/table>\n<h2>Meie tootmisbaas<\/h2>\n<h3>Tehase panoraam<\/h3>\n<p><img decoding=\"async\" src=\"\/wp-content\/uploads\/factory-01.webp\"\/><\/p>\n<h3>Alumiiniumvarraste tootmise t\u00f6\u00f6koda<\/h3>\n<p><img decoding=\"async\" src=\"\/wp-content\/uploads\/factory-02.webp\"\/><\/p>\n<p><img decoding=\"async\" src=\"\/wp-content\/uploads\/factory-03.webp\"\/><\/p>\n<h3>hallituse ladustamise ladu<\/h3>\n<p><img decoding=\"async\" src=\"\/wp-content\/uploads\/factory-04.webp\"\/><\/p>\n<h3>43 alumiiniumi ekstrusiooniliini (500-5500 tonni)<\/h3>\n<p><img decoding=\"async\" src=\"\/wp-content\/uploads\/factory-05.webp\"\/><\/p>\n<p><img decoding=\"async\" src=\"\/wp-content\/uploads\/factory-06.webp\"\/><\/p>\n<p><img decoding=\"async\" src=\"\/wp-content\/uploads\/factory-07.webp\"\/><\/p>\n<h3>Pulberv\u00e4rvimise t\u00f6\u00f6koda<\/h3>\n<p><img decoding=\"async\" src=\"\/wp-content\/uploads\/factory-09.webp\"\/><\/p>\n<h3>Anodiseerimise t\u00f6\u00f6koda<\/h3>\n<p><img decoding=\"async\" src=\"\/wp-content\/uploads\/factory-10.webp\"\/><\/p>\n<h3>S\u00fcgavt\u00f6\u00f6tlemise t\u00f6\u00f6tuba<\/h3>\n<p><img decoding=\"async\" src=\"\/wp-content\/uploads\/factory-11.webp\"\/><\/p>\n<h3>CNC-t\u00e4ppist\u00f6\u00f6tlemise t\u00f6\u00f6koda<\/h3>\n<p><img decoding=\"async\" src=\"\/wp-content\/uploads\/factory-11.5.webp\"\/><\/p>\n<h3>Valmistoodete ja ekspordi ladu<\/h3>\n<p><img decoding=\"async\" src=\"\/wp-content\/uploads\/factory-12.webp\"\/><\/p>\n<p><img decoding=\"async\" src=\"\/wp-content\/uploads\/factory-13.webp\"\/><\/p>\n<p><img decoding=\"async\" src=\"\/wp-content\/uploads\/factory-14.webp\"\/><\/p>\n<h2>KKK<\/h2>\n<p><p><b>1.Mis on alumiiniumist pressitud alumiiniumist katuseraamiprofiilid? <\/b><\/p>\n<p> Need on spetsiaalselt katuseriiulide ehitamiseks m\u00f5eldud pressitud alumiiniumprofiilid, mis pakuvad kerget tugevust ja korrosioonikindlust s\u00f5idukile paigaldatud veos\u00fcsteemide jaoks.<br \/>\n<\/p><br \/>\n<br \/>\n<p><b>2.Millised on alumiiniumist pressitud katuseriiuli profiilide kasutamise eelised? <\/b><\/p>\n<p> Alumiiniumist katuseraamiprofiilid pakuvad suurt tugevuse ja kaalu suhet, ilmastikukindlust, lihtsat paigaldust ja elegantset v\u00e4limust nii \u00e4ri- kui ka eraisikutele.<br \/>\n<\/p><br \/>\n<br \/>\n<p><b>3.Miks valida alumiiniumist ekstrusiooni katusekattes\u00fcsteemide jaoks? <\/b><\/p>\n<p> Alumiinium on kerge, roostekindel ja vastupidav, mist\u00f5ttu sobib see ideaalselt pressitud katuseraamiprofiilide jaoks, mis peavad kandma suuri koormusi, lisamata s\u00f5iduki kaalu.<br \/>\n<\/p><br \/>\n<br \/>\n<p><b>4.Kus kasutatakse tavaliselt alumiiniumist katuseraamiprofiile? <\/b><\/p>\n<p> Neid profiile kasutatakse autode, maasturite, kaubikute ja veoautode katusekandjate s\u00fcsteemides kaubakastide, jalgrataste, kajakkide, p\u00e4ikesepaneelide ja kaubandusliku varustuse kandmiseks.<br \/>\n<\/p><br \/>\n<br \/>\n<p><b>5.Kas alumiiniumist ekstrusioonist katuseraamiprofiilid on ilmastikukindlad? <\/b><\/p>\n<p> Jah, alumiiniumist katuseraamiprofiilid on v\u00e4ga vastupidavad vihmale, UV-kiirgusele ja korrosioonile, mist\u00f5ttu sobivad need ideaalselt v\u00e4litingimustes ja maastikul.<br \/>\n<\/p><br \/>\n<br \/>\n<p><b>6.Kas alumiiniumist katuseraamiprofiile saab kohandada? <\/b><\/p>\n<p> Kindlasti saab neid kohandada pikkuse, ristl\u00f5ike kuju, pinnaviimistluse ja pesa kujunduse poolest, et need sobiksid erinevatele racks\u00fcsteemidele ja paigalduskonfiguratsioonidele.<br \/>\n<\/p><br \/>\n<br \/>\n<p><b>7.Kas alumiiniumist katuseraamiprofiilid kannavad suuri koormusi? <\/b><\/p>\n<p> Jah, pressitud alumiiniumprofiilid on konstrueeritud nii, et nad suudavad taluda m\u00e4rkimisv\u00e4\u00e4rset kaalu, s\u00e4ilitades samal ajal liikuvate s\u00f5idukite struktuurilise terviklikkuse.<br \/>\n<\/p><br \/>\n<br \/>\n<p><b>8.Millise viimistlusega on alumiiniumist katuseraamiprofiilid saadaval? <\/b><\/p>\n<p> Alumiiniumist katuseraamiprofiilid on saadaval anodeeritud, pulberv\u00e4rvitud ja freesitud viimistlusega, mis pakuvad nii kaitset kui ka visuaalset atraktiivsust.<br \/>\n<\/p><br \/>\n<br \/>\n<p><b>9.Kas alumiiniumist katuseraamiprofiile on lihtne paigaldada? <\/b><\/p>\n<p> Jah, enamik alumiiniumprofiile on projekteeritud eelpuuritud aukude, T-pesade v\u00f5i \u00fchilduvate paigalduss\u00fcsteemidega kiireks ja t\u00f6\u00f6riistas\u00f5bralikuks paigaldamiseks.<br \/>\n<\/p><br \/>\n<br \/>\n<p><b>10.Kuidas parandavad alumiiniumprofiilid katuseraami disaini? <\/b><\/p>\n<p> Need pakuvad modulaarsust, puhast esteetikat, vastupidavust ja \u00fchilduvust paljude lisaseadmetega, parandades nii katuseraami s\u00fcsteemide funktsionaalsust kui ka stiili.<br \/>\n<\/p><br \/><\/p>","protected":false},"featured_media":6193,"template":"","categories":[58],"class_list":["post-6194","product","type-product","status-publish","has-post-thumbnail","hentry","category-aluminium-extrusion-profiles"],"meta_box":{"hilight_text_group":{"product_hilight_text":"<li>High-strength aluminum ensures secure load-bearing capacity<\/li>\r\r\n<li>Lightweight design minimizes vehicle weight impact<\/li>\r\r\n<li>Corrosion-resistant for all-weather outdoor performance<\/li>\r\r\n<li>Aerodynamic profile reduces wind noise and drag<\/li>\r\r\n<li>Customizable lengths and mounting options for various vehicle models<\/li>","product_chanpin_chanpin":"<li><a href=\"https:\/\/sinoextrud.com\/product\/aluminum-profile-roller-blinds-rails\/\" target=\"_blank\">Aluminum Profile Roller Blinds Rails<\/a><\/li>\r\n<li><a href=\"https:\/\/sinoextrud.com\/product\/aluminum-extrusion-aluminum-cladding-profile-wood-look-grain-aluminum-panels\/\" target=\"_blank\">Aluminum Extrusion Aluminum Cladding Profile Wood Look Grain Aluminum Panels<\/a><\/li>\r\n<li><a href=\"https:\/\/sinoextrud.com\/product\/aluminum-extrusion-6005-big-size-industrial-aluminum-profile\/\" target=\"_blank\">Aluminum Extrusion 6005 Big Size Industrial Aluminum Profile<\/a><\/li>\r\n<li><a href=\"https:\/\/sinoextrud.com\/product\/aluminum-extrusion-telescopic-tube-octagon-tube\/\" target=\"_blank\">Aluminum Extrusion Telescopic Tube Octagon Tube<\/a><\/li>\r\n<li><a href=\"https:\/\/sinoextrud.com\/product\/aluminum-extrusion-aluminum-roof-rack-profiles\/\" target=\"_blank\">Aluminum Extrusion Aluminum Roof Rack Profiles<\/a><\/li>\r\n<li><a href=\"https:\/\/sinoextrud.com\/product\/aluminum-extrusion-blackboard-whiteboard-frame-aluminum-profiles\/\" target=\"_blank\">Aluminum Extrusion Blackboard Whiteboard Frame Aluminum Profiles<\/a><\/li>\r\n<li><a href=\"https:\/\/sinoextrud.com\/product\/aluminium-extrusion-anodized-aluminum-profile\/\" target=\"_blank\">Aluminium Extrusion Anodized Aluminum Profile<\/a><\/li>\r\n<li><a href=\"https:\/\/sinoextrud.com\/product\/aluminium-extrusion-wood-grain-aluminum-profile\/\" target=\"_blank\">Aluminium Extrusion Wood Grain Aluminum Profile<\/a><\/li>\r\n<li><a href=\"https:\/\/sinoextrud.com\/product\/aluminum-extrusion-u-channel-profiles\/\" target=\"_blank\">Aluminum Extrusion U Channel Profiles<\/a><\/li>\r\n<li><a href=\"https:\/\/sinoextrud.com\/product\/aluminium-pipes-tubes\/\" target=\"_blank\">Aluminium Pipes Tubes<\/a><\/li>\r\n<li><a href=\"https:\/\/sinoextrud.com\/product\/profile-square-aluminum-heat-sink\/\" target=\"_blank\">Profile Square Aluminum Heat Sink<\/a><\/li>"},"feature_list":[]},"_links":{"self":[{"href":"https:\/\/sinoextrud.com\/et\/wp-json\/wp\/v2\/product\/6194","targetHints":{"allow":["GET"]}}],"collection":[{"href":"https:\/\/sinoextrud.com\/et\/wp-json\/wp\/v2\/product"}],"about":[{"href":"https:\/\/sinoextrud.com\/et\/wp-json\/wp\/v2\/types\/product"}],"wp:featuredmedia":[{"embeddable":true,"href":"https:\/\/sinoextrud.com\/et\/wp-json\/wp\/v2\/media\/6193"}],"wp:attachment":[{"href":"https:\/\/sinoextrud.com\/et\/wp-json\/wp\/v2\/media?parent=6194"}],"wp:term":[{"taxonomy":"category","embeddable":true,"href":"https:\/\/sinoextrud.com\/et\/wp-json\/wp\/v2\/categories?post=6194"}],"curies":[{"name":"wp","href":"https:\/\/api.w.org\/{rel}","templated":true}]}}