{"id":6190,"date":"2025-05-26T01:34:23","date_gmt":"2025-05-26T01:34:23","guid":{"rendered":"https:\/\/sinoextrud.com\/product\/aluminum-extrusion-6005-big-size-industrial-aluminum-profile\/"},"modified":"2025-06-24T03:54:46","modified_gmt":"2025-06-24T03:54:46","slug":"alumiinium-ekstrusioon-6005-suure-suurusega-toostuslik-alumiiniumprofiil","status":"publish","type":"product","link":"https:\/\/sinoextrud.com\/et\/product\/aluminum-extrusion-6005-big-size-industrial-aluminum-profile\/","title":{"rendered":"Alumiinium ekstrusioon 6005 Big Size Industrial Alumiinium profiil"},"content":{"rendered":"<h2>Toodete \u00fcksikasjad<\/h2>\n<table class=\"custom-table\">\n<tr>\n<td class=\"label\">Toote nimi<\/td>\n<td>Alumiinium ekstrusioon 6005 Big Size Industrial Alumiinium profiil<\/td>\n<\/tr>\n<tr>\n<td class=\"label\">Materjal<\/td>\n<td>6000 seeria, 6005 alumiiniumprofiil<\/td>\n<\/tr>\n<tr>\n<td class=\"label\">Tootevalik<\/td>\n<td>Alumiiniumi ekstrusioon t\u00f6\u00f6stuslikele alumiiniumprofiilidele, suurte alumiiniumprofiilide, masinate seadmete alumiiniumprofiilide jne jaoks.<\/td>\n<\/tr>\n<tr>\n<td class=\"label\">Kuju<\/td>\n<td>Kohandamine<\/td>\n<\/tr>\n<tr>\n<td class=\"label\">Taotlus<\/td>\n<td>Ehitus, transport, masinad ja seadmed jne<\/td>\n<\/tr>\n<tr>\n<td class=\"label\">Pinnat\u00f6\u00f6tlus<\/td>\n<td>freesitud, anodeeritud, puidumass, elektripinnakate, liivapritsimine, elektroforees, harjatud, poleerimine jne.<\/td>\n<\/tr>\n<tr>\n<td class=\"label\">CNC s\u00fcgavt\u00f6\u00f6tlemine<\/td>\n<td>l\u00f5ikamine, puurimine, mehaaniline t\u00f6\u00f6tlemine, stantsimine, painutamine, keermestamine jne.<\/td>\n<\/tr>\n<tr>\n<td class=\"label\">Standard<\/td>\n<td>Keskmine ja k\u00f5rge kvaliteet<\/td>\n<\/tr>\n<tr>\n<td class=\"label\">Sertifikaadid<\/td>\n<td>CE, ISO, SGS, TUV, ROHS<\/td>\n<\/tr>\n<tr>\n<td class=\"label\">Proovid<\/td>\n<td>tasuta proov. 1-3 p\u00e4eva jooksul toimetatakse teile.<\/td>\n<\/tr>\n<tr>\n<td class=\"label\">MOQ<\/td>\n<td>200 kg iga profiili kohta<\/td>\n<\/tr>\n<tr>\n<td class=\"label\">Tarneaeg<\/td>\n<td>Umbes 15-21 p\u00e4eva.<\/td>\n<\/tr>\n<tr>\n<td class=\"label\">Maksetingimused<\/td>\n<td>30% tagatisraha enne tootmist ja saldo enne saatmist.<\/td>\n<\/tr>\n<\/table>\n<h2>Meie tootmisbaas<\/h2>\n<h3>Tehase panoraam<\/h3>\n<p><img decoding=\"async\" src=\"\/wp-content\/uploads\/factory-01.webp\"\/><\/p>\n<h3>Alumiiniumvarraste tootmise t\u00f6\u00f6koda<\/h3>\n<p><img decoding=\"async\" src=\"\/wp-content\/uploads\/factory-02.webp\"\/><\/p>\n<p><img decoding=\"async\" src=\"\/wp-content\/uploads\/factory-03.webp\"\/><\/p>\n<h3>hallituse ladustamise ladu<\/h3>\n<p><img decoding=\"async\" src=\"\/wp-content\/uploads\/factory-04.webp\"\/><\/p>\n<h3>43 alumiiniumi ekstrusiooniliini (500-5500 tonni)<\/h3>\n<p><img decoding=\"async\" src=\"\/wp-content\/uploads\/factory-05.webp\"\/><\/p>\n<p><img decoding=\"async\" src=\"\/wp-content\/uploads\/factory-06.webp\"\/><\/p>\n<p><img decoding=\"async\" src=\"\/wp-content\/uploads\/factory-07.webp\"\/><\/p>\n<h3>Pulberv\u00e4rvimise t\u00f6\u00f6koda<\/h3>\n<p><img decoding=\"async\" src=\"\/wp-content\/uploads\/factory-09.webp\"\/><\/p>\n<h3>Anodiseerimise t\u00f6\u00f6koda<\/h3>\n<p><img decoding=\"async\" src=\"\/wp-content\/uploads\/factory-10.webp\"\/><\/p>\n<h3>S\u00fcgavt\u00f6\u00f6tlemise t\u00f6\u00f6tuba<\/h3>\n<p><img decoding=\"async\" src=\"\/wp-content\/uploads\/factory-11.webp\"\/><\/p>\n<h3>CNC-t\u00e4ppist\u00f6\u00f6tlemise t\u00f6\u00f6koda<\/h3>\n<p><img decoding=\"async\" src=\"\/wp-content\/uploads\/factory-11.5.webp\"\/><\/p>\n<h3>Valmistoodete ja ekspordi ladu<\/h3>\n<p><img decoding=\"async\" src=\"\/wp-content\/uploads\/factory-12.webp\"\/><\/p>\n<p><img decoding=\"async\" src=\"\/wp-content\/uploads\/factory-13.webp\"\/><\/p>\n<p><img decoding=\"async\" src=\"\/wp-content\/uploads\/factory-14.webp\"\/><\/p>\n<h2>KKK<\/h2>\n<p><p><b>1.Mis on alumiinium ekstrusioon 6005 suures suuruses t\u00f6\u00f6stuslik alumiiniumprofiil? <\/b><\/p>\n<p> See on 6005 sulamist valmistatud suurem\u00f5\u00f5tmeline pressitud alumiiniumprofiil, mis on m\u00f5eldud tugevust, vastupidavust ja korrosioonikindlust n\u00f5udvate raskete t\u00f6\u00f6stuslike rakenduste jaoks.<br \/>\n<\/p><br \/>\n<br \/>\n<p><b>2.Millised on 6005 alumiiniumi kasutamise eelised suurte t\u00f6\u00f6stuslike profiilide jaoks? <\/b><\/p>\n<p> Alumiinium 6005 pakub suurep\u00e4rast mehaanilist tugevust, head korrosioonikindlust ja suurep\u00e4rast keevitatavust, mist\u00f5ttu on see ideaalne konstruktsiooni- ja t\u00f6\u00f6stuslikuks kasutamiseks.<br \/>\n<\/p><br \/>\n<br \/>\n<p><b>3.Miks valida suure suurusega t\u00f6\u00f6stuslikud alumiiniumprofiilid 6005 sulamist? <\/b><\/p>\n<p> Suurem\u00f5\u00f5tmelised 6005 alumiiniumsulamist profiilid tagavad suurema kandev\u00f5ime ja j\u00e4ikuse n\u00f5udlike rakenduste jaoks, nagu transport, automaatika ja ehitus.<br \/>\n<\/p><br \/>\n<br \/>\n<p><b>4.Kus kasutatakse tavaliselt 6005 suures suuruses alumiiniumist ekstrusiooniprofiile? <\/b><\/p>\n<p> Neid profiile kasutatakse t\u00f6\u00f6stusplatvormides, masina raamides, transpordiseadmetes, p\u00e4ikeseenergia paigalduss\u00fcsteemides ja struktuuriraamides.<br \/>\n<\/p><br \/>\n<br \/>\n<p><b>5.Kui tugev on 6005 alumiiniumist ekstrusiooniprofiilid? <\/b><\/p>\n<p> Alumiinium 6005 annab keskmise kuni k\u00f5rge tugevuse koos hea sitkusega, mis sobib rakendusteks, kus on oluline nii struktuuriline terviklikkus kui ka vormitavus.<br \/>\n<\/p><br \/>\n<br \/>\n<p><b>6.Kas 6005 alumiinium on korrosioonikindel? <\/b><\/p>\n<p> Jah, 6005 alumiiniumil on hea korrosioonikindlus, eriti v\u00e4lis- ja t\u00f6\u00f6stuskeskkonnas, ning seda saab t\u00e4iendava kaitse tagamiseks anodeerida.<br \/>\n<\/p><br \/>\n<br \/>\n<p><b>7.Kas 6005 suures suuruses alumiiniumprofiile saab kohandada? <\/b><\/p>\n<p> Kindlasti saab 6005 t\u00f6\u00f6stuslikke alumiiniumprofiile ekstrudeerida eri suuruste, seinapaksuste ja kujuga, et t\u00e4ita konkreetseid tehnilisi n\u00f5udeid.<br \/>\n<\/p><br \/>\n<br \/>\n<p><b>8.Kas suured 6005 alumiiniumprofiilid sobivad keevitamiseks ja mehaaniliseks t\u00f6\u00f6tlemiseks? <\/b><\/p>\n<p> Jah, 6005 alumiinium on suurep\u00e4rase keevitatavuse ja hea mehaanilisusega, mist\u00f5ttu sobib see ideaalselt keeruliste t\u00f6\u00f6stuslike konstruktsioonide valmistamiseks.<br \/>\n<\/p><br \/>\n<br \/>\n<p><b>9.Millised pinnaviimistlused on saadaval 6005 alumiiniumprofiilidele? <\/b><\/p>\n<p> Viimistlused h\u00f5lmavad freesitud, anodeeritud, pulberv\u00e4rvitud ja liivapritsitud viimistlusi, mis pakuvad nii funktsionaalset kaitset kui ka visuaalset atraktiivsust.<br \/>\n<\/p><br \/>\n<br \/>\n<p><b>10.Kas 6005 suured alumiiniumprofiilid toetavad rasket t\u00f6\u00f6stuslikku kasutamist? <\/b><\/p>\n<p> Jah, nende tugevus, j\u00e4ikus ja kohandatav konstruktsioon muudavad need ideaalselt sobivaks suure koormusega raskete rakenduste jaoks erinevates t\u00f6\u00f6stussektorites.<br \/>\n<\/p><br \/><\/p>","protected":false},"featured_media":6188,"template":"","categories":[58],"class_list":["post-6190","product","type-product","status-publish","has-post-thumbnail","hentry","category-aluminium-extrusion-profiles"],"meta_box":{"hilight_text_group":{"product_hilight_text":"<li>Made from 6005 alloy, offering high strength and good corrosion resistance<\/li>\r\r\n<li>Designed for heavy-duty industrial applications and large structures<\/li>\r\r\n<li>Excellent machinability and weldability for complex assemblies<\/li>\r\r\n<li>Supports custom extrusion shapes and large cross-sections<\/li>\r\r\n<li>Ideal for automation, transportation, and structural frameworks<\/li>","product_chanpin_chanpin":"<li><a href=\"https:\/\/sinoextrud.com\/product\/aluminium-extrusion-11-5m-ultra-long-mill-finished-profiles\/\" target=\"_blank\">Aluminium Extrusion 11.5m Ultra-long Mill Finished Profiles<\/a><\/li>\r\n<li><a href=\"https:\/\/sinoextrud.com\/product\/aluminium-u-channel\/\" target=\"_blank\">Aluminium U Channel<\/a><\/li>\r\n<li><a href=\"https:\/\/sinoextrud.com\/product\/aluminum-profile-roller-blinds-rails\/\" target=\"_blank\">Aluminum Profile Roller Blinds Rails<\/a><\/li>\r\n<li><a href=\"https:\/\/sinoextrud.com\/product\/aluminum-extrusion-aluminum-cladding-profile-wood-look-grain-aluminum-panels\/\" target=\"_blank\">Aluminum Extrusion Aluminum Cladding Profile Wood Look Grain Aluminum Panels<\/a><\/li>\r\n<li><a href=\"https:\/\/sinoextrud.com\/product\/aluminum-extrusion-6005-big-size-industrial-aluminum-profile\/\" target=\"_blank\">Aluminum Extrusion 6005 Big Size Industrial Aluminum Profile<\/a><\/li>\r\n<li><a href=\"https:\/\/sinoextrud.com\/product\/aluminum-extrusion-telescopic-tube-octagon-tube\/\" target=\"_blank\">Aluminum Extrusion Telescopic Tube Octagon Tube<\/a><\/li>\r\n<li><a href=\"https:\/\/sinoextrud.com\/product\/aluminum-extrusion-aluminum-roof-rack-profiles\/\" target=\"_blank\">Aluminum Extrusion Aluminum Roof Rack Profiles<\/a><\/li>\r\n<li><a href=\"https:\/\/sinoextrud.com\/product\/aluminum-extrusion-blackboard-whiteboard-frame-aluminum-profiles\/\" target=\"_blank\">Aluminum Extrusion Blackboard Whiteboard Frame Aluminum Profiles<\/a><\/li>\r\n<li><a href=\"https:\/\/sinoextrud.com\/product\/aluminium-extrusion-anodized-aluminum-profile\/\" target=\"_blank\">Aluminium Extrusion Anodized Aluminum Profile<\/a><\/li>\r\n<li><a href=\"https:\/\/sinoextrud.com\/product\/cnc-aluminium-profile\/\" target=\"_blank\">CNC aluminium profile<\/a><\/li>\r\n<li><a href=\"https:\/\/sinoextrud.com\/product\/aluminum-extrusion-2024-aluminum-profile\/\" target=\"_blank\">Aluminum Extrusion 2024 Aluminum Profile<\/a><\/li>"},"feature_list":[]},"_links":{"self":[{"href":"https:\/\/sinoextrud.com\/et\/wp-json\/wp\/v2\/product\/6190","targetHints":{"allow":["GET"]}}],"collection":[{"href":"https:\/\/sinoextrud.com\/et\/wp-json\/wp\/v2\/product"}],"about":[{"href":"https:\/\/sinoextrud.com\/et\/wp-json\/wp\/v2\/types\/product"}],"wp:featuredmedia":[{"embeddable":true,"href":"https:\/\/sinoextrud.com\/et\/wp-json\/wp\/v2\/media\/6188"}],"wp:attachment":[{"href":"https:\/\/sinoextrud.com\/et\/wp-json\/wp\/v2\/media?parent=6190"}],"wp:term":[{"taxonomy":"category","embeddable":true,"href":"https:\/\/sinoextrud.com\/et\/wp-json\/wp\/v2\/categories?post=6190"}],"curies":[{"name":"wp","href":"https:\/\/api.w.org\/{rel}","templated":true}]}}