{"id":6182,"date":"2025-05-25T15:47:57","date_gmt":"2025-05-25T15:47:57","guid":{"rendered":"https:\/\/sinoextrud.com\/product\/aluminum-profile-roller-blinds-rails\/"},"modified":"2025-06-24T03:54:42","modified_gmt":"2025-06-24T03:54:42","slug":"alumiiniumprofiilist-ruloode-roopad-roopad","status":"publish","type":"product","link":"https:\/\/sinoextrud.com\/et\/product\/aluminum-profile-roller-blinds-rails\/","title":{"rendered":"Alumiiniumprofiili ruloode relsid Rails"},"content":{"rendered":"<h2>Toodete \u00fcksikasjad<\/h2>\n<table class=\"custom-table\">\n<tr>\n<td class=\"label\">Toote nimi<\/td>\n<td>Alumiiniumprofiiliga ruloode relsid<\/td>\n<\/tr>\n<tr>\n<td class=\"label\">Tootevalik<\/td>\n<td>alumiiniumprofiilid alumiiniumist kardinaraja r\u00f6\u00f6bastee, kardinaraja rajad, alumiiniumist kardinaraja rada, ruloo alumiinium juhtrada, konveieri juhtrada, kardinaraide alumiinium, ruloode k\u00fclgmised r\u00f6\u00f6pad, alumiinium kardinaraide, l\u00fckanduksed alumiinium juhtrada, sulgur raudtee juhtkonveier, jne.<\/td>\n<\/tr>\n<tr>\n<td class=\"label\">Tootet\u00fc\u00fcbid<\/td>\n<td>alumiinium r\u00f6\u00f6bastee profiilid, raudtee konveier, kardinar\u00f6\u00f6pad alumiiniumisulamist, lineaarne rihma juhtr\u00f6\u00f6pad, slaidirull rippuvad, liugukser\u00f6\u00f6pad jne.<\/td>\n<\/tr>\n<tr>\n<td class=\"label\">Alumiiniumsulam<\/td>\n<td>1000-seeria, 200-seeria, 3000-seeria, 5000-seeria, 6000-seeria, 7000-seeria<\/td>\n<\/tr>\n<tr>\n<td class=\"label\">Temper<\/td>\n<td>T3-T8<\/td>\n<\/tr>\n<tr>\n<td class=\"label\">Kuju<\/td>\n<td>kohandamine<\/td>\n<\/tr>\n<tr>\n<td class=\"label\">V\u00e4rv<\/td>\n<td>kohandamine<\/td>\n<\/tr>\n<tr>\n<td class=\"label\">Pinnat\u00f6\u00f6tlus<\/td>\n<td>freesitud, anodeeritud, puidumass, elektripinnakate, liivapritsimine, elektroforees, harjatud, poleerimine jne.<\/td>\n<\/tr>\n<tr>\n<td class=\"label\">CNC s\u00fcgavt\u00f6\u00f6tlemine<\/td>\n<td>l\u00f5ikamine, puurimine, mehaaniline t\u00f6\u00f6tlemine, stantsimine, painutamine, koputades jne.<\/td>\n<\/tr>\n<tr>\n<td class=\"label\">Sertifikaadid<\/td>\n<td>CE, ISO, SGS, TUV, ROHS<\/td>\n<\/tr>\n<tr>\n<td class=\"label\">Proovid<\/td>\n<td>tasuta proov. 1-3 p\u00e4eva jooksul toimetatakse teile.<\/td>\n<\/tr>\n<tr>\n<td class=\"label\">MOQ<\/td>\n<td>200 kg iga profiili kohta<\/td>\n<\/tr>\n<tr>\n<td class=\"label\">Tarneaeg<\/td>\n<td>Vormi v\u00e4ljat\u00f6\u00f6tamine ja n\u00e4idise konformatsioon on 12-15 p\u00e4eva, seej\u00e4rel tootmisperiood on 15-25 p\u00e4eva p\u00e4rast ostjalt tagatisraha saamist.<\/td>\n<\/tr>\n<tr>\n<td class=\"label\">Maksetingimused<\/td>\n<td>30% tagatisraha enne tootmist ja saldo enne saatmist.<\/td>\n<\/tr>\n<\/table>\n<h2>Meie tootmisbaas<\/h2>\n<h3>Tehase panoraam<\/h3>\n<p><img decoding=\"async\" src=\"\/wp-content\/uploads\/factory-01.webp\"\/><\/p>\n<h3>Alumiiniumvarraste tootmise t\u00f6\u00f6koda<\/h3>\n<p><img decoding=\"async\" src=\"\/wp-content\/uploads\/factory-02.webp\"\/><\/p>\n<p><img decoding=\"async\" src=\"\/wp-content\/uploads\/factory-03.webp\"\/><\/p>\n<h3>hallituse ladustamise ladu<\/h3>\n<p><img decoding=\"async\" src=\"\/wp-content\/uploads\/factory-04.webp\"\/><\/p>\n<h3>43 alumiiniumi ekstrusiooniliini (500-5500 tonni)<\/h3>\n<p><img decoding=\"async\" src=\"\/wp-content\/uploads\/factory-05.webp\"\/><\/p>\n<p><img decoding=\"async\" src=\"\/wp-content\/uploads\/factory-06.webp\"\/><\/p>\n<p><img decoding=\"async\" src=\"\/wp-content\/uploads\/factory-07.webp\"\/><\/p>\n<h3>Pulberv\u00e4rvimise t\u00f6\u00f6koda<\/h3>\n<p><img decoding=\"async\" src=\"\/wp-content\/uploads\/factory-09.webp\"\/><\/p>\n<h3>Anodiseerimise t\u00f6\u00f6koda<\/h3>\n<p><img decoding=\"async\" src=\"\/wp-content\/uploads\/factory-10.webp\"\/><\/p>\n<h3>S\u00fcgavt\u00f6\u00f6tlemise t\u00f6\u00f6tuba<\/h3>\n<p><img decoding=\"async\" src=\"\/wp-content\/uploads\/factory-11.webp\"\/><\/p>\n<h3>CNC-t\u00e4ppist\u00f6\u00f6tlemise t\u00f6\u00f6koda<\/h3>\n<p><img decoding=\"async\" src=\"\/wp-content\/uploads\/factory-11.5.webp\"\/><\/p>\n<h3>Valmistoodete ja ekspordi ladu<\/h3>\n<p><img decoding=\"async\" src=\"\/wp-content\/uploads\/factory-12.webp\"\/><\/p>\n<p><img decoding=\"async\" src=\"\/wp-content\/uploads\/factory-13.webp\"\/><\/p>\n<p><img decoding=\"async\" src=\"\/wp-content\/uploads\/factory-14.webp\"\/><\/p>\n<h2>KKK<\/h2>\n<p><p><b>1.Mis on alumiiniumprofiiliga ruloode r\u00f6\u00f6pad? <\/b><\/p>\n<p> Alumiiniumprofiiliga ruloode r\u00f6\u00f6pad on pressitud alumiiniumist r\u00f6\u00f6pad, mis on m\u00f5eldud akende varjutuss\u00fcsteemide ruloode toetamiseks ja juhtimiseks.<br \/>\n<\/p><br \/>\n<br \/>\n<p><b>2.Millised on ruloode alumiiniumist r\u00f6\u00f6baste kasutamise eelised? <\/b><\/p>\n<p> Alumiiniumist r\u00f6\u00f6pad pakuvad kerget vastupidavust, korrosioonikindlust, sujuvat toimimist ja elegantset v\u00e4limust kaasaegsete ruloos\u00fcsteemide jaoks.<br \/>\n<\/p><br \/>\n<br \/>\n<p><b>3.Miks valida ruloode jaoks alumiiniumprofiili r\u00f6\u00f6paid? <\/b><\/p>\n<p> Alumiiniumprofiilidest r\u00f6\u00f6pad pakuvad tugevat struktuurilist tuge, neid on lihtne paigaldada ning need s\u00e4ilitavad puhta ja minimaalse v\u00e4limuse elamu- ja \u00e4riruumides.<br \/>\n<\/p><br \/>\n<br \/>\n<p><b>4.Kas alumiiniumist ruloode r\u00f6\u00f6pad sobivad k\u00f5ikide ruloode t\u00fc\u00fcpide jaoks? <\/b><\/p>\n<p> Jah, alumiiniumprofiili r\u00f6\u00f6pad \u00fchilduvad k\u00e4sitsi ja mootoriga ruloodega ning neid saab kohandada erinevate aknasuuruste ja -mehhanismide jaoks.<br \/>\n<\/p><br \/>\n<br \/>\n<p><b>5.Kas alumiiniumist ruloode r\u00f6\u00f6paid saab kohandada? <\/b><\/p>\n<p> Kindlasti saab alumiiniumist ruloode r\u00f6\u00f6paid pressida eri kujude, pikkuste ja viimistlustega, et need vastaksid konkreetsetele disaini- ja paigaldusn\u00f5uetele.<br \/>\n<\/p><br \/>\n<br \/>\n<p><b>6.Kas alumiiniumprofiilide r\u00f6\u00f6be ja kulumine on vastupidav? <\/b><\/p>\n<p> Jah, alumiiniumist ruloode ribad on korrosioonikindlad ja sobivad ideaalselt pikaajaliseks kasutamiseks niiskes v\u00f5i p\u00e4ikesele avatud keskkonnas.<br \/>\n<\/p><br \/>\n<br \/>\n<p><b>7.Kas alumiiniumist r\u00f5dud parandavad ruloode funktsionaalsust? <\/b><\/p>\n<p> Jah, t\u00e4ppistehnoloogilised alumiiniumist r\u00f6\u00f6pad tagavad sujuvama veeremise, v\u00e4hendatud m\u00fcra ja t\u00e4iustatud joonduse, mis tagab t\u00f5husa varjutusv\u00f5ime.<br \/>\n<\/p><br \/>\n<br \/>\n<p><b>8.Millised viimistlused on saadaval alumiiniumist ruloode profiilide jaoks? <\/b><\/p>\n<p> Alumiiniumist ruloode r\u00f6\u00f6paid on saadaval anodeeritud, pulberv\u00e4rvitud v\u00f5i v\u00e4rvitud viimistlusega, mis sobivad aknaraamide ja sisekujundusega.<br \/>\n<\/p><br \/>\n<br \/>\n<p><b>9.Kui lihtne on paigaldada alumiiniumprofiilist ruloode r\u00f6\u00f6paid? <\/b><\/p>\n<p> Alumiiniumist r\u00f6\u00f6pad on kerged ja eelt\u00f6\u00f6deldud, et neid oleks lihtne ja kiire paigaldada kinnitusklambrite v\u00f5i klambrite abil.<br \/>\n<\/p><br \/>\n<br \/>\n<p><b>10.Kus kasutatakse tavaliselt alumiiniumprofiilist ruloode r\u00f6\u00f6paid? <\/b><\/p>\n<p> Neid r\u00f6\u00f6paid kasutatakse kodudes, kontorites, hotellides ja \u00e4rihoonetes akende varjutamiseks, privaatsuse tagamiseks ja energiat\u00f5hususe tagamiseks.<br \/>\n<\/p><br \/><\/p>","protected":false},"featured_media":6181,"template":"","categories":[58],"class_list":["post-6182","product","type-product","status-publish","has-post-thumbnail","hentry","category-aluminium-extrusion-profiles"],"meta_box":{"hilight_text_group":{"product_hilight_text":"<li>Lightweight and durable aluminum ensures smooth blind operation<\/li>\r\r\n<li>Corrosion-resistant surface ideal for indoor and outdoor use<\/li>\r\r\n<li>Supports manual and motorized roller blind systems<\/li>\r\r\n<li>Custom lengths and finishes available for various window sizes<\/li>\r\r\n<li>Sleek design enhances modern interior aesthetics<\/li>","product_chanpin_chanpin":"<li><a href=\"https:\/\/sinoextrud.com\/product\/aluminium-extrusion-wood-grain-outdoor-louver-aluminum-profile\/\" target=\"_blank\">Aluminium Extrusion Wood Grain Outdoor Louver Aluminum Profile<\/a><\/li>\r\n<li><a href=\"https:\/\/sinoextrud.com\/product\/aluminium-extrusion-caravan-awning-aluminum-profile\/\" target=\"_blank\">Aluminium Extrusion Caravan Awning Aluminum Profile<\/a><\/li>\r\n<li><a href=\"https:\/\/sinoextrud.com\/product\/aluminium-extrusion-11-5m-ultra-long-mill-finished-profiles\/\" target=\"_blank\">Aluminium Extrusion 11.5m Ultra-long Mill Finished Profiles<\/a><\/li>\r\n<li><a href=\"https:\/\/sinoextrud.com\/product\/aluminium-u-channel\/\" target=\"_blank\">Aluminium U Channel<\/a><\/li>\r\n<li><a href=\"https:\/\/sinoextrud.com\/product\/aluminum-profile-roller-blinds-rails\/\" target=\"_blank\">Aluminum Profile Roller Blinds Rails<\/a><\/li>\r\n<li><a href=\"https:\/\/sinoextrud.com\/product\/aluminum-extrusion-aluminum-cladding-profile-wood-look-grain-aluminum-panels\/\" target=\"_blank\">Aluminum Extrusion Aluminum Cladding Profile Wood Look Grain Aluminum Panels<\/a><\/li>\r\n<li><a href=\"https:\/\/sinoextrud.com\/product\/aluminum-extrusion-6005-big-size-industrial-aluminum-profile\/\" target=\"_blank\">Aluminum Extrusion 6005 Big Size Industrial Aluminum Profile<\/a><\/li>\r\n<li><a href=\"https:\/\/sinoextrud.com\/product\/aluminum-extrusion-telescopic-tube-octagon-tube\/\" target=\"_blank\">Aluminum Extrusion Telescopic Tube Octagon Tube<\/a><\/li>\r\n<li><a href=\"https:\/\/sinoextrud.com\/product\/aluminum-extrusion-aluminum-roof-rack-profiles\/\" target=\"_blank\">Aluminum Extrusion Aluminum Roof Rack Profiles<\/a><\/li>\r\n<li><a href=\"https:\/\/sinoextrud.com\/product\/aluminum-window\/\" target=\"_blank\">Aluminum Window<\/a><\/li>\r\n<li><a href=\"https:\/\/sinoextrud.com\/product\/sliding-window-aluminum-window-track\/\" target=\"_blank\">Sliding Window Aluminum Window Track<\/a><\/li>"},"feature_list":[]},"_links":{"self":[{"href":"https:\/\/sinoextrud.com\/et\/wp-json\/wp\/v2\/product\/6182","targetHints":{"allow":["GET"]}}],"collection":[{"href":"https:\/\/sinoextrud.com\/et\/wp-json\/wp\/v2\/product"}],"about":[{"href":"https:\/\/sinoextrud.com\/et\/wp-json\/wp\/v2\/types\/product"}],"wp:featuredmedia":[{"embeddable":true,"href":"https:\/\/sinoextrud.com\/et\/wp-json\/wp\/v2\/media\/6181"}],"wp:attachment":[{"href":"https:\/\/sinoextrud.com\/et\/wp-json\/wp\/v2\/media?parent=6182"}],"wp:term":[{"taxonomy":"category","embeddable":true,"href":"https:\/\/sinoextrud.com\/et\/wp-json\/wp\/v2\/categories?post=6182"}],"curies":[{"name":"wp","href":"https:\/\/api.w.org\/{rel}","templated":true}]}}