{"id":6180,"date":"2025-05-25T15:45:18","date_gmt":"2025-05-25T15:45:18","guid":{"rendered":"https:\/\/sinoextrud.com\/product\/aluminium-u-channel\/"},"modified":"2025-06-24T03:54:40","modified_gmt":"2025-06-24T03:54:40","slug":"alumiiniumist-u-kanal","status":"publish","type":"product","link":"https:\/\/sinoextrud.com\/et\/product\/aluminium-u-channel\/","title":{"rendered":"Alumiiniumist U-kanal"},"content":{"rendered":"<h2>Toodete \u00fcksikasjad<\/h2>\n<table class=\"custom-table\">\n<tr>\n<td class=\"label\">Objekt:<\/td>\n<td>Alumiiniumist U-kanal<\/td>\n<\/tr>\n<tr>\n<td class=\"label\">Temperament:<\/td>\n<td>T3-T8<\/td>\n<\/tr>\n<tr>\n<td class=\"label\">Kuju:<\/td>\n<td>Kohandatud<\/td>\n<\/tr>\n<tr>\n<td class=\"label\">Materjal:<\/td>\n<td>6063<\/td>\n<\/tr>\n<tr>\n<td class=\"label\">V\u00e4rv:<\/td>\n<td>Kohandatud v\u00e4rv<\/td>\n<\/tr>\n<tr>\n<td class=\"label\">Tarneaeg:<\/td>\n<td>25-30 p\u00e4eva<\/td>\n<\/tr>\n<tr>\n<td class=\"label\">Makset\u00e4htaeg:<\/td>\n<td>30% tagatisraha, 70% saldo enne tarnimist<\/td>\n<\/tr>\n<tr>\n<td class=\"label\">Sadam:<\/td>\n<td>Guangzhou, Shenzhen<\/td>\n<\/tr>\n<tr>\n<td class=\"label\">Hinne:<\/td>\n<td>6000-seeria<\/td>\n<\/tr>\n<tr>\n<td class=\"label\">P\u00e4ritolukoht:<\/td>\n<td>Foshan, Guangdong<\/td>\n<\/tr>\n<tr>\n<td class=\"label\">Sulam v\u00f5i mitte:<\/td>\n<td>Sulam<\/td>\n<\/tr>\n<tr>\n<td class=\"label\">Br\u00e4ndi:<\/td>\n<td>ZHL<\/td>\n<\/tr>\n<tr>\n<td class=\"label\">Pinnat\u00f6\u00f6tlus:<\/td>\n<td>Anodeeritud, pulbriline, harjatud, liivapritsimine, puidumassid<\/td>\n<\/tr>\n<tr>\n<td class=\"label\">MOQ:<\/td>\n<td>200KG<\/td>\n<\/tr>\n<tr>\n<td class=\"label\">T\u00f6\u00f6tlemisteenus:<\/td>\n<td>Painutamine, keevitamine, keevitamine, stantsimine, l\u00f5ikamine<\/td>\n<\/tr>\n<tr>\n<td class=\"label\">Garantii:<\/td>\n<td>kliendi sertifikaat, nagu BV, Soncap, ISO<\/td>\n<\/tr>\n<\/table>\n<h2>Meie tootmisbaas<\/h2>\n<h3>Tehase panoraam<\/h3>\n<p><img decoding=\"async\" src=\"\/wp-content\/uploads\/factory-01.webp\"\/><\/p>\n<h3>Alumiiniumvarraste tootmise t\u00f6\u00f6koda<\/h3>\n<p><img decoding=\"async\" src=\"\/wp-content\/uploads\/factory-02.webp\"\/><\/p>\n<p><img decoding=\"async\" src=\"\/wp-content\/uploads\/factory-03.webp\"\/><\/p>\n<h3>hallituse ladustamise ladu<\/h3>\n<p><img decoding=\"async\" src=\"\/wp-content\/uploads\/factory-04.webp\"\/><\/p>\n<h3>43 alumiiniumi ekstrusiooniliini (500-5500 tonni)<\/h3>\n<p><img decoding=\"async\" src=\"\/wp-content\/uploads\/factory-05.webp\"\/><\/p>\n<p><img decoding=\"async\" src=\"\/wp-content\/uploads\/factory-06.webp\"\/><\/p>\n<p><img decoding=\"async\" src=\"\/wp-content\/uploads\/factory-07.webp\"\/><\/p>\n<h3>Pulberv\u00e4rvimise t\u00f6\u00f6koda<\/h3>\n<p><img decoding=\"async\" src=\"\/wp-content\/uploads\/factory-09.webp\"\/><\/p>\n<h3>Anodiseerimise t\u00f6\u00f6koda<\/h3>\n<p><img decoding=\"async\" src=\"\/wp-content\/uploads\/factory-10.webp\"\/><\/p>\n<h3>S\u00fcgavt\u00f6\u00f6tlemise t\u00f6\u00f6tuba<\/h3>\n<p><img decoding=\"async\" src=\"\/wp-content\/uploads\/factory-11.webp\"\/><\/p>\n<h3>CNC-t\u00e4ppist\u00f6\u00f6tlemise t\u00f6\u00f6koda<\/h3>\n<p><img decoding=\"async\" src=\"\/wp-content\/uploads\/factory-11.5.webp\"\/><\/p>\n<h3>Valmistoodete ja ekspordi ladu<\/h3>\n<p><img decoding=\"async\" src=\"\/wp-content\/uploads\/factory-12.webp\"\/><\/p>\n<p><img decoding=\"async\" src=\"\/wp-content\/uploads\/factory-13.webp\"\/><\/p>\n<p><img decoding=\"async\" src=\"\/wp-content\/uploads\/factory-14.webp\"\/><\/p>\n<h2>KKK<\/h2>\n<p><p><b>1.Mis on alumiiniumist U-kanal? <\/b><\/p>\n<p> Alumiiniumist U-kanal on U-kujuline pressitud alumiiniumprofiil, mida kasutatakse servakaitseks, konstruktsiooni raamimiseks, \u00e4\u00e4ristamiseks ja paigaldamiseks erinevates ehitus- ja t\u00f6\u00f6stusrakendustes.<br \/>\n<\/p><br \/>\n<br \/>\n<p><b>2.Millised on alumiiniumist U-kanalite kasutamise eelised? <\/b><\/p>\n<p> Alumiiniumist U-kanalid pakuvad kerget tugevust, korrosioonikindlust, lihtsat paigaldust ja puhast esteetikat nii sise- kui ka v\u00e4liskasutuses.<br \/>\n<\/p><br \/>\n<br \/>\n<p><b>3.Miks valida alumiinium U-kanali profiilide jaoks? <\/b><\/p>\n<p> Alumiinium on roostekindel, vastupidav, kergesti l\u00f5igatav ja t\u00f6\u00f6deldav ning sobib ideaalselt ehituses, tootmises ja dekoratiivsetes projektides kasutatavate U-kanalite jaoks.<br \/>\n<\/p><br \/>\n<br \/>\n<p><b>4.Kus kasutatakse tavaliselt alumiiniumist U-kanaleid? <\/b><\/p>\n<p> Alumiiniumist U-kanaleid kasutatakse laialdaselt klaasis\u00fcsteemides, paneelide raamides, LED-ribade korpustes, m\u00f6\u00f6bliesemete servades ja arhitektuurilises kattevarjunduses.<br \/>\n<\/p><br \/>\n<br \/>\n<p><b>5.Kas alumiiniumist U-kanal sobib v\u00e4litingimustes kasutamiseks? <\/b><\/p>\n<p> Jah, alumiiniumist U-kanalid on korrosioonikindlad ja neid saab anodeerida v\u00f5i pulberv\u00e4rvida, et suurendada vastupidavust v\u00e4litingimustes.<br \/>\n<\/p><br \/>\n<br \/>\n<p><b>6.Kas alumiiniumist U-kanaleid saab kohandada? <\/b><\/p>\n<p> Kindlasti saab alumiiniumist U-kanaleid ekstrudeerida eri suuruste, paksuste, pikkuste ja pinnaviimistlustega, et vastata konkreetsetele projektivajadustele.<br \/>\n<\/p><br \/>\n<br \/>\n<p><b>7.Kas alumiiniumist U-kanaleid on lihtne paigaldada? <\/b><\/p>\n<p> Jah, alumiiniumist U-kanaleid on lihtne t\u00f6\u00f6delda ja neid saab puurida, l\u00f5igata v\u00f5i paigaldada liimide v\u00f5i mehaaniliste kinnitusvahendite abil.<br \/>\n<\/p><br \/>\n<br \/>\n<p><b>8.Milliseid viimistlusviise on alumiiniumist U-kanalite puhul saadaval? <\/b><\/p>\n<p> Alumiiniumist U-kanalid on saadaval freesitud, anodeeritud, pulberv\u00e4rvitud v\u00f5i harjatud viimistlusega, mis sobivad nii funktsionaalsetele kui ka dekoratiivsetele rakendustele.<br \/>\n<\/p><br \/>\n<br \/>\n<p><b>9.Kas alumiiniumist U-kanalid pakuvad struktuurilist tuge? <\/b><\/p>\n<p> Jah, alumiiniumist U-kanalid pakuvad m\u00f5\u00f5dukat konstruktsioonilist tuge ja servade tugevdamist, eriti kergete raami- v\u00f5i liistus\u00fcsteemide puhul.<br \/>\n<\/p><br \/>\n<br \/>\n<p><b>10.Kuidas on alumiiniumist U-kanal v\u00f5rreldav teraskanaliga? <\/b><\/p>\n<p> Alumiiniumist U-kanalid on kergemad, korrosioonikindlamad ja kergemini k\u00e4sitsetavad kui teras, mist\u00f5ttu sobivad need ideaalselt mitte raskeveokitele ja v\u00e4litingimustes kasutamiseks.<br \/>\n<\/p><br \/><\/p>","protected":false},"featured_media":0,"template":"","categories":[58],"class_list":["post-6180","product","type-product","status-publish","hentry","category-aluminium-extrusion-profiles"],"meta_box":{"hilight_text_group":{"product_hilight_text":"<li>Simple U-shaped design for easy integration into various structures<\/li>\r\r\n<li>Lightweight yet strong, suitable for framing and edge protection<\/li>\r\r\n<li>Corrosion-resistant for indoor and outdoor applications<\/li>\r\r\n<li>Available in multiple sizes and finishes for diverse needs<\/li>\r\r\n<li>Easy to cut, drill, and install with standard tools<\/li>","product_chanpin_chanpin":"<li><a href=\"https:\/\/sinoextrud.com\/product\/aluminum-tube-framing\/\" target=\"_blank\">Aluminum Tube Framing<\/a><\/li>\r\n<li><a href=\"https:\/\/sinoextrud.com\/product\/aluminium-extrusion-wood-grain-outdoor-louver-aluminum-profile\/\" target=\"_blank\">Aluminium Extrusion Wood Grain Outdoor Louver Aluminum Profile<\/a><\/li>\r\n<li><a href=\"https:\/\/sinoextrud.com\/product\/aluminium-extrusion-caravan-awning-aluminum-profile\/\" target=\"_blank\">Aluminium Extrusion Caravan Awning Aluminum Profile<\/a><\/li>\r\n<li><a href=\"https:\/\/sinoextrud.com\/product\/aluminium-extrusion-11-5m-ultra-long-mill-finished-profiles\/\" target=\"_blank\">Aluminium Extrusion 11.5m Ultra-long Mill Finished Profiles<\/a><\/li>\r\n<li><a href=\"https:\/\/sinoextrud.com\/product\/aluminium-u-channel\/\" target=\"_blank\">Aluminium U Channel<\/a><\/li>\r\n<li><a href=\"https:\/\/sinoextrud.com\/product\/aluminum-profile-roller-blinds-rails\/\" target=\"_blank\">Aluminum Profile Roller Blinds Rails<\/a><\/li>\r\n<li><a href=\"https:\/\/sinoextrud.com\/product\/aluminum-extrusion-aluminum-cladding-profile-wood-look-grain-aluminum-panels\/\" target=\"_blank\">Aluminum Extrusion Aluminum Cladding Profile Wood Look Grain Aluminum Panels<\/a><\/li>\r\n<li><a href=\"https:\/\/sinoextrud.com\/product\/aluminum-extrusion-6005-big-size-industrial-aluminum-profile\/\" target=\"_blank\">Aluminum Extrusion 6005 Big Size Industrial Aluminum Profile<\/a><\/li>\r\n<li><a href=\"https:\/\/sinoextrud.com\/product\/aluminum-extrusion-telescopic-tube-octagon-tube\/\" target=\"_blank\">Aluminum Extrusion Telescopic Tube Octagon Tube<\/a><\/li>\r\n<li><a href=\"https:\/\/sinoextrud.com\/product\/t-slot-extruded-aluminum-profile-cutting-for-sale-by-weight-of-aluminum-section-open-extrusion-die\/\" target=\"_blank\">t slot extruded aluminum profile cutting for sale by weight of aluminum section open extrusion die<\/a><\/li>\r\n<li><a href=\"https:\/\/sinoextrud.com\/product\/c-shaped-wind-resistant-linear-ceiling-system\/\" target=\"_blank\">C-Shaped Wind-Resistant Linear Ceiling System<\/a><\/li>"},"feature_list":[]},"_links":{"self":[{"href":"https:\/\/sinoextrud.com\/et\/wp-json\/wp\/v2\/product\/6180","targetHints":{"allow":["GET"]}}],"collection":[{"href":"https:\/\/sinoextrud.com\/et\/wp-json\/wp\/v2\/product"}],"about":[{"href":"https:\/\/sinoextrud.com\/et\/wp-json\/wp\/v2\/types\/product"}],"wp:attachment":[{"href":"https:\/\/sinoextrud.com\/et\/wp-json\/wp\/v2\/media?parent=6180"}],"wp:term":[{"taxonomy":"category","embeddable":true,"href":"https:\/\/sinoextrud.com\/et\/wp-json\/wp\/v2\/categories?post=6180"}],"curies":[{"name":"wp","href":"https:\/\/api.w.org\/{rel}","templated":true}]}}