{"id":6174,"date":"2025-05-25T15:37:36","date_gmt":"2025-05-25T15:37:36","guid":{"rendered":"https:\/\/sinoextrud.com\/product\/aluminium-extrusion-wood-grain-outdoor-louver-aluminum-profile\/"},"modified":"2025-06-24T03:54:35","modified_gmt":"2025-06-24T03:54:35","slug":"alumiinium-ekstrusioon-puidust-teravilja-valjas-lamell-alumiiniumprofiil","status":"publish","type":"product","link":"https:\/\/sinoextrud.com\/et\/product\/aluminium-extrusion-wood-grain-outdoor-louver-aluminum-profile\/","title":{"rendered":"Alumiinium ekstrusioon puidust teravilja Outdoor Louver alumiiniumprofiil"},"content":{"rendered":"<h2>Toodete \u00fcksikasjad<\/h2>\n<table class=\"custom-table\">\n<tr>\n<td class=\"label\">Toote nimi<\/td>\n<td>Alumiinium ekstrusioon puidust teravilja Outdoor Louver alumiiniumprofiil<\/td>\n<\/tr>\n<tr>\n<td class=\"label\">Tootevalik<\/td>\n<td>alumiiniumprofiilid alumiiniumist v\u00e4litingimustes lamellid, alumiiniumist lamellide ekstrusioonid, kohandatud alumiiniumist v\u00e4litingimustes lamellid, puidust teravilja v\u00e4litingimustes lamellid alumiiniumprofiil, jne.<\/td>\n<\/tr>\n<tr>\n<td class=\"label\">Sobivad s\u00fcsteemid T\u00fc\u00fcbid<\/td>\n<td>alumiiniumsulamist alumiiniumist aknaluugid, alumiiniumist resti, alumiiniumist pergola Hiina, v\u00e4ljas alumiiniumist aknaluugid, alumiiniumist resti tara, ametco resti tara, resti puidust tara, resti puidust aiapaneelid, jne<\/td>\n<\/tr>\n<tr>\n<td class=\"label\">Alumiiniumsulam<\/td>\n<td>5000 seeria, 6000 seeria, 7000 seeria<\/td>\n<\/tr>\n<tr>\n<td class=\"label\">Temper<\/td>\n<td>T5-T8<\/td>\n<\/tr>\n<tr>\n<td class=\"label\">Kuju<\/td>\n<td>kohandamine<\/td>\n<\/tr>\n<tr>\n<td class=\"label\">V\u00e4rv<\/td>\n<td>Puidutera, pulberv\u00e4rvitud puidutera \u00fclekanne<\/td>\n<\/tr>\n<tr>\n<td class=\"label\">Pinnat\u00f6\u00f6tlus<\/td>\n<td>freesitud, anodeeritud, puidumass, pulberv\u00e4rvimine, liivapritsimine, elektroforeesimine, harjatud, poleerimine jne.<\/td>\n<\/tr>\n<tr>\n<td class=\"label\">CNC s\u00fcgavt\u00f6\u00f6tlemine<\/td>\n<td>l\u00f5ikamine, puurimine, mehaaniline t\u00f6\u00f6tlemine, stantsimine, painutamine, koputades jne.<\/td>\n<\/tr>\n<tr>\n<td class=\"label\">Sertifikaadid<\/td>\n<td>CE, ISO, SGS, TUV, ROHS<\/td>\n<\/tr>\n<tr>\n<td class=\"label\">Proovid<\/td>\n<td>tasuta proov. 1-3 p\u00e4eva jooksul toimetatakse teile.<\/td>\n<\/tr>\n<tr>\n<td class=\"label\">MOQ<\/td>\n<td>200 kg iga profiili kohta<\/td>\n<\/tr>\n<tr>\n<td class=\"label\">Tarneaeg<\/td>\n<td>Vormi v\u00e4ljat\u00f6\u00f6tamine ja n\u00e4idise konformatsioon on 12-15 p\u00e4eva, seej\u00e4rel tootmisperiood on 15-25 p\u00e4eva p\u00e4rast ostjalt tagatisraha saamist.<\/td>\n<\/tr>\n<tr>\n<td class=\"label\">Maksetingimused<\/td>\n<td>30% tagatisraha enne tootmist ja saldo enne saatmist.<\/td>\n<\/tr>\n<\/table>\n<h2>Meie tootmisbaas<\/h2>\n<h3>Tehase panoraam<\/h3>\n<p><img decoding=\"async\" src=\"\/wp-content\/uploads\/factory-01.webp\"\/><\/p>\n<h3>Alumiiniumvarraste tootmise t\u00f6\u00f6koda<\/h3>\n<p><img decoding=\"async\" src=\"\/wp-content\/uploads\/factory-02.webp\"\/><\/p>\n<p><img decoding=\"async\" src=\"\/wp-content\/uploads\/factory-03.webp\"\/><\/p>\n<h3>hallituse ladustamise ladu<\/h3>\n<p><img decoding=\"async\" src=\"\/wp-content\/uploads\/factory-04.webp\"\/><\/p>\n<h3>43 alumiiniumi ekstrusiooniliini (500-5500 tonni)<\/h3>\n<p><img decoding=\"async\" src=\"\/wp-content\/uploads\/factory-05.webp\"\/><\/p>\n<p><img decoding=\"async\" src=\"\/wp-content\/uploads\/factory-06.webp\"\/><\/p>\n<p><img decoding=\"async\" src=\"\/wp-content\/uploads\/factory-07.webp\"\/><\/p>\n<h3>Pulberv\u00e4rvimise t\u00f6\u00f6koda<\/h3>\n<p><img decoding=\"async\" src=\"\/wp-content\/uploads\/factory-09.webp\"\/><\/p>\n<h3>Anodiseerimise t\u00f6\u00f6koda<\/h3>\n<p><img decoding=\"async\" src=\"\/wp-content\/uploads\/factory-10.webp\"\/><\/p>\n<h3>S\u00fcgavt\u00f6\u00f6tlemise t\u00f6\u00f6tuba<\/h3>\n<p><img decoding=\"async\" src=\"\/wp-content\/uploads\/factory-11.webp\"\/><\/p>\n<h3>CNC-t\u00e4ppist\u00f6\u00f6tlemise t\u00f6\u00f6koda<\/h3>\n<p><img decoding=\"async\" src=\"\/wp-content\/uploads\/factory-11.5.webp\"\/><\/p>\n<h3>Valmistoodete ja ekspordi ladu<\/h3>\n<p><img decoding=\"async\" src=\"\/wp-content\/uploads\/factory-12.webp\"\/><\/p>\n<p><img decoding=\"async\" src=\"\/wp-content\/uploads\/factory-13.webp\"\/><\/p>\n<p><img decoding=\"async\" src=\"\/wp-content\/uploads\/factory-14.webp\"\/><\/p>\n<h2>KKK<\/h2>\n<p><p><b>1.Mis on alumiinium ekstrusiooni puidumassiivide v\u00e4litingimustes alumiiniumprofiil? <\/b><\/p>\n<p> See on pressitud alumiiniumprofiil, mis on m\u00f5eldud v\u00e4lisruumide ruloode jaoks, mis \u00fchendavad puidu v\u00e4limuse ja alumiiniumi vastupidavuse.<br \/>\n<\/p><br \/>\n<br \/>\n<p><b>2.Millised on puidumassiivsete alumiiniumprofiilide eelised? <\/b><\/p>\n<p> Puidumustriga alumiiniumist ribalauad pakuvad ilmastikukindlust, madalat hooldust, esteetilist v\u00e4limust ja pikaajalist toimivust v\u00e4litingimustes.<br \/>\n<\/p><br \/>\n<br \/>\n<p><b>3.Miks valida puitmaterjaliga alumiiniumist ekstrusioon ribade jaoks? <\/b><\/p>\n<p> Puidumustriga alumiiniumprofiil annab loomuliku puidu v\u00e4limuse ilma v\u00e4\u00e4ndumise, m\u00e4danemise v\u00f5i pleekimiseta ning tagab suurep\u00e4rase konstruktsioonilise terviklikkuse.<br \/>\n<\/p><br \/>\n<br \/>\n<p><b>4.Kus kasutatakse puidumassiivseid alumiiniumist v\u00e4litingimustes kasutatavaid ribasid? <\/b><\/p>\n<p> Neid profiile kasutatakse tavaliselt fassaadide, p\u00e4ikesevarjude, pergolade, tarade ja privaatsusekraanide puhul nii elamu- kui ka \u00e4riotstarbelistes v\u00e4lisprojektides.<br \/>\n<\/p><br \/>\n<br \/>\n<p><b>5.Kas alumiiniumist puitkonstruktsiooniga rippprofiilid on ilmastikukindlad? <\/b><\/p>\n<p> Jah, puidumassist alumiiniumist ribid on v\u00e4ga vastupidavad UV-kiirgusele, vihmale, niiskusele ja temperatuurimuutustele, mist\u00f5ttu sobivad need ideaalselt v\u00e4litingimustes kasutamiseks.<br \/>\n<\/p><br \/>\n<br \/>\n<p><b>6.Kas puidumassiivsed alumiiniumprofiilid vajavad hooldust? <\/b><\/p>\n<p> Ei, need on praktiliselt hooldusvabad, vajades ainult aeg-ajalt puhastamist, erinevalt ehtsast puidust, mis vajab regulaarset tihendamist v\u00f5i v\u00e4rvimist.<br \/>\n<\/p><br \/>\n<br \/>\n<p><b>7.Kas alumiiniumist ekstrusioonist ribid saab kohandada? <\/b><\/p>\n<p> Kindlasti saab neid kohandada kuju, suuruse, puidut\u00f6\u00f6tluse ja v\u00e4rvi poolest, et need vastaksid konkreetsetele arhitektuurilistele ja kujundusn\u00f5uetele.<br \/>\n<\/p><br \/>\n<br \/>\n<p><b>8.Kas alumiiniumist ribade puidumustriline viimistlus on vastupidav? <\/b><\/p>\n<p> Jah, puidumustrid kantakse peale t\u00e4iustatud pinnat\u00f6\u00f6tlustehnika abil, nagu pulberv\u00e4rvimine v\u00f5i termiline \u00fclekanne, mis tagab pikaajalise haardumise ja v\u00e4rvi stabiilsuse.<br \/>\n<\/p><br \/>\n<br \/>\n<p><b>9.Kas puidumustriga alumiiniumribad on keskkonnas\u00f5bralikud? <\/b><\/p>\n<p> Jah, alumiinium on taaskasutatav ja puidutooniga viimistlus v\u00e4hendab metsade raadamise vajadust, pakkudes j\u00e4tkusuutlikku alternatiivi looduslikule puidule.<br \/>\n<\/p><br \/>\n<br \/>\n<p><b>10.Kuidas parandavad puitstruktuuriga alumiiniumist ekstrusioonilipikud hoone esteetilisust? <\/b><\/p>\n<p> Need rulood annavad sooja, loodusliku puidu v\u00e4limuse, s\u00e4ilitades samas t\u00e4psete alumiiniumprofiilide puhtad jooned ja kaasaegse v\u00e4limuse.<br \/>\n<\/p><br \/><\/p>","protected":false},"featured_media":6173,"template":"","categories":[58],"class_list":["post-6174","product","type-product","status-publish","has-post-thumbnail","hentry","category-aluminium-extrusion-profiles"],"meta_box":{"hilight_text_group":{"product_hilight_text":"<li>Realistic wood grain finish combines aesthetics with durability<\/li>\r\r\n<li>Weather-resistant and corrosion-proof for outdoor use<\/li>\r\r\n<li>Lightweight aluminum structure ensures easy installation<\/li>\r\r\n<li>Low maintenance compared to real wood materials<\/li>\r\r\n<li>Custom profiles and colors available for architectural design needs<\/li>","product_chanpin_chanpin":"<li><a href=\"https:\/\/sinoextrud.com\/product\/extruded-aluminum-heatsink\/\" target=\"_blank\">Extruded Aluminum Heatsink<\/a><\/li>\r\n<li><a href=\"https:\/\/sinoextrud.com\/product\/aluminium-light-box-profile\/\" target=\"_blank\">Aluminium Light Box Profile<\/a><\/li>\r\n<li><a href=\"https:\/\/sinoextrud.com\/product\/aluminum-extrusion-gate-barrier-arm-aluminum-profile\/\" target=\"_blank\">Aluminum Extrusion Gate Barrier Arm Aluminum Profile<\/a><\/li>\r\n<li><a href=\"https:\/\/sinoextrud.com\/product\/aluminum-tube-framing\/\" target=\"_blank\">Aluminum Tube Framing<\/a><\/li>\r\n<li><a href=\"https:\/\/sinoextrud.com\/product\/aluminium-extrusion-wood-grain-outdoor-louver-aluminum-profile\/\" target=\"_blank\">Aluminium Extrusion Wood Grain Outdoor Louver Aluminum Profile<\/a><\/li>\r\n<li><a href=\"https:\/\/sinoextrud.com\/product\/aluminium-extrusion-caravan-awning-aluminum-profile\/\" target=\"_blank\">Aluminium Extrusion Caravan Awning Aluminum Profile<\/a><\/li>\r\n<li><a href=\"https:\/\/sinoextrud.com\/product\/aluminium-extrusion-11-5m-ultra-long-mill-finished-profiles\/\" target=\"_blank\">Aluminium Extrusion 11.5m Ultra-long Mill Finished Profiles<\/a><\/li>\r\n<li><a href=\"https:\/\/sinoextrud.com\/product\/aluminium-u-channel\/\" target=\"_blank\">Aluminium U Channel<\/a><\/li>\r\n<li><a href=\"https:\/\/sinoextrud.com\/product\/aluminum-profile-roller-blinds-rails\/\" target=\"_blank\">Aluminum Profile Roller Blinds Rails<\/a><\/li>\r\n<li><a href=\"https:\/\/sinoextrud.com\/product\/aluminum-curtain-wall-extrusions\/\" target=\"_blank\">Aluminum Curtain Wall Extrusions<\/a><\/li>\r\n<li><a href=\"https:\/\/sinoextrud.com\/product\/t-slot-aluminium-profile-extrusion-bulk-selling-98-pure-aluminum-price\/\" target=\"_blank\">t-slot aluminium profile extrusion bulk selling 98% pure aluminum price<\/a><\/li>"},"feature_list":[]},"_links":{"self":[{"href":"https:\/\/sinoextrud.com\/et\/wp-json\/wp\/v2\/product\/6174","targetHints":{"allow":["GET"]}}],"collection":[{"href":"https:\/\/sinoextrud.com\/et\/wp-json\/wp\/v2\/product"}],"about":[{"href":"https:\/\/sinoextrud.com\/et\/wp-json\/wp\/v2\/types\/product"}],"wp:featuredmedia":[{"embeddable":true,"href":"https:\/\/sinoextrud.com\/et\/wp-json\/wp\/v2\/media\/6173"}],"wp:attachment":[{"href":"https:\/\/sinoextrud.com\/et\/wp-json\/wp\/v2\/media?parent=6174"}],"wp:term":[{"taxonomy":"category","embeddable":true,"href":"https:\/\/sinoextrud.com\/et\/wp-json\/wp\/v2\/categories?post=6174"}],"curies":[{"name":"wp","href":"https:\/\/api.w.org\/{rel}","templated":true}]}}