{"id":6170,"date":"2025-05-25T15:05:39","date_gmt":"2025-05-25T15:05:39","guid":{"rendered":"https:\/\/sinoextrud.com\/product\/aluminum-extrusion-gate-barrier-arm-aluminum-profile\/"},"modified":"2025-06-24T03:54:32","modified_gmt":"2025-06-24T03:54:32","slug":"alumiiniumist-pressitud-varav-tokke-kae-alumiiniumprofiil","status":"publish","type":"product","link":"https:\/\/sinoextrud.com\/et\/product\/aluminum-extrusion-gate-barrier-arm-aluminum-profile\/","title":{"rendered":"Alumiinium ekstrusiooni v\u00e4rava t\u00f5kke k\u00e4e alumiiniumprofiil"},"content":{"rendered":"<h2>Toodete \u00fcksikasjad<\/h2>\n<table class=\"custom-table\">\n<tr>\n<td class=\"label\">Toote nimi<\/td>\n<td>Alumiinium ekstrusiooni v\u00e4rava t\u00f5kke k\u00e4e alumiiniumprofiil<\/td>\n<\/tr>\n<tr>\n<td class=\"label\">Tootevalik<\/td>\n<td>alumiinium ekstrusioon alumiiniumist t\u00f5kkepuu profiili, alumiinium toru, alumiinium poolus, jne.<\/td>\n<\/tr>\n<tr>\n<td class=\"label\">Kuju<\/td>\n<td>veerg, \u00fcmmargune v\u00f5i kohandamine<\/td>\n<\/tr>\n<tr>\n<td class=\"label\">Suurus<\/td>\n<td>kohandamine<\/td>\n<\/tr>\n<tr>\n<td class=\"label\">Taotlus<\/td>\n<td>Turvav\u00e4ravad ja t\u00f5kked, parkimiskontrollis\u00fcsteemid, teemaksupunktid ja maanteede juurdep\u00e4\u00e4su kontrolls\u00fcsteemid, tehaste sisse- ja v\u00e4ljap\u00e4\u00e4sud, piirikontrollipunktid.<\/td>\n<\/tr>\n<tr>\n<td class=\"label\">Pinnat\u00f6\u00f6tlus<\/td>\n<td>freesitud, anodeeritud, puidumass, elektripinnakate, liivapritsimine, elektroforees, harjatud, poleerimine jne.<\/td>\n<\/tr>\n<tr>\n<td class=\"label\">CNC s\u00fcgavt\u00f6\u00f6tlemine<\/td>\n<td>l\u00f5ikamine, puurimine, mehaaniline t\u00f6\u00f6tlemine, stantsimine, painutamine, keermestamine jne.<\/td>\n<\/tr>\n<tr>\n<td class=\"label\">Sertifikaadid<\/td>\n<td>CE, ISO, SGS, TUV, ROHS<\/td>\n<\/tr>\n<tr>\n<td class=\"label\">Proovid<\/td>\n<td>tasuta proov.<\/td>\n<\/tr>\n<tr>\n<td class=\"label\">MOQ<\/td>\n<td>200 kg iga profiili kohta<\/td>\n<\/tr>\n<tr>\n<td class=\"label\">Tarneaeg<\/td>\n<td>Vormi v\u00e4ljat\u00f6\u00f6tamine ja n\u00e4idise konformatsioon on 12-15 p\u00e4eva, seej\u00e4rel tootmisperiood on 15-25 p\u00e4eva p\u00e4rast ostjalt tagatisraha saamist.<\/td>\n<\/tr>\n<tr>\n<td class=\"label\">Maksetingimused<\/td>\n<td>30% tagatisraha enne tootmist ja saldo enne saatmist.<\/td>\n<\/tr>\n<\/table>\n<h2>Meie tootmisbaas<\/h2>\n<h3>Tehase panoraam<\/h3>\n<p><img decoding=\"async\" src=\"\/wp-content\/uploads\/factory-01.webp\"\/><\/p>\n<h3>Alumiiniumvarraste tootmise t\u00f6\u00f6koda<\/h3>\n<p><img decoding=\"async\" src=\"\/wp-content\/uploads\/factory-02.webp\"\/><\/p>\n<p><img decoding=\"async\" src=\"\/wp-content\/uploads\/factory-03.webp\"\/><\/p>\n<h3>hallituse ladustamise ladu<\/h3>\n<p><img decoding=\"async\" src=\"\/wp-content\/uploads\/factory-04.webp\"\/><\/p>\n<h3>43 alumiiniumi ekstrusiooniliini (500-5500 tonni)<\/h3>\n<p><img decoding=\"async\" src=\"\/wp-content\/uploads\/factory-05.webp\"\/><\/p>\n<p><img decoding=\"async\" src=\"\/wp-content\/uploads\/factory-06.webp\"\/><\/p>\n<p><img decoding=\"async\" src=\"\/wp-content\/uploads\/factory-07.webp\"\/><\/p>\n<h3>Pulberv\u00e4rvimise t\u00f6\u00f6koda<\/h3>\n<p><img decoding=\"async\" src=\"\/wp-content\/uploads\/factory-09.webp\"\/><\/p>\n<h3>Anodiseerimise t\u00f6\u00f6koda<\/h3>\n<p><img decoding=\"async\" src=\"\/wp-content\/uploads\/factory-10.webp\"\/><\/p>\n<h3>S\u00fcgavt\u00f6\u00f6tlemise t\u00f6\u00f6tuba<\/h3>\n<p><img decoding=\"async\" src=\"\/wp-content\/uploads\/factory-11.webp\"\/><\/p>\n<h3>CNC-t\u00e4ppist\u00f6\u00f6tlemise t\u00f6\u00f6koda<\/h3>\n<p><img decoding=\"async\" src=\"\/wp-content\/uploads\/factory-11.5.webp\"\/><\/p>\n<h3>Valmistoodete ja ekspordi ladu<\/h3>\n<p><img decoding=\"async\" src=\"\/wp-content\/uploads\/factory-12.webp\"\/><\/p>\n<p><img decoding=\"async\" src=\"\/wp-content\/uploads\/factory-13.webp\"\/><\/p>\n<p><img decoding=\"async\" src=\"\/wp-content\/uploads\/factory-14.webp\"\/><\/p>\n<h2>KKK<\/h2>\n<p><p><b>1.Mis on alumiiniumist ekstrusiooni v\u00e4rava t\u00f5kke k\u00e4e alumiiniumprofiil? <\/b><\/p>\n<p> Alumiiniumist pressitud v\u00e4rava t\u00f5kkeprofiil on spetsiaalselt projekteeritud alumiiniumist komponent, mida kasutatakse automaatsetes v\u00e4ravas\u00fcsteemides s\u00f5idukite juurdep\u00e4\u00e4su kontrolliva k\u00e4ena.<br \/>\n<\/p><br \/>\n<br \/>\n<p><b>2.Millised on alumiiniumprofiilide kasutamise eelised v\u00e4rava t\u00f5kkepuude jaoks? <\/b><\/p>\n<p> Alumiiniumist v\u00e4rava t\u00f5kkeprofiilid pakuvad kerget tugevust, korrosioonikindlust, vastupidavust ja lihtsat paigaldamist t\u00f5husate liikluskorralduss\u00fcsteemide jaoks.<br \/>\n<\/p><br \/>\n<br \/>\n<p><b>3.Miks valida alumiiniumist ekstrusiooni v\u00e4rava t\u00f5kke k\u00e4ed? <\/b><\/p>\n<p> Alumiiniumist ekstrusioon v\u00f5imaldab t\u00e4pset vormimist, suurt tugevuse ja kaalu suhet ning vastupidavust ilmastikutingimustele, mist\u00f5ttu on see ideaalne v\u00e4rava t\u00f5kkepuude jaoks, mida kasutatakse v\u00e4litingimustes.<br \/>\n<\/p><br \/>\n<br \/>\n<p><b>4.Kus kasutatakse tavaliselt alumiiniumist pressitud v\u00e4rava t\u00f5kkepuude k\u00e4si? <\/b><\/p>\n<p> Neid profiile kasutatakse laialdaselt parkimiss\u00fcsteemides, teemaksupunktides, turvav\u00e4ravates ja t\u00f6\u00f6stuslikes juurdep\u00e4\u00e4sukontrollis\u00fcsteemides s\u00f5idukite usaldusv\u00e4\u00e4rseks juhtimiseks.<br \/>\n<\/p><br \/>\n<br \/>\n<p><b>5.Kas v\u00e4rava t\u00f5kkepuu alumiiniumprofiilid on ilmastikukindlad? <\/b><\/p>\n<p> Jah, v\u00e4rava t\u00f5kkepuu alumiiniumprofiilid on loomulikult korrosioonikindlad ja neid saab anodeerida v\u00f5i pulberv\u00e4rvida, et parandada v\u00e4litingimustes toimimist.<br \/>\n<\/p><br \/>\n<br \/>\n<p><b>6.Kas alumiiniumist v\u00e4rava t\u00f5kkeprofiile saab kohandada? <\/b><\/p>\n<p> Absoluutselt saab alumiiniumist pressitud v\u00e4rava t\u00f5kkeprofiile kohandada pikkuse, ristl\u00f5ike, v\u00e4rvi ja helkurribade integreerimise osas ohutuse ja n\u00e4htavuse tagamiseks.<br \/>\n<\/p><br \/>\n<br \/>\n<p><b>7.Kui vastupidavad on alumiiniumist pressitud v\u00e4rava t\u00f5kkepuud? <\/b><\/p>\n<p> Alumiiniumist v\u00e4rava t\u00f5kkepuud on v\u00e4ga vastupidavad ja peavad vastu korduvatele liikumistele, keskkonnakoormusele ja mehaanilistele l\u00f6\u00f6kidele suure liiklusega piirkondades.<br \/>\n<\/p><br \/>\n<br \/>\n<p><b>8.Kas alumiiniumprofiilid v\u00e4rava t\u00f5kkepuude jaoks on kerged? <\/b><\/p>\n<p> Jah, alumiiniumprofiilid on oluliselt kergemad kui teras, v\u00e4hendades mootori koormust ja v\u00f5imaldades kiiremat ja sujuvamat v\u00e4ravavarre liikumist.<br \/>\n<\/p><br \/>\n<br \/>\n<p><b>9.Kas alumiiniumist v\u00e4rava t\u00f5kkepuud toetavad kiiret t\u00f6\u00f6d? <\/b><\/p>\n<p> Jah, alumiiniumprofiilide kerge kaal ja j\u00e4ikus muudavad need ideaalseks kiire toimega automaatsete v\u00e4ravate t\u00f5kkes\u00fcsteemide jaoks.<br \/>\n<\/p><br \/>\n<br \/>\n<p><b>10.Millised viimistlused on saadaval alumiiniumist pressitud v\u00e4rava t\u00f5kkepuude varrega? <\/b><\/p>\n<p> Alumiiniumist v\u00e4rava t\u00f5kkepuud v\u00f5ivad olla viimistletud anodeerimise, pulberv\u00e4rvimise v\u00f5i peegeldava lindiga, et suurendada vastupidavust, v\u00e4limust ja n\u00e4htavust.<br \/>\n<\/p><br \/><\/p>","protected":false},"featured_media":6169,"template":"","categories":[58],"class_list":["post-6170","product","type-product","status-publish","has-post-thumbnail","hentry","category-aluminium-extrusion-profiles"],"meta_box":{"hilight_text_group":{"product_hilight_text":"<li>High-strength aluminum ensures durability and impact resistance<\/li>\r\r\n<li>Lightweight design for smooth and efficient gate operation<\/li>\r\r\n<li>Corrosion-resistant coating suitable for outdoor environments<\/li>\r\r\n<li>Customizable length and profile for different barrier systems<\/li>\r\r\n<li>Supports reflective strips or LED integration for visibility<\/li>","product_chanpin_chanpin":"<li><a href=\"https:\/\/sinoextrud.com\/product\/anodized-small-aluminum-extrusions\/\" target=\"_blank\">Anodized Small Aluminum Extrusions<\/a><\/li>\r\n<li><a href=\"https:\/\/sinoextrud.com\/product\/t-slot-aluminium-extrusion-profile\/\" target=\"_blank\">T Slot Aluminium Extrusion Profile<\/a><\/li>\r\n<li><a href=\"https:\/\/sinoextrud.com\/product\/extruded-aluminum-heatsink\/\" target=\"_blank\">Extruded Aluminum Heatsink<\/a><\/li>\r\n<li><a href=\"https:\/\/sinoextrud.com\/product\/aluminium-light-box-profile\/\" target=\"_blank\">Aluminium Light Box Profile<\/a><\/li>\r\n<li><a href=\"https:\/\/sinoextrud.com\/product\/aluminum-extrusion-gate-barrier-arm-aluminum-profile\/\" target=\"_blank\">Aluminum Extrusion Gate Barrier Arm Aluminum Profile<\/a><\/li>\r\n<li><a href=\"https:\/\/sinoextrud.com\/product\/aluminum-tube-framing\/\" target=\"_blank\">Aluminum Tube Framing<\/a><\/li>\r\n<li><a href=\"https:\/\/sinoextrud.com\/product\/aluminium-extrusion-wood-grain-outdoor-louver-aluminum-profile\/\" target=\"_blank\">Aluminium Extrusion Wood Grain Outdoor Louver Aluminum Profile<\/a><\/li>\r\n<li><a href=\"https:\/\/sinoextrud.com\/product\/aluminium-extrusion-caravan-awning-aluminum-profile\/\" target=\"_blank\">Aluminium Extrusion Caravan Awning Aluminum Profile<\/a><\/li>\r\n<li><a href=\"https:\/\/sinoextrud.com\/product\/aluminium-extrusion-11-5m-ultra-long-mill-finished-profiles\/\" target=\"_blank\">Aluminium Extrusion 11.5m Ultra-long Mill Finished Profiles<\/a><\/li>\r\n<li><a href=\"https:\/\/sinoextrud.com\/product\/oval-aluminum-tube\/\" target=\"_blank\">Oval Aluminum Tube<\/a><\/li>\r\n<li><a href=\"https:\/\/sinoextrud.com\/product\/t-slot-aluminum-extursion\/\" target=\"_blank\">T-slot Aluminum Extursion<\/a><\/li>"},"feature_list":[]},"_links":{"self":[{"href":"https:\/\/sinoextrud.com\/et\/wp-json\/wp\/v2\/product\/6170","targetHints":{"allow":["GET"]}}],"collection":[{"href":"https:\/\/sinoextrud.com\/et\/wp-json\/wp\/v2\/product"}],"about":[{"href":"https:\/\/sinoextrud.com\/et\/wp-json\/wp\/v2\/types\/product"}],"wp:featuredmedia":[{"embeddable":true,"href":"https:\/\/sinoextrud.com\/et\/wp-json\/wp\/v2\/media\/6169"}],"wp:attachment":[{"href":"https:\/\/sinoextrud.com\/et\/wp-json\/wp\/v2\/media?parent=6170"}],"wp:term":[{"taxonomy":"category","embeddable":true,"href":"https:\/\/sinoextrud.com\/et\/wp-json\/wp\/v2\/categories?post=6170"}],"curies":[{"name":"wp","href":"https:\/\/api.w.org\/{rel}","templated":true}]}}