{"id":6158,"date":"2025-05-25T14:46:09","date_gmt":"2025-05-25T14:46:09","guid":{"rendered":"https:\/\/sinoextrud.com\/product\/aluminium-edge-trim-profiles\/"},"modified":"2025-06-24T03:54:20","modified_gmt":"2025-06-24T03:54:20","slug":"alumiiniumist-servaprofiilid","status":"publish","type":"product","link":"https:\/\/sinoextrud.com\/et\/product\/aluminium-edge-trim-profiles\/","title":{"rendered":"Alumiiniumist \u00e4\u00e4rteprofiilid"},"content":{"rendered":"<h2>Toodete \u00fcksikasjad<\/h2>\n<table class=\"custom-table\">\n<tr>\n<td class=\"label\">Toote nimi<\/td>\n<td>alumiiniumist servaprofiilid<\/td>\n<\/tr>\n<tr>\n<td class=\"label\">Tootevalik<\/td>\n<td>alumiiniumprofiilid alumiiniumist servade, alumiiniumist servaprofiilide, plaatide servade, metallist servade, servade jne jaoks.<\/td>\n<\/tr>\n<tr>\n<td class=\"label\">Sobivad s\u00fcsteemid T\u00fc\u00fcbid<\/td>\n<td>\u00dclimalt v\u00e4ike alumiiniumprofiil, \u00fcli\u00f5huke alumiiniumprofiil, servariba, parapet, kokkup\u00f5rkepiirang, kaitseriba, sisekujundus alumiiniumribad jne.<\/td>\n<\/tr>\n<tr>\n<td class=\"label\">Pinnat\u00f6\u00f6tlus<\/td>\n<td>freesitud, anodeeritud, puidumass, elektripinnakate, liivapritsimine, elektroforees, harjatud, poleerimine jne.<\/td>\n<\/tr>\n<tr>\n<td class=\"label\">CNC s\u00fcgavt\u00f6\u00f6tlemine<\/td>\n<td>l\u00f5ikamine, puurimine, mehaaniline t\u00f6\u00f6tlemine, stantsimine, painutamine, koputades jne.<\/td>\n<\/tr>\n<tr>\n<td class=\"label\">Sertifikaadid<\/td>\n<td>CE, ISO, SGS, TUV, ROHS<\/td>\n<\/tr>\n<tr>\n<td class=\"label\">Proovid<\/td>\n<td>tasuta proov. 1-3 p\u00e4eva jooksul toimetatakse teile.<\/td>\n<\/tr>\n<tr>\n<td class=\"label\">MOQ<\/td>\n<td>200 kg iga profiili kohta<\/td>\n<\/tr>\n<tr>\n<td class=\"label\">Tarneaeg<\/td>\n<td>Vormi v\u00e4ljat\u00f6\u00f6tamine ja n\u00e4idise konformatsioon on 12-15 p\u00e4eva, seej\u00e4rel tootmisperiood on 15-25 p\u00e4eva p\u00e4rast ostjalt tagatisraha saamist.<\/td>\n<\/tr>\n<tr>\n<td class=\"label\">Maksetingimused<\/td>\n<td>30% tagatisraha enne tootmist ja saldo enne saatmist.<\/td>\n<\/tr>\n<\/table>\n<h2>Meie tootmisbaas<\/h2>\n<h3>Tehase panoraam<\/h3>\n<p><img decoding=\"async\" src=\"\/wp-content\/uploads\/factory-01.webp\"\/><\/p>\n<h3>Alumiiniumvarraste tootmise t\u00f6\u00f6koda<\/h3>\n<p><img decoding=\"async\" src=\"\/wp-content\/uploads\/factory-02.webp\"\/><\/p>\n<p><img decoding=\"async\" src=\"\/wp-content\/uploads\/factory-03.webp\"\/><\/p>\n<h3>hallituse ladustamise ladu<\/h3>\n<p><img decoding=\"async\" src=\"\/wp-content\/uploads\/factory-04.webp\"\/><\/p>\n<h3>43 alumiiniumi ekstrusiooniliini (500-5500 tonni)<\/h3>\n<p><img decoding=\"async\" src=\"\/wp-content\/uploads\/factory-05.webp\"\/><\/p>\n<p><img decoding=\"async\" src=\"\/wp-content\/uploads\/factory-06.webp\"\/><\/p>\n<p><img decoding=\"async\" src=\"\/wp-content\/uploads\/factory-07.webp\"\/><\/p>\n<h3>Pulberv\u00e4rvimise t\u00f6\u00f6koda<\/h3>\n<p><img decoding=\"async\" src=\"\/wp-content\/uploads\/factory-09.webp\"\/><\/p>\n<h3>Anodiseerimise t\u00f6\u00f6koda<\/h3>\n<p><img decoding=\"async\" src=\"\/wp-content\/uploads\/factory-10.webp\"\/><\/p>\n<h3>S\u00fcgavt\u00f6\u00f6tlemise t\u00f6\u00f6tuba<\/h3>\n<p><img decoding=\"async\" src=\"\/wp-content\/uploads\/factory-11.webp\"\/><\/p>\n<h3>CNC-t\u00e4ppist\u00f6\u00f6tlemise t\u00f6\u00f6koda<\/h3>\n<p><img decoding=\"async\" src=\"\/wp-content\/uploads\/factory-11.5.webp\"\/><\/p>\n<h3>Valmistoodete ja ekspordi ladu<\/h3>\n<p><img decoding=\"async\" src=\"\/wp-content\/uploads\/factory-12.webp\"\/><\/p>\n<p><img decoding=\"async\" src=\"\/wp-content\/uploads\/factory-13.webp\"\/><\/p>\n<p><img decoding=\"async\" src=\"\/wp-content\/uploads\/factory-14.webp\"\/><\/p>\n<h2>KKK<\/h2>\n<p><p><b>1.Mis on alumiiniumist servaprofiilid? <\/b><\/p>\n<p> Alumiiniumist servaprofiilid on spetsiaalselt projekteeritud alumiiniumprofiilid, mida kasutatakse pindade, n\u00e4iteks plaatide, paneelide v\u00f5i t\u00f6\u00f6pindade servade viimistlemiseks ja kaitsmiseks.<br \/>\n<\/p><br \/>\n<br \/>\n<p><b>2.Millised on alumiiniumist servaprofiilide kasutamise eelised? <\/b><\/p>\n<p> Alumiiniumist servaprofiilid pakuvad puhast viimistlust, servade kaitset, korrosioonikindlust ja suuremat vastupidavust nii sise- kui ka v\u00e4lisrakendustes.<br \/>\n<\/p><br \/>\n<br \/>\n<p><b>3.Miks valida alumiiniumist servaprofiilid? <\/b><\/p>\n<p> Alumiinium on kerge, roostekindel, tugev ja kergesti valmistatav, mist\u00f5ttu sobib see ideaalselt servaprofiilideks elamutes, \u00e4ritegevuses ja t\u00f6\u00f6stuses.<br \/>\n<\/p><br \/>\n<br \/>\n<p><b>4.Kus kasutatakse tavaliselt alumiiniumist servaprofiile? <\/b><\/p>\n<p> Alumiiniumist servaprofiile kasutatakse laialdaselt plaatide paigaldamisel, seinapaneelide, m\u00f6\u00f6bli, p\u00f5randate ja dekoratiivsete pinnaservade puhul, et saavutada professionaalne v\u00e4ljan\u00e4gemine.<br \/>\n<\/p><br \/>\n<br \/>\n<p><b>5.Kas alumiiniumist servaprofiilid parandavad esteetikat? <\/b><\/p>\n<p> Jah, alumiiniumist servaprofiilid pakuvad elegantset, kaasaegset serva viimistlust, mis suurendab arhitektuuri- ja sisekujunduse visuaalset atraktiivsust ja v\u00e4\u00e4rtust.<br \/>\n<\/p><br \/>\n<br \/>\n<p><b>6.Kas alumiiniumist servakatted on korrosioonikindlad? <\/b><\/p>\n<p> Absoluutselt on alumiiniumist servaprofiilid v\u00e4ga korrosioonikindlad ja sobivad ideaalselt kasutamiseks niiskes, m\u00e4rjas v\u00f5i v\u00e4litingimustes.<br \/>\n<\/p><br \/>\n<br \/>\n<p><b>7.Kas alumiiniumist servaprofiile saab kohandada? <\/b><\/p>\n<p> Jah, alumiiniumist servaprofiilid on saadaval eri kujude, suuruste, v\u00e4rvide ja viimistlustega ning neid saab valmistada eritellimuse j\u00e4rgi, et vastata konkreetsetele disainivajadustele.<br \/>\n<\/p><br \/>\n<br \/>\n<p><b>8.Kas alumiiniumist servaprofiile on lihtne paigaldada? <\/b><\/p>\n<p> Jah, alumiiniumist \u00e4\u00e4ristusprofiilid on m\u00f5eldud lihtsaks paigaldamiseks liimide, kruvide v\u00f5i kl\u00f5pskinnituss\u00fcsteemide abil, mist\u00f5ttu sobivad need nii koduseks kui ka professionaalseks kasutamiseks.<br \/>\n<\/p><br \/>\n<br \/>\n<p><b>9.Milliseid viimistlusviise on alumiiniumist \u00e4\u00e4ristuste puhul saadaval? <\/b><\/p>\n<p> Alumiiniumist servakatted on anodeeritud, harjatud, pulberv\u00e4rvitud v\u00f5i poleeritud viimistlusega, et sobida erinevatele stiilidele ja funktsionaalsetele n\u00f5uetele.<br \/>\n<\/p><br \/>\n<br \/>\n<p><b>10.Kuidas kaitsevad alumiiniumist servaprofiilid pindu? <\/b><\/p>\n<p> Alumiiniumist servaprofiilid kaitsevad avatud servi l\u00f5henemise, niiskuse ja l\u00f6\u00f6gikahjustuste eest, tagades samas pinna pikaajalise vastupidavuse ja puhtad jooned.<br \/>\n<\/p><br \/><\/p>","protected":false},"featured_media":6157,"template":"","categories":[58],"class_list":["post-6158","product","type-product","status-publish","has-post-thumbnail","hentry","category-aluminium-extrusion-profiles"],"meta_box":{"hilight_text_group":{"product_hilight_text":"<li>Provides clean, finished edges for panels and surfaces<\/li>\r\r\n<li>Durable and corrosion-resistant for long-term use<\/li>\r\r\n<li>Easy to install with snap-in or adhesive options<\/li>\r\r\n<li>Available in various shapes and finishes to match design styles<\/li>\r\r\n<li>Protects edges from wear, impact, and moisture<\/li>","product_chanpin_chanpin":"<li><a href=\"https:\/\/sinoextrud.com\/product\/retractable-awning-aluminum-tube\/\" target=\"_blank\">Retractable Awning Aluminum Tube<\/a><\/li>\r\n<li><a href=\"https:\/\/sinoextrud.com\/product\/aluminum-sign-extrusions\/\" target=\"_blank\">Aluminum Sign Extrusions<\/a><\/li>\r\n<li><a href=\"https:\/\/sinoextrud.com\/product\/aluminium-extrusion-motor-body\/\" target=\"_blank\">Aluminium Extrusion Motor Body<\/a><\/li>\r\n<li><a href=\"https:\/\/sinoextrud.com\/product\/aluminium-extrusion-6082-5083-aluminum-alloy-profile\/\" target=\"_blank\">Aluminium Extrusion 6082 5083 Aluminum Alloy Profile<\/a><\/li>\r\n<li><a href=\"https:\/\/sinoextrud.com\/product\/aluminium-edge-trim-profiles\/\" target=\"_blank\">Aluminium Edge Trim Profiles<\/a><\/li>\r\n<li><a href=\"https:\/\/sinoextrud.com\/product\/led-plant-growth-light-aluminum-profile\/\" target=\"_blank\">Led Plant Growth Light Aluminum Profile<\/a><\/li>\r\n<li><a href=\"https:\/\/sinoextrud.com\/product\/anodized-small-aluminum-extrusions\/\" target=\"_blank\">Anodized Small Aluminum Extrusions<\/a><\/li>\r\n<li><a href=\"https:\/\/sinoextrud.com\/product\/t-slot-aluminium-extrusion-profile\/\" target=\"_blank\">T Slot Aluminium Extrusion Profile<\/a><\/li>\r\n<li><a href=\"https:\/\/sinoextrud.com\/product\/extruded-aluminum-heatsink\/\" target=\"_blank\">Extruded Aluminum Heatsink<\/a><\/li>\r\n<li><a href=\"https:\/\/sinoextrud.com\/product\/industrial-aluminum-extrusion\/\" target=\"_blank\">Industrial Aluminum Extrusion<\/a><\/li>\r\n<li><a href=\"https:\/\/sinoextrud.com\/product\/aluminium-profile-cutting\/\" target=\"_blank\">Aluminium Profile Cutting<\/a><\/li>"},"feature_list":[]},"_links":{"self":[{"href":"https:\/\/sinoextrud.com\/et\/wp-json\/wp\/v2\/product\/6158","targetHints":{"allow":["GET"]}}],"collection":[{"href":"https:\/\/sinoextrud.com\/et\/wp-json\/wp\/v2\/product"}],"about":[{"href":"https:\/\/sinoextrud.com\/et\/wp-json\/wp\/v2\/types\/product"}],"wp:featuredmedia":[{"embeddable":true,"href":"https:\/\/sinoextrud.com\/et\/wp-json\/wp\/v2\/media\/6157"}],"wp:attachment":[{"href":"https:\/\/sinoextrud.com\/et\/wp-json\/wp\/v2\/media?parent=6158"}],"wp:term":[{"taxonomy":"category","embeddable":true,"href":"https:\/\/sinoextrud.com\/et\/wp-json\/wp\/v2\/categories?post=6158"}],"curies":[{"name":"wp","href":"https:\/\/api.w.org\/{rel}","templated":true}]}}