{"id":6156,"date":"2025-05-25T14:43:40","date_gmt":"2025-05-25T14:43:40","guid":{"rendered":"https:\/\/sinoextrud.com\/product\/aluminium-extrusion-6082-5083-aluminum-alloy-profile\/"},"modified":"2025-06-24T03:54:17","modified_gmt":"2025-06-24T03:54:17","slug":"alumiinium-ekstrusioon-6082-5083-alumiiniumsulamist-profiil","status":"publish","type":"product","link":"https:\/\/sinoextrud.com\/et\/product\/aluminium-extrusion-6082-5083-aluminum-alloy-profile\/","title":{"rendered":"Alumiiniumi ekstrusioon 6082 5083 Alumiinium sulam profiil"},"content":{"rendered":"<h2>Toodete \u00fcksikasjad<\/h2>\n<table class=\"custom-table\">\n<tr>\n<td class=\"label\">Punkti<\/td>\n<td>Alumiiniumi ekstrusioon 6082 5083 Alumiinium sulam profiil<\/td>\n<\/tr>\n<tr>\n<td class=\"label\">Materjal<\/td>\n<td>Alumiinium 6082, alumiinium 5082 jne.<\/td>\n<\/tr>\n<tr>\n<td class=\"label\">Temper<\/td>\n<td>T3 - T8<\/td>\n<\/tr>\n<tr>\n<td class=\"label\">Suurus \/ paksus<\/td>\n<td>\u00dcldine profiilide paksus 0,8 kuni 5,0 mm, pikkus 3m-6m v\u00f5i kohandatud saadaval; anodeeritud kaitsekile paksus 8 ~ 25 um, pulberv\u00e4rvimine 40 ~ 120 um.<\/td>\n<\/tr>\n<tr>\n<td class=\"label\">Kuju<\/td>\n<td>Ruut, nurk, T-osa, U-osa, \u00fcmmargune, kohandatud<\/td>\n<\/tr>\n<tr>\n<td class=\"label\">Taotlus<\/td>\n<td>Paadi alumiinium profiilid, Marine alumiinium profiilid , Yacht alumiinium profiilid<\/td>\n<\/tr>\n<tr>\n<td class=\"label\">Pinnat\u00f6\u00f6tlus<\/td>\n<td>Anodeeritud, pulberv\u00e4rvimine<\/td>\n<td>Poleerimine, elektroforees<\/td>\n<\/tr>\n<tr>\n<td class=\"label\">V\u00e4rvid<\/td>\n<td>Vastavalt n\u00f5udmistele<\/td>\n<\/tr>\n<tr>\n<td class=\"label\">S\u00fcgav protsess<\/td>\n<td>Puurimine, freesimine, l\u00f5ikamine, keevitamine, painutamine, kokkupanek<\/td>\n<\/tr>\n<tr>\n<td class=\"label\">Sertifikaat<\/td>\n<td>CQM, SGS, CE, BV, SONCAP \/ GB, ISO, JIS, AS, NZS, QUALICOAT, QUOLANOD saadaval.<\/td>\n<\/tr>\n<tr>\n<td class=\"label\">Paadi mastid alumiiniumprofiil<\/td>\n<td>Boat Keel Marine Chine Alumiinium profiil<\/td>\n<\/tr>\n<tr>\n<td class=\"label\">Boat Fendering Alumiinium profiil<\/td>\n<td>Paadi tee alumiinium Porfile<\/td>\n<\/tr>\n<tr>\n<td class=\"label\">Paadit\u00f5stuk alumiiniumprofiil<\/td>\n<td>Paadi trimmid Alumiiniumprofiil<\/td>\n<\/tr>\n<tr>\n<td class=\"label\">Paadi j\u00e4relhaagised alumiiniumprofiil<\/td>\n<td>Paaditeki majad alumiiniumprofiil<\/td>\n<\/tr>\n<tr>\n<td class=\"label\">Paadi tuuleklaasi raamid alumiiniumprofiil<\/td>\n<td>Paadi v\u00f5rega alumiiniumprofiil<\/td>\n<\/tr>\n<tr>\n<td class=\"label\">Paadi redelid Alumiinium profiil<\/td>\n<td>Paadi k\u00e4sipuud alumiiniumprofiil<\/td>\n<\/tr>\n<tr>\n<td class=\"label\">Paadi plank alumiiniumprofiil<\/td>\n<td>Boat Rub Rail alumiiniumprofiil<\/td>\n<\/tr>\n<tr>\n<td class=\"label\">Paadi purjerada alumiiniumprofiil<\/td>\n<td>Marine Bracket alumiiniumprofiil<\/td>\n<\/tr>\n<tr>\n<td class=\"label\">Paadi Gunnel alumiiniumprofiil<\/td>\n<td>Boat Decking Floor Plank Alumiinium profiil<\/td>\n<\/tr>\n<\/table>\n<h2>Meie tootmisbaas<\/h2>\n<h3>Tehase panoraam<\/h3>\n<p><img decoding=\"async\" src=\"\/wp-content\/uploads\/factory-01.webp\"\/><\/p>\n<h3>Alumiiniumvarraste tootmise t\u00f6\u00f6koda<\/h3>\n<p><img decoding=\"async\" src=\"\/wp-content\/uploads\/factory-02.webp\"\/><\/p>\n<p><img decoding=\"async\" src=\"\/wp-content\/uploads\/factory-03.webp\"\/><\/p>\n<h3>hallituse ladustamise ladu<\/h3>\n<p><img decoding=\"async\" src=\"\/wp-content\/uploads\/factory-04.webp\"\/><\/p>\n<h3>43 alumiiniumi ekstrusiooniliini (500-5500 tonni)<\/h3>\n<p><img decoding=\"async\" src=\"\/wp-content\/uploads\/factory-05.webp\"\/><\/p>\n<p><img decoding=\"async\" src=\"\/wp-content\/uploads\/factory-06.webp\"\/><\/p>\n<p><img decoding=\"async\" src=\"\/wp-content\/uploads\/factory-07.webp\"\/><\/p>\n<h3>Pulberv\u00e4rvimise t\u00f6\u00f6koda<\/h3>\n<p><img decoding=\"async\" src=\"\/wp-content\/uploads\/factory-09.webp\"\/><\/p>\n<h3>Anodiseerimise t\u00f6\u00f6koda<\/h3>\n<p><img decoding=\"async\" src=\"\/wp-content\/uploads\/factory-10.webp\"\/><\/p>\n<h3>S\u00fcgavt\u00f6\u00f6tlemise t\u00f6\u00f6tuba<\/h3>\n<p><img decoding=\"async\" src=\"\/wp-content\/uploads\/factory-11.webp\"\/><\/p>\n<h3>CNC-t\u00e4ppist\u00f6\u00f6tlemise t\u00f6\u00f6koda<\/h3>\n<p><img decoding=\"async\" src=\"\/wp-content\/uploads\/factory-11.5.webp\"\/><\/p>\n<h3>Valmistoodete ja ekspordi ladu<\/h3>\n<p><img decoding=\"async\" src=\"\/wp-content\/uploads\/factory-12.webp\"\/><\/p>\n<p><img decoding=\"async\" src=\"\/wp-content\/uploads\/factory-13.webp\"\/><\/p>\n<p><img decoding=\"async\" src=\"\/wp-content\/uploads\/factory-14.webp\"\/><\/p>\n<h2>KKK<\/h2>\n<p><p><b>1.Mis on alumiiniumist ekstrusiooniprofiil 6082 5083 sulamist? <\/b><\/p>\n<p> Alumiiniumist ekstrusiooniprofiil 6082 5083 viitab 6082 v\u00f5i 5083 klassi sulamitest valmistatud alumiiniumist ekstrusiooniprofiilidele, mis on tuntud oma tugevuse, korrosioonikindluse ja struktuurilise terviklikkuse poolest.<br \/>\n<\/p><br \/>\n<br \/>\n<p><b>2.Millised on 6082 alumiiniumprofiili kasutamise eelised? <\/b><\/p>\n<p> 6082 alumiiniumist pressprofiilid pakuvad suurt mehaanilist tugevust, suurep\u00e4rast t\u00f6\u00f6deldavust ja head korrosioonikindlust, mist\u00f5ttu on need ideaalsed konstruktsioonirakenduste jaoks.<br \/>\n<\/p><br \/>\n<br \/>\n<p><b>3.Millised on 5083 alumiiniumist ekstrusiooniprofiilide eelised? <\/b><\/p>\n<p> 5083 alumiiniumist pressprofiilid tagavad suurep\u00e4rase korrosioonikindluse, eriti merekeskkonnas, ning suurep\u00e4rase keevitatavuse ja m\u00f5\u00f5duka tugevuse.<br \/>\n<\/p><br \/>\n<br \/>\n<p><b>4.Kuidas erinevad 6082 ja 5083 alumiiniumisulamid? <\/b><\/p>\n<p> 6082 sulam on tuntud k\u00f5rge tugevuse ja mehaanilise t\u00f6\u00f6deldavuse poolest, mis on ideaalne konstruktsiooniliseks kasutamiseks, samas kui 5083 on eelistatud korrosioonikindluse ja keevitatavuse poolest mere- ja keemilistes tingimustes.<br \/>\n<\/p><br \/>\n<br \/>\n<p><b>5.Kus kasutatakse 6082 alumiiniumprofiile? <\/b><\/p>\n<p> 6082 alumiiniumist pressprofiile kasutatakse tavaliselt ehituses, sildades, kraanades ja transpordis t\u00e4nu nende suurele kandev\u00f5imele.<br \/>\n<\/p><br \/>\n<br \/>\n<p><b>6.Kus kasutatakse tavaliselt 5083 alumiiniumist ekstrusiooniprofiile? <\/b><\/p>\n<p> 5083 alumiiniumist ekstrusiooniprofiile kasutatakse laialdaselt laevaehituses, avamerekonstruktsioonides, mahutites ja surveanumates nende suurep\u00e4rase korrosioonikindluse t\u00f5ttu.<br \/>\n<\/p><br \/>\n<br \/>\n<p><b>7.Kas 6082 ja 5083 alumiiniumprofiile on lihtne t\u00f6\u00f6delda? <\/b><\/p>\n<p> Jah, 6082 alumiiniumprofiilid on kergesti t\u00f6\u00f6deldavad ja hea pinnaviimistlusega, samas kui 5083 on v\u00e4hem t\u00f6\u00f6deldav, kuid v\u00e4ga sobiv keevitamiseks ja vormimiseks.<br \/>\n<\/p><br \/>\n<br \/>\n<p><b>8.Kas 6082 5083 alumiiniumprofiili saab anodeerida? <\/b><\/p>\n<p> Kindlasti saab nii 6082 kui ka 5083 alumiiniumprofiili anodeerida, et parandada korrosioonikindlust ja pinna esteetilisust.<br \/>\n<\/p><br \/>\n<br \/>\n<p><b>9.Kas alumiinium 6082 5083 sulamist profiilid pakuvad suurt vastupidavust? <\/b><\/p>\n<p> Jah, 6082 ja 5083 sulamitest valmistatud alumiiniumprofiilid tagavad pikaajalise vastupidavuse karmides tingimustes, sealhulgas v\u00e4lis- ja merekeskkonnas.<br \/>\n<\/p><br \/>\n<br \/>\n<p><b>10.Miks valida 6082 v\u00f5i 5083 alumiiniumprofiilid inseneriprojektide jaoks? <\/b><\/p>\n<p> 6082 ja 5083 alumiiniumprofiilides on \u00fchendatud tugevus, korrosioonikindlus ja kergus, mist\u00f5ttu sobivad need ideaalselt n\u00f5udlikeks tehnilisteks ja t\u00f6\u00f6stuslikeks rakendusteks.<br \/>\n<\/p><br \/><\/p>","protected":false},"featured_media":6155,"template":"","categories":[58],"class_list":["post-6156","product","type-product","status-publish","has-post-thumbnail","hentry","category-aluminium-extrusion-profiles"],"meta_box":{"hilight_text_group":{"product_hilight_text":"<li>High strength and good machinability, ideal for structural applications<\/li>\r\r\n<li>Excellent corrosion resistance, suitable for marine and outdoor use<\/li>\r\r\n<li>Compatible with welding and surface treatments<\/li>\r\r\n<li>Stable mechanical properties for heavy-duty industrial use<\/li>\r\r\n<li>Available in various shapes and sizes for custom engineering needs<\/li>","product_chanpin_chanpin":"<li><a href=\"https:\/\/sinoextrud.com\/product\/led-strip-lights-aluminum-profile\/\" target=\"_blank\">Led Strip Lights Aluminum Profile<\/a><\/li>\r\n<li><a href=\"https:\/\/sinoextrud.com\/product\/retractable-awning-aluminum-tube\/\" target=\"_blank\">Retractable Awning Aluminum Tube<\/a><\/li>\r\n<li><a href=\"https:\/\/sinoextrud.com\/product\/aluminum-sign-extrusions\/\" target=\"_blank\">Aluminum Sign Extrusions<\/a><\/li>\r\n<li><a href=\"https:\/\/sinoextrud.com\/product\/aluminium-extrusion-motor-body\/\" target=\"_blank\">Aluminium Extrusion Motor Body<\/a><\/li>\r\n<li><a href=\"https:\/\/sinoextrud.com\/product\/aluminium-extrusion-6082-5083-aluminum-alloy-profile\/\" target=\"_blank\">Aluminium Extrusion 6082 5083 Aluminum Alloy Profile<\/a><\/li>\r\n<li><a href=\"https:\/\/sinoextrud.com\/product\/aluminium-edge-trim-profiles\/\" target=\"_blank\">Aluminium Edge Trim Profiles<\/a><\/li>\r\n<li><a href=\"https:\/\/sinoextrud.com\/product\/led-plant-growth-light-aluminum-profile\/\" target=\"_blank\">Led Plant Growth Light Aluminum Profile<\/a><\/li>\r\n<li><a href=\"https:\/\/sinoextrud.com\/product\/anodized-small-aluminum-extrusions\/\" target=\"_blank\">Anodized Small Aluminum Extrusions<\/a><\/li>\r\n<li><a href=\"https:\/\/sinoextrud.com\/product\/t-slot-aluminium-extrusion-profile\/\" target=\"_blank\">T Slot Aluminium Extrusion Profile<\/a><\/li>\r\n<li><a href=\"https:\/\/sinoextrud.com\/product\/aluminum-extrusion-profile-for-clean-room\/\" target=\"_blank\">Aluminum Extrusion Profile For Clean Room<\/a><\/li>\r\n<li><a href=\"https:\/\/sinoextrud.com\/product\/powder-coating-aluminum-window-profile\/\" target=\"_blank\">Powder Coating Aluminum Window Profile<\/a><\/li>"},"feature_list":[]},"_links":{"self":[{"href":"https:\/\/sinoextrud.com\/et\/wp-json\/wp\/v2\/product\/6156","targetHints":{"allow":["GET"]}}],"collection":[{"href":"https:\/\/sinoextrud.com\/et\/wp-json\/wp\/v2\/product"}],"about":[{"href":"https:\/\/sinoextrud.com\/et\/wp-json\/wp\/v2\/types\/product"}],"wp:featuredmedia":[{"embeddable":true,"href":"https:\/\/sinoextrud.com\/et\/wp-json\/wp\/v2\/media\/6155"}],"wp:attachment":[{"href":"https:\/\/sinoextrud.com\/et\/wp-json\/wp\/v2\/media?parent=6156"}],"wp:term":[{"taxonomy":"category","embeddable":true,"href":"https:\/\/sinoextrud.com\/et\/wp-json\/wp\/v2\/categories?post=6156"}],"curies":[{"name":"wp","href":"https:\/\/api.w.org\/{rel}","templated":true}]}}