{"id":6149,"date":"2025-05-25T12:37:02","date_gmt":"2025-05-25T12:37:02","guid":{"rendered":"https:\/\/sinoextrud.com\/product\/retractable-awning-aluminum-tube\/"},"modified":"2025-06-24T03:54:11","modified_gmt":"2025-06-24T03:54:11","slug":"sissetommatav-markiis-alumiiniumtoru","status":"publish","type":"product","link":"https:\/\/sinoextrud.com\/et\/product\/retractable-awning-aluminum-tube\/","title":{"rendered":"T\u00f5mmatav markiis alumiiniumtoru"},"content":{"rendered":"<h2>Toodete \u00fcksikasjad<\/h2>\n<table class=\"custom-table\">\n<tr>\n<td class=\"label\">Toote nimi<\/td>\n<td>T\u00f5mmatav markiis alumiiniumtoru<\/td>\n<\/tr>\n<tr>\n<td class=\"label\">Tootevalik<\/td>\n<td>alumiiniumprofiilid sisset\u00f5mmatavate elektriliste markiiside jaoks, sisset\u00f5mmatavad markiisid alumiiniumist, sisset\u00f5mmatavad markiisid, sisset\u00f5mmatav toru, sisset\u00f5mmatav auto markiis, sisset\u00f5mmatavad markiisivarred, sisset\u00f5mmatav varikatus jne.<\/td>\n<\/tr>\n<tr>\n<td class=\"label\">Alumiiniumsulam<\/td>\n<td>1000-seeria, 200-seeria, 3000-seeria, 5000-seeria, 6000-seeria, 7000-seeria<\/td>\n<\/tr>\n<tr>\n<td class=\"label\">Temper<\/td>\n<td>T3-T8<\/td>\n<\/tr>\n<tr>\n<td class=\"label\">Kuju<\/td>\n<td>\u00fcmmargune, ruudukujuline jne.<\/td>\n<\/tr>\n<tr>\n<td class=\"label\">V\u00e4rv<\/td>\n<td>kohandamine<\/td>\n<\/tr>\n<tr>\n<td class=\"label\">Pinnat\u00f6\u00f6tlus<\/td>\n<td>freesitud, anodeeritud, puidumass, elektripinnakate, liivapritsimine, elektroforees, harjatud, poleerimine jne.<\/td>\n<\/tr>\n<tr>\n<td class=\"label\">CNC s\u00fcgavt\u00f6\u00f6tlemine<\/td>\n<td>l\u00f5ikamine, puurimine, mehaaniline t\u00f6\u00f6tlemine, stantsimine, painutamine, koputades jne.<\/td>\n<\/tr>\n<tr>\n<td class=\"label\">Sertifikaadid<\/td>\n<td>CE, ISO, SGS, TUV, ROHS<\/td>\n<\/tr>\n<tr>\n<td class=\"label\">Proovid<\/td>\n<td>tasuta proov. 1-3 p\u00e4eva jooksul toimetatakse teile.<\/td>\n<\/tr>\n<tr>\n<td class=\"label\">MOQ<\/td>\n<td>200 kg iga profiili kohta<\/td>\n<\/tr>\n<tr>\n<td class=\"label\">Tarneaeg<\/td>\n<td>Vormi v\u00e4ljat\u00f6\u00f6tamine ja n\u00e4idise konformatsioon on 12-15 p\u00e4eva, seej\u00e4rel tootmisperiood on 15-25 p\u00e4eva p\u00e4rast ostjalt tagatisraha saamist.<\/td>\n<\/tr>\n<tr>\n<td class=\"label\">Maksetingimused<\/td>\n<td>30% tagatisraha enne tootmist ja saldo enne saatmist.<\/td>\n<\/tr>\n<\/table>\n<h2>Meie tootmisbaas<\/h2>\n<h3>Tehase panoraam<\/h3>\n<p><img decoding=\"async\" src=\"\/wp-content\/uploads\/factory-01.webp\"\/><\/p>\n<h3>Alumiiniumvarraste tootmise t\u00f6\u00f6koda<\/h3>\n<p><img decoding=\"async\" src=\"\/wp-content\/uploads\/factory-02.webp\"\/><\/p>\n<p><img decoding=\"async\" src=\"\/wp-content\/uploads\/factory-03.webp\"\/><\/p>\n<h3>hallituse ladustamise ladu<\/h3>\n<p><img decoding=\"async\" src=\"\/wp-content\/uploads\/factory-04.webp\"\/><\/p>\n<h3>43 alumiiniumi ekstrusiooniliini (500-5500 tonni)<\/h3>\n<p><img decoding=\"async\" src=\"\/wp-content\/uploads\/factory-05.webp\"\/><\/p>\n<p><img decoding=\"async\" src=\"\/wp-content\/uploads\/factory-06.webp\"\/><\/p>\n<p><img decoding=\"async\" src=\"\/wp-content\/uploads\/factory-07.webp\"\/><\/p>\n<h3>Pulberv\u00e4rvimise t\u00f6\u00f6koda<\/h3>\n<p><img decoding=\"async\" src=\"\/wp-content\/uploads\/factory-09.webp\"\/><\/p>\n<h3>Anodiseerimise t\u00f6\u00f6koda<\/h3>\n<p><img decoding=\"async\" src=\"\/wp-content\/uploads\/factory-10.webp\"\/><\/p>\n<h3>S\u00fcgavt\u00f6\u00f6tlemise t\u00f6\u00f6tuba<\/h3>\n<p><img decoding=\"async\" src=\"\/wp-content\/uploads\/factory-11.webp\"\/><\/p>\n<h3>CNC-t\u00e4ppist\u00f6\u00f6tlemise t\u00f6\u00f6koda<\/h3>\n<p><img decoding=\"async\" src=\"\/wp-content\/uploads\/factory-11.5.webp\"\/><\/p>\n<h3>Valmistoodete ja ekspordi ladu<\/h3>\n<p><img decoding=\"async\" src=\"\/wp-content\/uploads\/factory-12.webp\"\/><\/p>\n<p><img decoding=\"async\" src=\"\/wp-content\/uploads\/factory-13.webp\"\/><\/p>\n<p><img decoding=\"async\" src=\"\/wp-content\/uploads\/factory-14.webp\"\/><\/p>\n<h2>KKK<\/h2>\n<p><p><b>1.Mis on sisset\u00f5mmatav markiisi alumiiniumtoru? <\/b><\/p>\n<p> T\u00f5mmatava markiisi alumiiniumtoru on peamine konstruktsioonielement, mis toetab ja rullib kangast sisset\u00f5mmatavates markiisides, pakkudes tugevust ja korrosioonikindlust.<br \/>\n<\/p><br \/>\n<br \/>\n<p><b>2.Millised on alumiiniumtorude kasutamise eelised sisset\u00f5mmatavate markiiside jaoks? <\/b><\/p>\n<p> Alumiiniumtorud pakuvad kerget vastupidavust, roostekindlust, struktuurilist stabiilsust ja sujuvat toimimist, mist\u00f5ttu on need ideaalsed sisset\u00f5mmatavate markiiside jaoks.<br \/>\n<\/p><br \/>\n<br \/>\n<p><b>3.Miks valida sisset\u00f5mmatava markiisi jaoks alumiiniumtoru? <\/b><\/p>\n<p> Alumiiniumtorusid eelistatakse sisset\u00f5mmatavate markiiside puhul nende suurep\u00e4rase tugevuse ja kaalu suhte, ilmastikukindluse ja pikaajalise t\u00f6\u00f6kindluse t\u00f5ttu.<br \/>\n<\/p><br \/>\n<br \/>\n<p><b>4.Kas sisset\u00f5mmatavad markiiside alumiiniumtorud on ilmastikukindlad? <\/b><\/p>\n<p> Jah, sisset\u00f5mmatavate markiiside alumiiniumtorud on v\u00e4ga ilmastikukindlad ja taluvad p\u00e4ikest, vihma ja tuult, ilma et nad roostetaksid v\u00f5i aja jooksul halveneksid.<br \/>\n<\/p><br \/>\n<br \/>\n<p><b>5.Kas sisset\u00f5mmatavad markiiside alumiiniumtorud toetavad suuri vaatenurki? <\/b><\/p>\n<p> Absoluutselt kvaliteetsed alumiiniumtorud on konstrueeritud nii, et need kannavad laiu markiisikangast ilma paindumise v\u00f5i vajumiseta, tagades stabiilse katvuse.<br \/>\n<\/p><br \/>\n<br \/>\n<p><b>6.Kui kerged on sisset\u00f5mmatavate markiiside alumiiniumtorud? <\/b><\/p>\n<p> Alumiiniumtorud on oluliselt kergemad kui teras, mis v\u00e4hendab mootori koormust, lihtsustab paigaldamist ja suurendab kasutusmugavust sisset\u00f5mmatavates s\u00fcsteemides.<br \/>\n<\/p><br \/>\n<br \/>\n<p><b>7.Kas alumiiniumtorusid saab kohandada erinevate markiiside kujunduse jaoks? <\/b><\/p>\n<p> Jah, alumiiniumtorusid saab l\u00f5igata konkreetse pikkusega, anodeerida v\u00f5i pulberv\u00e4rvida, et need sobiksid erinevate sisset\u00f5mmatavate markiiside stiilide ja v\u00e4rvilahendustega.<br \/>\n<\/p><br \/>\n<br \/>\n<p><b>8.Kas alumiiniumtorud parandavad sisset\u00f5mmatavate markiiside pikaealisust? <\/b><\/p>\n<p> Jah, alumiiniumtorude kasutamine suurendab sisset\u00f5mmatavate markiiside vastupidavust ja kasutusiga, kuna need on vastupidavad korrosioonile ja mehaanilisele kulumisele.<br \/>\n<\/p><br \/>\n<br \/>\n<p><b>9.Kuidas paigaldatakse alumiiniumtorusid sisset\u00f5mmatavatele markiisidele? <\/b><\/p>\n<p> Alumiiniumtorud on tavaliselt paigaldatud markiisi rullmehhanismi, mis on kinnitatud sulgude ja otsakute abil, tagades sujuva sisset\u00f5mbumise ja v\u00e4ljavenitamise.<br \/>\n<\/p><br \/>\n<br \/>\n<p><b>10.Miks on alumiinium sisset\u00f5mmatavate markiisitorude puhul parem kui teras? <\/b><\/p>\n<p> Alumiinium on roostekindel, kergem ja kergemini k\u00e4sitsetav kui teras, mist\u00f5ttu on see v\u00e4litingimustes kasutatava sisset\u00f5mmatava markiisi torude jaoks parem materjal.<br \/>\n<\/p><br \/><\/p>","protected":false},"featured_media":6148,"template":"","categories":[58],"class_list":["post-6149","product","type-product","status-publish","has-post-thumbnail","hentry","category-aluminium-extrusion-profiles"],"meta_box":{"hilight_text_group":{"product_hilight_text":"<li>High-strength aluminum ensures durability and wind resistance<\/li>\r\r\n<li>Lightweight for easy installation and smooth retraction<\/li>\r\r\n<li>Corrosion-resistant finish suitable for outdoor environments<\/li>\r\r\n<li>Supports custom lengths and diameters for various awning systems<\/li>\r\r\n<li>Compatible with manual and motorized retractable mechanisms<\/li>","product_chanpin_chanpin":"<li><a href=\"https:\/\/sinoextrud.com\/product\/aluminium-door-extrusions-profiles\/\" target=\"_blank\">Aluminium Door Extrusions Profiles<\/a><\/li>\r\n<li><a href=\"https:\/\/sinoextrud.com\/product\/aluminium-extrusion-profile-handle\/\" target=\"_blank\">Aluminium Extrusion Profile Handle<\/a><\/li>\r\n<li><a href=\"https:\/\/sinoextrud.com\/product\/linear-rail-aluminium-extrusion\/\" target=\"_blank\">Linear Rail Aluminium Extrusion<\/a><\/li>\r\n<li><a href=\"https:\/\/sinoextrud.com\/product\/led-strip-lights-aluminum-profile\/\" target=\"_blank\">Led Strip Lights Aluminum Profile<\/a><\/li>\r\n<li><a href=\"https:\/\/sinoextrud.com\/product\/retractable-awning-aluminum-tube\/\" target=\"_blank\">Retractable Awning Aluminum Tube<\/a><\/li>\r\n<li><a href=\"https:\/\/sinoextrud.com\/product\/aluminum-sign-extrusions\/\" target=\"_blank\">Aluminum Sign Extrusions<\/a><\/li>\r\n<li><a href=\"https:\/\/sinoextrud.com\/product\/aluminium-extrusion-motor-body\/\" target=\"_blank\">Aluminium Extrusion Motor Body<\/a><\/li>\r\n<li><a href=\"https:\/\/sinoextrud.com\/product\/aluminium-extrusion-6082-5083-aluminum-alloy-profile\/\" target=\"_blank\">Aluminium Extrusion 6082 5083 Aluminum Alloy Profile<\/a><\/li>\r\n<li><a href=\"https:\/\/sinoextrud.com\/product\/aluminium-edge-trim-profiles\/\" target=\"_blank\">Aluminium Edge Trim Profiles<\/a><\/li>\r\n<li><a href=\"https:\/\/sinoextrud.com\/product\/aluminum-machining-round-tube-processing-by-aluminum-profile-cad-vs-aluminium-alloy-customized-anodized\/\" target=\"_blank\">aluminum machining round tube processing by aluminum profile cad  vs aluminium alloy Customized Anodized<\/a><\/li>\r\n<li><a href=\"https:\/\/sinoextrud.com\/product\/aluminum-casement-door\/\" target=\"_blank\">Aluminum Casement Door<\/a><\/li>"},"feature_list":[]},"_links":{"self":[{"href":"https:\/\/sinoextrud.com\/et\/wp-json\/wp\/v2\/product\/6149","targetHints":{"allow":["GET"]}}],"collection":[{"href":"https:\/\/sinoextrud.com\/et\/wp-json\/wp\/v2\/product"}],"about":[{"href":"https:\/\/sinoextrud.com\/et\/wp-json\/wp\/v2\/types\/product"}],"wp:featuredmedia":[{"embeddable":true,"href":"https:\/\/sinoextrud.com\/et\/wp-json\/wp\/v2\/media\/6148"}],"wp:attachment":[{"href":"https:\/\/sinoextrud.com\/et\/wp-json\/wp\/v2\/media?parent=6149"}],"wp:term":[{"taxonomy":"category","embeddable":true,"href":"https:\/\/sinoextrud.com\/et\/wp-json\/wp\/v2\/categories?post=6149"}],"curies":[{"name":"wp","href":"https:\/\/api.w.org\/{rel}","templated":true}]}}