{"id":6139,"date":"2025-05-24T15:07:45","date_gmt":"2025-05-24T15:07:45","guid":{"rendered":"https:\/\/sinoextrud.com\/product\/aluminium-extrusion-profile-handle\/"},"modified":"2025-06-24T03:54:04","modified_gmt":"2025-06-24T03:54:04","slug":"alumiiniumprofiili-kaepide","status":"publish","type":"product","link":"https:\/\/sinoextrud.com\/et\/product\/aluminium-extrusion-profile-handle\/","title":{"rendered":"Alumiiniumist ekstrusiooniprofiili k\u00e4epide"},"content":{"rendered":"<h2>Toodete \u00fcksikasjad<\/h2>\n<table class=\"custom-table\">\n<tr>\n<td class=\"label\">Toote nimi<\/td>\n<td>alumiiniumprofiili k\u00e4epide<\/td>\n<\/tr>\n<tr>\n<td class=\"label\">Tootevalik<\/td>\n<td>alumiiniumprofiilid alumiiniumist k\u00e4epidemele, alumiiniumist k\u00e4epide aknale, alumiiniumist k\u00e4epide hambaharjale, alumiiniumist k\u00e4epidemenupp, alumiiniumist k\u00e4epide kohandatud jne.<\/td>\n<\/tr>\n<tr>\n<td class=\"label\">Sobivad s\u00fcsteemid T\u00fc\u00fcbid<\/td>\n<td>mootorratta k\u00e4epideme l\u00fcliti alumiinium, alumiiniumist k\u00e4epideme jalgratta, alumiiniumist kruusak\u00e4epideme, alumiiniumist uste ja akende aknak\u00e4epidemed, alumiiniumist akna l\u00fckandukselukk k\u00e4epidemed, alumiiniumprofiili k\u00e4epide, alumiiniumprofiili k\u00e4epidemed m\u00f6\u00f6blikapp, alumiiniumprofiili peidetud k\u00e4epide, kaasaegne alumiiniumprofiili kapi t\u00f5mbek\u00e4epide jne.<\/td>\n<\/tr>\n<tr>\n<td class=\"label\">Alumiiniumsulam<\/td>\n<td>1000-seeria, 200-seeria, 3000-seeria, 5000-seeria, 6000-seeria, 7000-seeria<\/td>\n<\/tr>\n<tr>\n<td class=\"label\">Temper<\/td>\n<td>T3-T8<\/td>\n<\/tr>\n<tr>\n<td class=\"label\">Kuju<\/td>\n<td>kohandamine<\/td>\n<\/tr>\n<tr>\n<td class=\"label\">V\u00e4rv<\/td>\n<td>kohandamine<\/td>\n<\/tr>\n<tr>\n<td class=\"label\">Pinnat\u00f6\u00f6tlus<\/td>\n<td>freesitud, anodeeritud, puidumass, elektripinnakate, liivapritsimine, elektroforees, harjatud, poleerimine jne.<\/td>\n<\/tr>\n<tr>\n<td class=\"label\">CNC s\u00fcgavt\u00f6\u00f6tlemine<\/td>\n<td>l\u00f5ikamine, puurimine, mehaaniline t\u00f6\u00f6tlemine, stantsimine, painutamine, koputades jne.<\/td>\n<\/tr>\n<tr>\n<td class=\"label\">Sertifikaadid<\/td>\n<td>CE, ISO, SGS, TUV, ROHS<\/td>\n<\/tr>\n<tr>\n<td class=\"label\">Proovid<\/td>\n<td>tasuta proov. 1-3 p\u00e4eva jooksul toimetatakse teile.<\/td>\n<\/tr>\n<tr>\n<td class=\"label\">MOQ<\/td>\n<td>200 kg iga profiili kohta<\/td>\n<\/tr>\n<tr>\n<td class=\"label\">Tarneaeg<\/td>\n<td>Vormi v\u00e4ljat\u00f6\u00f6tamine ja n\u00e4idise konformatsioon on 12-15 p\u00e4eva, seej\u00e4rel tootmisperiood on 15-25 p\u00e4eva p\u00e4rast ostjalt tagatisraha saamist.<\/td>\n<\/tr>\n<tr>\n<td class=\"label\">Maksetingimused<\/td>\n<td>30% tagatisraha enne tootmist ja saldo enne saatmist.<\/td>\n<\/tr>\n<\/table>\n<h2>Meie tootmisbaas<\/h2>\n<h3>Tehase panoraam<\/h3>\n<p><img decoding=\"async\" src=\"\/wp-content\/uploads\/factory-01.webp\"\/><\/p>\n<h3>Alumiiniumvarraste tootmise t\u00f6\u00f6koda<\/h3>\n<p><img decoding=\"async\" src=\"\/wp-content\/uploads\/factory-02.webp\"\/><\/p>\n<p><img decoding=\"async\" src=\"\/wp-content\/uploads\/factory-03.webp\"\/><\/p>\n<h3>hallituse ladustamise ladu<\/h3>\n<p><img decoding=\"async\" src=\"\/wp-content\/uploads\/factory-04.webp\"\/><\/p>\n<h3>43 alumiiniumi ekstrusiooniliini (500-5500 tonni)<\/h3>\n<p><img decoding=\"async\" src=\"\/wp-content\/uploads\/factory-05.webp\"\/><\/p>\n<p><img decoding=\"async\" src=\"\/wp-content\/uploads\/factory-06.webp\"\/><\/p>\n<p><img decoding=\"async\" src=\"\/wp-content\/uploads\/factory-07.webp\"\/><\/p>\n<h3>Pulberv\u00e4rvimise t\u00f6\u00f6koda<\/h3>\n<p><img decoding=\"async\" src=\"\/wp-content\/uploads\/factory-09.webp\"\/><\/p>\n<h3>Anodiseerimise t\u00f6\u00f6koda<\/h3>\n<p><img decoding=\"async\" src=\"\/wp-content\/uploads\/factory-10.webp\"\/><\/p>\n<h3>S\u00fcgavt\u00f6\u00f6tlemise t\u00f6\u00f6tuba<\/h3>\n<p><img decoding=\"async\" src=\"\/wp-content\/uploads\/factory-11.webp\"\/><\/p>\n<h3>CNC-t\u00e4ppist\u00f6\u00f6tlemise t\u00f6\u00f6koda<\/h3>\n<p><img decoding=\"async\" src=\"\/wp-content\/uploads\/factory-11.5.webp\"\/><\/p>\n<h3>Valmistoodete ja ekspordi ladu<\/h3>\n<p><img decoding=\"async\" src=\"\/wp-content\/uploads\/factory-12.webp\"\/><\/p>\n<p><img decoding=\"async\" src=\"\/wp-content\/uploads\/factory-13.webp\"\/><\/p>\n<p><img decoding=\"async\" src=\"\/wp-content\/uploads\/factory-14.webp\"\/><\/p>\n<h2>KKK<\/h2>\n<p><p><b>1.Mis on alumiiniumprofiili k\u00e4epide? <\/b><\/p>\n<p> Alumiiniumist pressprofiilk\u00e4epide on pressitud alumiiniumist valmistatud k\u00e4epide v\u00f5i t\u00f5mbekomponent, mida kasutatakse tavaliselt kapis, uksel, sahtlis ja t\u00f6\u00f6stuslikes korpustes.<br \/>\n<\/p><br \/>\n<br \/>\n<p><b>2.Millised on alumiiniumprofiili k\u00e4epideme kasutamise eelised? <\/b><\/p>\n<p> Alumiiniumist pressprofiili k\u00e4epidemed pakuvad kerget tugevust, korrosioonikindlust, kaasaegset esteetikat ja lihtsat kohandamist erinevate rakenduste jaoks.<br \/>\n<\/p><br \/>\n<br \/>\n<p><b>3.Miks valida alumiiniumist k\u00e4epidemeprofiilid? <\/b><\/p>\n<p> Alumiinium on vastupidav, roostekindel, kerge ja taaskasutatav, mist\u00f5ttu sobib see ideaalselt pressprofiili k\u00e4epidemete jaoks nii elamutes kui ka t\u00f6\u00f6stuses.<br \/>\n<\/p><br \/>\n<br \/>\n<p><b>4.Kus kasutatakse alumiiniumprofiili k\u00e4epidemeid? <\/b><\/p>\n<p> Alumiiniumist pressprofiili k\u00e4epidemed on t\u00e4nu oma elegantsele disainile ja funktsionaalsusele laialdaselt kasutusel k\u00f6\u00f6gikappides, masinapaneelides, m\u00f6\u00f6blis ja elektroonikakappides.<br \/>\n<\/p><br \/>\n<br \/>\n<p><b>5.Kas alumiiniumprofiili k\u00e4epidemed on kohandatavad? <\/b><\/p>\n<p> Jah, alumiiniumist pressprofiili k\u00e4epidemed v\u00f5ivad olla kohandatud suuruse, kuju, anodeeritud v\u00f5i pulberv\u00e4rvitud, et vastata konkreetsetele disaini- ja toimivusn\u00f5uetele.<br \/>\n<\/p><br \/>\n<br \/>\n<p><b>6.Kui vastupidavad on alumiiniumprofiili k\u00e4epidemed? <\/b><\/p>\n<p> Alumiiniumist pressprofiilist k\u00e4epidemed on v\u00e4ga vastupidavad, kulumis- ja korrosioonikindlad ning s\u00e4ilitavad oma viimistluse ja struktuurilise terviklikkuse aja jooksul.<br \/>\n<\/p><br \/>\n<br \/>\n<p><b>7.Kas alumiiniumist pressitud k\u00e4epidemeid saab anodeerida? <\/b><\/p>\n<p> Absoluutselt saab alumiiniumist pressprofiilide k\u00e4epidemed anodeerida, et suurendada pinna k\u00f5vadust, v\u00e4rvivalikuid ja parandada korrosioonikindlust.<br \/>\n<\/p><br \/>\n<br \/>\n<p><b>8.Kas alumiiniumprofiili k\u00e4epidemeid on lihtne paigaldada? <\/b><\/p>\n<p> Jah, alumiiniumprofiilist k\u00e4epidemed on m\u00f5eldud lihtsaks paigaldamiseks eelpuuritud aukude v\u00f5i kl\u00f5pskinnituss\u00fcsteemidega, mis sobivad nii kodu- kui ka kaubandusprojektide jaoks.<br \/>\n<\/p><br \/>\n<br \/>\n<p><b>9.Kuidas v\u00f5rrelda alumiiniumist pressprofiili k\u00e4epidemeid plastist k\u00e4epidemetega? <\/b><\/p>\n<p> Alumiiniumist pressprofiilist k\u00e4epidemed on tugevamad, kuumakindlamad ja vastupidavamad kui plastist k\u00e4epidemed, mist\u00f5ttu on need ideaalsed suure kasutusega keskkondades.<br \/>\n<\/p><br \/>\n<br \/>\n<p><b>10.Kas alumiiniumprofiilist k\u00e4epidemed pakuvad moodsat v\u00e4limust? <\/b><\/p>\n<p> Jah, alumiiniumprofiilist k\u00e4epidemed on elegantse, minimalistliku v\u00e4limusega, mis sobib kaasaegse m\u00f6\u00f6bli ja t\u00f6\u00f6stusdisainiga.<br \/>\n<\/p><br \/><\/p>","protected":false},"featured_media":6138,"template":"","categories":[58],"class_list":["post-6139","product","type-product","status-publish","has-post-thumbnail","hentry","category-aluminium-extrusion-profiles"],"meta_box":{"hilight_text_group":{"product_hilight_text":"<li>Durable and lightweight design, ideal for frequent use in industrial environments<\/li>\r\r\n<li>Customizable dimensions and finishes to match equipment aesthetics<\/li>\r\r\n<li>Easy installation with standard mounting options<\/li>\r\r\n<li>Corrosion-resistant surface for long-term performance<\/li>\r\r\n<li>Ergonomic shape enhances user comfort and safety<\/li>","product_chanpin_chanpin":"<li><a href=\"https:\/\/sinoextrud.com\/product\/industrial-aluminum-brushed-polish-profile-for-railing-and-showroom-decoration\/\" target=\"_blank\">Industrial Aluminum Brushed Polish Profile For Railing And Showroom Decoration<\/a><\/li>\r\n<li><a href=\"https:\/\/sinoextrud.com\/product\/anodized-aluminum\/\" target=\"_blank\">Anodized Aluminum<\/a><\/li>\r\n<li><a href=\"https:\/\/sinoextrud.com\/product\/large-aluminum-extrusion-2\/\" target=\"_blank\">Large Aluminum Extrusion<\/a><\/li>\r\n<li><a href=\"https:\/\/sinoextrud.com\/product\/aluminium-door-extrusions-profiles\/\" target=\"_blank\">Aluminium Door Extrusions Profiles<\/a><\/li>\r\n<li><a href=\"https:\/\/sinoextrud.com\/product\/aluminium-extrusion-profile-handle\/\" target=\"_blank\">Aluminium Extrusion Profile Handle<\/a><\/li>\r\n<li><a href=\"https:\/\/sinoextrud.com\/product\/linear-rail-aluminium-extrusion\/\" target=\"_blank\">Linear Rail Aluminium Extrusion<\/a><\/li>\r\n<li><a href=\"https:\/\/sinoextrud.com\/product\/led-strip-lights-aluminum-profile\/\" target=\"_blank\">Led Strip Lights Aluminum Profile<\/a><\/li>\r\n<li><a href=\"https:\/\/sinoextrud.com\/product\/retractable-awning-aluminum-tube\/\" target=\"_blank\">Retractable Awning Aluminum Tube<\/a><\/li>\r\n<li><a href=\"https:\/\/sinoextrud.com\/product\/aluminum-sign-extrusions\/\" target=\"_blank\">Aluminum Sign Extrusions<\/a><\/li>\r\n<li><a href=\"https:\/\/sinoextrud.com\/product\/aluminum-extrusion-industry\/\" target=\"_blank\">Aluminum Extrusion Industry<\/a><\/li>\r\n<li><a href=\"https:\/\/sinoextrud.com\/product\/anodized-extruded-aluminum-edging-for-plywood\/\" target=\"_blank\">Anodized Extruded Aluminum Edging For Plywood<\/a><\/li>"},"feature_list":[]},"_links":{"self":[{"href":"https:\/\/sinoextrud.com\/et\/wp-json\/wp\/v2\/product\/6139","targetHints":{"allow":["GET"]}}],"collection":[{"href":"https:\/\/sinoextrud.com\/et\/wp-json\/wp\/v2\/product"}],"about":[{"href":"https:\/\/sinoextrud.com\/et\/wp-json\/wp\/v2\/types\/product"}],"wp:featuredmedia":[{"embeddable":true,"href":"https:\/\/sinoextrud.com\/et\/wp-json\/wp\/v2\/media\/6138"}],"wp:attachment":[{"href":"https:\/\/sinoextrud.com\/et\/wp-json\/wp\/v2\/media?parent=6139"}],"wp:term":[{"taxonomy":"category","embeddable":true,"href":"https:\/\/sinoextrud.com\/et\/wp-json\/wp\/v2\/categories?post=6139"}],"curies":[{"name":"wp","href":"https:\/\/api.w.org\/{rel}","templated":true}]}}