{"id":6044,"date":"2025-05-24T03:09:21","date_gmt":"2025-05-24T03:09:21","guid":{"rendered":"https:\/\/sinoextrud.com\/product\/extruded-aluminium-profile-with-sand-blasted-treatment\/"},"modified":"2025-06-24T03:53:41","modified_gmt":"2025-06-24T03:53:41","slug":"liivapritsitud-alumiiniumprofiil","status":"publish","type":"product","link":"https:\/\/sinoextrud.com\/et\/product\/extruded-aluminium-profile-with-sand-blasted-treatment\/","title":{"rendered":"Liivapritsitud alumiiniumprofiil liivapritsitud t\u00f6\u00f6tlemisega"},"content":{"rendered":"<h2>Toodete \u00fcksikasjad<\/h2>\n<table class=\"custom-table\">\n<tr>\n<td class=\"label\">Objekt:<\/td>\n<td> Ekstrudeeritud alumiiniumist liivapritsitud profiil<\/td>\n<\/tr>\n<tr>\n<td class=\"label\">Temperament:<\/td>\n<td> T3-T8<\/td>\n<\/tr>\n<tr>\n<td class=\"label\">Sulam:<\/td>\n<td> Sulam<\/td>\n<\/tr>\n<tr>\n<td class=\"label\">Hinne:<\/td>\n<td> 6000 seeria<\/td>\n<\/tr>\n<tr>\n<td class=\"label\">Suurus:<\/td>\n<td> Kohandatud<\/td>\n<\/tr>\n<tr>\n<td class=\"label\">Lisateenus:<\/td>\n<td> OEM<\/td>\n<\/tr>\n<tr>\n<td class=\"label\">Kvaliteedikontroll:<\/td>\n<td> 100% Kontrollimine enne saatmist<\/td>\n<\/tr>\n<\/table>\n<h2>Meie tootmisbaas<\/h2>\n<h3>Tehase panoraam<\/h3>\n<p><img decoding=\"async\" src=\"\/wp-content\/uploads\/factory-01.webp\"\/><\/p>\n<h3>Alumiiniumvarraste tootmise t\u00f6\u00f6koda<\/h3>\n<p><img decoding=\"async\" src=\"\/wp-content\/uploads\/factory-02.webp\"\/><\/p>\n<p><img decoding=\"async\" src=\"\/wp-content\/uploads\/factory-03.webp\"\/><\/p>\n<h3>hallituse ladustamise ladu<\/h3>\n<p><img decoding=\"async\" src=\"\/wp-content\/uploads\/factory-04.webp\"\/><\/p>\n<h3>43 alumiiniumi ekstrusiooniliini (500-5500 tonni)<\/h3>\n<p><img decoding=\"async\" src=\"\/wp-content\/uploads\/factory-05.webp\"\/><\/p>\n<p><img decoding=\"async\" src=\"\/wp-content\/uploads\/factory-06.webp\"\/><\/p>\n<p><img decoding=\"async\" src=\"\/wp-content\/uploads\/factory-07.webp\"\/><\/p>\n<h3>Pulberv\u00e4rvimise t\u00f6\u00f6koda<\/h3>\n<p><img decoding=\"async\" src=\"\/wp-content\/uploads\/factory-09.webp\"\/><\/p>\n<h3>Anodiseerimise t\u00f6\u00f6koda<\/h3>\n<p><img decoding=\"async\" src=\"\/wp-content\/uploads\/factory-10.webp\"\/><\/p>\n<h3>S\u00fcgavt\u00f6\u00f6tlemise t\u00f6\u00f6tuba<\/h3>\n<p><img decoding=\"async\" src=\"\/wp-content\/uploads\/factory-11.webp\"\/><\/p>\n<h3>CNC-t\u00e4ppist\u00f6\u00f6tlemise t\u00f6\u00f6koda<\/h3>\n<p><img decoding=\"async\" src=\"\/wp-content\/uploads\/factory-11.5.webp\"\/><\/p>\n<h3>Valmistoodete ja ekspordi ladu<\/h3>\n<p><img decoding=\"async\" src=\"\/wp-content\/uploads\/factory-12.webp\"\/><\/p>\n<p><img decoding=\"async\" src=\"\/wp-content\/uploads\/factory-13.webp\"\/><\/p>\n<p><img decoding=\"async\" src=\"\/wp-content\/uploads\/factory-14.webp\"\/><\/p>\n<h2>KKK<\/h2>\n<p><p><b>1.Mis on liivapritsitud alumiiniumprofiil? <\/b><\/p>\n<p> See on alumiiniumprofiil, mis on loodud ekstrusiooni teel ja viimistletud liivapritsiga, et saavutada sile, matt ja \u00fchtlane pinnatekstuur.<br \/>\n<\/p><br \/>\n<br \/>\n<p><b>2.Millised on liivapritsitud ekstrudeeritud alumiiniumprofiilide eelised? <\/b><\/p>\n<p> Need profiilid tagavad parema pinna \u00fchtluse, v\u00e4hendatud mehaaniliste triipude tekkimise, parema esteetilise v\u00e4limuse ja suurep\u00e4rase eelt\u00f6\u00f6tluse anodeerimiseks v\u00f5i katmiseks.<br \/>\n<\/p><br \/>\n<br \/>\n<p><b>3.Miks valida alumiiniumprofiilide jaoks liivapritsitud t\u00f6\u00f6tlus? <\/b><\/p>\n<p> Liivapritsimine eemaldab pinna ebat\u00e4iused, parandab pinnakatete haarduvust ja annab kaasaegse mati v\u00e4limuse, mis on ideaalne arhitektuuri- ja dekoratiivsete rakenduste jaoks.<br \/>\n<\/p><br \/>\n<br \/>\n<p><b>4.Kas liivapritsitud alumiinium sobib anodeerimiseks? <\/b><\/p>\n<p> Jah, liivapritsitud pinnad on anodeerimiseks ideaalsed, kuna t\u00f6\u00f6tlus suurendab pinda ning parandab pinnakatte haardumist ja \u00fchtlikkust.<br \/>\n<\/p><br \/>\n<br \/>\n<p><b>5.Kus kasutatakse tavaliselt liivapritsitud alumiiniumprofiile? <\/b><\/p>\n<p> Neid kasutatakse arhitektuurifassaadides, sisekujunduses, tarbeelektroonikas, autode kaunistustes ja k\u00f5rgekvaliteedilises m\u00f6\u00f6blis.<br \/>\n<\/p><br \/>\n<br \/>\n<p><b>6.Kas liivapritsimine m\u00f5jutab alumiiniumprofiili tugevust? <\/b><\/p>\n<p> Ei, liivapritsimine m\u00f5jutab ainult pinda ja ei kahjusta alumiiniumprofiili struktuurilist tugevust ega terviklikkust.<br \/>\n<\/p><br \/>\n<br \/>\n<p><b>7.Kas liivapritsitud ekstrudeeritud alumiiniumprofiile saab kohandada? <\/b><\/p>\n<p> Kindlasti saab neid toota erinevates kujudes, suurustes ja sulamites ning kombineerida anodeeritud v\u00f5i pulberv\u00e4rvitud viimistlusega.<br \/>\n<\/p><br \/>\n<br \/>\n<p><b>8.Kas liivapritsitud alumiiniumprofiilid sobivad v\u00e4litingimustes kasutamiseks? <\/b><\/p>\n<p> Jah, eriti kui neid kombineeritakse anodeerimise v\u00f5i pulberv\u00e4rvimisega, pakuvad nad suurep\u00e4rast korrosioonikindlust ja ilmastikukindlust.<br \/>\n<\/p><br \/>\n<br \/>\n<p><b>9.Milliseid esteetilisi eeliseid pakub liivapritsitud alumiinium? <\/b><\/p>\n<p> See annab rafineeritud, mittepeegeldava mati viimistluse, mis peidab s\u00f5rmej\u00e4ljed ja pinnavigastused, mist\u00f5ttu on see ideaalne n\u00e4htavate komponentide jaoks.<br \/>\n<\/p><br \/>\n<br \/>\n<p><b>10.Kas liivapritsitud alumiinium on keskkonnas\u00f5bralik valik? <\/b><\/p>\n<p> Jah, alumiinium on taaskasutatav ja liivapritsimine on kuiv, kemikaalivaba pinnat\u00f6\u00f6tlus, mis muudab selle keskkonnas\u00f5bralikuks valikuks.<br \/>\n<\/p><br \/><\/p>","protected":false},"featured_media":6043,"template":"","categories":[57],"class_list":["post-6044","product","type-product","status-publish","has-post-thumbnail","hentry","category-anodized-aluminum-profile"],"meta_box":{"hilight_text_group":{"product_hilight_text":"<li>Sand blasted finish delivers a uniform matte texture ideal for high-end applications<\/li>\r\r\n<li>Enhanced surface adhesion for anodizing, painting, or powder coating<\/li>\r\r\n<li>Removes surface imperfections for a clean and refined appearance<\/li>\r\r\n<li>Improved corrosion resistance when combined with anodized treatment<\/li>\r\r\n<li>Customizable profiles and finishes to suit architectural and industrial needs<\/li>","product_chanpin_chanpin":"<li><a href=\"https:\/\/sinoextrud.com\/product\/anodized-aluminium-extrusion-profile-for-frame-construction-system\/\" target=\"_blank\">Anodized aluminium extrusion profile for frame construction system<\/a><\/li>\r\n<li><a href=\"https:\/\/sinoextrud.com\/product\/anodized-mill-finish-auminium-extrusion-angle\/\" target=\"_blank\">Anodized Mill Finish Auminium Extrusion Angle<\/a><\/li>\r\n<li><a href=\"https:\/\/sinoextrud.com\/product\/anodised-aluminium-extrusions\/\" target=\"_blank\">Anodised Aluminium Extrusions<\/a><\/li>\r\n<li><a href=\"https:\/\/sinoextrud.com\/product\/anodized-extruded-aluminum-edging-for-plywood\/\" target=\"_blank\">Anodized Extruded Aluminum Edging For Plywood<\/a><\/li>\r\n<li><a href=\"https:\/\/sinoextrud.com\/product\/extruded-aluminium-profile-with-sand-blasted-treatment\/\" target=\"_blank\">Extruded Aluminium Profile With Sand Blasted Treatment<\/a><\/li>\r\n<li><a href=\"https:\/\/sinoextrud.com\/product\/anodized-aluminum-trim-molding\/\" target=\"_blank\">Anodized Aluminum Trim Molding<\/a><\/li>\r\n<li><a href=\"https:\/\/sinoextrud.com\/product\/sandblasted-aluminum-profile\/\" target=\"_blank\">Sandblasted Aluminum Profile<\/a><\/li>\r\n<li><a href=\"https:\/\/sinoextrud.com\/product\/extruded-aluminum-stock\/\" target=\"_blank\">Extruded Aluminum Stock<\/a><\/li>\r\n<li><a href=\"https:\/\/sinoextrud.com\/product\/custom-anodized-aluminium-profiles\/\" target=\"_blank\">Custom Anodized Aluminium Profiles<\/a><\/li>\r\n<li><a href=\"https:\/\/sinoextrud.com\/product\/aluminum-price-per-pound\/\" target=\"_blank\">Aluminum Price Per Pound<\/a><\/li>\r\n<li><a href=\"https:\/\/sinoextrud.com\/product\/aluminium-extrusion-table\/\" target=\"_blank\">Aluminium Extrusion Table<\/a><\/li>"},"feature_list":[]},"_links":{"self":[{"href":"https:\/\/sinoextrud.com\/et\/wp-json\/wp\/v2\/product\/6044","targetHints":{"allow":["GET"]}}],"collection":[{"href":"https:\/\/sinoextrud.com\/et\/wp-json\/wp\/v2\/product"}],"about":[{"href":"https:\/\/sinoextrud.com\/et\/wp-json\/wp\/v2\/types\/product"}],"wp:featuredmedia":[{"embeddable":true,"href":"https:\/\/sinoextrud.com\/et\/wp-json\/wp\/v2\/media\/6043"}],"wp:attachment":[{"href":"https:\/\/sinoextrud.com\/et\/wp-json\/wp\/v2\/media?parent=6044"}],"wp:term":[{"taxonomy":"category","embeddable":true,"href":"https:\/\/sinoextrud.com\/et\/wp-json\/wp\/v2\/categories?post=6044"}],"curies":[{"name":"wp","href":"https:\/\/api.w.org\/{rel}","templated":true}]}}