{"id":6042,"date":"2025-05-24T03:06:08","date_gmt":"2025-05-24T03:06:08","guid":{"rendered":"https:\/\/sinoextrud.com\/product\/anodized-extruded-aluminum-edging-for-plywood\/"},"modified":"2025-06-24T03:53:39","modified_gmt":"2025-06-24T03:53:39","slug":"anodeeritud-pressitud-alumiiniumist-vineeri-aaristused","status":"publish","type":"product","link":"https:\/\/sinoextrud.com\/et\/product\/anodized-extruded-aluminum-edging-for-plywood\/","title":{"rendered":"Anodeeritud ekstrudeeritud alumiiniumist servad vineeri jaoks"},"content":{"rendered":"<h2>Toodete \u00fcksikasjad<\/h2>\n<table class=\"custom-table\">\n<tr>\n<td class=\"label\">Hinne:<\/td>\n<td>6063 -t5<\/td>\n<\/tr>\n<tr>\n<td class=\"label\">Tehnika:<\/td>\n<td>Anodeeritud ekstrudeeritud alumiinium<\/td>\n<\/tr>\n<tr>\n<td class=\"label\">Temperament:<\/td>\n<td>T3 - T8<\/td>\n<\/tr>\n<tr>\n<td class=\"label\">T\u00f6\u00f6deldavad teenused:<\/td>\n<td>Puurimine, keermestamine, neetimine, montaa\u017e jne.<\/td>\n<\/tr>\n<tr>\n<td class=\"label\">T\u00fc\u00fcp:<\/td>\n<td>Anodeeritud ekstrudeeritud alumiiniumist servad vineeri jaoks<\/td>\n<\/tr>\n<tr>\n<td class=\"label\">Kuju:<\/td>\n<td>Valmistatud klientide j\u00e4rgi Disain<\/td>\n<\/tr>\n<tr>\n<td class=\"label\">Pinnat\u00f6\u00f6tlus:<\/td>\n<td>Mill Finish Anodeeritud harjatud<\/td>\n<\/tr>\n<tr>\n<td class=\"label\">Pikkus:<\/td>\n<td>3m kuni 6m pikkuse kohta<\/td>\n<\/tr>\n<tr>\n<td class=\"label\">V\u00e4rvid:<\/td>\n<td>H\u00f5bedane must<\/td>\n<\/tr>\n<tr>\n<td class=\"label\">HS-kood:<\/td>\n<td>76042990<\/td>\n<\/tr>\n<\/table>\n<h2>Meie tootmisbaas<\/h2>\n<h3>Tehase panoraam<\/h3>\n<p><img decoding=\"async\" src=\"\/wp-content\/uploads\/factory-01.webp\"\/><\/p>\n<h3>Alumiiniumvarraste tootmise t\u00f6\u00f6koda<\/h3>\n<p><img decoding=\"async\" src=\"\/wp-content\/uploads\/factory-02.webp\"\/><\/p>\n<p><img decoding=\"async\" src=\"\/wp-content\/uploads\/factory-03.webp\"\/><\/p>\n<h3>hallituse ladustamise ladu<\/h3>\n<p><img decoding=\"async\" src=\"\/wp-content\/uploads\/factory-04.webp\"\/><\/p>\n<h3>43 alumiiniumi ekstrusiooniliini (500-5500 tonni)<\/h3>\n<p><img decoding=\"async\" src=\"\/wp-content\/uploads\/factory-05.webp\"\/><\/p>\n<p><img decoding=\"async\" src=\"\/wp-content\/uploads\/factory-06.webp\"\/><\/p>\n<p><img decoding=\"async\" src=\"\/wp-content\/uploads\/factory-07.webp\"\/><\/p>\n<h3>Pulberv\u00e4rvimise t\u00f6\u00f6koda<\/h3>\n<p><img decoding=\"async\" src=\"\/wp-content\/uploads\/factory-09.webp\"\/><\/p>\n<h3>Anodiseerimise t\u00f6\u00f6koda<\/h3>\n<p><img decoding=\"async\" src=\"\/wp-content\/uploads\/factory-10.webp\"\/><\/p>\n<h3>S\u00fcgavt\u00f6\u00f6tlemise t\u00f6\u00f6tuba<\/h3>\n<p><img decoding=\"async\" src=\"\/wp-content\/uploads\/factory-11.webp\"\/><\/p>\n<h3>CNC-t\u00e4ppist\u00f6\u00f6tlemise t\u00f6\u00f6koda<\/h3>\n<p><img decoding=\"async\" src=\"\/wp-content\/uploads\/factory-11.5.webp\"\/><\/p>\n<h3>Valmistoodete ja ekspordi ladu<\/h3>\n<p><img decoding=\"async\" src=\"\/wp-content\/uploads\/factory-12.webp\"\/><\/p>\n<p><img decoding=\"async\" src=\"\/wp-content\/uploads\/factory-13.webp\"\/><\/p>\n<p><img decoding=\"async\" src=\"\/wp-content\/uploads\/factory-14.webp\"\/><\/p>\n<h2>KKK<\/h2>\n<p><p><b>1.Mis on anodeeritud ekstrudeeritud alumiiniumist vineeri \u00e4\u00e4ristamine? <\/b><\/p>\n<p> Anodeeritud ekstrudeeritud alumiiniumist vineeri servad on kaitsev ja dekoratiivne alumiiniumist \u00e4\u00e4ristus, mis on m\u00f5eldud vineerplaatide avatud servade tugevdamiseks ja viimistlemiseks.<br \/>\n<\/p><br \/>\n<br \/>\n<p><b>2.Millised on anodeeritud alumiiniumist servade kasutamise eelised vineeril? <\/b><\/p>\n<p> See kaitseb servi, parandab v\u00e4limust, takistab l\u00f5henemist ja lisab korrosioonikindlust t\u00e4nu vastupidavale anodeeritud pinnale.<br \/>\n<\/p><br \/>\n<br \/>\n<p><b>3.Miks valida anodeeritud alumiiniumist vineerist \u00e4\u00e4ristamiseks? <\/b><\/p>\n<p> Anodeeritud alumiinium on kerge, roostekindel ja pakub kauakestvat viimistlust, mis parandab nii vineerpindade vastupidavust kui ka esteetilisust.<br \/>\n<\/p><br \/>\n<br \/>\n<p><b>4.Kas anodeeritud ekstrudeeritud alumiiniumist serva on lihtne paigaldada? <\/b><\/p>\n<p> Jah, seda on lihtne l\u00f5igata ja paigaldada ning seda saab kinnitada liimi, naelte v\u00f5i kruvide abil, mist\u00f5ttu sobib see ideaalselt nii professionaalseks kui ka koduseks kasutuseks.<br \/>\n<\/p><br \/>\n<br \/>\n<p><b>5.Kas anodeeritud alumiiniumist \u00e4\u00e4ristust saab kasutada sise- ja v\u00e4lisvineeri puhul? <\/b><\/p>\n<p> Kindlasti sobib see t\u00e4nu anodeeritud kattele nii sise- kui ka v\u00e4liskeskkonda, pakkudes tugevat kaitset niiskuse ja kulumise eest.<br \/>\n<\/p><br \/>\n<br \/>\n<p><b>6.Millised viimistlused on saadaval anodeeritud alumiiniumist servade jaoks? <\/b><\/p>\n<p> Tavalised viimistlused on matt, harjatud, satiinne ja l\u00e4ikiv, v\u00e4rvivalikutega nagu h\u00f5be, must, kuld ja pronks, mis v\u00f5imaldavad paindlikku disaini.<br \/>\n<\/p><br \/>\n<br \/>\n<p><b>7.Kas anodeeritud servad parandavad vineerm\u00f6\u00f6bli v\u00e4limust? <\/b><\/p>\n<p> Jah, see lisab elegantse, moodsa v\u00e4limuse ja puhtad jooned, parandades vineeril p\u00f5hineva m\u00f6\u00f6bli ja kappide \u00fcldist esitlust ja v\u00e4\u00e4rtust.<br \/>\n<\/p><br \/>\n<br \/>\n<p><b>8.Kas anodeeritud ekstrudeeritud alumiiniumist servad on kohandatavad? <\/b><\/p>\n<p> Jah, seda saab kohandada paksuse, laiuse, kuju ja anodeeritud v\u00e4rvi poolest, et see vastaks konkreetsetele disaini- ja funktsionaalsetele vajadustele.<br \/>\n<\/p><br \/>\n<br \/>\n<p><b>9.Kui kaua kestab alumiiniumist servade anodeeritud viimistlus? <\/b><\/p>\n<p> Anodeeritud pind on \u00e4\u00e4rmiselt vastupidav ja v\u00f5ib normaalsetes kasutustingimustes kestma j\u00e4\u00e4da aastak\u00fcmneid ilma koorumise, tuhmumise v\u00f5i korrodeerumise tagaj\u00e4rjel.<br \/>\n<\/p><br \/>\n<br \/>\n<p><b>10.Kas anodeeritud alumiiniumist \u00e4\u00e4ristamine on keskkonnas\u00f5bralik? <\/b><\/p>\n<p> Jah, alumiinium on 100% taaskasutatav ja anodeerimine on ohutu ja keskkonnas\u00f5bralik protsess, mis muudab selle vineeritoodete jaoks j\u00e4tkusuutlikuks servalahenduseks.<br \/>\n<\/p><br \/><\/p>","protected":false},"featured_media":6041,"template":"","categories":[57],"class_list":["post-6042","product","type-product","status-publish","has-post-thumbnail","hentry","category-anodized-aluminum-profile"],"meta_box":{"hilight_text_group":{"product_hilight_text":"<li>Protects plywood edges from damage, moisture, and wear<\/li>\r\r\n<li>Anodized finish offers a sleek look and enhanced corrosion resistance<\/li>\r\r\n<li>Provides a clean, professional edge for furniture, panels, and displays<\/li>\r\r\n<li>Easy to cut and install, improving production efficiency<\/li>\r\r\n<li>Available in various sizes and finishes to match design requirements<\/li>","product_chanpin_chanpin":"<li><a href=\"https:\/\/sinoextrud.com\/product\/anodized-champagne-aluminium-color-matte-anodized-sand-blasting-6063-alloy-extrusion-profiles\/\" target=\"_blank\">Anodized Champagne aluminium color matte anodized sand blasting 6063 alloy extrusion profiles<\/a><\/li>\r\n<li><a href=\"https:\/\/sinoextrud.com\/product\/anodized-aluminium-extrusion-profile-for-frame-construction-system\/\" target=\"_blank\">Anodized aluminium extrusion profile for frame construction system<\/a><\/li>\r\n<li><a href=\"https:\/\/sinoextrud.com\/product\/anodized-mill-finish-auminium-extrusion-angle\/\" target=\"_blank\">Anodized Mill Finish Auminium Extrusion Angle<\/a><\/li>\r\n<li><a href=\"https:\/\/sinoextrud.com\/product\/anodised-aluminium-extrusions\/\" target=\"_blank\">Anodised Aluminium Extrusions<\/a><\/li>\r\n<li><a href=\"https:\/\/sinoextrud.com\/product\/anodized-extruded-aluminum-edging-for-plywood\/\" target=\"_blank\">Anodized Extruded Aluminum Edging For Plywood<\/a><\/li>\r\n<li><a href=\"https:\/\/sinoextrud.com\/product\/extruded-aluminium-profile-with-sand-blasted-treatment\/\" target=\"_blank\">Extruded Aluminium Profile With Sand Blasted Treatment<\/a><\/li>\r\n<li><a href=\"https:\/\/sinoextrud.com\/product\/anodized-aluminum-trim-molding\/\" target=\"_blank\">Anodized Aluminum Trim Molding<\/a><\/li>\r\n<li><a href=\"https:\/\/sinoextrud.com\/product\/sandblasted-aluminum-profile\/\" target=\"_blank\">Sandblasted Aluminum Profile<\/a><\/li>\r\n<li><a href=\"https:\/\/sinoextrud.com\/product\/extruded-aluminum-stock\/\" target=\"_blank\">Extruded Aluminum Stock<\/a><\/li>\r\n<li><a href=\"https:\/\/sinoextrud.com\/product\/vertical-type-screen-ceiling-system\/\" target=\"_blank\">Vertical Type Screen Ceiling System<\/a><\/li>\r\n<li><a href=\"https:\/\/sinoextrud.com\/product\/aluminium-decorative-furniture-metal-wall-trim\/\" target=\"_blank\">Aluminium Decorative Furniture Metal Wall Trim<\/a><\/li>"},"feature_list":[]},"_links":{"self":[{"href":"https:\/\/sinoextrud.com\/et\/wp-json\/wp\/v2\/product\/6042","targetHints":{"allow":["GET"]}}],"collection":[{"href":"https:\/\/sinoextrud.com\/et\/wp-json\/wp\/v2\/product"}],"about":[{"href":"https:\/\/sinoextrud.com\/et\/wp-json\/wp\/v2\/types\/product"}],"wp:featuredmedia":[{"embeddable":true,"href":"https:\/\/sinoextrud.com\/et\/wp-json\/wp\/v2\/media\/6041"}],"wp:attachment":[{"href":"https:\/\/sinoextrud.com\/et\/wp-json\/wp\/v2\/media?parent=6042"}],"wp:term":[{"taxonomy":"category","embeddable":true,"href":"https:\/\/sinoextrud.com\/et\/wp-json\/wp\/v2\/categories?post=6042"}],"curies":[{"name":"wp","href":"https:\/\/api.w.org\/{rel}","templated":true}]}}