{"id":6038,"date":"2025-05-24T02:50:22","date_gmt":"2025-05-24T02:50:22","guid":{"rendered":"https:\/\/sinoextrud.com\/product\/anodized-mill-finish-auminium-extrusion-angle\/"},"modified":"2025-06-24T03:53:36","modified_gmt":"2025-06-24T03:53:36","slug":"anodeeritud-freesitud-alumiinium-ekstrusiooni-nurk","status":"publish","type":"product","link":"https:\/\/sinoextrud.com\/et\/product\/anodized-mill-finish-auminium-extrusion-angle\/","title":{"rendered":"Anodeeritud Mill Finish alumiiniumist ekstrusiooni nurk"},"content":{"rendered":"<h2>Toodete \u00fcksikasjad<\/h2>\n<table class=\"custom-table\">\n<tr>\n<td class=\"label\">Hinne:<\/td>\n<td>6063 -t5<\/td>\n<\/tr>\n<tr>\n<td class=\"label\">Tehnika:<\/td>\n<td>Anodeeritud Mill Finish alumiiniumist ekstrusiooninurk<\/td>\n<\/tr>\n<tr>\n<td class=\"label\">Temperament:<\/td>\n<td>T3 - T8<\/td>\n<\/tr>\n<tr>\n<td class=\"label\">T\u00f6\u00f6deldavad teenused:<\/td>\n<td>Puurimine, keermestamine, neetimine, montaa\u017e jne.<\/td>\n<\/tr>\n<tr>\n<td class=\"label\">T\u00fc\u00fcp:<\/td>\n<td>Anodeeritud Mill Finish alumiiniumist ekstrusiooni nurk<\/td>\n<\/tr>\n<tr>\n<td class=\"label\">Kuju:<\/td>\n<td>Valmistatud klientide j\u00e4rgi Disain<\/td>\n<\/tr>\n<tr>\n<td class=\"label\">Pinnat\u00f6\u00f6tlus:<\/td>\n<td>Mill Finish Anodeeritud harjatud<\/td>\n<\/tr>\n<tr>\n<td class=\"label\">Pikkus:<\/td>\n<td>3m kuni 6m pikkuse kohta<\/td>\n<\/tr>\n<tr>\n<td class=\"label\">V\u00e4rvid:<\/td>\n<td>H\u00f5bedane must<\/td>\n<\/tr>\n<tr>\n<td class=\"label\">HS-kood:<\/td>\n<td>76042990<\/td>\n<\/tr>\n<\/table>\n<h2>Meie tootmisbaas<\/h2>\n<h3>Tehase panoraam<\/h3>\n<p><img decoding=\"async\" src=\"\/wp-content\/uploads\/factory-01.webp\"\/><\/p>\n<h3>Alumiiniumvarraste tootmise t\u00f6\u00f6koda<\/h3>\n<p><img decoding=\"async\" src=\"\/wp-content\/uploads\/factory-02.webp\"\/><\/p>\n<p><img decoding=\"async\" src=\"\/wp-content\/uploads\/factory-03.webp\"\/><\/p>\n<h3>hallituse ladustamise ladu<\/h3>\n<p><img decoding=\"async\" src=\"\/wp-content\/uploads\/factory-04.webp\"\/><\/p>\n<h3>43 alumiiniumi ekstrusiooniliini (500-5500 tonni)<\/h3>\n<p><img decoding=\"async\" src=\"\/wp-content\/uploads\/factory-05.webp\"\/><\/p>\n<p><img decoding=\"async\" src=\"\/wp-content\/uploads\/factory-06.webp\"\/><\/p>\n<p><img decoding=\"async\" src=\"\/wp-content\/uploads\/factory-07.webp\"\/><\/p>\n<h3>Pulberv\u00e4rvimise t\u00f6\u00f6koda<\/h3>\n<p><img decoding=\"async\" src=\"\/wp-content\/uploads\/factory-09.webp\"\/><\/p>\n<h3>Anodiseerimise t\u00f6\u00f6koda<\/h3>\n<p><img decoding=\"async\" src=\"\/wp-content\/uploads\/factory-10.webp\"\/><\/p>\n<h3>S\u00fcgavt\u00f6\u00f6tlemise t\u00f6\u00f6tuba<\/h3>\n<p><img decoding=\"async\" src=\"\/wp-content\/uploads\/factory-11.webp\"\/><\/p>\n<h3>CNC-t\u00e4ppist\u00f6\u00f6tlemise t\u00f6\u00f6koda<\/h3>\n<p><img decoding=\"async\" src=\"\/wp-content\/uploads\/factory-11.5.webp\"\/><\/p>\n<h3>Valmistoodete ja ekspordi ladu<\/h3>\n<p><img decoding=\"async\" src=\"\/wp-content\/uploads\/factory-12.webp\"\/><\/p>\n<p><img decoding=\"async\" src=\"\/wp-content\/uploads\/factory-13.webp\"\/><\/p>\n<p><img decoding=\"async\" src=\"\/wp-content\/uploads\/factory-14.webp\"\/><\/p>\n<h2>KKK<\/h2>\n<p><p><b>1.Mis on anodeeritud Mill Finish alumiiniumist ekstrusiooninurk? <\/b><\/p>\n<p> Anodeeritud freesitud alumiiniumist ekstrusiooninurk on L-kujuline alumiiniumprofiil, millel on looduslik freesitud pind, mis on anodeeritud parema vastupidavuse ja korrosioonikindluse tagamiseks.<br \/>\n<\/p><br \/>\n<br \/>\n<p><b>2.Millised on anodeeritud alumiiniumnurkade eelised? <\/b><\/p>\n<p> Need nurgad pakuvad suurep\u00e4rast korrosioonikindlust, puhast metallist v\u00e4limust, t\u00e4iustatud pinnakaredust ja pikaajalist toimivust konstruktsiooni- ja dekoratiivses kasutuses.<br \/>\n<\/p><br \/>\n<br \/>\n<p><b>3.Miks valida veski viimistletud anodeeritud alumiiniumnurk? <\/b><\/p>\n<p> Mill viimistlus annab sileda, t\u00f6\u00f6tlemata aluse, mis parandab anodeerimise tulemusi, mille tulemuseks on \u00fchtlane kaitsev kate ja puhas t\u00f6\u00f6stuslik v\u00e4limus.<br \/>\n<\/p><br \/>\n<br \/>\n<p><b>4.Mis rakendused kasutavad anodeeritud Mill Finish alumiiniumist ekstrusiooninurki? <\/b><\/p>\n<p> Levinud kasutusalad on raamimine, servade kaitsmine, nurkade \u00fchendamine, arhitektuursed liistud, klambrid ja toed nii sise- kui ka v\u00e4litingimustes.<br \/>\n<\/p><br \/>\n<br \/>\n<p><b>5.Kas anodeeritud freesitud alumiinium sobib v\u00e4litingimustes kasutamiseks? <\/b><\/p>\n<p> Jah, anodeeritud kiht kaitseb alumiiniumi UV-kiirguse, niiskuse ja keskkonna korrosiooni eest, mist\u00f5ttu on see ideaalne v\u00e4liskasutuseks.<br \/>\n<\/p><br \/>\n<br \/>\n<p><b>6.Can anodeeritud Mill Finish alumiinium nurgad saab kohandada? <\/b><\/p>\n<p> Kindlasti saab neid toota eri pikkuste, suuruste, paksuste ja anodeerimisv\u00e4rvidega, et vastata konkreetsetele projektin\u00f5uetele.<br \/>\n<\/p><br \/>\n<br \/>\n<p><b>7. kuidas anodeerimine parandab alumiiniumist nurkade viimistlust? <\/b><\/p>\n<p> Anodeerimine loob pinnale vastupidava oksiidikihi, mis takistab korrosiooni, suurendab kulumiskindlust ja v\u00f5imaldab soovi korral v\u00e4rvilist viimistlust.<br \/>\n<\/p><br \/>\n<br \/>\n<p><b>8.Kas anodeeritud alumiiniumist nurkasid on lihtne paigaldada? <\/b><\/p>\n<p> Jah, need on kerged, neid on lihtne l\u00f5igata, puurida ja kinnitada, mist\u00f5ttu on need v\u00e4ga h\u00e4sti kohandatavad nii professionaalsete kui ka DIY-projektide jaoks.<br \/>\n<\/p><br \/>\n<br \/>\n<p><b>9.Kas anodeeritud freesitud alumiiniumnurgad vajavad hooldust? <\/b><\/p>\n<p> Hooldus on minimaalne - puhastage lihtsalt pehme seebi ja veega, et pind n\u00e4eks v\u00e4rske ja puhas v\u00e4lja.<br \/>\n<\/p><br \/>\n<br \/>\n<p><b>10.Kas anodeeritud freesitud alumiinium on keskkonnas\u00f5bralik? <\/b><\/p>\n<p> Jah, alumiinium on 100% taaskasutatav ja anodeerimine on mittetoksiline, keskkonnas\u00f5bralik protsess, mis toetab j\u00e4tkusuutlikku ehitust ja tootmisviise.<br \/>\n<\/p><br \/><\/p>","protected":false},"featured_media":6037,"template":"","categories":[57],"class_list":["post-6038","product","type-product","status-publish","has-post-thumbnail","hentry","category-anodized-aluminum-profile"],"meta_box":{"hilight_text_group":{"product_hilight_text":"<li>Available in both anodized and mill finish for functional or decorative use<\/li>\r\r\n<li>6063 alloy provides good strength, corrosion resistance, and workability<\/li>\r\r\n<li>Sharp 90\u00c2\u00b0 angle ideal for framing, edge protection, and structural support<\/li>\r\r\n<li>Lightweight and easy to cut, drill, and assemble on-site<\/li>\r\r\n<li>Suitable for construction, furniture, and industrial equipment applications<\/li>","product_chanpin_chanpin":"<li><a href=\"https:\/\/sinoextrud.com\/product\/sandblasted-mechanical-streak-removed-aluminium-profiles\/\" target=\"_blank\">Sandblasted Mechanical streak removed aluminium profiles<\/a><\/li>\r\n<li><a href=\"https:\/\/sinoextrud.com\/product\/anodized-extruded-aluminium-glazing-profiles\/\" target=\"_blank\">Anodized Extruded Aluminium Glazing Profiles<\/a><\/li>\r\n<li><a href=\"https:\/\/sinoextrud.com\/product\/anodized-champagne-aluminium-color-matte-anodized-sand-blasting-6063-alloy-extrusion-profiles\/\" target=\"_blank\">Anodized Champagne aluminium color matte anodized sand blasting 6063 alloy extrusion profiles<\/a><\/li>\r\n<li><a href=\"https:\/\/sinoextrud.com\/product\/anodized-aluminium-extrusion-profile-for-frame-construction-system\/\" target=\"_blank\">Anodized aluminium extrusion profile for frame construction system<\/a><\/li>\r\n<li><a href=\"https:\/\/sinoextrud.com\/product\/anodized-mill-finish-auminium-extrusion-angle\/\" target=\"_blank\">Anodized Mill Finish Auminium Extrusion Angle<\/a><\/li>\r\n<li><a href=\"https:\/\/sinoextrud.com\/product\/anodised-aluminium-extrusions\/\" target=\"_blank\">Anodised Aluminium Extrusions<\/a><\/li>\r\n<li><a href=\"https:\/\/sinoextrud.com\/product\/anodized-extruded-aluminum-edging-for-plywood\/\" target=\"_blank\">Anodized Extruded Aluminum Edging For Plywood<\/a><\/li>\r\n<li><a href=\"https:\/\/sinoextrud.com\/product\/extruded-aluminium-profile-with-sand-blasted-treatment\/\" target=\"_blank\">Extruded Aluminium Profile With Sand Blasted Treatment<\/a><\/li>\r\n<li><a href=\"https:\/\/sinoextrud.com\/product\/anodized-aluminum-trim-molding\/\" target=\"_blank\">Anodized Aluminum Trim Molding<\/a><\/li>\r\n<li><a href=\"https:\/\/sinoextrud.com\/product\/aluminium-sections-for-doors-and-windows\/\" target=\"_blank\">Aluminium Sections For Doors And Windows<\/a><\/li>\r\n<li><a href=\"https:\/\/sinoextrud.com\/product\/half-round-aluminum-extrusion\/\" target=\"_blank\">Half Round Aluminum Extrusion<\/a><\/li>"},"feature_list":[]},"_links":{"self":[{"href":"https:\/\/sinoextrud.com\/et\/wp-json\/wp\/v2\/product\/6038","targetHints":{"allow":["GET"]}}],"collection":[{"href":"https:\/\/sinoextrud.com\/et\/wp-json\/wp\/v2\/product"}],"about":[{"href":"https:\/\/sinoextrud.com\/et\/wp-json\/wp\/v2\/types\/product"}],"wp:featuredmedia":[{"embeddable":true,"href":"https:\/\/sinoextrud.com\/et\/wp-json\/wp\/v2\/media\/6037"}],"wp:attachment":[{"href":"https:\/\/sinoextrud.com\/et\/wp-json\/wp\/v2\/media?parent=6038"}],"wp:term":[{"taxonomy":"category","embeddable":true,"href":"https:\/\/sinoextrud.com\/et\/wp-json\/wp\/v2\/categories?post=6038"}],"curies":[{"name":"wp","href":"https:\/\/api.w.org\/{rel}","templated":true}]}}