{"id":6025,"date":"2025-05-24T02:27:49","date_gmt":"2025-05-24T02:27:49","guid":{"rendered":"https:\/\/sinoextrud.com\/product\/wood-grain-customize-aluminium-extrusion-rail\/"},"modified":"2025-06-24T03:53:26","modified_gmt":"2025-06-24T03:53:26","slug":"puidutera-kohandatud-alumiiniumist-ekstrusiooni-roopmel","status":"publish","type":"product","link":"https:\/\/sinoextrud.com\/et\/product\/wood-grain-customize-aluminium-extrusion-rail\/","title":{"rendered":"Puidutera Kohandada alumiiniumist ekstrusiooni r\u00f6\u00f6bastee"},"content":{"rendered":"<h2>Toodete \u00fcksikasjad<\/h2>\n<table class=\"custom-table\">\n<tr>\n<td class=\"label\">Hinne:<\/td>\n<td>6063 -t5<\/td>\n<\/tr>\n<tr>\n<td class=\"label\">Tehnika:<\/td>\n<td>Puidutera Kohandada alumiiniumist ekstrusiooni r\u00f6\u00f6bastee<\/td>\n<\/tr>\n<tr>\n<td class=\"label\">Temperament:<\/td>\n<td>T3 - T8<\/td>\n<\/tr>\n<tr>\n<td class=\"label\">T\u00f6\u00f6deldavad teenused:<\/td>\n<td>Puurimine, keermestamine, neetimine, montaa\u017e jne.<\/td>\n<\/tr>\n<tr>\n<td class=\"label\">Kaubam\u00e4rk:<\/td>\n<td>Zhonglian Pailian Zhongchang<\/td>\n<\/tr>\n<tr>\n<td class=\"label\">T\u00fc\u00fcp:<\/td>\n<td>Puidutera Kohandada alumiiniumist ekstrusiooni r\u00f6\u00f6bastee<\/td>\n<\/tr>\n<tr>\n<td class=\"label\">Kuju:<\/td>\n<td>Valmistatud klientide j\u00e4rgi Disain<\/td>\n<\/tr>\n<tr>\n<td class=\"label\">Pinnat\u00f6\u00f6tlus:<\/td>\n<td>Mill Finish Anodeeritud harjatud<\/td>\n<\/tr>\n<tr>\n<td class=\"label\">Pikkus:<\/td>\n<td>3m kuni 6m pikkuse kohta<\/td>\n<\/tr>\n<tr>\n<td class=\"label\">V\u00e4rvid:<\/td>\n<td>H\u00f5bedane must<\/td>\n<\/tr>\n<tr>\n<td class=\"label\">HS-kood:<\/td>\n<td>76042990<\/td>\n<\/tr>\n<\/table>\n<h2>Meie tootmisbaas<\/h2>\n<h3>Tehase panoraam<\/h3>\n<p><img decoding=\"async\" src=\"\/wp-content\/uploads\/factory-01.webp\"\/><\/p>\n<h3>Alumiiniumvarraste tootmise t\u00f6\u00f6koda<\/h3>\n<p><img decoding=\"async\" src=\"\/wp-content\/uploads\/factory-02.webp\"\/><\/p>\n<p><img decoding=\"async\" src=\"\/wp-content\/uploads\/factory-03.webp\"\/><\/p>\n<h3>hallituse ladustamise ladu<\/h3>\n<p><img decoding=\"async\" src=\"\/wp-content\/uploads\/factory-04.webp\"\/><\/p>\n<h3>43 alumiiniumi ekstrusiooniliini (500-5500 tonni)<\/h3>\n<p><img decoding=\"async\" src=\"\/wp-content\/uploads\/factory-05.webp\"\/><\/p>\n<p><img decoding=\"async\" src=\"\/wp-content\/uploads\/factory-06.webp\"\/><\/p>\n<p><img decoding=\"async\" src=\"\/wp-content\/uploads\/factory-07.webp\"\/><\/p>\n<h3>Pulberv\u00e4rvimise t\u00f6\u00f6koda<\/h3>\n<p><img decoding=\"async\" src=\"\/wp-content\/uploads\/factory-09.webp\"\/><\/p>\n<h3>Anodiseerimise t\u00f6\u00f6koda<\/h3>\n<p><img decoding=\"async\" src=\"\/wp-content\/uploads\/factory-10.webp\"\/><\/p>\n<h3>S\u00fcgavt\u00f6\u00f6tlemise t\u00f6\u00f6tuba<\/h3>\n<p><img decoding=\"async\" src=\"\/wp-content\/uploads\/factory-11.webp\"\/><\/p>\n<h3>CNC-t\u00e4ppist\u00f6\u00f6tlemise t\u00f6\u00f6koda<\/h3>\n<p><img decoding=\"async\" src=\"\/wp-content\/uploads\/factory-11.5.webp\"\/><\/p>\n<h3>Valmistoodete ja ekspordi ladu<\/h3>\n<p><img decoding=\"async\" src=\"\/wp-content\/uploads\/factory-12.webp\"\/><\/p>\n<p><img decoding=\"async\" src=\"\/wp-content\/uploads\/factory-13.webp\"\/><\/p>\n<p><img decoding=\"async\" src=\"\/wp-content\/uploads\/factory-14.webp\"\/><\/p>\n<h2>KKK<\/h2>\n<p><p><b>1.Mis on puidutera kohandatud alumiiniumist ekstrusiooni r\u00f6\u00f6pmel? <\/b><\/p>\n<p> Wood Grain Customize Aluminium Extrusion Rail on puidumassi efektiga viimistletud alumiiniumist piirdeprofiil, mis pakub puidu v\u00e4limust koos alumiiniumi tugevuse ja vastupidavusega.<br \/>\n<\/p><br \/>\n<br \/>\n<p><b>2.Millised on puidumassist alumiiniumist ekstrusiooni r\u00f6\u00f6bastee eelised? <\/b><\/p>\n<p> See toode \u00fchendab endas puidu loomuliku v\u00e4limuse ja alumiiniumi eelised, nagu korrosioonikindlus, v\u00e4hene hooldus ja pikk kasutusiga.<br \/>\n<\/p><br \/>\n<br \/>\n<p><b>3.Miks valida alumiiniumist piirded puidust viimistlus? <\/b><\/p>\n<p> Puidumassiivi viimistlus annab sooja, loomuliku esteetika ilma t\u00f5elise puidu v\u00e4\u00e4ndumise, m\u00e4danemise v\u00f5i \u00fcmberv\u00e4rvimisega seotud probleemideta.<br \/>\n<\/p><br \/>\n<br \/>\n<p><b>4.Kas puidutera alumiiniumist ekstrusioonir\u00f6\u00f6paid saab kohandada? <\/b><\/p>\n<p> Jah, neid saab kohandada v\u00e4rvi, teramustri, suuruse ja kuju poolest vastavalt konkreetsetele disaini- ja arhitektuurin\u00f5uetele.<br \/>\n<\/p><br \/>\n<br \/>\n<p><b>5.Kas puidutera kohandatud alumiiniumist ekstrusiooni r\u00f6\u00f6bas sobib v\u00e4litingimustes kasutamiseks? <\/b><\/p>\n<p> Kindlasti on pulberv\u00e4rvitud puidumassiivi viimistlus vastupidav UV-kiirgusele, niiskusele ja karmidele ilmastikutingimustele, mist\u00f5ttu sobib see ideaalselt v\u00e4liskaitseraudade ja -aedade jaoks.<br \/>\n<\/p><br \/>\n<br \/>\n<p><b>6.Millised rakendused kasutavad puidumassi alumiiniumist ekstrusiooni r\u00f6\u00f6paid? <\/b><\/p>\n<p> Levinud kasutusalad on elamute r\u00f5dud, aiakaitsed, kaubandusfassaadid ja puidust sarnast v\u00e4limust taotlevad siseruumide vaheseinad.<br \/>\n<\/p><br \/>\n<br \/>\n<p><b>7.Kui kaua kestab alumiiniumkaitselaua puitpindade viimistlus? <\/b><\/p>\n<p> Viimistlus v\u00f5ib kesta 15-20 aastat v\u00f5i kauem, s\u00e4ilitades oma v\u00e4limuse minimaalse hooldusega ja ilma v\u00e4rvimise v\u00f5i tihendamise vajaduseta.<br \/>\n<\/p><br \/>\n<br \/>\n<p><b>8.Kas puidumassist alumiiniumist ekstrusioonir\u00f6\u00f6pad on keskkonnas\u00f5bralikud? <\/b><\/p>\n<p> Jah, alumiinium on taaskasutatav ja puidutooniga viimistlus v\u00e4ldib metsade h\u00e4vitamist, pakkudes j\u00e4tkusuutlikku alternatiivi ehtsale puule.<br \/>\n<\/p><br \/>\n<br \/>\n<p><b>9.Milline hooldus on vajalik puidumassiivsete alumiiniumr\u00f6\u00f6baste puhul? <\/b><\/p>\n<p> Piisab vaid aeg-ajalt veega ja pehme lapiga puhastamisest, et viimistlus oleks v\u00e4rske ja eluj\u00f5uline.<br \/>\n<\/p><br \/>\n<br \/>\n<p><b>10.Kuidas parandab puidumassiivne alumiiniumist ekstrusioonraudtee kinnisvara v\u00e4\u00e4rtust? <\/b><\/p>\n<p> See lisab esteetilist atraktiivsust, vastupidavust ja kaasaegset stiili, parandades elamute v\u00f5i \u00e4rikinnisvara \u00fcldist v\u00e4limust ja v\u00e4hese hooldusega v\u00e4\u00e4rtust.<br \/>\n<\/p><br \/><\/p>","protected":false},"featured_media":6024,"template":"","categories":[57],"class_list":["post-6025","product","type-product","status-publish","has-post-thumbnail","hentry","category-anodized-aluminum-profile"],"meta_box":{"hilight_text_group":{"product_hilight_text":"<li>Realistic wood grain finish combines natural look with aluminum durability<\/li>\r\r\n<li>Customizable designs, lengths, and profiles to fit architectural needs<\/li>\r\r\n<li>Weather-resistant and fade-resistant surface for long-term outdoor use<\/li>\r\r\n<li>Lightweight and easy to install, reducing labor and transportation costs<\/li>\r\r\n<li>Low maintenance alternative to traditional wood with no rotting or warping<\/li>","product_chanpin_chanpin":"<li><a href=\"https:\/\/sinoextrud.com\/product\/aluminum-angle-channel-bright-polished-mirror\/\" target=\"_blank\">Aluminum Angle Channel Bright Polished Mirror<\/a><\/li>\r\n<li><a href=\"https:\/\/sinoextrud.com\/product\/aluminum-anodized-surface-profile\/\" target=\"_blank\">Aluminum Anodized Surface Profile<\/a><\/li>\r\n<li><a href=\"https:\/\/sinoextrud.com\/product\/anodized-aluminum-manufacturer-supply-anodized-aluminium-extrusion-tube-6063\/\" target=\"_blank\">anodized aluminum Manufacturer Supply anodized Aluminium Extrusion Tube 6063<\/a><\/li>\r\n<li><a href=\"https:\/\/sinoextrud.com\/product\/powder-coating-decorative-aluminum-railing\/\" target=\"_blank\">Powder Coating Decorative Aluminum Railing<\/a><\/li>\r\n<li><a href=\"https:\/\/sinoextrud.com\/product\/wood-grain-customize-aluminium-extrusion-rail\/\" target=\"_blank\">Wood Grain Customize Aluminium Extrusion Rail<\/a><\/li>\r\n<li><a href=\"https:\/\/sinoextrud.com\/product\/sandblasted-mechanical-streak-removed-aluminium-profiles\/\" target=\"_blank\">Sandblasted Mechanical streak removed aluminium profiles<\/a><\/li>\r\n<li><a href=\"https:\/\/sinoextrud.com\/product\/anodized-extruded-aluminium-glazing-profiles\/\" target=\"_blank\">Anodized Extruded Aluminium Glazing Profiles<\/a><\/li>\r\n<li><a href=\"https:\/\/sinoextrud.com\/product\/anodized-champagne-aluminium-color-matte-anodized-sand-blasting-6063-alloy-extrusion-profiles\/\" target=\"_blank\">Anodized Champagne aluminium color matte anodized sand blasting 6063 alloy extrusion profiles<\/a><\/li>\r\n<li><a href=\"https:\/\/sinoextrud.com\/product\/anodized-aluminium-extrusion-profile-for-frame-construction-system\/\" target=\"_blank\">Anodized aluminium extrusion profile for frame construction system<\/a><\/li>\r\n<li><a href=\"https:\/\/sinoextrud.com\/product\/polished-sliver-aluminium-profile-like-mirror\/\" target=\"_blank\">Polished Sliver Aluminium Profile Like Mirror<\/a><\/li>\r\n<li><a href=\"https:\/\/sinoextrud.com\/product\/aluminium-enclosure-housing-and-shells\/\" target=\"_blank\">Aluminium Enclosure Housing And Shells<\/a><\/li>"},"feature_list":[]},"_links":{"self":[{"href":"https:\/\/sinoextrud.com\/et\/wp-json\/wp\/v2\/product\/6025","targetHints":{"allow":["GET"]}}],"collection":[{"href":"https:\/\/sinoextrud.com\/et\/wp-json\/wp\/v2\/product"}],"about":[{"href":"https:\/\/sinoextrud.com\/et\/wp-json\/wp\/v2\/types\/product"}],"wp:featuredmedia":[{"embeddable":true,"href":"https:\/\/sinoextrud.com\/et\/wp-json\/wp\/v2\/media\/6024"}],"wp:attachment":[{"href":"https:\/\/sinoextrud.com\/et\/wp-json\/wp\/v2\/media?parent=6025"}],"wp:term":[{"taxonomy":"category","embeddable":true,"href":"https:\/\/sinoextrud.com\/et\/wp-json\/wp\/v2\/categories?post=6025"}],"curies":[{"name":"wp","href":"https:\/\/api.w.org\/{rel}","templated":true}]}}