{"id":6022,"date":"2025-05-24T02:18:05","date_gmt":"2025-05-24T02:18:05","guid":{"rendered":"https:\/\/sinoextrud.com\/product\/powder-coating-decorative-aluminum-railing\/"},"modified":"2025-06-24T03:53:24","modified_gmt":"2025-06-24T03:53:24","slug":"pulbervarvimine-dekoratiivsed-alumiiniumist-piirded","status":"publish","type":"product","link":"https:\/\/sinoextrud.com\/et\/product\/powder-coating-decorative-aluminum-railing\/","title":{"rendered":"Dekoratiivsed alumiiniumist raideseadeldised pulberv\u00e4rvimine"},"content":{"rendered":"<h2>Toodete \u00fcksikasjad<\/h2>\n<table class=\"custom-table\">\n<tr>\n<td class=\"label\">Hinne:<\/td>\n<td>6063 -t5<\/td>\n<\/tr>\n<tr>\n<td class=\"label\">Tehnika:<\/td>\n<td>Dekoratiivsed alumiiniumist raideseadeldised pulberv\u00e4rvimine<\/td>\n<\/tr>\n<tr>\n<td class=\"label\">Temperament:<\/td>\n<td>T3 - T8<\/td>\n<\/tr>\n<tr>\n<td class=\"label\">T\u00f6\u00f6deldavad teenused:<\/td>\n<td>Puurimine, keermestamine, neetimine, montaa\u017e jne.<\/td>\n<\/tr>\n<tr>\n<td class=\"label\">T\u00fc\u00fcp:<\/td>\n<td>Dekoratiivsed alumiiniumist raideseadeldised pulberv\u00e4rvimine<\/td>\n<\/tr>\n<tr>\n<td class=\"label\">Kuju:<\/td>\n<td>Valmistatud klientide j\u00e4rgi Disain<\/td>\n<\/tr>\n<tr>\n<td class=\"label\">Pinnat\u00f6\u00f6tlus:<\/td>\n<td>Mill Finish Anodeeritud harjatud<\/td>\n<\/tr>\n<tr>\n<td class=\"label\">Pikkus:<\/td>\n<td>3m kuni 6m pikkuse kohta<\/td>\n<\/tr>\n<tr>\n<td class=\"label\">V\u00e4rvid:<\/td>\n<td>H\u00f5bedane must<\/td>\n<\/tr>\n<\/table>\n<h2>Meie tootmisbaas<\/h2>\n<h3>Tehase panoraam<\/h3>\n<p><img decoding=\"async\" src=\"\/wp-content\/uploads\/factory-01.webp\"\/><\/p>\n<h3>Alumiiniumvarraste tootmise t\u00f6\u00f6koda<\/h3>\n<p><img decoding=\"async\" src=\"\/wp-content\/uploads\/factory-02.webp\"\/><\/p>\n<p><img decoding=\"async\" src=\"\/wp-content\/uploads\/factory-03.webp\"\/><\/p>\n<h3>hallituse ladustamise ladu<\/h3>\n<p><img decoding=\"async\" src=\"\/wp-content\/uploads\/factory-04.webp\"\/><\/p>\n<h3>43 alumiiniumi ekstrusiooniliini (500-5500 tonni)<\/h3>\n<p><img decoding=\"async\" src=\"\/wp-content\/uploads\/factory-05.webp\"\/><\/p>\n<p><img decoding=\"async\" src=\"\/wp-content\/uploads\/factory-06.webp\"\/><\/p>\n<p><img decoding=\"async\" src=\"\/wp-content\/uploads\/factory-07.webp\"\/><\/p>\n<h3>Pulberv\u00e4rvimise t\u00f6\u00f6koda<\/h3>\n<p><img decoding=\"async\" src=\"\/wp-content\/uploads\/factory-09.webp\"\/><\/p>\n<h3>Anodiseerimise t\u00f6\u00f6koda<\/h3>\n<p><img decoding=\"async\" src=\"\/wp-content\/uploads\/factory-10.webp\"\/><\/p>\n<h3>S\u00fcgavt\u00f6\u00f6tlemise t\u00f6\u00f6tuba<\/h3>\n<p><img decoding=\"async\" src=\"\/wp-content\/uploads\/factory-11.webp\"\/><\/p>\n<h3>CNC-t\u00e4ppist\u00f6\u00f6tlemise t\u00f6\u00f6koda<\/h3>\n<p><img decoding=\"async\" src=\"\/wp-content\/uploads\/factory-11.5.webp\"\/><\/p>\n<h3>Valmistoodete ja ekspordi ladu<\/h3>\n<p><img decoding=\"async\" src=\"\/wp-content\/uploads\/factory-12.webp\"\/><\/p>\n<p><img decoding=\"async\" src=\"\/wp-content\/uploads\/factory-13.webp\"\/><\/p>\n<p><img decoding=\"async\" src=\"\/wp-content\/uploads\/factory-14.webp\"\/><\/p>\n<h2>KKK<\/h2>\n<p><p><b>1.Mis on pulberv\u00e4rvimine dekoratiivsed alumiiniumist r\u00f6\u00f6paid? <\/b><\/p>\n<p> Pulbriga kaetud dekoratiivsed alumiiniumkaitses\u00fcsteemid on alumiiniumist piirdes\u00fcsteem, mida on t\u00f6\u00f6deldud pulberv\u00e4rvitud viimistlusega, mis tagab parema vastupidavuse, v\u00e4rvivaliku ja dekoratiivse atraktiivsuse.<br \/>\n<\/p><br \/>\n<br \/>\n<p><b>2.Millised on peamised eelised pulberv\u00e4rvimise dekoratiivse alumiiniumist r\u00f5dude puhul? <\/b><\/p>\n<p> Need piirded pakuvad suurep\u00e4rast ilmastikukindlust, madalat hooldust, kauakestvat v\u00e4rvi ja k\u00f5rgetasemelist esteetikat, mis sobib nii sise- kui ka v\u00e4litingimustes kasutamiseks.<br \/>\n<\/p><br \/>\n<br \/>\n<p><b>3.Miks valida pulberv\u00e4rvitud alumiiniumist piirded v\u00e4rvitud terase asemel? <\/b><\/p>\n<p> Pulbriga kaetud alumiinium on kergem, roostekindel, vastupidavam ja vajab v\u00e4hem hooldust kui v\u00e4rvitud teras, mist\u00f5ttu on see parem pikaajaline investeering.<br \/>\n<\/p><br \/>\n<br \/>\n<p><b>4.Mis muudab pulberv\u00e4rvimise alumiiniumist piirdedele ideaalseks? <\/b><\/p>\n<p> Pulbriline pinnakate loob vastupidava, \u00fchtlase viimistluse, mis on vastupidav pleekimisele, l\u00f5henemisele ja korrosioonile, v\u00f5imaldades samal ajal laia v\u00e4rvi- ja tekstuurivalikut.<br \/>\n<\/p><br \/>\n<br \/>\n<p><b>5.Kas pulberv\u00e4rvimine dekoratiivsed alumiiniumist r\u00f5dud sobivad v\u00e4litingimustes kasutamiseks? <\/b><\/p>\n<p> Jah, pulberv\u00e4rvitud pind tagab suurep\u00e4rase UV- ja niiskuskindluse, mist\u00f5ttu sobib see ideaalselt r\u00f5dudele, tekkidele, aedadele ja basseinikabiinidele.<br \/>\n<\/p><br \/>\n<br \/>\n<p><b>6.Can pulberv\u00e4rvimine dekoratiivsed alumiiniumist Railing saab kohandada? <\/b><\/p>\n<p> Kindlasti saab seda kohandada stiili, v\u00e4rvi, suuruse ja mustri poolest vastavalt arhitektuurilistele teemadele ja kliendi eelistustele.<br \/>\n<\/p><br \/>\n<br \/>\n<p><b>7.Mis hooldust on vaja pulberv\u00e4rvimise dekoratiivse alumiiniumkaitselaua jaoks? <\/b><\/p>\n<p> V\u00e4ga v\u00e4he - ainult aeg-ajalt puhastamine vee ja maheda seebiga, et s\u00e4ilitada selle v\u00e4limus ja v\u00e4ltida kuhjumist.<br \/>\n<\/p><br \/>\n<br \/>\n<p><b>8.Kas pulberv\u00e4rvimine dekoratiivsed alumiiniumist piirded on keskkonnas\u00f5bralik? <\/b><\/p>\n<p> Jah, alumiinium on t\u00e4ielikult taaskasutatav ja pulberv\u00e4rvimine ei eralda kahjulikke LO\u00dcsid, mis muudab s\u00fcsteemi j\u00e4tkusuutlikuks ehituslahenduseks.<br \/>\n<\/p><br \/>\n<br \/>\n<p><b>9.Kui kaua kestab alumiiniumist piirded pulberv\u00e4rvitud viimistlus? <\/b><\/p>\n<p> Viimistlus v\u00f5ib p\u00fcsida 20+ aastat ilma m\u00e4rkimisv\u00e4\u00e4rse pleekimise v\u00f5i lagunemiseta, eriti kui seda n\u00f5uetekohaselt hooldatakse.<br \/>\n<\/p><br \/>\n<br \/>\n<p><b>10.Millised t\u00f6\u00f6stusharud ja projektid kasutavad tavaliselt pulberv\u00e4rvimist dekoratiivsed alumiiniumkaitsed? <\/b><\/p>\n<p> Elamu-, kaubandus-, hotellindus- ja avaliku infrastruktuuri projektides kasutatakse neid raudteid nende ohutuse, stiili ja vastupidavuse t\u00f5ttu.<br \/>\n<\/p><br \/><\/p>","protected":false},"featured_media":6021,"template":"","categories":[57],"class_list":["post-6022","product","type-product","status-publish","has-post-thumbnail","hentry","category-anodized-aluminum-profile"],"meta_box":{"hilight_text_group":{"product_hilight_text":"<li>Durable powder coating provides long-lasting color and weather resistance<\/li>\r\r\n<li>Elegant design suitable for residential, commercial, and public spaces<\/li>\r\r\n<li>Corrosion-resistant aluminum ensures low maintenance and longevity<\/li>\r\r\n<li>Lightweight structure allows for easy transport and installation<\/li>\r\r\n<li>Custom colors, styles, and sizes available to match project aesthetics<\/li>","product_chanpin_chanpin":"<li><a href=\"https:\/\/sinoextrud.com\/product\/anodized-aluminium-profiles\/\" target=\"_blank\">Anodized Aluminium Profiles<\/a><\/li>\r\n<li><a href=\"https:\/\/sinoextrud.com\/product\/aluminum-angle-channel-bright-polished-mirror\/\" target=\"_blank\">Aluminum Angle Channel Bright Polished Mirror<\/a><\/li>\r\n<li><a href=\"https:\/\/sinoextrud.com\/product\/aluminum-anodized-surface-profile\/\" target=\"_blank\">Aluminum Anodized Surface Profile<\/a><\/li>\r\n<li><a href=\"https:\/\/sinoextrud.com\/product\/anodized-aluminum-manufacturer-supply-anodized-aluminium-extrusion-tube-6063\/\" target=\"_blank\">anodized aluminum Manufacturer Supply anodized Aluminium Extrusion Tube 6063<\/a><\/li>\r\n<li><a href=\"https:\/\/sinoextrud.com\/product\/powder-coating-decorative-aluminum-railing\/\" target=\"_blank\">Powder Coating Decorative Aluminum Railing<\/a><\/li>\r\n<li><a href=\"https:\/\/sinoextrud.com\/product\/wood-grain-customize-aluminium-extrusion-rail\/\" target=\"_blank\">Wood Grain Customize Aluminium Extrusion Rail<\/a><\/li>\r\n<li><a href=\"https:\/\/sinoextrud.com\/product\/sandblasted-mechanical-streak-removed-aluminium-profiles\/\" target=\"_blank\">Sandblasted Mechanical streak removed aluminium profiles<\/a><\/li>\r\n<li><a href=\"https:\/\/sinoextrud.com\/product\/anodized-extruded-aluminium-glazing-profiles\/\" target=\"_blank\">Anodized Extruded Aluminium Glazing Profiles<\/a><\/li>\r\n<li><a href=\"https:\/\/sinoextrud.com\/product\/anodized-champagne-aluminium-color-matte-anodized-sand-blasting-6063-alloy-extrusion-profiles\/\" target=\"_blank\">Anodized Champagne aluminium color matte anodized sand blasting 6063 alloy extrusion profiles<\/a><\/li>\r\n<li><a href=\"https:\/\/sinoextrud.com\/product\/aluminum-extrusion-rail\/\" target=\"_blank\">Aluminum Extrusion Rail<\/a><\/li>\r\n<li><a href=\"https:\/\/sinoextrud.com\/product\/aluminium-piping\/\" target=\"_blank\">Aluminium Piping<\/a><\/li>"},"feature_list":[]},"_links":{"self":[{"href":"https:\/\/sinoextrud.com\/et\/wp-json\/wp\/v2\/product\/6022","targetHints":{"allow":["GET"]}}],"collection":[{"href":"https:\/\/sinoextrud.com\/et\/wp-json\/wp\/v2\/product"}],"about":[{"href":"https:\/\/sinoextrud.com\/et\/wp-json\/wp\/v2\/types\/product"}],"wp:featuredmedia":[{"embeddable":true,"href":"https:\/\/sinoextrud.com\/et\/wp-json\/wp\/v2\/media\/6021"}],"wp:attachment":[{"href":"https:\/\/sinoextrud.com\/et\/wp-json\/wp\/v2\/media?parent=6022"}],"wp:term":[{"taxonomy":"category","embeddable":true,"href":"https:\/\/sinoextrud.com\/et\/wp-json\/wp\/v2\/categories?post=6022"}],"curies":[{"name":"wp","href":"https:\/\/api.w.org\/{rel}","templated":true}]}}