{"id":6020,"date":"2025-05-24T02:12:04","date_gmt":"2025-05-24T02:12:04","guid":{"rendered":"https:\/\/sinoextrud.com\/product\/anodized-aluminum-manufacturer-supply-anodized-aluminium-extrusion-tube-6063\/"},"modified":"2025-06-24T03:53:21","modified_gmt":"2025-06-24T03:53:21","slug":"anodeeritud-alumiiniumi-tootja-tarnib-anodeeritud-alumiiniumist-ekstrusioonitoru-6063","status":"publish","type":"product","link":"https:\/\/sinoextrud.com\/et\/product\/anodized-aluminum-manufacturer-supply-anodized-aluminium-extrusion-tube-6063\/","title":{"rendered":"anodeeritud alumiinium Tootja Supply anodeeritud alumiinium ekstrusioonitoru 6063"},"content":{"rendered":"<h2>Toodete \u00fcksikasjad<\/h2>\n<table class=\"custom-table\">\n<tr>\n<td class=\"label\">Objekt: <\/td>\n<td>anodeeritud alumiinium Tootja Supply anodeeritud alumiinium ekstrusioonitoru 6063<\/td>\n<\/tr>\n<tr>\n<td class=\"label\">Materila: <\/td>\n<td>alumiiniumitoorik 6063 sulamist<\/td>\n<\/tr>\n<tr>\n<td class=\"label\">Temperament: <\/td>\n<td>T5,T6<\/td>\n<\/tr>\n<tr>\n<td class=\"label\">Kuju: <\/td>\n<td>40x40mm. Kohandatud saadaval.<\/td>\n<\/tr>\n<tr>\n<td class=\"label\">Profiili paksendused: <\/td>\n<td>1,0 mm eespool.<\/td>\n<\/tr>\n<tr>\n<td class=\"label\">Pinnat\u00f6\u00f6tlus: <\/td>\n<td>anodeeritud alumiinium<\/td>\n<\/tr>\n<tr>\n<td class=\"label\">V\u00e4rv: <\/td>\n<td>h\u00f5bedane, kohandatud v\u00e4rvi saadaval.<\/td>\n<\/tr>\n<tr>\n<td class=\"label\">Pinnakatefirma: <\/td>\n<td>10-13 mikronit.<\/td>\n<\/tr>\n<tr>\n<td class=\"label\">Kasutamine: <\/td>\n<td>aken ja uks, t\u00f6\u00f6stus, transport jne.<\/td>\n<\/tr>\n<tr>\n<td class=\"label\">MOQ: <\/td>\n<td>200 kg iga eseme kohta<\/td>\n<\/tr>\n<tr>\n<td class=\"label\">Sertifikaat ja standard: <\/td>\n<td>ISO 9008-2001. CQM, SGS<\/td>\n<\/tr>\n<tr>\n<td class=\"label\">Garantii: <\/td>\n<td>Pinna v\u00e4rv v\u00f5ib olla stabiilne 15 aastat \u00fcle siseruumides kasutamise.<\/td>\n<\/tr>\n<tr>\n<td class=\"label\">Tootmise t\u00f6\u00f6tlemine: <\/td>\n<td>Alumiiniumist ekstrusioonid<\/td>\n<\/tr>\n<tr>\n<td class=\"label\">P\u00e4ritolu: <\/td>\n<td>Foshan, Guangdong.<\/td>\n<\/tr>\n<\/table>\n<h2>Meie tootmisbaas<\/h2>\n<h3>Tehase panoraam<\/h3>\n<p><img decoding=\"async\" src=\"\/wp-content\/uploads\/factory-01.webp\"\/><\/p>\n<h3>Alumiiniumvarraste tootmise t\u00f6\u00f6koda<\/h3>\n<p><img decoding=\"async\" src=\"\/wp-content\/uploads\/factory-02.webp\"\/><\/p>\n<p><img decoding=\"async\" src=\"\/wp-content\/uploads\/factory-03.webp\"\/><\/p>\n<h3>hallituse ladustamise ladu<\/h3>\n<p><img decoding=\"async\" src=\"\/wp-content\/uploads\/factory-04.webp\"\/><\/p>\n<h3>43 alumiiniumi ekstrusiooniliini (500-5500 tonni)<\/h3>\n<p><img decoding=\"async\" src=\"\/wp-content\/uploads\/factory-05.webp\"\/><\/p>\n<p><img decoding=\"async\" src=\"\/wp-content\/uploads\/factory-06.webp\"\/><\/p>\n<p><img decoding=\"async\" src=\"\/wp-content\/uploads\/factory-07.webp\"\/><\/p>\n<h3>Pulberv\u00e4rvimise t\u00f6\u00f6koda<\/h3>\n<p><img decoding=\"async\" src=\"\/wp-content\/uploads\/factory-09.webp\"\/><\/p>\n<h3>Anodiseerimise t\u00f6\u00f6koda<\/h3>\n<p><img decoding=\"async\" src=\"\/wp-content\/uploads\/factory-10.webp\"\/><\/p>\n<h3>S\u00fcgavt\u00f6\u00f6tlemise t\u00f6\u00f6tuba<\/h3>\n<p><img decoding=\"async\" src=\"\/wp-content\/uploads\/factory-11.webp\"\/><\/p>\n<h3>CNC-t\u00e4ppist\u00f6\u00f6tlemise t\u00f6\u00f6koda<\/h3>\n<p><img decoding=\"async\" src=\"\/wp-content\/uploads\/factory-11.5.webp\"\/><\/p>\n<h3>Valmistoodete ja ekspordi ladu<\/h3>\n<p><img decoding=\"async\" src=\"\/wp-content\/uploads\/factory-12.webp\"\/><\/p>\n<p><img decoding=\"async\" src=\"\/wp-content\/uploads\/factory-13.webp\"\/><\/p>\n<p><img decoding=\"async\" src=\"\/wp-content\/uploads\/factory-14.webp\"\/><\/p>\n<h2>KKK<\/h2>\n<p><p><b>1.Mis on tootja pakkumise anodeeritud alumiiniumist ekstrusioonitoru 6063? <\/b><\/p>\n<p> Tootja Supply Anodiseeritud alumiiniumist ekstrusioonitoru 6063 viitab 6063 sulamist valmistatud ja anodeeritud \u00fcmmargustele v\u00f5i ruudukujulisele alumiiniumtorudele, mis on valmistatud otse tootjalt.<br \/>\n<\/p><br \/>\n<br \/>\n<p><b>2.Millised on anodeeritud alumiiniumist ekstrusioonitoru 6063 peamised omadused? <\/b><\/p>\n<p> Need torud pakuvad suurep\u00e4rast korrosioonikindlust, siledat anodeeritud viimistlust, suurt tugevuse ja kaalu suhet ning suurep\u00e4rast t\u00f6\u00f6deldavust.<br \/>\n<\/p><br \/>\n<br \/>\n<p><b>3.Miks valida 6063 alumiiniumi anodeeritud ekstrusioonitorude jaoks? <\/b><\/p>\n<p> 6063 alumiiniumisulam sobib ideaalselt anodeerimiseks, pakkudes kvaliteetset pinnaviimistlust, head keevitatavust ja piisavat tugevust arhitektuuri- ja konstruktsioonirakenduste jaoks.<br \/>\n<\/p><br \/>\n<br \/>\n<p><b>4.Millised on anodeeritud alumiiniumtorude ostmise eelised otse tootjalt? <\/b><\/p>\n<p> Otseostmine tagab konkurentsiv\u00f5imelise hinnakujunduse, p\u00fcsiva kvaliteedi, kohandamisv\u00f5imalused ja usaldusv\u00e4\u00e4rse tarneahela toetuse.<br \/>\n<\/p><br \/>\n<br \/>\n<p><b>5.Millised rakendused kasutavad tootja pakkumise anodeeritud alumiiniumist ekstrusioonitoru 6063? <\/b><\/p>\n<p> Levinud kasutusalad on arhitektuursed piirded, v\u00e4ljapaneku konstruktsioonid, m\u00f6\u00f6bliraamid, kardinad ja v\u00e4liskabiinid.<br \/>\n<\/p><br \/>\n<br \/>\n<p><b>6.Kas anodeeritud alumiiniumist ekstrusioonitoru 6063 sobib v\u00e4litingimustes kasutamiseks? <\/b><\/p>\n<p> Jah, anodeeritud pind tagab suurep\u00e4rase UV- ja korrosioonikindluse, mist\u00f5ttu on see ideaalne v\u00e4litingimustes ja meres kasutamiseks.<br \/>\n<\/p><br \/>\n<br \/>\n<p><b>7.Kas neid anodeeritud alumiiniumtorusid saab kohandada? <\/b><\/p>\n<p> Kindlasti saavad tootjad kohandada pikkust, l\u00e4bim\u00f5\u00f5tu, seinapaksust ja anodeerimisv\u00e4rvi vastavalt projektip\u00f5histele n\u00f5uetele.<br \/>\n<\/p><br \/>\n<br \/>\n<p><b>8.Kas anodeeritud alumiiniumist ekstrusioonitorud 6063 on keskkonnas\u00f5bralikud? <\/b><\/p>\n<p> Jah, alumiinium on 100% taaskasutatav ja anodeerimine on mittetoksiline pinnat\u00f6\u00f6tlus, mis muudab need torud j\u00e4tkusuutlikuks materjalivalikuks.<br \/>\n<\/p><br \/>\n<br \/>\n<p><b>9.Kui kaua kestab 6063 alumiiniumtorude anodeeritud viimistlus? <\/b><\/p>\n<p> Anodeeritud pinnakate on v\u00e4ga vastupidav ja kauakestev, tagades tavap\u00e4rase kasutamise korral aastak\u00fcmneid pinnakaitset.<br \/>\n<\/p><br \/>\n<br \/>\n<p><b>10.Kas anodeeritud alumiiniumist ekstrusioonitorud vajavad hooldust? <\/b><\/p>\n<p> Vaja on minimaalset hooldust - ainult regulaarne puhastamine mitte-abrasiivsete materjalidega, et s\u00e4ilitada anodeeritud v\u00e4limus.<br \/>\n<\/p><br \/><\/p>","protected":false},"featured_media":6019,"template":"","categories":[57],"class_list":["post-6020","product","type-product","status-publish","has-post-thumbnail","hentry","category-anodized-aluminum-profile"],"meta_box":{"hilight_text_group":{"product_hilight_text":"<li>Direct from manufacturer for competitive pricing and stable supply<\/li>\r\r\n<li>Made from 6063 alloy for excellent formability, corrosion resistance, and surface finish<\/li>\r\r\n<li>Anodized coating enhances durability and aesthetic appeal<\/li>\r\r\n<li>Lightweight with good strength, ideal for structural, architectural, and transportation uses<\/li>\r\r\n<li>Custom lengths, wall thicknesses, and finishes available to meet project needs<\/li>","product_chanpin_chanpin":"<li><a href=\"https:\/\/sinoextrud.com\/product\/customize-6063-z-section-aluminium-extrusion\/\" target=\"_blank\">Customize 6063 Z Section Aluminium Extrusion<\/a><\/li>\r\n<li><a href=\"https:\/\/sinoextrud.com\/product\/anodized-aluminium-profiles\/\" target=\"_blank\">Anodized Aluminium Profiles<\/a><\/li>\r\n<li><a href=\"https:\/\/sinoextrud.com\/product\/aluminum-angle-channel-bright-polished-mirror\/\" target=\"_blank\">Aluminum Angle Channel Bright Polished Mirror<\/a><\/li>\r\n<li><a href=\"https:\/\/sinoextrud.com\/product\/aluminum-anodized-surface-profile\/\" target=\"_blank\">Aluminum Anodized Surface Profile<\/a><\/li>\r\n<li><a href=\"https:\/\/sinoextrud.com\/product\/anodized-aluminum-manufacturer-supply-anodized-aluminium-extrusion-tube-6063\/\" target=\"_blank\">anodized aluminum Manufacturer Supply anodized Aluminium Extrusion Tube 6063<\/a><\/li>\r\n<li><a href=\"https:\/\/sinoextrud.com\/product\/powder-coating-decorative-aluminum-railing\/\" target=\"_blank\">Powder Coating Decorative Aluminum Railing<\/a><\/li>\r\n<li><a href=\"https:\/\/sinoextrud.com\/product\/wood-grain-customize-aluminium-extrusion-rail\/\" target=\"_blank\">Wood Grain Customize Aluminium Extrusion Rail<\/a><\/li>\r\n<li><a href=\"https:\/\/sinoextrud.com\/product\/sandblasted-mechanical-streak-removed-aluminium-profiles\/\" target=\"_blank\">Sandblasted Mechanical streak removed aluminium profiles<\/a><\/li>\r\n<li><a href=\"https:\/\/sinoextrud.com\/product\/anodized-extruded-aluminium-glazing-profiles\/\" target=\"_blank\">Anodized Extruded Aluminium Glazing Profiles<\/a><\/li>\r\n<li><a href=\"https:\/\/sinoextrud.com\/product\/aluminum-picture-photo-artware-frame-mirror-polished-gold\/\" target=\"_blank\">Aluminum Picture Photo Artware Frame Mirror Polished Gold<\/a><\/li>\r\n<li><a href=\"https:\/\/sinoextrud.com\/product\/aluminum-extrusion-advertising-signs-aluminum-frame-profile\/\" target=\"_blank\">Aluminum Extrusion Advertising Signs Aluminum Frame Profile<\/a><\/li>"},"feature_list":[]},"_links":{"self":[{"href":"https:\/\/sinoextrud.com\/et\/wp-json\/wp\/v2\/product\/6020","targetHints":{"allow":["GET"]}}],"collection":[{"href":"https:\/\/sinoextrud.com\/et\/wp-json\/wp\/v2\/product"}],"about":[{"href":"https:\/\/sinoextrud.com\/et\/wp-json\/wp\/v2\/types\/product"}],"wp:featuredmedia":[{"embeddable":true,"href":"https:\/\/sinoextrud.com\/et\/wp-json\/wp\/v2\/media\/6019"}],"wp:attachment":[{"href":"https:\/\/sinoextrud.com\/et\/wp-json\/wp\/v2\/media?parent=6020"}],"wp:term":[{"taxonomy":"category","embeddable":true,"href":"https:\/\/sinoextrud.com\/et\/wp-json\/wp\/v2\/categories?post=6020"}],"curies":[{"name":"wp","href":"https:\/\/api.w.org\/{rel}","templated":true}]}}