{"id":6015,"date":"2025-05-24T01:39:59","date_gmt":"2025-05-24T01:39:59","guid":{"rendered":"https:\/\/sinoextrud.com\/?post_type=product&#038;p=6015"},"modified":"2025-06-24T03:53:16","modified_gmt":"2025-06-24T03:53:16","slug":"alumiiniumist-nurgakanal-heledaks-poleeritud-peegel","status":"publish","type":"product","link":"https:\/\/sinoextrud.com\/et\/product\/aluminum-angle-channel-bright-polished-mirror\/","title":{"rendered":"Alumiinium nurk kanal Bright poleeritud peegel"},"content":{"rendered":"<h2>Toodete \u00fcksikasjad<\/h2>\n<table class=\"custom-table\">\n<tr>\n<td class=\"label\">Pinnat\u00f6\u00f6tlus<\/td>\n<td>Anodeerimine, poleerimine, soovi korral pulberv\u00e4rvimine<\/td>\n<\/tr>\n<tr>\n<td class=\"label\">Materjal ja temperatuur<\/td>\n<td>Sulam 6063-T5, 6061-T6<\/td>\n<\/tr>\n<tr>\n<td class=\"label\">Pikkus<\/td>\n<td>Kohandatud<\/td>\n<\/tr>\n<tr>\n<td class=\"label\">V\u00e4rv<\/td>\n<td>Sliver, pronks, \u0161ampanja v\u00f5i vastavalt soovile.<\/td>\n<\/tr>\n<tr>\n<td class=\"label\">Paksus<\/td>\n<td>Kohandatud<\/td>\n<\/tr>\n<tr>\n<td class=\"label\">Hinne<\/td>\n<td>6000 seeria<\/td>\n<\/tr>\n<tr>\n<td class=\"label\">Taotlus<\/td>\n<td>Arhitektuurne alumiinium, \u00dcldine t\u00f6\u00f6stuslik alumiinium, ehitusalumiinium<\/td>\n<\/tr>\n<tr>\n<td class=\"label\">T\u00fc\u00fcp<\/td>\n<td>6063<\/td>\n<\/tr>\n<tr>\n<td class=\"label\">Pinna viimistlemine<\/td>\n<td>Anodeeritud alumiinium<\/td>\n<\/tr>\n<tr>\n<td class=\"label\">Sulam v\u00f5i mitte<\/td>\n<td>Kas sulam on sulam<\/td>\n<\/tr>\n<tr>\n<td class=\"label\">Temper<\/td>\n<td>T3-T8<\/td>\n<\/tr>\n<tr>\n<td class=\"label\">Kuju<\/td>\n<td>Muud<\/td>\n<\/tr>\n<\/table>\n<h2>Meie tootmisbaas<\/h2>\n<h3>Tehase panoraam<\/h3>\n<p><img decoding=\"async\" src=\"\/wp-content\/uploads\/factory-01.webp\"\/><\/p>\n<h3>Alumiiniumvarraste tootmise t\u00f6\u00f6koda<\/h3>\n<p><img decoding=\"async\" src=\"\/wp-content\/uploads\/factory-02.webp\"\/><\/p>\n<\/p>\n<p><img decoding=\"async\" src=\"\/wp-content\/uploads\/factory-03.webp\"\/><\/p>\n<h3>hallituse ladustamise ladu<\/h3>\n<p><img decoding=\"async\" src=\"\/wp-content\/uploads\/factory-04.webp\"\/><\/p>\n<h3>43 alumiiniumi ekstrusiooniliini (500-5500 tonni)<\/h3>\n<p><img decoding=\"async\" src=\"\/wp-content\/uploads\/factory-05.webp\"\/><\/p>\n<p><img decoding=\"async\" src=\"\/wp-content\/uploads\/factory-06.webp\"\/><\/p>\n<p><img decoding=\"async\" src=\"\/wp-content\/uploads\/factory-07.webp\"\/><\/p>\n<h3>Pulberv\u00e4rvimise t\u00f6\u00f6koda<\/h3>\n<p><img decoding=\"async\" src=\"\/wp-content\/uploads\/factory-09.webp\"\/><\/p>\n<h3>Anodiseerimise t\u00f6\u00f6koda<\/h3>\n<p><img decoding=\"async\" src=\"\/wp-content\/uploads\/factory-10.webp\"\/><\/p>\n<h3>S\u00fcgavt\u00f6\u00f6tlemise t\u00f6\u00f6tuba<\/h3>\n<p><img decoding=\"async\" src=\"\/wp-content\/uploads\/factory-11.webp\"\/><\/p>\n<h3>CNC-t\u00e4ppist\u00f6\u00f6tlemise t\u00f6\u00f6koda<\/h3>\n<p><img decoding=\"async\" src=\"\/wp-content\/uploads\/factory-11.5.webp\"\/><\/p>\n<h3>Valmistoodete ja ekspordi ladu<\/h3>\n<p><img decoding=\"async\" src=\"\/wp-content\/uploads\/factory-12.webp\"\/><\/p>\n<p><img decoding=\"async\" src=\"\/wp-content\/uploads\/factory-13.webp\"\/><\/p>\n<p><img decoding=\"async\" src=\"\/wp-content\/uploads\/factory-14.webp\"\/><\/p>\n<h2>KKK<\/h2>\n<p><b>1.Mis on alumiiniumist nurk kanal Bright poleeritud peegel? <\/b><\/p>\n<p> Alumiiniumist nurgakanal Bright Polished Mirror on L-kujuline alumiiniumprofiil, millel on tugevalt peegeldav, peegelpinnaga poleeritud pind, mida kasutatakse dekoratiivseteks ja konstruktsioonilisteks rakendusteks.\n<\/p>\n<p><\/p>\n<p><b>2.Millised on Bright Polished Mirror Aluminum Angle Channels eelised? <\/b><\/p>\n<p> Need profiilid pakuvad elegantset v\u00e4limust, korrosioonikindlust, kerget tugevust ja sobivad ideaalselt nii sise- kui ka v\u00e4liskujunduseks.\n<\/p>\n<p><\/p>\n<p><b>3.Miks valida alumiiniumist nurgakanalite peegelpinnaga viimistlus? <\/b><\/p>\n<p> Peegelpinnaga viimistlus suurendab visuaalset atraktiivsust, peegeldab valgust, et valgustada ruume, ning lisab arhitektuuri- ja v\u00e4ljapanekuprojektidele k\u00f5rgekvaliteedilise ja kaasaegse v\u00e4limuse.\n<\/p>\n<p><\/p>\n<p><b>4.Millised t\u00f6\u00f6stusharud kasutavad alumiiniumist nurgakanalit Bright Polished Mirror profiilid? <\/b><\/p>\n<p> Tavalised t\u00f6\u00f6stusharud h\u00f5lmavad sisekujundust, m\u00f6\u00f6blit, jaem\u00fc\u00fcgi v\u00e4ljapanekuid, sildid ja arhitektuursed detailid.\n<\/p>\n<p><\/p>\n<p><b>5.Kas Bright poleeritud peegel alumiinium on korrosioonikindel? <\/b><\/p>\n<p> Jah, poleeritud alumiiniumpind on looduslikult korrosioonikindel ja seda saab t\u00e4iendavalt kaitsta anodeerimise v\u00f5i l\u00e4bipaistva kattega.\n<\/p>\n<p><\/p>\n<p><b>6.Kas alumiiniumist nurk kanal Bright poleeritud peegel saab kohandada? <\/b><\/p>\n<p> Kindlasti saab neid profiile l\u00f5igata m\u00f5\u00f5tu ja toota eri m\u00f5\u00f5tmetega, et need vastaksid konkreetsetele projektin\u00f5uetele.\n<\/p>\n<p><\/p>\n<p><b>7.Kas peegelpoleeritud alumiiniumist kanalid sobivad v\u00e4litingimustes kasutamiseks? <\/b><\/p>\n<p> Jah, kui need on korralikult kaetud, on nad piisavalt vastupidavad v\u00e4litingimustes kasutamiseks, s\u00e4ilitades oma peegeldava viimistluse isegi karmides tingimustes.\n<\/p>\n<p><\/p>\n<p><b>8.Kui lihtne on paigaldada alumiiniumist nurgakanalit Bright Polished Mirror profiilid? <\/b><\/p>\n<p> Neid kergeid profiile on lihtne l\u00f5igata, puurida ja paigaldada, mis teeb paigaldamise kiireks ja t\u00f5husaks.\n<\/p>\n<p><\/p>\n<p><b>9.Kas peegelpoleeritud alumiiniumkanalid vajavad hooldust? <\/b><\/p>\n<p> Hooldus on minimaalne; piisab vaid regulaarsest puhastamisest mitteabrasiivse lapiga, et s\u00e4ilitada nende s\u00e4ra ja v\u00e4ltida tuhmumist.\n<\/p>\n<p><\/p>\n<p><b>10.Kas alumiiniumist nurk kanal Bright poleeritud peegel profiilid on keskkonnas\u00f5bralikud? <\/b><\/p>\n<p> Jah, alumiinium on t\u00e4ielikult taaskasutatav ja poleerimisprotsess lisab vastupidavust, ilma et see kahjustaks j\u00e4tkusuutlikkust.\n<\/p>\n<p><\/p>","protected":false},"featured_media":6014,"template":"","categories":[57],"class_list":["post-6015","product","type-product","status-publish","has-post-thumbnail","hentry","category-anodized-aluminum-profile"],"meta_box":{"hilight_text_group":{"product_hilight_text":"<li>Bright polished mirror finish offers a high-end, reflective appearance<\/li>\r\r\n<li>Ideal for decorative, architectural, and interior design applications<\/li>\r\r\n<li>Corrosion-resistant aluminum suitable for both indoor and outdoor use<\/li>\r\r\n<li>Lightweight yet strong for easy handling and structural support<\/li>\r\r\n<li>Available in angle and channel shapes for versatile installation options<\/li>","product_chanpin_chanpin":"<li><a href=\"https:\/\/sinoextrud.com\/product\/anodized-extruded-aluminum\/\" target=\"_blank\">Anodized Extruded Aluminum<\/a><\/li>\r\n<li><a href=\"https:\/\/sinoextrud.com\/product\/factory-offer-aluminum-handrail-extrusions\/\" target=\"_blank\">Factory Offer Aluminum Handrail Extrusions<\/a><\/li>\r\n<li><a href=\"https:\/\/sinoextrud.com\/product\/customize-6063-z-section-aluminium-extrusion\/\" target=\"_blank\">Customize 6063 Z Section Aluminium Extrusion<\/a><\/li>\r\n<li><a href=\"https:\/\/sinoextrud.com\/product\/anodized-aluminium-profiles\/\" target=\"_blank\">Anodized Aluminium Profiles<\/a><\/li>\r\n<li><a href=\"https:\/\/sinoextrud.com\/product\/aluminum-angle-channel-bright-polished-mirror\/\" target=\"_blank\">Aluminum Angle Channel Bright Polished Mirror<\/a><\/li>\r\n<li><a href=\"https:\/\/sinoextrud.com\/product\/aluminum-anodized-surface-profile\/\" target=\"_blank\">Aluminum Anodized Surface Profile<\/a><\/li>\r\n<li><a href=\"https:\/\/sinoextrud.com\/product\/anodized-aluminum-manufacturer-supply-anodized-aluminium-extrusion-tube-6063\/\" target=\"_blank\">anodized aluminum Manufacturer Supply anodized Aluminium Extrusion Tube 6063<\/a><\/li>\r\n<li><a href=\"https:\/\/sinoextrud.com\/product\/powder-coating-decorative-aluminum-railing\/\" target=\"_blank\">Powder Coating Decorative Aluminum Railing<\/a><\/li>\r\n<li><a href=\"https:\/\/sinoextrud.com\/product\/wood-grain-customize-aluminium-extrusion-rail\/\" target=\"_blank\">Wood Grain Customize Aluminium Extrusion Rail<\/a><\/li>\r\n<li><a href=\"https:\/\/sinoextrud.com\/product\/aluminium-solar-profile\/\" target=\"_blank\">Aluminium Solar Profile<\/a><\/li>\r\n<li><a href=\"https:\/\/sinoextrud.com\/product\/t-shaped-aluminum-extrusion\/\" target=\"_blank\">T Shaped Aluminum Extrusion<\/a><\/li>"},"feature_list":[]},"_links":{"self":[{"href":"https:\/\/sinoextrud.com\/et\/wp-json\/wp\/v2\/product\/6015","targetHints":{"allow":["GET"]}}],"collection":[{"href":"https:\/\/sinoextrud.com\/et\/wp-json\/wp\/v2\/product"}],"about":[{"href":"https:\/\/sinoextrud.com\/et\/wp-json\/wp\/v2\/types\/product"}],"wp:featuredmedia":[{"embeddable":true,"href":"https:\/\/sinoextrud.com\/et\/wp-json\/wp\/v2\/media\/6014"}],"wp:attachment":[{"href":"https:\/\/sinoextrud.com\/et\/wp-json\/wp\/v2\/media?parent=6015"}],"wp:term":[{"taxonomy":"category","embeddable":true,"href":"https:\/\/sinoextrud.com\/et\/wp-json\/wp\/v2\/categories?post=6015"}],"curies":[{"name":"wp","href":"https:\/\/api.w.org\/{rel}","templated":true}]}}