{"id":6003,"date":"2025-05-23T16:32:19","date_gmt":"2025-05-23T16:32:19","guid":{"rendered":"https:\/\/sinoextrud.com\/?post_type=product&#038;p=6003"},"modified":"2025-06-24T03:53:08","modified_gmt":"2025-06-24T03:53:08","slug":"anodeeritud-pressitud-alumiinium","status":"publish","type":"product","link":"https:\/\/sinoextrud.com\/et\/product\/anodized-extruded-aluminum\/","title":{"rendered":"Anodeeritud ekstrudeeritud alumiinium"},"content":{"rendered":"<h2>Toodete \u00fcksikasjad<\/h2>\n<table class=\"custom-table\">\n<tr>\n<td class=\"label\">T\u00dc\u00dcP<\/td>\n<td>ANODEERITUD PAKSUS<\/td>\n<td>KATTE PAKSUS<\/td>\n<td>PIIRISTUSFEKTUUR<\/td>\n<td>PINDAMINE<\/td>\n<td>KASUTAMINE<\/td>\n<\/tr>\n<tr>\n<td class=\"label\">A<\/td>\n<td>\u226510.0\u03bcm<\/td>\n<td>\u226515.0\u03bcm<\/td>\n<td>L\u00e4ikiv, matt<\/td>\n<td>anooditud, pulberv\u00e4rvimine<\/td>\n<td>Halva keskkonna hoone ehitada v\u00e4ljas<\/td>\n<\/tr>\n<tr>\n<td class=\"label\">B<\/td>\n<td>\u226510.0\u03bcm<\/td>\n<td>\u22659.0\u03bcm<\/td>\n<td>L\u00e4ikiv, matt<\/td>\n<td>anooditud, pulberv\u00e4rvimine<\/td>\n<td>Normaalne keskkond hoone ehitada v\u00e4ljas<\/td>\n<\/tr>\n<tr>\n<td class=\"label\">C<\/td>\n<td>\u22656,0\u03bcm<\/td>\n<td>\u22659.0\u03bcm<\/td>\n<td>L\u00e4ikiv, matt<\/td>\n<td>anooditud, pulberv\u00e4rvimine<\/td>\n<td>Normaalne keskkond hoone ehitada siseruumides, elektriline masin konstrueerida<\/td>\n<\/tr>\n<tr>\n<td class=\"label\">S<\/td>\n<td>\u22656,0\u03bcm<\/td>\n<td>\u226515.0\u03bcm<\/td>\n<td>L\u00e4ikiv, matt<\/td>\n<td>anooditud, pulberv\u00e4rvimine<\/td>\n<td>Normaalne keskkond hoone ehitada v\u00e4ljas, auto masin konstrueerida<\/td>\n<\/tr>\n<\/table>\n<h2>Meie tootmisbaas<\/h2>\n<h3>Tehase panoraam<\/h3>\n<p><img decoding=\"async\" src=\"\/wp-content\/uploads\/factory-01.webp\"\/><\/p>\n<h3>Alumiiniumvarraste tootmise t\u00f6\u00f6koda<\/h3>\n<p><img decoding=\"async\" src=\"\/wp-content\/uploads\/factory-02.webp\"\/><\/p>\n<\/p>\n<p><img decoding=\"async\" src=\"\/wp-content\/uploads\/factory-03.webp\"\/><\/p>\n<h3>hallituse ladustamise ladu<\/h3>\n<p><img decoding=\"async\" src=\"\/wp-content\/uploads\/factory-04.webp\"\/><\/p>\n<h3>43 alumiiniumi ekstrusiooniliini (500-5500 tonni)<\/h3>\n<p><img decoding=\"async\" src=\"\/wp-content\/uploads\/factory-05.webp\"\/><\/p>\n<p><img decoding=\"async\" src=\"\/wp-content\/uploads\/factory-06.webp\"\/><\/p>\n<p><img decoding=\"async\" src=\"\/wp-content\/uploads\/factory-07.webp\"\/><\/p>\n<h3>Pulberv\u00e4rvimise t\u00f6\u00f6koda<\/h3>\n<p><img decoding=\"async\" src=\"\/wp-content\/uploads\/factory-09.webp\"\/><\/p>\n<h3>Anodiseerimise t\u00f6\u00f6koda<\/h3>\n<p><img decoding=\"async\" src=\"\/wp-content\/uploads\/factory-10.webp\"\/><\/p>\n<h3>S\u00fcgavt\u00f6\u00f6tlemise t\u00f6\u00f6tuba<\/h3>\n<p><img decoding=\"async\" src=\"\/wp-content\/uploads\/factory-11.webp\"\/><\/p>\n<h3>CNC-t\u00e4ppist\u00f6\u00f6tlemise t\u00f6\u00f6koda<\/h3>\n<p><img decoding=\"async\" src=\"\/wp-content\/uploads\/factory-11.5.webp\"\/><\/p>\n<h3>Valmistoodete ja ekspordi ladu<\/h3>\n<p><img decoding=\"async\" src=\"\/wp-content\/uploads\/factory-12.webp\"\/><\/p>\n<p><img decoding=\"async\" src=\"\/wp-content\/uploads\/factory-13.webp\"\/><\/p>\n<p><img decoding=\"async\" src=\"\/wp-content\/uploads\/factory-14.webp\"\/><\/p>\n<h2>KKK<\/h2>\n<p><b>1.Mis on anodeeritud ekstrudeeritud alumiinium? <\/b><\/p>\n<p> Anodeeritud ekstrudeeritud alumiinium on alumiinium, mida on vormitud ekstrudeerimise teel ja seej\u00e4rel t\u00f6\u00f6deldud anodeerimisprotsessiga, et suurendada selle pinna k\u00f5vadust, korrosioonikindlust ja v\u00e4limust.\n<\/p>\n<p><\/p>\n<p><b>2.Millised on anodeeritud ekstrudeeritud alumiiniumi peamised eelised? <\/b><\/p>\n<p> Anodeeritud ekstrudeeritud alumiinium pakub suurep\u00e4rast korrosioonikindlust, suuremat pinna vastupidavust, paremat esteetikat ja t\u00e4iustatud kulumiskaitset.\n<\/p>\n<p><\/p>\n<p><b>3.Miks on anodeerimine oluline pressitud alumiiniumi puhul? <\/b><\/p>\n<p> Anodeerimine moodustab kaitsva oksiidikihi, mis muudab alumiiniumi vastupidavamaks ilmastikutingimuste, kriimustuste ja tuhmumise suhtes, pikendades toote kasutusiga.\n<\/p>\n<p><\/p>\n<p><b>4.Millised rakendused kasutavad anodeeritud pressitud alumiiniumi? <\/b><\/p>\n<p> Seda kasutatakse tavaliselt arhitektuurilistes konstruktsioonides, aknaraamides, m\u00f6\u00f6blis, elektroonikas ja autoosades nii funktsionaalsetel kui ka dekoratiivsetel eesm\u00e4rkidel.\n<\/p>\n<p><\/p>\n<p><b>5.Kas anodeeritud ekstrudeeritud alumiinium on saadaval erinevates v\u00e4rvides? <\/b><\/p>\n<p> Jah, anodeerimisprotsessis saab kasutada erinevaid v\u00e4rvaineid, mis pakuvad erinevaid v\u00e4rve, s\u00e4ilitades samal ajal pinnakaitse ja metallilise viimistluse.\n<\/p>\n<p><\/p>\n<p><b>6.Kuidas anodeeritud pressitud alumiinium toimib v\u00e4litingimustes? <\/b><\/p>\n<p> See toimib v\u00e4litingimustes erakordselt h\u00e4sti t\u00e4nu oma t\u00e4iustatud UV-kindlusele, korrosioonikaitsele ja minimaalsele hooldusvajadusele.\n<\/p>\n<p><\/p>\n<p><b>7.Kas anodeeritud ekstrudeeritud alumiinium on keskkonnas\u00f5bralik? <\/b><\/p>\n<p> Jah, alumiinium on t\u00e4ielikult taaskasutatav ja anodeerimisprotsess on mittetoksiline, mis teeb sellest j\u00e4tkusuutliku ja keskkonnaohutu materjalivaliku.\n<\/p>\n<p><\/p>\n<p><b>8.Kas anodeerimine m\u00f5jutab pressitud alumiiniumi tugevust? <\/b><\/p>\n<p> Ei, anodeerimine muudab ainult pinda ja ei m\u00f5juta alumiiniumprofiili struktuurilist tugevust.\n<\/p>\n<p><\/p>\n<p><b>9.Kas anodeeritud ekstrudeeritud alumiiniumi saab kasutada merekeskkonnas? <\/b><\/p>\n<p> Jah, selle k\u00f5rge korrosioonikindlus muudab selle ideaalseks kasutamiseks mere- ja rannikualadel, kus niiskuse ja soolaga kokkupuutumine on tavaline.\n<\/p>\n<p><\/p>\n<p><b>10.Kui kaua kestab pressitud alumiiniumi anodeeritud viimistlus? <\/b><\/p>\n<p> Anodeeritud pinnakatted on v\u00e4ga vastupidavad ja v\u00f5ivad n\u00f5uetekohase hoolduse korral p\u00fcsida aastak\u00fcmneid, eriti mitteabrasiivsetes keskkondades.\n<\/p>\n<p><\/p>","protected":false},"featured_media":6002,"template":"","categories":[57],"class_list":["post-6003","product","type-product","status-publish","has-post-thumbnail","hentry","category-anodized-aluminum-profile"],"meta_box":{"hilight_text_group":{"product_hilight_text":"<li>Durable anodized finish enhances corrosion and wear resistance<\/li>\r\r\n<li>Attractive metallic appearance suitable for visible structural applications<\/li>\r\r\n<li>Improved surface hardness and longevity for industrial use<\/li>\r\r\n<li>Available in various colors and finishes to match branding or design needs<\/li>\r\r\n<li>Low maintenance and environmentally friendly surface treatment<\/li>","product_chanpin_chanpin":"<li><a href=\"https:\/\/sinoextrud.com\/product\/aluminium-extrusion-profile-section\/\" target=\"_blank\">Aluminium Extrusion Profile Section(Great Wall panel aluminum profile)<\/a><\/li>\r\n<li><a href=\"https:\/\/sinoextrud.com\/product\/industrial-aluminum-profiles\/\" target=\"_blank\">Industrial Aluminum Profiles<\/a><\/li>\r\n<li><a href=\"https:\/\/sinoextrud.com\/product\/aluminum-extruded-profile\/\" target=\"_blank\">Aluminum Extruded Profile<\/a><\/li>\r\n<li><a href=\"https:\/\/sinoextrud.com\/product\/aluminium-corner-extrusion\/\" target=\"_blank\">Aluminium Corner Extrusion<\/a><\/li>\r\n<li><a href=\"https:\/\/sinoextrud.com\/product\/anodized-extruded-aluminum\/\" target=\"_blank\">Anodized Extruded Aluminum<\/a><\/li>\r\n<li><a href=\"https:\/\/sinoextrud.com\/product\/factory-offer-aluminum-handrail-extrusions\/\" target=\"_blank\">Factory Offer Aluminum Handrail Extrusions<\/a><\/li>\r\n<li><a href=\"https:\/\/sinoextrud.com\/product\/customize-6063-z-section-aluminium-extrusion\/\" target=\"_blank\">Customize 6063 Z Section Aluminium Extrusion<\/a><\/li>\r\n<li><a href=\"https:\/\/sinoextrud.com\/product\/anodized-aluminium-profiles\/\" target=\"_blank\">Anodized Aluminium Profiles<\/a><\/li>\r\n<li><a href=\"https:\/\/sinoextrud.com\/product\/aluminum-angle-channel-bright-polished-mirror\/\" target=\"_blank\">Aluminum Angle Channel Bright Polished Mirror<\/a><\/li>\r\n<li><a href=\"https:\/\/sinoextrud.com\/product\/anodized-aluminum-eectronic-equipment-enclosure\/\" target=\"_blank\">Anodized Aluminum Eectronic Equipment Enclosure<\/a><\/li>\r\n<li><a href=\"https:\/\/sinoextrud.com\/product\/bending-aluminium-tube\/\" target=\"_blank\">Bending Aluminium Tube<\/a><\/li>"},"feature_list":[]},"_links":{"self":[{"href":"https:\/\/sinoextrud.com\/et\/wp-json\/wp\/v2\/product\/6003","targetHints":{"allow":["GET"]}}],"collection":[{"href":"https:\/\/sinoextrud.com\/et\/wp-json\/wp\/v2\/product"}],"about":[{"href":"https:\/\/sinoextrud.com\/et\/wp-json\/wp\/v2\/types\/product"}],"wp:featuredmedia":[{"embeddable":true,"href":"https:\/\/sinoextrud.com\/et\/wp-json\/wp\/v2\/media\/6002"}],"wp:attachment":[{"href":"https:\/\/sinoextrud.com\/et\/wp-json\/wp\/v2\/media?parent=6003"}],"wp:term":[{"taxonomy":"category","embeddable":true,"href":"https:\/\/sinoextrud.com\/et\/wp-json\/wp\/v2\/categories?post=6003"}],"curies":[{"name":"wp","href":"https:\/\/api.w.org\/{rel}","templated":true}]}}