{"id":5997,"date":"2025-05-23T16:15:15","date_gmt":"2025-05-23T16:15:15","guid":{"rendered":"https:\/\/sinoextrud.com\/?post_type=product&#038;p=5997"},"modified":"2025-06-24T03:53:03","modified_gmt":"2025-06-24T03:53:03","slug":"alumiiniumist-pressitud-profiil","status":"publish","type":"product","link":"https:\/\/sinoextrud.com\/et\/product\/aluminum-extruded-profile\/","title":{"rendered":"Alumiiniumist pressitud profiil"},"content":{"rendered":"<h2>Toodete \u00fcksikasjad<\/h2>\n<table class=\"custom-table\">\n<tr>\n<td class=\"label\">Nimi:<\/td>\n<td>Alumiiniumist pressitud profiil<\/td>\n<\/tr>\n<tr>\n<td class=\"label\">Materjal:<\/td>\n<td>Alumiiniumsulam.<\/td>\n<\/tr>\n<tr>\n<td class=\"label\">Hinne:<\/td>\n<td>6000-seeria.<\/td>\n<\/tr>\n<tr>\n<td class=\"label\">Temperament:<\/td>\n<td>T5-T8.<\/td>\n<\/tr>\n<tr>\n<td class=\"label\">Pinnat\u00f6\u00f6tlus:<\/td>\n<td>Mill viimistlus, anodeerimine, pulberv\u00e4rvimine, liivapritsimine, katafoorimine jne.<\/td>\n<\/tr>\n<tr>\n<td class=\"label\">Sertifikaat:<\/td>\n<td>ISO 9001:2008, ROHS, CE, IQNET.<\/td>\n<\/tr>\n<tr>\n<td class=\"label\">V\u00e4rv:<\/td>\n<td>cusomized<\/td>\n<\/tr>\n<tr>\n<td class=\"label\">Suurus:<\/td>\n<td>Sama nagu joonised. kohandatud<\/td>\n<\/tr>\n<tr>\n<td class=\"label\">Taotlus:<\/td>\n<td>Arhitektuuri- ja t\u00f6\u00f6stustehnika jne.<\/td>\n<\/tr>\n<tr>\n<td class=\"label\">Pakett:<\/td>\n<td>1.EPE iga profiili jaoks; 2.Wrap koos kokkut\u00f5mbekilega v\u00e4ljastpoolt; 3.Packed vastavalt kliendi soovile.<\/td>\n<\/tr>\n<tr>\n<td class=\"label\">Kohaletoimetamine:<\/td>\n<td>20-25 p\u00e4eva<\/td>\n<\/tr>\n<tr>\n<td class=\"label\">S\u00fcgavt\u00f6\u00f6tlemine :<\/td>\n<td>l\u00f5ikamine, puurimine, stantsimine, painutamine jne.<\/td>\n<\/tr>\n<\/table>\n<h2>Meie tootmisbaas<\/h2>\n<h3>Tehase panoraam<\/h3>\n<p><img decoding=\"async\" src=\"\/wp-content\/uploads\/factory-01.webp\"\/><\/p>\n<h3>Alumiiniumvarraste tootmise t\u00f6\u00f6koda<\/h3>\n<p><img decoding=\"async\" src=\"\/wp-content\/uploads\/factory-02.webp\"\/><\/p>\n<\/p>\n<p><img decoding=\"async\" src=\"\/wp-content\/uploads\/factory-03.webp\"\/><\/p>\n<h3>hallituse ladustamise ladu<\/h3>\n<p><img decoding=\"async\" src=\"\/wp-content\/uploads\/factory-04.webp\"\/><\/p>\n<h3>43 alumiiniumi ekstrusiooniliini (500-5500 tonni)<\/h3>\n<p><img decoding=\"async\" src=\"\/wp-content\/uploads\/factory-05.webp\"\/><\/p>\n<p><img decoding=\"async\" src=\"\/wp-content\/uploads\/factory-06.webp\"\/><\/p>\n<p><img decoding=\"async\" src=\"\/wp-content\/uploads\/factory-07.webp\"\/><\/p>\n<h3>Pulberv\u00e4rvimise t\u00f6\u00f6koda<\/h3>\n<p><img decoding=\"async\" src=\"\/wp-content\/uploads\/factory-09.webp\"\/><\/p>\n<h3>Anodiseerimise t\u00f6\u00f6koda<\/h3>\n<p><img decoding=\"async\" src=\"\/wp-content\/uploads\/factory-10.webp\"\/><\/p>\n<h3>S\u00fcgavt\u00f6\u00f6tlemise t\u00f6\u00f6tuba<\/h3>\n<p><img decoding=\"async\" src=\"\/wp-content\/uploads\/factory-11.webp\"\/><\/p>\n<h3>CNC-t\u00e4ppist\u00f6\u00f6tlemise t\u00f6\u00f6koda<\/h3>\n<p><img decoding=\"async\" src=\"\/wp-content\/uploads\/factory-11.5.webp\"\/><\/p>\n<h3>Valmistoodete ja ekspordi ladu<\/h3>\n<p><img decoding=\"async\" src=\"\/wp-content\/uploads\/factory-12.webp\"\/><\/p>\n<p><img decoding=\"async\" src=\"\/wp-content\/uploads\/factory-13.webp\"\/><\/p>\n<p><img decoding=\"async\" src=\"\/wp-content\/uploads\/factory-14.webp\"\/><\/p>\n<h2>KKK<\/h2>\n<p><b>1.Mis on alumiiniumist pressitud profiil? <\/b><\/p>\n<p> Alumiiniumist pressitud profiil on alumiiniumist kohandatud kujuga komponent, mis on loodud alumiiniumi survestamise teel l\u00e4bi matriitsi, mida kasutatakse tavaliselt ehitus-, auto- ja t\u00f6\u00f6stusrakendustes.\n<\/p>\n<p><\/p>\n<p><b>2.Millised on alumiiniumist pressitud profiilide peamised eelised? <\/b><\/p>\n<p> Alumiiniumist ekstrudeeritud profiilid pakuvad suurt tugevuse ja kaalu suhet, korrosioonikindlust, disaini paindlikkust ja t\u00f5husat tootmist paljude kasutusviiside jaoks.\n<\/p>\n<p><\/p>\n<p><b>3.Miks on alumiiniumi ekstrusioon populaarne tootmises? <\/b><\/p>\n<p> Alumiiniumi ekstrusioon v\u00f5imaldab keerukaid ja t\u00e4pseid kujundeid minimaalse materjalij\u00e4\u00e4tmega, mis muudab selle ideaalseks kulutasuvaks ja laiendatavaks tootmiseks.\n<\/p>\n<p><\/p>\n<p><b>4.Kas alumiiniumist pressitud profiilid on kohandatavad? <\/b><\/p>\n<p> Jah, profiile saab kohandada kuju, suuruse, sulami ja viimistluse poolest, et need vastaksid konkreetsetele funktsionaalsetele ja esteetilistele n\u00f5uetele.\n<\/p>\n<p><\/p>\n<p><b>5.Millised t\u00f6\u00f6stusharud kasutavad alumiiniumist pressitud profiile? <\/b><\/p>\n<p> Sellised t\u00f6\u00f6stusharud nagu ehitus, transport, elektroonika, kosmoset\u00f6\u00f6stus ja taastuvenergia kasutavad pressitud alumiiniumprofiile nende mitmek\u00fclgsuse ja j\u00f5udluse t\u00f5ttu.\n<\/p>\n<p><\/p>\n<p><b>6.Kas alumiiniumist pressitud profiilid toetavad s\u00e4\u00e4stvat disaini? <\/b><\/p>\n<p> Kindlasti on alumiinium 100% ringlussev\u00f5etav, mis muudab pressitud profiilid keskkonnas\u00f5bralikuks valikuks rohelise ehituse ja s\u00e4\u00e4stva tootearenduse jaoks.\n<\/p>\n<p><\/p>\n<p><b>7.How tugev on alumiiniumist pressitud profiilid? <\/b><\/p>\n<p> S\u00f5ltuvalt kasutatavast sulamist v\u00f5ivad pressitud alumiiniumprofiilid pakkuda suurep\u00e4rast struktuurilist tugevust, j\u00e4\u00e4des samas kergeks.\n<\/p>\n<p><\/p>\n<p><b>8.Milline pinnat\u00f6\u00f6tlus on saadaval alumiiniumist pressitud profiilide jaoks? <\/b><\/p>\n<p> Tavalised viimistlusviisid on anodeerimine, pulberv\u00e4rvimine ja pintseldamine, mis parandavad vastupidavust, korrosioonikindlust ja v\u00e4limust.\n<\/p>\n<p><\/p>\n<p><b>9.Kas alumiiniumist pressitud profiile on lihtne valmistada ja kokku panna? <\/b><\/p>\n<p> Jah, neid on lihtne l\u00f5igata, t\u00f6\u00f6delda ja \u00fchendada, mis lihtsustab tootmist ja v\u00e4hendab montaa\u017eiaega tootmises.\n<\/p>\n<p><\/p>\n<p><b>10.Kas alumiiniumist pressitud profiil sobib nii sise- kui ka v\u00e4listingimustes kasutamiseks? <\/b><\/p>\n<p> Jah, nende korrosioonikindlus ja viimistlusv\u00f5imalused muudavad need ideaalseks nii siseruumides kui ka karmides v\u00e4liskeskkondades.\n<\/p>\n<p><\/p>","protected":false},"featured_media":6001,"template":"","categories":[57],"class_list":["post-5997","product","type-product","status-publish","has-post-thumbnail","hentry","category-anodized-aluminum-profile"],"meta_box":{"hilight_text_group":{"product_hilight_text":"<li>Customizable shapes and sizes for a wide range of industrial applications<\/li>\r\r\n<li>High strength-to-weight ratio ideal for structural and mechanical use<\/li>\r\r\n<li>Excellent surface finish and corrosion resistance with anodizing options<\/li>\r\r\n<li>Supports precise machining, drilling, and cutting for easy integration<\/li>\r\r\n<li>Cost-effective solution for mass production with consistent quality<\/li>","product_chanpin_chanpin":"<li><a href=\"https:\/\/sinoextrud.com\/product\/aluminum-extrusion-industry-modular-components-profile\/\" target=\"_blank\">Aluminum Extrusion Industry Modular Components Profile<\/a><\/li>\r\n<li><a href=\"https:\/\/sinoextrud.com\/product\/aluminium-profile-systems\/\" target=\"_blank\">Aluminium Profile Systems<\/a><\/li>\r\n<li><a href=\"https:\/\/sinoextrud.com\/product\/aluminium-extrusion-profile-section\/\" target=\"_blank\">Aluminium Extrusion Profile Section(Great Wall panel aluminum profile)<\/a><\/li>\r\n<li><a href=\"https:\/\/sinoextrud.com\/product\/industrial-aluminum-profiles\/\" target=\"_blank\">Industrial Aluminum Profiles<\/a><\/li>\r\n<li><a href=\"https:\/\/sinoextrud.com\/product\/aluminum-extruded-profile\/\" target=\"_blank\">Aluminum Extruded Profile<\/a><\/li>\r\n<li><a href=\"https:\/\/sinoextrud.com\/product\/aluminium-corner-extrusion\/\" target=\"_blank\">Aluminium Corner Extrusion<\/a><\/li>\r\n<li><a href=\"https:\/\/sinoextrud.com\/product\/anodized-extruded-aluminum\/\" target=\"_blank\">Anodized Extruded Aluminum<\/a><\/li>\r\n<li><a href=\"https:\/\/sinoextrud.com\/product\/factory-offer-aluminum-handrail-extrusions\/\" target=\"_blank\">Factory Offer Aluminum Handrail Extrusions<\/a><\/li>\r\n<li><a href=\"https:\/\/sinoextrud.com\/product\/customize-6063-z-section-aluminium-extrusion\/\" target=\"_blank\">Customize 6063 Z Section Aluminium Extrusion<\/a><\/li>\r\n<li><a href=\"https:\/\/sinoextrud.com\/product\/6063-cnc-machining-aluminum-extrusion-hinge\/\" target=\"_blank\">6063 CNC Machining Aluminum Extrusion Hinge<\/a><\/li>\r\n<li><a href=\"https:\/\/sinoextrud.com\/product\/aluminum-square-tube-in-wooden-grain\/\" target=\"_blank\">Aluminum Square Tube In Wooden Grain<\/a><\/li>"},"feature_list":[]},"_links":{"self":[{"href":"https:\/\/sinoextrud.com\/et\/wp-json\/wp\/v2\/product\/5997","targetHints":{"allow":["GET"]}}],"collection":[{"href":"https:\/\/sinoextrud.com\/et\/wp-json\/wp\/v2\/product"}],"about":[{"href":"https:\/\/sinoextrud.com\/et\/wp-json\/wp\/v2\/types\/product"}],"wp:featuredmedia":[{"embeddable":true,"href":"https:\/\/sinoextrud.com\/et\/wp-json\/wp\/v2\/media\/6001"}],"wp:attachment":[{"href":"https:\/\/sinoextrud.com\/et\/wp-json\/wp\/v2\/media?parent=5997"}],"wp:term":[{"taxonomy":"category","embeddable":true,"href":"https:\/\/sinoextrud.com\/et\/wp-json\/wp\/v2\/categories?post=5997"}],"curies":[{"name":"wp","href":"https:\/\/api.w.org\/{rel}","templated":true}]}}