{"id":5993,"date":"2025-05-23T15:36:29","date_gmt":"2025-05-23T15:36:29","guid":{"rendered":"https:\/\/sinoextrud.com\/?post_type=product&#038;p=5993"},"modified":"2025-06-24T03:52:58","modified_gmt":"2025-06-24T03:52:58","slug":"alumiiniumist-ekstrusiooniprofiili-loik","status":"publish","type":"product","link":"https:\/\/sinoextrud.com\/et\/product\/aluminium-extrusion-profile-section\/","title":{"rendered":"Alumiiniumist ekstrusiooniprofiil (Great Wall paneel alumiiniumprofiil)"},"content":{"rendered":"<h2>Toodete \u00fcksikasjad<\/h2>\n<table class=\"custom-table\">\n<tr>\n<td class=\"label\">Toote nimi<\/td>\n<td>alumiiniumist ekstrusiooniprofiili l\u00f5ik<\/td>\n<\/tr>\n<tr>\n<td class=\"label\">Taotlus<\/td>\n<td>T\u00f6\u00f6stuslik alumiiniumprofiil, ehitusalumiiniumprofiil, alumiiniumuksed ja -aknad, alumiiniumkapid, alumiiniumlaed, alumiiniumtorud, alumiiniumklaasist piirded jne.<\/td>\n<\/tr>\n<tr>\n<td class=\"label\">Alumiiniumsulam<\/td>\n<td>1000-seeria, 2000-seeria, 3000-seeria, 6000-seeria, 7000-seeria jne.<\/td>\n<\/tr>\n<tr>\n<td class=\"label\">Temper<\/td>\n<td>T3-T8<\/td>\n<\/tr>\n<tr>\n<td class=\"label\">Kuju<\/td>\n<td>vastavalt kliendi n\u00f5udmistele<\/td>\n<\/tr>\n<tr>\n<td class=\"label\">V\u00e4rv<\/td>\n<td>vastavalt kliendi n\u00f5udmistele<\/td>\n<\/tr>\n<tr>\n<td class=\"label\">Pikkus<\/td>\n<td>1-9m v\u00f5i kohandamine<\/td>\n<\/tr>\n<tr>\n<td class=\"label\">Pinnat\u00f6\u00f6tlus<\/td>\n<td>freesitud, anodeeritud, elektriline pinnakate, liivapritsimine, elektroforees, harjatud, poleerimine jne.<\/td>\n<\/tr>\n<tr>\n<td class=\"label\">CNC s\u00fcgavt\u00f6\u00f6tlemine<\/td>\n<td>l\u00f5ikamine, puurimine, mehaaniline t\u00f6\u00f6tlemine, l\u00f6\u00f6mine, painutamine, koputamine jne.<\/td>\n<\/tr>\n<tr>\n<td class=\"label\">Sertifikaadid<\/td>\n<td>CE, ISO, SGS, TUV, ROHS<\/td>\n<\/tr>\n<tr>\n<td class=\"label\">Proovid<\/td>\n<td>tasuta proov. 1-3 p\u00e4eva jooksul toimetatakse teile.<\/td>\n<\/tr>\n<tr>\n<td class=\"label\">MOQ<\/td>\n<td>200 kg iga profiili kohta<\/td>\n<\/tr>\n<tr>\n<td class=\"label\">Tarneaeg<\/td>\n<td>Vormi v\u00e4ljat\u00f6\u00f6tamine ja n\u00e4idise kujundamine kestab 12-15 p\u00e4eva, seej\u00e4rel tootmine kestab 15-25 p\u00e4eva p\u00e4rast ostjalt tagatisraha saamist.<\/td>\n<\/tr>\n<tr>\n<td class=\"label\">Maksetingimused<\/td>\n<td>30% tagatisraha, 70% saldo enne saatmist<\/td>\n<\/tr>\n<\/table>\n<h2>Meie tootmisbaas<\/h2>\n<h3>Tehase panoraam<\/h3>\n<p><img decoding=\"async\" src=\"\/wp-content\/uploads\/factory-01.webp\"\/><\/p>\n<h3>Alumiiniumvarraste tootmise t\u00f6\u00f6koda<\/h3>\n<p><img decoding=\"async\" src=\"\/wp-content\/uploads\/factory-02.webp\"\/><\/p>\n<\/p>\n<p><img decoding=\"async\" src=\"\/wp-content\/uploads\/factory-03.webp\"\/><\/p>\n<h3>hallituse ladustamise ladu<\/h3>\n<p><img decoding=\"async\" src=\"\/wp-content\/uploads\/factory-04.webp\"\/><\/p>\n<h3>43 alumiiniumi ekstrusiooniliini (500-5500 tonni)<\/h3>\n<p><img decoding=\"async\" src=\"\/wp-content\/uploads\/factory-05.webp\"\/><\/p>\n<p><img decoding=\"async\" src=\"\/wp-content\/uploads\/factory-06.webp\"\/><\/p>\n<p><img decoding=\"async\" src=\"\/wp-content\/uploads\/factory-07.webp\"\/><\/p>\n<h3>Pulberv\u00e4rvimise t\u00f6\u00f6koda<\/h3>\n<p><img decoding=\"async\" src=\"\/wp-content\/uploads\/factory-09.webp\"\/><\/p>\n<h3>Anodiseerimise t\u00f6\u00f6koda<\/h3>\n<p><img decoding=\"async\" src=\"\/wp-content\/uploads\/factory-10.webp\"\/><\/p>\n<h3>S\u00fcgavt\u00f6\u00f6tlemise t\u00f6\u00f6tuba<\/h3>\n<p><img decoding=\"async\" src=\"\/wp-content\/uploads\/factory-11.webp\"\/><\/p>\n<h3>CNC-t\u00e4ppist\u00f6\u00f6tlemise t\u00f6\u00f6koda<\/h3>\n<p><img decoding=\"async\" src=\"\/wp-content\/uploads\/factory-11.5.webp\"\/><\/p>\n<h3>Valmistoodete ja ekspordi ladu<\/h3>\n<p><img decoding=\"async\" src=\"\/wp-content\/uploads\/factory-12.webp\"\/><\/p>\n<p><img decoding=\"async\" src=\"\/wp-content\/uploads\/factory-13.webp\"\/><\/p>\n<p><img decoding=\"async\" src=\"\/wp-content\/uploads\/factory-14.webp\"\/><\/p>\n<h2>KKK<\/h2>\n<p><b>1.Mis on alumiiniumist ekstrusiooniprofiil? <\/b><\/p>\n<p> Alumiiniumist ekstrusiooniprofiil on vormitud alumiiniumkomponent, mis on loodud ekstrusiooniprotsessi abil ja mida kasutatakse ehituses, tootmises ja konstruktsioonirakendustes.\n<\/p>\n<p><\/p>\n<p><b>2.Millised on alumiiniumist ekstrusiooniprofiilide peamised eelised? <\/b><\/p>\n<p> Alumiiniumist ekstrusiooniprofiilid pakuvad suurt tugevuse ja kaalu suhet, korrosioonikindlust ja disaini paindlikkust erinevateks t\u00f6\u00f6stuslikeks ja arhitektuurilisteks kasutusaladeks.\n<\/p>\n<p><\/p>\n<p><b>3.Miks eelistatakse profiiliprofiilide puhul alumiiniumist pressimist? <\/b><\/p>\n<p> Alumiiniumi ekstrusioon v\u00f5imaldab toota t\u00e4pseid, keerulisi kujundeid kuluefektiivselt, suurep\u00e4rase pinnaviimistluse ja minimaalse j\u00e4\u00e4tmetekke juures.\n<\/p>\n<p><\/p>\n<p><b>4.Kas alumiiniumist ekstrusiooniprofiilide sektsioonid on kohandatavad? <\/b><\/p>\n<p> Jah, neid saab kohandada kuju, suuruse, sulami ja pinnat\u00f6\u00f6tluse poolest, et need vastaksid konkreetsetele tulemuslikkuse ja esteetilistele n\u00f5uetele.\n<\/p>\n<p><\/p>\n<p><b>5.Kui vastupidavad on alumiiniumist ekstrusiooniprofiilid? <\/b><\/p>\n<p> Need profiiliprofiilid on v\u00e4ga vastupidavad, vastupidavad karmile keskkonnale ja s\u00e4ilitavad struktuurilise terviklikkuse aja jooksul.\n<\/p>\n<p><\/p>\n<p><b>6.Millised t\u00f6\u00f6stusharud kasutavad tavaliselt alumiiniumist ekstrusiooniprofiile? <\/b><\/p>\n<p> Sellised t\u00f6\u00f6stusharud nagu lennundus, autot\u00f6\u00f6stus, ehitus, elektroonika ja taastuvenergia kasutavad ulatuslikult alumiiniumist pressprofiilide profiile.\n<\/p>\n<p><\/p>\n<p><b>7.Kas alumiiniumist ekstrusiooniprofiilid toetavad kergkonstruktsiooni? <\/b><\/p>\n<p> Kindlasti muudab nende kerge olemus need ideaalseks konstruktsiooni \u00fcldmassi v\u00e4hendamiseks, ilma et see kahjustaks tugevust.\n<\/p>\n<p><\/p>\n<p><b>8.Kas alumiiniumist ekstrusiooniprofiilide l\u00f5ikeid saab viimistleda erinevates stiilides? <\/b><\/p>\n<p> Jah, nad toetavad erinevaid viimistlusviise, nagu anodeerimine, pulberv\u00e4rvimine ja v\u00e4rvimine, et parandada v\u00e4limust ja kaitset.\n<\/p>\n<p><\/p>\n<p><b>9.Mis teeb alumiiniumist ekstrusiooniprofiilide sektsioonid kulut\u00f5husaks? <\/b><\/p>\n<p> Nende korduvkasutatavus, minimaalne hooldus ja t\u00f5hus tootmine teevad neist kuluefektiivse valiku suuremahuliste projektide jaoks.\n<\/p>\n<p><\/p>\n<p><b>10.Kas alumiiniumist ekstrusiooniprofiilid on keskkonnas\u00f5bralikud? <\/b><\/p>\n<p> Jah, alumiinium on 100% taaskasutatav ja vajab t\u00f6\u00f6tlemiseks v\u00e4hem energiat, mist\u00f5ttu on need profiilid j\u00e4tkusuutlik materjalivalik.\n<\/p>\n<p><\/p>","protected":false},"featured_media":5992,"template":"","categories":[55],"class_list":["post-5993","product","type-product","status-publish","has-post-thumbnail","hentry","category-extruded-aluminum-profiles"],"meta_box":{"hilight_text_group":{"product_hilight_text":"<li>Customizable cross-sections to fit specific structural and design requirements<\/li>\r\r\n<li>High precision and consistent quality suitable for mass production<\/li>\r\r\n<li>Lightweight yet strong material ideal for reducing overall system weight<\/li>\r\r\n<li>Excellent thermal and electrical conductivity for specialized applications<\/li>\r\r\n<li>Corrosion-resistant finish ensures long-term durability in harsh environments<\/li>\r\r\n<li>Aluminum decorative materials for wall and ceiling applications <\/li>","product_chanpin_chanpin":"<li><a href=\"https:\/\/sinoextrud.com\/product\/extruded-aluminum-tubing-shapes-supplier\/\" target=\"_blank\">Extruded Aluminum Tubing Shapes Supplier<\/a><\/li>\r\n<li><a href=\"https:\/\/sinoextrud.com\/product\/aluminium-profile-bed-frame\/\" target=\"_blank\">Aluminium Profile Bed Frame<\/a><\/li>\r\n<li><a href=\"https:\/\/sinoextrud.com\/product\/aluminum-extrusion-industry-modular-components-profile\/\" target=\"_blank\">Aluminum Extrusion Industry Modular Components Profile<\/a><\/li>\r\n<li><a href=\"https:\/\/sinoextrud.com\/product\/aluminium-profile-systems\/\" target=\"_blank\">Aluminium Profile Systems<\/a><\/li>\r\n<li><a href=\"https:\/\/sinoextrud.com\/product\/aluminium-extrusion-profile-section\/\" target=\"_blank\">Aluminium Extrusion Profile Section(Great Wall panel aluminum profile)<\/a><\/li>\r\n<li><a href=\"https:\/\/sinoextrud.com\/product\/industrial-aluminum-profiles\/\" target=\"_blank\">Industrial Aluminum Profiles<\/a><\/li>\r\n<li><a href=\"https:\/\/sinoextrud.com\/product\/aluminum-extruded-profile\/\" target=\"_blank\">Aluminum Extruded Profile<\/a><\/li>\r\n<li><a href=\"https:\/\/sinoextrud.com\/product\/aluminium-corner-extrusion\/\" target=\"_blank\">Aluminium Corner Extrusion<\/a><\/li>\r\n<li><a href=\"https:\/\/sinoextrud.com\/product\/anodized-extruded-aluminum\/\" target=\"_blank\">Anodized Extruded Aluminum<\/a><\/li>\r\n<li><a href=\"https:\/\/sinoextrud.com\/product\/customized-structural-aluminum-profiles\/\" target=\"_blank\">Customized Structural Aluminum Profiles<\/a><\/li>\r\n<li><a href=\"https:\/\/sinoextrud.com\/product\/aluminum-structural-framing-system\/\" target=\"_blank\">Aluminum Structural Framing System<\/a><\/li>"},"feature_list":[]},"_links":{"self":[{"href":"https:\/\/sinoextrud.com\/et\/wp-json\/wp\/v2\/product\/5993","targetHints":{"allow":["GET"]}}],"collection":[{"href":"https:\/\/sinoextrud.com\/et\/wp-json\/wp\/v2\/product"}],"about":[{"href":"https:\/\/sinoextrud.com\/et\/wp-json\/wp\/v2\/types\/product"}],"wp:featuredmedia":[{"embeddable":true,"href":"https:\/\/sinoextrud.com\/et\/wp-json\/wp\/v2\/media\/5992"}],"wp:attachment":[{"href":"https:\/\/sinoextrud.com\/et\/wp-json\/wp\/v2\/media?parent=5993"}],"wp:term":[{"taxonomy":"category","embeddable":true,"href":"https:\/\/sinoextrud.com\/et\/wp-json\/wp\/v2\/categories?post=5993"}],"curies":[{"name":"wp","href":"https:\/\/api.w.org\/{rel}","templated":true}]}}