{"id":5985,"date":"2025-05-23T15:23:16","date_gmt":"2025-05-23T15:23:16","guid":{"rendered":"https:\/\/sinoextrud.com\/?post_type=product&#038;p=5985"},"modified":"2025-06-24T03:52:51","modified_gmt":"2025-06-24T03:52:51","slug":"ekstrudeeritud-alumiiniumtorude-kuju-tarnija","status":"publish","type":"product","link":"https:\/\/sinoextrud.com\/et\/product\/extruded-aluminum-tubing-shapes-supplier\/","title":{"rendered":"Ekstrudeeritud alumiiniumist torude kuju tarnija"},"content":{"rendered":"<h2>Toodete \u00fcksikasjad<\/h2>\n<table class=\"custom-table\">\n<tr>\n<td class=\"label\">Toote nimi<\/td>\n<td>Ekstrudeeritud alumiiniumist torude kuju tarnija<\/td>\n<\/tr>\n<tr>\n<td class=\"label\">Tootevalik<\/td>\n<td>alumiiniumist ekstrusioonid \u00fcldistele torudele ja baaridele, alumiiniumist ruudukujulised torud, ruudukujulised alumiiniumtorud, alumiiniumist ruudukujulised torud, dekoratiivne kaasaegne aiatoru, alumiiniumtorude profiilid, alumiiniumtorude painutamine, kohandatud alumiiniumist ekstrusioonitorud, kohandatud pulberv\u00e4rvitud toru, kohandatud \u00fcmmargune alumiiniumtoru, ruudukujuline alumiiniumi ekstrusioon, anodeeritud alumiiniumsulamist toru, kohandatud ruut alumiiniumtorud, jne.<\/td>\n<\/tr>\n<tr>\n<td class=\"label\">Sobivad s\u00fcsteemid T\u00fc\u00fcbid<\/td>\n<td>Alumiinium \u00fcmmargused torud, Alumiinium \u00fcmmargused torud, alumiinium ruudukujulised torud, alumiinium ruudukujulised torud, alumiinium torude painutamine, ovaalsed alumiinium torud, hulgim\u00fc\u00fck pressitud alumiinium toru, hulgim\u00fc\u00fck alumiinium ekstrusiooni poleeritud ruudukujuline toru, hulgim\u00fc\u00fck pressitud alumiinium torude kuju jne.<\/td>\n<\/tr>\n<tr>\n<td class=\"label\">Alumiiniumsulam<\/td>\n<td>3000-seeria, 5000-seeria, 6000-seeria, 7000-seeria jne.<\/td>\n<\/tr>\n<tr>\n<td class=\"label\">Temper<\/td>\n<td>T5-T8<\/td>\n<\/tr>\n<tr>\n<td class=\"label\">Kuju<\/td>\n<td>Nelinurkne, \u00fcmmargune, ovaalne, painduv, poolringikujuline v\u00f5i kohandamine<\/td>\n<\/tr>\n<tr>\n<td class=\"label\">V\u00e4rv<\/td>\n<td>kohandamine<\/td>\n<\/tr>\n<tr>\n<td class=\"label\">Pinnat\u00f6\u00f6tlus<\/td>\n<td>freesitud, anodeeritud, puidumass, elektripinnakate, liivapritsimine, elektroforees, harjatud, poleerimine jne.<\/td>\n<\/tr>\n<tr>\n<td class=\"label\">CNC s\u00fcgavt\u00f6\u00f6tlemine<\/td>\n<td>l\u00f5ikamine, puurimine, mehaaniline t\u00f6\u00f6tlemine, stantsimine, painutamine, koputades jne.<\/td>\n<\/tr>\n<tr>\n<td class=\"label\">Sertifikaadid<\/td>\n<td>CE, ISO, SGS, TUV, ROHS<\/td>\n<\/tr>\n<tr>\n<td class=\"label\">Proovid<\/td>\n<td>tasuta proov. 1-3 p\u00e4eva jooksul toimetatakse teile.<\/td>\n<\/tr>\n<tr>\n<td class=\"label\">MOQ<\/td>\n<td>200 kg iga profiili kohta<\/td>\n<\/tr>\n<tr>\n<td class=\"label\">Tarneaeg<\/td>\n<td>Vormi v\u00e4ljat\u00f6\u00f6tamine ja n\u00e4idise konformatsioon on 12-15 p\u00e4eva, seej\u00e4rel tootmisperiood on 15-25 p\u00e4eva p\u00e4rast ostjalt tagatisraha saamist.<\/td>\n<\/tr>\n<tr>\n<td class=\"label\">Maksetingimused<\/td>\n<td>30% tagatisraha enne tootmist ja saldo enne saatmist.<\/td>\n<\/tr>\n<\/table>\n<h2>Meie tootmisbaas<\/h2>\n<h3>Tehase panoraam<\/h3>\n<p><img decoding=\"async\" src=\"\/wp-content\/uploads\/factory-01.webp\"\/><\/p>\n<h3>Alumiiniumvarraste tootmise t\u00f6\u00f6koda<\/h3>\n<p><img decoding=\"async\" src=\"\/wp-content\/uploads\/factory-02.webp\"\/><\/p>\n<\/p>\n<p><img decoding=\"async\" src=\"\/wp-content\/uploads\/factory-03.webp\"\/><\/p>\n<h3>hallituse ladustamise ladu<\/h3>\n<p><img decoding=\"async\" src=\"\/wp-content\/uploads\/factory-04.webp\"\/><\/p>\n<h3>43 alumiiniumi ekstrusiooniliini (500-5500 tonni)<\/h3>\n<p><img decoding=\"async\" src=\"\/wp-content\/uploads\/factory-05.webp\"\/><\/p>\n<p><img decoding=\"async\" src=\"\/wp-content\/uploads\/factory-06.webp\"\/><\/p>\n<p><img decoding=\"async\" src=\"\/wp-content\/uploads\/factory-07.webp\"\/><\/p>\n<h3>Pulberv\u00e4rvimise t\u00f6\u00f6koda<\/h3>\n<p><img decoding=\"async\" src=\"\/wp-content\/uploads\/factory-09.webp\"\/><\/p>\n<h3>Anodiseerimise t\u00f6\u00f6koda<\/h3>\n<p><img decoding=\"async\" src=\"\/wp-content\/uploads\/factory-10.webp\"\/><\/p>\n<h3>S\u00fcgavt\u00f6\u00f6tlemise t\u00f6\u00f6tuba<\/h3>\n<p><img decoding=\"async\" src=\"\/wp-content\/uploads\/factory-11.webp\"\/><\/p>\n<h3>CNC-t\u00e4ppist\u00f6\u00f6tlemise t\u00f6\u00f6koda<\/h3>\n<p><img decoding=\"async\" src=\"\/wp-content\/uploads\/factory-11.5.webp\"\/><\/p>\n<h3>Valmistoodete ja ekspordi ladu<\/h3>\n<p><img decoding=\"async\" src=\"\/wp-content\/uploads\/factory-12.webp\"\/><\/p>\n<p><img decoding=\"async\" src=\"\/wp-content\/uploads\/factory-13.webp\"\/><\/p>\n<p><img decoding=\"async\" src=\"\/wp-content\/uploads\/factory-14.webp\"\/><\/p>\n<h2>KKK<\/h2>\n<p><b>1.Mis on ekstrudeeritud alumiiniumtorude kuju tarnija? <\/b><\/p>\n<p> Ekstrudeeritud alumiiniumtorude kuju tarnija pakub kohandatud ja standardseid alumiiniumtorude profiile erinevates kujudes t\u00f6\u00f6stuslikeks, kaubanduslikeks ja arhitektuurilisteks rakendusteks.\n<\/p>\n<p><\/p>\n<p><b>2.Milliseid kujundeid pakuvad pressitud alumiiniumtorude tarnijad? <\/b><\/p>\n<p> Tarnijad pakuvad mitmesuguseid kujundeid, sealhulgas \u00fcmaraid, ruudukujulisi, ristk\u00fclikukujulisi, ovaalseid ja kohandatud profiiliga alumiiniumtorusid, mis vastavad konkreetsetele projektivajadustele.\n<\/p>\n<p><\/p>\n<p><b>3.Millised on eelised, mis tulenevad alumiiniumist pressitud alumiiniumist torude kuju tarnijast? <\/b><\/p>\n<p> Koost\u00f6\u00f6 spetsialiseerunud tarnijaga tagab kvaliteetsed ekstrusioonid, t\u00e4psed m\u00f5\u00f5tmed, materjali j\u00e4rjepidevuse ja usaldusv\u00e4\u00e4rsed tarneajad.\n<\/p>\n<p><\/p>\n<p><b>4.Kuidas on pressitud alumiiniumtorudest kasu t\u00f6\u00f6stuslikele rakendustele? <\/b><\/p>\n<p> Pressitud alumiiniumtorud pakuvad kerget tugevust, korrosioonikindlust ja suurep\u00e4rast t\u00f6\u00f6deldavust, mist\u00f5ttu on need ideaalsed konstruktsiooni-, transpordi- ja mehaanilisteks kasutusaladeks.\n<\/p>\n<p><\/p>\n<p><b>5.Kas ekstrudeeritud alumiiniumist torude kuju tarnijad pakuvad kohandatud lahendusi? <\/b><\/p>\n<p> Jah, enamik tarnijaid pakub t\u00e4ielikku kohandamise teenust, sealhulgas sulami valikut, kuju kujundust, suuruse variante ja pinnaviimistlust.\n<\/p>\n<p><\/p>\n<p><b>6.Miks valida ekstrudeeritud alumiiniumtorud terase asemel? <\/b><\/p>\n<p> Alumiiniumtorud on kergemad, roostekindlamad ja kergemini valmistatavad kui teras, v\u00e4hendades kaalu ja hooldust\u00f6id konstruktsiooni- ja mehaaniliste s\u00fcsteemide puhul.\n<\/p>\n<p><\/p>\n<p><b>7.Millised t\u00f6\u00f6stusharud kasutavad tavaliselt pressitud alumiiniumtorude kuju? <\/b><\/p>\n<p> Lennundus-, auto-, ehitus-, mere-, meditsiini- ja taastuvenergiat\u00f6\u00f6stus kasutab laialdaselt pressitud alumiiniumtorusid nende mitmek\u00fclgsuse ja j\u00f5udluse t\u00f5ttu.\n<\/p>\n<p><\/p>\n<p><b>8.Kas pressitud alumiiniumtorude kujud sobivad v\u00e4litingimustes kasutamiseks? <\/b><\/p>\n<p> Jah, alumiiniumi loomulik korrosioonikindlus ja \u00fchilduvus anodeerimise v\u00f5i pulberv\u00e4rvimisega muudavad selle ideaalseks v\u00e4litingimustes kasutamiseks.\n<\/p>\n<p><\/p>\n<p><b>9.Kas ekstrudeeritud alumiiniumtorude kuju tarnijad toetavad suurtootmist? <\/b><\/p>\n<p> Mainekatel tarnijatel on v\u00f5imekus k\u00e4sitleda massitellimusi \u00fchtlase kvaliteediga, toetades OEM-ettev\u00f5tteid ja t\u00f6\u00f6stusliku ulatusega projekte.\n<\/p>\n<p><\/p>\n<p><b>10.Kas alumiiniumtorud ekstrusioonitootjatelt on keskkonnas\u00f5bralikud? <\/b><\/p>\n<p> Jah, alumiinium on taaskasutatav ja energiat\u00f5husa tootmisega, mist\u00f5ttu on ekstrusioonitorude tarnijate torud j\u00e4tkusuutlik materjalivalik.\n<\/p>\n<p><\/p>","protected":false},"featured_media":5984,"template":"","categories":[55],"class_list":["post-5985","product","type-product","status-publish","has-post-thumbnail","hentry","category-extruded-aluminum-profiles"],"meta_box":{"hilight_text_group":{"product_hilight_text":"<li>Wide range of tubing shapes including round, square, and rectangular for diverse applications<\/li>\r\r\n<li>Lightweight yet strong, ideal for automotive, construction, and aerospace industries<\/li>\r\r\n<li>Custom lengths, wall thicknesses, and alloy options available to meet specific requirements<\/li>\r\r\n<li>Excellent corrosion resistance and surface finish for long-lasting performance<\/li>\r\r\n<li>Reliable supply chain and consistent quality for high-volume production needs<\/li>","product_chanpin_chanpin":"<li><a href=\"https:\/\/sinoextrud.com\/product\/aluminum-extrusion-aluminum-rolling-shutters-profile\/\" target=\"_blank\">Aluminum Extrusion Aluminum Rolling Shutters Profile<\/a><\/li>\r\n<li><a href=\"https:\/\/sinoextrud.com\/product\/aluminum-extrusion-7003-7005-7020\/\" target=\"_blank\">Aluminum Extrusion 7003 7005 7020 High Hardness Anodized Aluminum Profile<\/a><\/li>\r\n<li><a href=\"https:\/\/sinoextrud.com\/product\/aluminum-extrusion-flood-control-barrier-aluminum-profile\/\" target=\"_blank\">Aluminum Extrusion Flood Control Barrier Aluminum Profile<\/a><\/li>\r\n<li><a href=\"https:\/\/sinoextrud.com\/product\/extruded-aluminum-flat-bar-6061-7075\/\" target=\"_blank\">Extruded Aluminum Flat Bar 6061 7075<\/a><\/li>\r\n<li><a href=\"https:\/\/sinoextrud.com\/product\/extruded-aluminum-tubing-shapes-supplier\/\" target=\"_blank\">Extruded Aluminum Tubing Shapes Supplier<\/a><\/li>\r\n<li><a href=\"https:\/\/sinoextrud.com\/product\/aluminium-profile-bed-frame\/\" target=\"_blank\">Aluminium Profile Bed Frame<\/a><\/li>\r\n<li><a href=\"https:\/\/sinoextrud.com\/product\/aluminum-extrusion-industry-modular-components-profile\/\" target=\"_blank\">Aluminum Extrusion Industry Modular Components Profile<\/a><\/li>\r\n<li><a href=\"https:\/\/sinoextrud.com\/product\/aluminium-profile-systems\/\" target=\"_blank\">Aluminium Profile Systems<\/a><\/li>\r\n<li><a href=\"https:\/\/sinoextrud.com\/product\/aluminium-extrusion-profile-section\/\" target=\"_blank\">Aluminium Extrusion Profile Section(Great Wall panel aluminum profile)<\/a><\/li>\r\n<li><a href=\"https:\/\/sinoextrud.com\/product\/electrophoretic-grain-square-tube-rosewood\/\" target=\"_blank\">Electrophoretic Grain Square Tube Rosewood<\/a><\/li>\r\n<li><a href=\"https:\/\/sinoextrud.com\/product\/anodized-aluminum-alloy-pipe-supplier\/\" target=\"_blank\">Anodized Aluminum Alloy Pipe Supplier<\/a><\/li>"},"feature_list":[]},"_links":{"self":[{"href":"https:\/\/sinoextrud.com\/et\/wp-json\/wp\/v2\/product\/5985","targetHints":{"allow":["GET"]}}],"collection":[{"href":"https:\/\/sinoextrud.com\/et\/wp-json\/wp\/v2\/product"}],"about":[{"href":"https:\/\/sinoextrud.com\/et\/wp-json\/wp\/v2\/types\/product"}],"wp:featuredmedia":[{"embeddable":true,"href":"https:\/\/sinoextrud.com\/et\/wp-json\/wp\/v2\/media\/5984"}],"wp:attachment":[{"href":"https:\/\/sinoextrud.com\/et\/wp-json\/wp\/v2\/media?parent=5985"}],"wp:term":[{"taxonomy":"category","embeddable":true,"href":"https:\/\/sinoextrud.com\/et\/wp-json\/wp\/v2\/categories?post=5985"}],"curies":[{"name":"wp","href":"https:\/\/api.w.org\/{rel}","templated":true}]}}