{"id":5893,"date":"2025-05-22T16:01:46","date_gmt":"2025-05-22T16:01:46","guid":{"rendered":"https:\/\/sinoextrud.com\/?post_type=product&#038;p=5893"},"modified":"2025-06-24T03:52:41","modified_gmt":"2025-06-24T03:52:41","slug":"alumiinium-ekstrusioon-alumiiniumist-ruloode-profiil","status":"publish","type":"product","link":"https:\/\/sinoextrud.com\/et\/product\/aluminum-extrusion-aluminum-rolling-shutters-profile\/","title":{"rendered":"Alumiiniumist ekstrusioon alumiiniumist ruloode profiili"},"content":{"rendered":"<h2>Toodete \u00fcksikasjad<\/h2>\n<table class=\"custom-table\">\n<tr>\n<td class=\"label\">Toote nimi<\/td>\n<td>Alumiiniumist ekstrusioon alumiiniumist ruloode profiili<\/td>\n<\/tr>\n<tr>\n<td class=\"label\">Materjal<\/td>\n<td>6061, 6063 alumiiniumisulam<\/td>\n<\/tr>\n<tr>\n<td class=\"label\">Tootevalik<\/td>\n<td>alumiinium ekstrusioon alumiiniumist ruloode jaoks, ruloode profiilid, turvakatted, aknaluugid, uksekatted, v\u00e4liskatted, sisekatted, kommertsluugid, elamukatted jne.<\/td>\n<\/tr>\n<tr>\n<td class=\"label\">Kuju<\/td>\n<td>Lame, kumer, C-kujuline, Z-kujuline, L-kujuline v\u00f5i kohandamine<\/td>\n<\/tr>\n<tr>\n<td class=\"label\">Taotlus<\/td>\n<td>Elamud, \u00e4rihooned, t\u00f6\u00f6stushooned, haiglad, koolid, hotellid jne.<\/td>\n<\/tr>\n<tr>\n<td class=\"label\">Garantii<\/td>\n<td>Pinna v\u00e4rv v\u00f5ib olla stabiilne 10~20 aastat siseruumides kasutades<\/td>\n<\/tr>\n<tr>\n<td class=\"label\">Pinnat\u00f6\u00f6tlus<\/td>\n<td>freesitud, anodeeritud, puidumass, elektripinnakate, liivapritsimine, elektroforees, harjatud, poleerimine jne.<\/td>\n<\/tr>\n<tr>\n<td class=\"label\">CNC s\u00fcgavt\u00f6\u00f6tlemine<\/td>\n<td>l\u00f5ikamine, puurimine, mehaaniline t\u00f6\u00f6tlemine, stantsimine, painutamine, keermestamine jne.<\/td>\n<\/tr>\n<tr>\n<td class=\"label\">Sertifikaadid<\/td>\n<td>CE, ISO, SGS, TUV, ROHS<\/td>\n<\/tr>\n<tr>\n<td class=\"label\">Proovid<\/td>\n<td>tasuta proov. 1-3 p\u00e4eva jooksul toimetatakse teile.<\/td>\n<\/tr>\n<tr>\n<td class=\"label\">MOQ<\/td>\n<td>200 kg iga profiili kohta<\/td>\n<\/tr>\n<tr>\n<td class=\"label\">Tarneaeg<\/td>\n<td>Vormi v\u00e4ljat\u00f6\u00f6tamine ja n\u00e4idise konformatsioon on 12-15 p\u00e4eva, seej\u00e4rel tootmisperiood on 15-25 p\u00e4eva p\u00e4rast ostjalt tagatisraha saamist.<\/td>\n<\/tr>\n<tr>\n<td class=\"label\">Maksetingimused<\/td>\n<td>30% tagatisraha enne tootmist ja saldo enne saatmist.<\/td>\n<\/tr>\n<\/table>\n<h2>Meie tootmisbaas<\/h2>\n<h3>Tehase panoraam<\/h3>\n<p><img decoding=\"async\" src=\"\/wp-content\/uploads\/factory-01.webp\"\/><\/p>\n<h3>Alumiiniumvarraste tootmise t\u00f6\u00f6koda<\/h3>\n<p><img decoding=\"async\" src=\"\/wp-content\/uploads\/factory-02.webp\"\/><\/p>\n<\/p>\n<p><img decoding=\"async\" src=\"\/wp-content\/uploads\/factory-03.webp\"\/><\/p>\n<h3>hallituse ladustamise ladu<\/h3>\n<p><img decoding=\"async\" src=\"\/wp-content\/uploads\/factory-04.webp\"\/><\/p>\n<h3>43 alumiiniumi ekstrusiooniliini (500-5500 tonni)<\/h3>\n<p><img decoding=\"async\" src=\"\/wp-content\/uploads\/factory-05.webp\"\/><\/p>\n<p><img decoding=\"async\" src=\"\/wp-content\/uploads\/factory-06.webp\"\/><\/p>\n<p><img decoding=\"async\" src=\"\/wp-content\/uploads\/factory-07.webp\"\/><\/p>\n<h3>Pulberv\u00e4rvimise t\u00f6\u00f6koda<\/h3>\n<p><img decoding=\"async\" src=\"\/wp-content\/uploads\/factory-09.webp\"\/><\/p>\n<h3>Anodiseerimise t\u00f6\u00f6koda<\/h3>\n<p><img decoding=\"async\" src=\"\/wp-content\/uploads\/factory-10.webp\"\/><\/p>\n<h3>S\u00fcgavt\u00f6\u00f6tlemise t\u00f6\u00f6tuba<\/h3>\n<p><img decoding=\"async\" src=\"\/wp-content\/uploads\/factory-11.webp\"\/><\/p>\n<h3>CNC-t\u00e4ppist\u00f6\u00f6tlemise t\u00f6\u00f6koda<\/h3>\n<p><img decoding=\"async\" src=\"\/wp-content\/uploads\/factory-11.5.webp\"\/><\/p>\n<h3>Valmistoodete ja ekspordi ladu<\/h3>\n<p><img decoding=\"async\" src=\"\/wp-content\/uploads\/factory-12.webp\"\/><\/p>\n<p><img decoding=\"async\" src=\"\/wp-content\/uploads\/factory-13.webp\"\/><\/p>\n<p><img decoding=\"async\" src=\"\/wp-content\/uploads\/factory-14.webp\"\/><\/p>\n<h2>KKK<\/h2>\n<p><b>1.K: Mis on alumiiniumist ekstrusioon alumiiniumist ruloode profiil? <\/b><\/p>\n<p> V: Alumiiniumist pressitud alumiiniumist ruloode profiil on spetsiaalselt ruloodes\u00fcsteemides kasutamiseks m\u00f5eldud alumiiniumist komponent, mis pakub tugevust, vastupidavust ja kergeid omadusi.\n<\/p>\n<p><\/p>\n<p><b>2.K: Millised on alumiiniumist ruloode profiilide peamised eelised? <\/b><\/p>\n<p> V: Alumiiniumist ruloode profiilid pakuvad suurep\u00e4rast korrosioonikindlust, kerget tugevust ja t\u00e4iustatud soojusisolatsiooni, mist\u00f5ttu on need ideaalsed elamute ja \u00e4riruumide turvarakenduste jaoks.\n<\/p>\n<p><\/p>\n<p><b>3. k\u00fcsimus: Kuidas parandab alumiiniumist pressimine katiku j\u00f5udlust? <\/b><\/p>\n<p> V: Alumiiniumi ekstrusioon v\u00f5imaldab t\u00e4pseid, kohandatud profiile, mis parandavad ruloode struktuurilist terviklikkust ja t\u00f6\u00f6efektiivsust, tagades pikaajalise ja t\u00f5rgeteta toimimise.\n<\/p>\n<p><\/p>\n<p><b>4.K: Kas pressitud alumiiniumist aknaluugiprofiilid on ilmastikukindlad? <\/b><\/p>\n<p> V: Jah, pressitud alumiiniumist aknaluugiprofiilid on v\u00e4ga ilmastikukindlad, pakkudes kaitset vihma, tuule ja UV-kiirguse eest, mis suurendab nende pikaealisust ja usaldusv\u00e4\u00e4rsust.\n<\/p>\n<p><\/p>\n<p><b>5.K: Miks valida ruloode jaoks alumiiniumist terase asemel? <\/b><\/p>\n<p> V: Alumiiniumi eelistatakse ruloode puhul terasele, kuna see on korrosioonikindel, kergem ja lihtsasti kohandatav t\u00e4nu ekstrusioonile, mis lihtsustab paigaldamist ja v\u00e4hendab hooldust.\n<\/p>\n<p><\/p>\n<p><b>6.Q: Kas alumiiniumist ekstrusioonist ruloode profiilid on kohandatud? <\/b><\/p>\n<p> V: Absoluutselt, alumiiniumist ekstrusioonist ruloode profiilid saab t\u00e4ielikult kohandada kuju, paksuse ja pinnaviimistluse j\u00e4rgi, et vastata konkreetsetele arhitektuurilistele ja funktsionaalsetele n\u00f5uetele.\n<\/p>\n<p><\/p>\n<p><b>7.K: Millised pinnaviimistlused on saadaval alumiiniumist ruloodeprofiilide jaoks? <\/b><\/p>\n<p> V: Alumiiniumist ruloodeprofiilide tavalised pinnaviimistlused h\u00f5lmavad pulbriga katmist, anodeerimist ja PVDF-katet, mis pakuvad t\u00e4iustatud esteetikat ja kaitset.\n<\/p>\n<p><\/p>\n<p><b>8.K: Kui energiat\u00f5husad on alumiiniumist pressitud aknaluugid? <\/b><\/p>\n<p> V: Alumiiniumist pressitud aknaluugid on energiat\u00f5husad, kuna need aitavad v\u00e4hendada soojus\u00fclekannet ja suurendada isolatsiooni, aidates kaasa hoonete v\u00e4iksemale energiatarbimisele.\n<\/p>\n<p><\/p>\n<p><b>9. k\u00fcsimus: Kas alumiiniumist ekstrusiooniprofiilid sobivad turvaklappide jaoks? <\/b><\/p>\n<p> V: Jah, alumiiniumist ekstrusiooniprofiilid on t\u00e4nu oma tugevusele, j\u00e4ikusele ja v\u00f5imele vastu pidada tugevatele l\u00f6\u00f6kidele ja keskkonnastressile ideaalsed turvakatted.\n<\/p>\n<p><\/p>\n<p><b>10.K: Millised t\u00f6\u00f6stusharud kasutavad tavaliselt alumiiniumist rullakende profiile? <\/b><\/p>\n<p> V: Alumiiniumist rullakende profiile kasutatakse laialdaselt elamu-, \u00e4ri-, t\u00f6\u00f6stus- ja ja jaem\u00fc\u00fcgisektoris turvaliste, t\u00f5husate ja esteetiliselt meeldivate ukse- ja aknalahenduste jaoks.\n<\/p>\n<p><\/p>","protected":false},"featured_media":5892,"template":"","categories":[55],"class_list":["post-5893","product","type-product","status-publish","has-post-thumbnail","hentry","category-extruded-aluminum-profiles"],"meta_box":{"hilight_text_group":{"product_hilight_text":"<li>High-strength aluminum extrusion ensures long-lasting structural integrity<\/li>\r\r\n<li>Customizable profiles to meet specific industrial or architectural needs<\/li>\r\r\n<li>Corrosion-resistant surface finishes reduce maintenance costs<\/li>\r\r\n<li>Lightweight design lowers transportation and installation expenses<\/li>\r\r\n<li>Enhanced thermal and acoustic insulation improves energy efficiency<\/li>\r\r\n<li>Reliable performance in harsh weather conditions for outdoor applications<\/li>\r\r\n<li>Supports large-scale production with consistent quality control<\/li>","product_chanpin_chanpin":"<li><a href=\"https:\/\/sinoextrud.com\/product\/aluminum-extrusion-electroplated-shower-room-aluminum-profile\/\" target=\"_blank\">Aluminum Extrusion Electroplated Shower Room Aluminum Profile<\/a><\/li>\r\n<li><a href=\"https:\/\/sinoextrud.com\/product\/aluminum-extrusion-hard-anodizing-aluminum-profiles\/\" target=\"_blank\">Aluminum Extrusion Hard Anodizing Aluminum Profiles<\/a><\/li>\r\n<li><a href=\"https:\/\/sinoextrud.com\/product\/aluminium-extrud-6061-6082-7075-aluminum-alloy-profiles\/\" target=\"_blank\">Aluminum Extrusion 2024 7001 7003 Aluminum Profile<\/a><\/li>\r\n<li><a href=\"https:\/\/sinoextrud.com\/product\/aluminum-extrusion-6101b-conductive-rail-aluminum-profile\/\" target=\"_blank\">Aluminum Extrusion 6101B Conductive Rail Aluminum Profile<\/a><\/li>\r\n<li><a href=\"https:\/\/sinoextrud.com\/product\/aluminum-extrusion-aluminum-rolling-shutters-profile\/\" target=\"_blank\">Aluminum Extrusion Aluminum Rolling Shutters Profile<\/a><\/li>\r\n<li><a href=\"https:\/\/sinoextrud.com\/product\/aluminum-extrusion-7003-7005-7020\/\" target=\"_blank\">Aluminum Extrusion 7003 7005 7020 High Hardness Anodized Aluminum Profile<\/a><\/li>\r\n<li><a href=\"https:\/\/sinoextrud.com\/product\/aluminum-extrusion-flood-control-barrier-aluminum-profile\/\" target=\"_blank\">Aluminum Extrusion Flood Control Barrier Aluminum Profile<\/a><\/li>\r\n<li><a href=\"https:\/\/sinoextrud.com\/product\/extruded-aluminum-flat-bar-6061-7075\/\" target=\"_blank\">Extruded Aluminum Flat Bar 6061 7075<\/a><\/li>\r\n<li><a href=\"https:\/\/sinoextrud.com\/product\/extruded-aluminum-tubing-shapes-supplier\/\" target=\"_blank\">Extruded Aluminum Tubing Shapes Supplier<\/a><\/li>\r\n<li><a href=\"https:\/\/sinoextrud.com\/product\/aluminum-enclosure-housing-and-shell\/\" target=\"_blank\">Aluminum Enclosure Housing And Shell<\/a><\/li>\r\n<li><a href=\"https:\/\/sinoextrud.com\/product\/powder-coating-aluminium-roller-shutter-profile\/\" target=\"_blank\">Powder Coating Aluminium Roller shutter Profile<\/a><\/li>"},"feature_list":[]},"_links":{"self":[{"href":"https:\/\/sinoextrud.com\/et\/wp-json\/wp\/v2\/product\/5893","targetHints":{"allow":["GET"]}}],"collection":[{"href":"https:\/\/sinoextrud.com\/et\/wp-json\/wp\/v2\/product"}],"about":[{"href":"https:\/\/sinoextrud.com\/et\/wp-json\/wp\/v2\/types\/product"}],"wp:featuredmedia":[{"embeddable":true,"href":"https:\/\/sinoextrud.com\/et\/wp-json\/wp\/v2\/media\/5892"}],"wp:attachment":[{"href":"https:\/\/sinoextrud.com\/et\/wp-json\/wp\/v2\/media?parent=5893"}],"wp:term":[{"taxonomy":"category","embeddable":true,"href":"https:\/\/sinoextrud.com\/et\/wp-json\/wp\/v2\/categories?post=5893"}],"curies":[{"name":"wp","href":"https:\/\/api.w.org\/{rel}","templated":true}]}}