{"id":5610,"date":"2025-05-15T14:55:56","date_gmt":"2025-05-15T14:55:56","guid":{"rendered":"https:\/\/sinoextrud.com\/?post_type=product&#038;p=5610"},"modified":"2025-06-24T03:52:35","modified_gmt":"2025-06-24T03:52:35","slug":"alumiinium-ekstrusioon-kova-anodeerimine-alumiinium-profiilid","status":"publish","type":"product","link":"https:\/\/sinoextrud.com\/et\/product\/aluminum-extrusion-hard-anodizing-aluminum-profiles\/","title":{"rendered":"Alumiiniumi ekstrusioon k\u00f5va anodeerimine alumiinium profiilid"},"content":{"rendered":"<h2>Toodete \u00fcksikasjad<\/h2>\n<table class=\"custom-table\">\n<tr>\n<td class=\"label\">Toote nimi<\/td>\n<td>Alumiiniumi ekstrusioon k\u00f5va anodeerimine alumiinium profiilid<\/td>\n<\/tr>\n<tr>\n<td class=\"label\">Tootevalik<\/td>\n<td>alumiiniumprofiilid alumiiniumi k\u00f5va anodeerimiseks, anodeeritud alumiinium, alumiiniumi pinnakarastamine, alumiiniumoksiidkate, k\u00f5rgtugev alumiinium jne.<\/td>\n<\/tr>\n<tr>\n<td class=\"label\">Sobivad s\u00fcsteemid T\u00fc\u00fcbid<\/td>\n<td>vastupidavad katted alumiiniumprofiilid, alumiinium viimistlus, alumiiniumi korrosioonikindlus jne.<\/td>\n<\/tr>\n<tr>\n<td class=\"label\">Taotlus<\/td>\n<td>ehitus, lennundus, autot\u00f6\u00f6stus, elektroonika jne.<\/td>\n<\/tr>\n<tr>\n<td class=\"label\">Pinnat\u00f6\u00f6tlus<\/td>\n<td>freesitud, anodeeritud, puidumass, elektripinnakate, liivapritsimine, elektroforees, harjatud, poleerimine jne.<\/td>\n<\/tr>\n<tr>\n<td class=\"label\">CNC s\u00fcgavt\u00f6\u00f6tlemine<\/td>\n<td>l\u00f5ikamine, puurimine, mehaaniline t\u00f6\u00f6tlemine, stantsimine, painutamine, koputades jne.<\/td>\n<\/tr>\n<tr>\n<td class=\"label\">Sertifikaadid<\/td>\n<td>CE, ISO, SGS, TUV, ROHS<\/td>\n<\/tr>\n<tr>\n<td class=\"label\">Proovid<\/td>\n<td>tasuta proov. 1-3 p\u00e4eva jooksul toimetatakse teile.<\/td>\n<\/tr>\n<tr>\n<td class=\"label\">MOQ<\/td>\n<td>200 kg iga profiili kohta<\/td>\n<\/tr>\n<tr>\n<td class=\"label\">Tarneaeg<\/td>\n<td>Vormi v\u00e4ljat\u00f6\u00f6tamine ja n\u00e4idise konformatsioon on 12-15 p\u00e4eva, seej\u00e4rel tootmisperiood on 15-25 p\u00e4eva p\u00e4rast ostjalt tagatisraha saamist.<\/td>\n<\/tr>\n<tr>\n<td class=\"label\">Maksetingimused<\/td>\n<td>30% tagatisraha enne tootmist ja saldo enne saatmist.<\/td>\n<\/tr>\n<\/table>\n<h2>Meie tootmisbaas<\/h2>\n<h3>Tehase panoraam<\/h3>\n<p><img decoding=\"async\" src=\"\/wp-content\/uploads\/factory-01.webp\"\/><\/p>\n<h3>Alumiiniumvarraste tootmise t\u00f6\u00f6koda<\/h3>\n<p><img decoding=\"async\" src=\"\/wp-content\/uploads\/factory-02.webp\"\/><\/p>\n<\/p>\n<p><img decoding=\"async\" src=\"\/wp-content\/uploads\/factory-03.webp\"\/><\/p>\n<h3>hallituse ladustamise ladu<\/h3>\n<p><img decoding=\"async\" src=\"\/wp-content\/uploads\/factory-04.webp\"\/><\/p>\n<h3>43 alumiiniumi ekstrusiooniliini (500-5500 tonni)<\/h3>\n<p><img decoding=\"async\" src=\"\/wp-content\/uploads\/factory-05.webp\"\/><\/p>\n<p><img decoding=\"async\" src=\"\/wp-content\/uploads\/factory-06.webp\"\/><\/p>\n<p><img decoding=\"async\" src=\"\/wp-content\/uploads\/factory-07.webp\"\/><\/p>\n<h3>Pulberv\u00e4rvimise t\u00f6\u00f6koda<\/h3>\n<p><img decoding=\"async\" src=\"\/wp-content\/uploads\/factory-09.webp\"\/><\/p>\n<h3>Anodiseerimise t\u00f6\u00f6koda<\/h3>\n<p><img decoding=\"async\" src=\"\/wp-content\/uploads\/factory-10.webp\"\/><\/p>\n<h3>S\u00fcgavt\u00f6\u00f6tlemise t\u00f6\u00f6tuba<\/h3>\n<p><img decoding=\"async\" src=\"\/wp-content\/uploads\/factory-11.webp\"\/><\/p>\n<h3>CNC-t\u00e4ppist\u00f6\u00f6tlemise t\u00f6\u00f6koda<\/h3>\n<p><img decoding=\"async\" src=\"\/wp-content\/uploads\/factory-11.5.webp\"\/><\/p>\n<h3>Valmistoodete ja ekspordi ladu<\/h3>\n<p><img decoding=\"async\" src=\"\/wp-content\/uploads\/factory-12.webp\"\/><\/p>\n<p><img decoding=\"async\" src=\"\/wp-content\/uploads\/factory-13.webp\"\/><\/p>\n<p><img decoding=\"async\" src=\"\/wp-content\/uploads\/factory-14.webp\"\/><\/p>\n<h2>KKK<\/h2>\n<p><b>1.Mis on alumiiniumist ekstrusiooni k\u00f5va anodeerimine alumiiniumprofiil?<\/b><\/p>\n<p>Alumiiniumist ekstrusiooni k\u00f5va anodeerimine Alumiiniumprofiil on k\u00f5rge tugevusega alumiiniumkomponent, mida on t\u00f6\u00f6deldud k\u00f5va anodeerimisprotsessiga, et suurendada pinna vastupidavust, korrosioonikindlust ja kulumiskindlust.\n<\/p>\n<p><\/p>\n<p><b>2.Millised on alumiiniumprofiilide k\u00f5va anodeerimise eelised?<\/b><\/p>\n<p>K\u00f5va anodeerimine tagab paksu, kulumiskindla oksiidikihi, mis parandab alumiiniumprofiilide korrosioonikindlust, k\u00f5vadust ja kasutusiga.\n<\/p>\n<p><\/p>\n<p><b>3.Miks valida alumiiniumi ekstrusioon k\u00f5va anodeeritud profiilide jaoks?<\/b><\/p>\n<p>Alumiiniumi ekstrusioon v\u00f5imaldab valmistada keerukaid, kergeid ja suure t\u00e4psusega profiile, mis k\u00f5va anodeeritud kujul sobivad ideaalselt n\u00f5udlike t\u00f6\u00f6stus- ja konstruktsioonirakenduste jaoks.\n<\/p>\n<p><\/p>\n<p><b>4.Kuidas erineb k\u00f5va anodeerimine tavalisest anodeerimisest?<\/b><\/p>\n<p>K\u00f5va anodeerimine tekitab paksema ja k\u00f5vema oksiidikihi kui tavaline anodeerimine, pakkudes paremat kaitset kulumise, korrosiooni ja mehaaniliste kahjustuste vastu.\n<\/p>\n<p><\/p>\n<p><b>5.Millised t\u00f6\u00f6stusharud kasutavad k\u00f5va anodeerimine alumiiniumi ekstrusiooniprofiile?<\/b><\/p>\n<p>Sellised t\u00f6\u00f6stusharud nagu lennundus, autot\u00f6\u00f6stus, masinad ja laevandus kasutavad tavaliselt k\u00f5va anodeeritud alumiiniumprofiile nende suurema tugevuse ja vastupidavuse t\u00f5ttu.\n<\/p>\n<p><\/p>\n<p><b>6.Kas k\u00f5va anodeeritud alumiinium on korrosioonikindel?<\/b><\/p>\n<p>Jah, k\u00f5va anodeeritud alumiinium pakub suurep\u00e4rast korrosioonikindlust, eriti karmides tingimustes, mist\u00f5ttu sobib see kasutamiseks v\u00e4litingimustes ja merel.\n<\/p>\n<p><\/p>\n<p><b>7.Kas k\u00f5va anodeeritud alumiiniumprofiile saab kasutada suure kulumisega rakendustes?<\/b><\/p>\n<p>Jah, k\u00f5va anodeeritud pind on v\u00e4ga vastupidav kulumisele, mist\u00f5ttu sobib see ideaalselt libisevate komponentide, masinaosade ja konstruktsiooniraamide jaoks.\n<\/p>\n<p><\/p>\n<p><b>8.Kas k\u00f5va anodeerimine muudab alumiiniumprofiili v\u00e4rvi?<\/b><\/p>\n<p>Jah, k\u00f5va anodeerimine annab tavaliselt tumehalli v\u00f5i pronksise viimistluse, mis v\u00f5ib s\u00f5ltuvalt sulamist ja protsessi parameetritest erineda.\n<\/p>\n<p><\/p>\n<p><b>9.Kas k\u00f5va anodeeritud alumiiniumprofiilid on elektriliselt isoleerivad?<\/b><\/p>\n<p>Jah, k\u00f5va anodeerimise k\u00e4igus moodustuv oksiidikiht on mittejuhtiv, pakkudes teatud rakendustes elektriisolatsiooni.\n<\/p>\n<p><\/p>\n<p><b>10.Kas k\u00f5va anodeeritud alumiinium on keskkonnas\u00f5bralik?<\/b><\/p>\n<p>Jah, alumiinium on taaskasutatav ja k\u00f5va anodeerimine annab mittetoksilise, vastupidava viimistluse, mis v\u00e4hendab hooldust ja pikendab toote kasutusiga.\n<\/p>\n<p><\/p>","protected":false},"featured_media":5609,"template":"","categories":[55],"class_list":["post-5610","product","type-product","status-publish","has-post-thumbnail","hentry","category-extruded-aluminum-profiles"],"meta_box":{"hilight_text_group":{"product_hilight_text":"Sinoextrud aluminum extrusion hard anodizing aluminum profiles are available in a variety of shapes and sizes, giving you the flexibility to choose the right option for your unique application. From flat bar and angle to channel and tubing, there is a profile that is perfect for your needs.","product_chanpin_chanpin":"<li><a href=\"https:\/\/sinoextrud.com\/product\/aluminum-extrusion-6061-6063-aluminum-profile-for-lamppost\/\" target=\"_blank\">Aluminum Extrusion 6061 6063 Aluminum Profile For Lamppost<\/a><\/li>\r\n<li><a href=\"https:\/\/sinoextrud.com\/product\/6061-6063-6082-street-lamp-column-aluminum-profile\/\" target=\"_blank\">6061 6063 6082 Street Lamp Column Aluminum Profile<\/a><\/li>\r\n<li><a href=\"https:\/\/sinoextrud.com\/product\/aluminum-extrusion-linear-led-lighting-aluminum-profile\/\" target=\"_blank\">Aluminum Extrusion Linear LED Lighting Aluminum Profile<\/a><\/li>\r\n<li><a href=\"https:\/\/sinoextrud.com\/product\/aluminum-extrusion-electroplated-shower-room-aluminum-profile\/\" target=\"_blank\">Aluminum Extrusion Electroplated Shower Room Aluminum Profile<\/a><\/li>\r\n<li><a href=\"https:\/\/sinoextrud.com\/product\/aluminum-extrusion-hard-anodizing-aluminum-profiles\/\" target=\"_blank\">Aluminum Extrusion Hard Anodizing Aluminum Profiles<\/a><\/li>\r\n<li><a href=\"https:\/\/sinoextrud.com\/product\/aluminium-extrud-6061-6082-7075-aluminum-alloy-profiles\/\" target=\"_blank\">Aluminum Extrusion 2024 7001 7003 Aluminum Profile<\/a><\/li>\r\n<li><a href=\"https:\/\/sinoextrud.com\/product\/aluminum-extrusion-6101b-conductive-rail-aluminum-profile\/\" target=\"_blank\">Aluminum Extrusion 6101B Conductive Rail Aluminum Profile<\/a><\/li>\r\n<li><a href=\"https:\/\/sinoextrud.com\/product\/aluminum-extrusion-aluminum-rolling-shutters-profile\/\" target=\"_blank\">Aluminum Extrusion Aluminum Rolling Shutters Profile<\/a><\/li>\r\n<li><a href=\"https:\/\/sinoextrud.com\/product\/aluminum-extrusion-7003-7005-7020\/\" target=\"_blank\">Aluminum Extrusion 7003 7005 7020 High Hardness Anodized Aluminum Profile<\/a><\/li>\r\n<li><a href=\"https:\/\/sinoextrud.com\/product\/aluminium-sliding-casement-window-profile\/\" target=\"_blank\">Aluminium Sliding Casement Window Profile<\/a><\/li>\r\n<li><a href=\"https:\/\/sinoextrud.com\/product\/manufacturer-price-of-customized-oem-matt-anodized-aluminium-profile-for-hospital-pharmaceutical-clean-room\/\" target=\"_blank\">Manufacturer Price Of Customized OEM Matt Anodized Aluminium Profile For Hospital Pharmaceutical Clean Room<\/a><\/li>"},"feature_list":[]},"_links":{"self":[{"href":"https:\/\/sinoextrud.com\/et\/wp-json\/wp\/v2\/product\/5610","targetHints":{"allow":["GET"]}}],"collection":[{"href":"https:\/\/sinoextrud.com\/et\/wp-json\/wp\/v2\/product"}],"about":[{"href":"https:\/\/sinoextrud.com\/et\/wp-json\/wp\/v2\/types\/product"}],"wp:featuredmedia":[{"embeddable":true,"href":"https:\/\/sinoextrud.com\/et\/wp-json\/wp\/v2\/media\/5609"}],"wp:attachment":[{"href":"https:\/\/sinoextrud.com\/et\/wp-json\/wp\/v2\/media?parent=5610"}],"wp:term":[{"taxonomy":"category","embeddable":true,"href":"https:\/\/sinoextrud.com\/et\/wp-json\/wp\/v2\/categories?post=5610"}],"curies":[{"name":"wp","href":"https:\/\/api.w.org\/{rel}","templated":true}]}}