{"id":5604,"date":"2025-05-15T13:57:47","date_gmt":"2025-05-15T13:57:47","guid":{"rendered":"https:\/\/sinoextrud.com\/?post_type=product&#038;p=5604"},"modified":"2025-06-24T03:52:31","modified_gmt":"2025-06-24T03:52:31","slug":"alumiinium-ekstrusioon-lineaarne-led-valgustus-alumiiniumprofiil","status":"publish","type":"product","link":"https:\/\/sinoextrud.com\/et\/product\/aluminum-extrusion-linear-led-lighting-aluminum-profile\/","title":{"rendered":"Alumiinium ekstrusioon Lineaarne LED valgustus alumiiniumprofiil"},"content":{"rendered":"<h2>Toodete \u00fcksikasjad<\/h2>\n<table class=\"custom-table\">\n<tr>\n<td class=\"label\">Artikli nimi:<\/td>\n<td>Alumiinium ekstrusioon Lineaarne LED valgustus alumiiniumprofiil<\/td>\n<\/tr>\n<tr>\n<td class=\"label\">Sulam v\u00f5i mitte:<\/td>\n<td>Kas sulam on sulam<\/td>\n<\/tr>\n<tr>\n<td class=\"label\">Tootevalik:<\/td>\n<td>Alumiinium ekstrusioon t\u00f6\u00f6stusliku lineaarse valgustuse alumiinium, veekindel LED lineaarne valgus alumiinium, LED neoon pesa alumiiniumprofiil jne<\/td>\n<\/tr>\n<tr>\n<td class=\"label\">Tootmistehnoloogia:<\/td>\n<td>A: saagimine p\u00e4rast pika detaili v\u00e4rvimist; B: l\u00fchikeste detailide saagimine v\u00f5i v\u00e4rvimine p\u00e4rast mehaanilist t\u00f6\u00f6tlemist.<\/td>\n<\/tr>\n<tr>\n<td class=\"label\">Standard:<\/td>\n<td>Keskmine ja k\u00f5rge kvaliteet<\/td>\n<\/tr>\n<tr>\n<td class=\"label\">MOQ:<\/td>\n<td>200KGS iga eseme ja iga v\u00e4rvi kohta<\/td>\n<\/tr>\n<tr>\n<td class=\"label\">Tarneaeg:<\/td>\n<td>15-21 p\u00e4eva p\u00e4rast tagatisraha saamist<\/td>\n<\/tr>\n<tr>\n<td class=\"label\">Pakendi \u00fcksikasjad:<\/td>\n<td>Sees: pakitud kaitsev kile iga arvuti kaitsmiseks. V\u00e4ljaspool: pakitud veekindla k\u00e4sit\u00f6\u00f6paberiga pinnale.<\/td>\n<\/tr>\n<tr>\n<td class=\"label\">Tarne v\u00f5ime:<\/td>\n<td>5000 tonni\/tonni kuus t\u00f6\u00f6stuslik alumiiniumprofiil<\/td>\n<\/tr>\n<tr>\n<td class=\"label\">Hinne:<\/td>\n<td>6063-T5<\/td>\n<\/tr>\n<tr>\n<td class=\"label\">Kuju:<\/td>\n<td>U-kujuline v\u00f5i kohandatud<\/td>\n<\/tr>\n<tr>\n<td class=\"label\">Taotlus:<\/td>\n<td>Kaubanduskeskused, hotellid, b\u00fcroohooned, tehased (avalik valgustuspesa alumiinium)<\/td>\n<\/tr>\n<tr>\n<td class=\"label\">Paigaldage:<\/td>\n<td>T\u00f5stmine\/katusekate\/paigaldamine\/seinale riputamine<\/td>\n<\/tr>\n<tr>\n<td class=\"label\">Garantii:<\/td>\n<td>kliendi sertifikaat, nagu BV, Soncap, ISO<\/td>\n<\/tr>\n<tr>\n<td class=\"label\">Ekspordi pikkus:<\/td>\n<td>5.8m 20ft puhul, 5.9m \/6.0m 40'GP puhul.<\/td>\n<\/tr>\n<\/table>\n<h2>Meie tootmisbaas<\/h2>\n<h3>Tehase panoraam<\/h3>\n<p><img decoding=\"async\" src=\"\/wp-content\/uploads\/factory-01.webp\"\/><\/p>\n<h3>Alumiiniumvarraste tootmise t\u00f6\u00f6koda<\/h3>\n<p><img decoding=\"async\" src=\"\/wp-content\/uploads\/factory-02.webp\"\/><\/p>\n<\/p>\n<p><img decoding=\"async\" src=\"\/wp-content\/uploads\/factory-03.webp\"\/><\/p>\n<h3>hallituse ladustamise ladu<\/h3>\n<p><img decoding=\"async\" src=\"\/wp-content\/uploads\/factory-04.webp\"\/><\/p>\n<h3>43 alumiiniumi ekstrusiooniliini (500-5500 tonni)<\/h3>\n<p><img decoding=\"async\" src=\"\/wp-content\/uploads\/factory-05.webp\"\/><\/p>\n<p><img decoding=\"async\" src=\"\/wp-content\/uploads\/factory-06.webp\"\/><\/p>\n<p><img decoding=\"async\" src=\"\/wp-content\/uploads\/factory-07.webp\"\/><\/p>\n<h3>Pulberv\u00e4rvimise t\u00f6\u00f6koda<\/h3>\n<p><img decoding=\"async\" src=\"\/wp-content\/uploads\/factory-09.webp\"\/><\/p>\n<h3>Anodiseerimise t\u00f6\u00f6koda<\/h3>\n<p><img decoding=\"async\" src=\"\/wp-content\/uploads\/factory-10.webp\"\/><\/p>\n<h3>S\u00fcgavt\u00f6\u00f6tlemise t\u00f6\u00f6tuba<\/h3>\n<p><img decoding=\"async\" src=\"\/wp-content\/uploads\/factory-11.webp\"\/><\/p>\n<h3>CNC-t\u00e4ppist\u00f6\u00f6tlemise t\u00f6\u00f6koda<\/h3>\n<p><img decoding=\"async\" src=\"\/wp-content\/uploads\/factory-11.5.webp\"\/><\/p>\n<h3>Valmistoodete ja ekspordi ladu<\/h3>\n<p><img decoding=\"async\" src=\"\/wp-content\/uploads\/factory-12.webp\"\/><\/p>\n<p><img decoding=\"async\" src=\"\/wp-content\/uploads\/factory-13.webp\"\/><\/p>\n<p><img decoding=\"async\" src=\"\/wp-content\/uploads\/factory-14.webp\"\/><\/p>\n<h2>KKK<\/h2>\n<p><b>1.Mis on alumiiniumist ekstrusiooni lineaarne LED-valgustus alumiiniumprofiil?<\/b><\/p>\n<p>Alumiiniumist ekstrusioonist lineaarne LED-valgustuse alumiiniumprofiil on spetsiaalselt projekteeritud alumiiniumist korpus, mida kasutatakse LED-ribavalgustite paigaldamiseks ja kaitsmiseks lineaarse valgustuse rakendustes.\n<\/p>\n<p><\/p>\n<p><b>2.Millised on alumiiniumprofiilide kasutamise peamised eelised lineaarse LED-valgustuse jaoks?<\/b><\/p>\n<p>Alumiiniumprofiilid pakuvad suurep\u00e4rast soojuse hajutamist, elegantset disaini ja kaitset LED-ribadele, pikendades nende kasutusiga ja parandades valgustuse tulemuslikkust.\n<\/p>\n<p><\/p>\n<p><b>3.Miks valida alumiiniumist ekstrusioon LED-valgustuse profiilide jaoks?<\/b><\/p>\n<p>Alumiiniumprofiil v\u00f5imaldab t\u00e4pset, kohandatavat kuju ja suurt vastupidavust, mist\u00f5ttu on see ideaalne kaasaegsete ja t\u00f5husate lineaarsete LED-valguslahenduste jaoks.\n<\/p>\n<p><\/p>\n<p><b>4.Kuidas parandab alumiiniumi ekstrusioon LED-valguse soojusjuhtimist?<\/b><\/p>\n<p>Alumiiniumil on k\u00f5rge soojusjuhtivus ja pressitud profiili disain aitab hajutada LED-ribade soojust, v\u00e4ltides \u00fclekuumenemist ja tagades \u00fchtlase j\u00f5udluse.\n<\/p>\n<p><\/p>\n<p><b>5.Kas alumiiniumist LED-valgustusprofiilid sobivad nii elamu- kui ka \u00e4rikasutuseks?<\/b><\/p>\n<p>Jah, lineaarsed LED-alumiiniumprofiilid on mitmek\u00fclgsed ja neid kasutatakse laialdaselt kodudes, kontorites, jaem\u00fc\u00fcgiruumides ja arhitektuurilistes valgustusprojektides.\n<\/p>\n<p><\/p>\n<p><b>6.Kas lineaarseid LED-alumiiniumprofiile saab paigaldada pinnale v\u00f5i s\u00fcvistatud?<\/b><\/p>\n<p>Jah, lineaarse LED-valgustuse alumiiniumprofiilid on saadaval eri t\u00fc\u00fcpi, sealhulgas pinnale paigaldatavad, s\u00fcvistatavad ja rippvalgustid, mis v\u00f5imaldavad paindlikku paigaldust.\n<\/p>\n<p><\/p>\n<p><b>7.Kas alumiiniumist LED-profiilid parandavad valguse hajutamist ja esteetikat?<\/b><\/p>\n<p>Jah, sageli sisaldavad need hajutid, mis pehmendavad ja jaotavad valgust \u00fchtlaselt, andes samal ajal valgustuspaigaldistele puhta ja kaasaegse v\u00e4limuse.\n<\/p>\n<p><\/p>\n<p><b>8.Kas alumiiniumist ekstrusioonist LED-valgustusprofiile on lihtne paigaldada?<\/b><\/p>\n<p>Jah, need profiilid on m\u00f5eldud lihtsaks paigaldamiseks klambrite, klambrite ja otsakute abil, mis v\u00e4hendab t\u00f6\u00f6- ja paigaldusaega.\n<\/p>\n<p><\/p>\n<p><b>9.Milliseid materjale kasutatakse LED-valgustuse alumiiniumprofiilides lisaks alumiiniumile?<\/b><\/p>\n<p>Lisaks alumiiniumist korpusele sisaldavad profiilid tavaliselt ka pol\u00fckarbonaat- v\u00f5i PMMA-difuusoreid, et tagada optimaalne valgusvoog ja kaitse.\n<\/p>\n<p><\/p>\n<p><b>10.Kas alumiiniumist LED-profiil on keskkonnas\u00f5bralik?<\/b><\/p>\n<p>Jah, alumiinium on t\u00e4ielikult taaskasutatav, energiat\u00f5husa tootmisega ja aitab kaasa s\u00e4\u00e4stvatele, v\u00e4he hooldust n\u00f5udvatele LED-valgustuss\u00fcsteemidele.\n<\/p>\n<p><\/p>","protected":false},"featured_media":5606,"template":"","categories":[55],"class_list":["post-5604","product","type-product","status-publish","has-post-thumbnail","hentry","category-extruded-aluminum-profiles"],"meta_box":{"hilight_text_group":{"product_hilight_text":"aluminum extrusion linear LED lighting aluminum profile is the perfect solution for anyone looking for a high-quality lighting solution that is reliable and easy to install. This profile is designed specifically for use with LED lights and is perfect for various applications, including industrial, commercial, and residential lighting.","product_chanpin_chanpin":"<li><a href=\"https:\/\/sinoextrud.com\/product\/linear-sliding-modules-aluminum-profiles\/\" target=\"_blank\">Linear Sliding Modules Aluminum Profiles<\/a><\/li>\r\n<li><a href=\"https:\/\/sinoextrud.com\/product\/aluminum-extrusion-1060-aluminum-profile\/\" target=\"_blank\">Aluminum Extrusion 1060 Aluminum Profile<\/a><\/li>\r\n<li><a href=\"https:\/\/sinoextrud.com\/product\/aluminum-extrusion-6061-6063-aluminum-profile-for-lamppost\/\" target=\"_blank\">Aluminum Extrusion 6061 6063 Aluminum Profile For Lamppost<\/a><\/li>\r\n<li><a href=\"https:\/\/sinoextrud.com\/product\/6061-6063-6082-street-lamp-column-aluminum-profile\/\" target=\"_blank\">6061 6063 6082 Street Lamp Column Aluminum Profile<\/a><\/li>\r\n<li><a href=\"https:\/\/sinoextrud.com\/product\/aluminum-extrusion-linear-led-lighting-aluminum-profile\/\" target=\"_blank\">Aluminum Extrusion Linear LED Lighting Aluminum Profile<\/a><\/li>\r\n<li><a href=\"https:\/\/sinoextrud.com\/product\/aluminum-extrusion-electroplated-shower-room-aluminum-profile\/\" target=\"_blank\">Aluminum Extrusion Electroplated Shower Room Aluminum Profile<\/a><\/li>\r\n<li><a href=\"https:\/\/sinoextrud.com\/product\/aluminum-extrusion-hard-anodizing-aluminum-profiles\/\" target=\"_blank\">Aluminum Extrusion Hard Anodizing Aluminum Profiles<\/a><\/li>\r\n<li><a href=\"https:\/\/sinoextrud.com\/product\/aluminium-extrud-6061-6082-7075-aluminum-alloy-profiles\/\" target=\"_blank\">Aluminum Extrusion 2024 7001 7003 Aluminum Profile<\/a><\/li>\r\n<li><a href=\"https:\/\/sinoextrud.com\/product\/aluminum-extrusion-6101b-conductive-rail-aluminum-profile\/\" target=\"_blank\">Aluminum Extrusion 6101B Conductive Rail Aluminum Profile<\/a><\/li>\r\n<li><a href=\"https:\/\/sinoextrud.com\/product\/solar-aluminium-profiles\/\" target=\"_blank\">Solar Aluminium Profiles<\/a><\/li>\r\n<li><a href=\"https:\/\/sinoextrud.com\/product\/aluminum-extruded-enclosure-for-power-supply\/\" target=\"_blank\">Aluminum Extruded Enclosure For Power Supply<\/a><\/li>"},"feature_list":[]},"_links":{"self":[{"href":"https:\/\/sinoextrud.com\/et\/wp-json\/wp\/v2\/product\/5604","targetHints":{"allow":["GET"]}}],"collection":[{"href":"https:\/\/sinoextrud.com\/et\/wp-json\/wp\/v2\/product"}],"about":[{"href":"https:\/\/sinoextrud.com\/et\/wp-json\/wp\/v2\/types\/product"}],"wp:featuredmedia":[{"embeddable":true,"href":"https:\/\/sinoextrud.com\/et\/wp-json\/wp\/v2\/media\/5606"}],"wp:attachment":[{"href":"https:\/\/sinoextrud.com\/et\/wp-json\/wp\/v2\/media?parent=5604"}],"wp:term":[{"taxonomy":"category","embeddable":true,"href":"https:\/\/sinoextrud.com\/et\/wp-json\/wp\/v2\/categories?post=5604"}],"curies":[{"name":"wp","href":"https:\/\/api.w.org\/{rel}","templated":true}]}}