{"id":5600,"date":"2025-05-15T13:39:40","date_gmt":"2025-05-15T13:39:40","guid":{"rendered":"https:\/\/sinoextrud.com\/?post_type=product&#038;p=5600"},"modified":"2025-06-24T03:52:27","modified_gmt":"2025-06-24T03:52:27","slug":"alumiinium-ekstrusioon-6061-6063-alumiiniumprofiil-laternaposti-jaoks","status":"publish","type":"product","link":"https:\/\/sinoextrud.com\/et\/product\/aluminum-extrusion-6061-6063-aluminum-profile-for-lamppost\/","title":{"rendered":"Alumiinium ekstrusioon 6061 6063 Alumiinium profiil Lamppost jaoks"},"content":{"rendered":"<h2>Toodete \u00fcksikasjad<\/h2>\n<table class=\"custom-table\">\n<tr>\n<td class=\"label\">Toote nimi<\/td>\n<td>alumiinium ekstrusioon 6061 6063 alumiiniumprofiil laternaposti jaoks<\/td>\n<\/tr>\n<tr>\n<td class=\"label\">Tootevalik<\/td>\n<td>6061 alumiiniumprofiil, 6063 alumiiniumprofiil, 6061 alumiiniumprofiil, 6063 alumiiniumprofiil, 6063 alumiiniumprofiil<\/td>\n<\/tr>\n<tr>\n<td class=\"label\">Sobivad s\u00fcsteemid T\u00fc\u00fcbid<\/td>\n<td>alumiiniumprofiilid, pressitud alumiiniumtorud, CNC alumiiniumtorud<\/td>\n<\/tr>\n<tr>\n<td class=\"label\">Taotlus<\/td>\n<td>Lamp Post<\/td>\n<\/tr>\n<tr>\n<td class=\"label\">Pinnat\u00f6\u00f6tlus<\/td>\n<td>freesitud, anodeeritud, puidumass, elektripinnakate, liivapritsimine, elektroforees, harjatud, poleerimine jne.<\/td>\n<\/tr>\n<tr>\n<td class=\"label\">CNC s\u00fcgavt\u00f6\u00f6tlemine<\/td>\n<td>l\u00f5ikamine, puurimine, mehaaniline t\u00f6\u00f6tlemine, stantsimine, painutamine, koputades jne.<\/td>\n<\/tr>\n<tr>\n<td class=\"label\">Sertifikaadid<\/td>\n<td>CE, ISO, SGS, TUV, ROHS<\/td>\n<\/tr>\n<tr>\n<td class=\"label\">Proovid<\/td>\n<td>tasuta proov. 1-3 p\u00e4eva jooksul toimetatakse teile.<\/td>\n<\/tr>\n<tr>\n<td class=\"label\">MOQ<\/td>\n<td>200 kg iga profiili kohta<\/td>\n<\/tr>\n<tr>\n<td class=\"label\">Tarneaeg<\/td>\n<td>Vormi v\u00e4ljat\u00f6\u00f6tamine ja n\u00e4idise konformatsioon on 12-15 p\u00e4eva, seej\u00e4rel tootmisperiood on 15-25 p\u00e4eva p\u00e4rast ostjalt tagatisraha saamist.<\/td>\n<\/tr>\n<tr>\n<td class=\"label\">Maksetingimused<\/td>\n<td>30% tagatisraha enne tootmist ja saldo enne saatmist.<\/td>\n<\/tr>\n<\/table>\n<h2>Meie tootmisbaas<\/h2>\n<h3>Tehase panoraam<\/h3>\n<p><img decoding=\"async\" src=\"\/wp-content\/uploads\/factory-01.webp\"\/><\/p>\n<h3>Alumiiniumvarraste tootmise t\u00f6\u00f6koda<\/h3>\n<p><img decoding=\"async\" src=\"\/wp-content\/uploads\/factory-02.webp\"\/><\/p>\n<\/p>\n<p><img decoding=\"async\" src=\"\/wp-content\/uploads\/factory-03.webp\"\/><\/p>\n<h3>hallituse ladustamise ladu<\/h3>\n<p><img decoding=\"async\" src=\"\/wp-content\/uploads\/factory-04.webp\"\/><\/p>\n<h3>43 alumiiniumi ekstrusiooniliini (500-5500 tonni)<\/h3>\n<p><img decoding=\"async\" src=\"\/wp-content\/uploads\/factory-05.webp\"\/><\/p>\n<p><img decoding=\"async\" src=\"\/wp-content\/uploads\/factory-06.webp\"\/><\/p>\n<p><img decoding=\"async\" src=\"\/wp-content\/uploads\/factory-07.webp\"\/><\/p>\n<h3>Pulberv\u00e4rvimise t\u00f6\u00f6koda<\/h3>\n<p><img decoding=\"async\" src=\"\/wp-content\/uploads\/factory-09.webp\"\/><\/p>\n<h3>Anodiseerimise t\u00f6\u00f6koda<\/h3>\n<p><img decoding=\"async\" src=\"\/wp-content\/uploads\/factory-10.webp\"\/><\/p>\n<h3>S\u00fcgavt\u00f6\u00f6tlemise t\u00f6\u00f6tuba<\/h3>\n<p><img decoding=\"async\" src=\"\/wp-content\/uploads\/factory-11.webp\"\/><\/p>\n<h3>CNC-t\u00e4ppist\u00f6\u00f6tlemise t\u00f6\u00f6koda<\/h3>\n<p><img decoding=\"async\" src=\"\/wp-content\/uploads\/factory-11.5.webp\"\/><\/p>\n<h3>Valmistoodete ja ekspordi ladu<\/h3>\n<p><img decoding=\"async\" src=\"\/wp-content\/uploads\/factory-12.webp\"\/><\/p>\n<p><img decoding=\"async\" src=\"\/wp-content\/uploads\/factory-13.webp\"\/><\/p>\n<p><img decoding=\"async\" src=\"\/wp-content\/uploads\/factory-14.webp\"\/><\/p>\n<h2>KKK<\/h2>\n<p><b>1.Mis on alumiinium ekstrusioon 6061 6063 Alumiinium profiil Lamppost?<\/b><\/p>\n<p>Alumiiniumi ekstrusioon 6061 6063 Alumiiniumprofiil laternaposti jaoks viitab 6061 v\u00f5i 6063 sulamitest valmistatud struktuursetele alumiiniumkomponentidele, mis on m\u00f5eldud spetsiaalselt t\u00e4navavalgustuse v\u00f5i laternaposti ehitamiseks.\n<\/p>\n<p><\/p>\n<p><b>2.Millised on 6061 alumiiniumi kasutamise eelised laternapostide jaoks?<\/b><\/p>\n<p>Alumiinium 6061 pakub suurt tugevust, korrosioonikindlust ja suurep\u00e4rast keevitatavust, mist\u00f5ttu sobib see ideaalselt vastupidavaks ja ilmastikukindlaks laternapostiks.\n<\/p>\n<p><\/p>\n<p><b>3.Miks valida 6063 alumiiniumprofiilid laternakonstruktsioonide jaoks?<\/b><\/p>\n<p>Alumiinium 6063 on tuntud oma suurep\u00e4rase pinnaviimistluse, korrosioonikindluse ja hea ekstrudeeritavuse poolest, mis sobib ideaalselt esteetiliselt atraktiivsete ja kergete laternapostide valmistamiseks.\n<\/p>\n<p><\/p>\n<p><b>4.Kuidas erinevad 6061 ja 6063 alumiiniumprofiilid laternapostide kasutamisel?<\/b><\/p>\n<p>Alumiinium 6061 on tugevam ja seda kasutatakse konstruktsiooni tugevuse tagamiseks, samas kui 6063 annab parema pinnakvaliteedi ja seda eelistatakse dekoratiivsete v\u00f5i kergete konstruktsioonide puhul.\n<\/p>\n<p><\/p>\n<p><b>5.Kas alumiinium ekstrusioon 6061 6063 profiilid sobivad v\u00e4litingimustes kasutamiseks?<\/b><\/p>\n<p>Jah, nii 6061 kui ka 6063 alumiiniumprofiilid on korrosioonikindlad ja ilmastikukindlad, mist\u00f5ttu sobivad need v\u00e4ga h\u00e4sti v\u00e4litingimustes kasutamiseks.\n<\/p>\n<p><\/p>\n<p><b>6.Mis teeb alumiiniumist ekstrusiooni ideaalseks laternapostide valmistamiseks?<\/b><\/p>\n<p>Alumiiniumi ekstrusioon v\u00f5imaldab keerukaid, kergeid ja kohandatavaid konstruktsioone suure t\u00e4psusega, v\u00e4hendades materjali raiskamist ja lihtsustades paigaldamist.\n<\/p>\n<p><\/p>\n<p><b>7.Kas 6061 6063 alumiiniumist laternapostiprofiile saab anodeerida?<\/b><\/p>\n<p>Jah, nii 6061 kui ka 6063 alumiiniumprofiile saab anodeerida, et suurendada korrosioonikindlust, vastupidavust ja pinna v\u00e4ljan\u00e4gemist.\n<\/p>\n<p><\/p>\n<p><b>8.Millised on alumiiniumist laternaprofiilide keskkonnaalased eelised?<\/b><\/p>\n<p>Alumiiniumprofiilid on 100% taaskasutatavad, kerged ja energiat\u00f5husad, mist\u00f5ttu on need keskkonnas\u00f5bralik valik laternapostide jaoks.\n<\/p>\n<p><\/p>\n<p><b>9.Kui tugev on 6061 6063 alumiiniumprofiilid struktuurirakendustes?<\/b><\/p>\n<p>6061 pakub suuremat t\u00f5mbetugevust kandvate konstruktsioonide jaoks, samas kui 6063 pakub piisavat tugevust koos t\u00e4iustatud pinnaviimistlusega m\u00f5\u00f5duka koormusega laternapostide jaoks.\n<\/p>\n<p><\/p>\n<p><b>10.Kas alumiiniumprofiilidest valmistatud laternapostide paigaldamine on lihtne?<\/b><\/p>\n<p>Jah, 6061 6063 alumiiniumprofiilid on kerged ja kergesti t\u00f6\u00f6deldavad, v\u00f5imaldades kiiremat, ohutumat ja kuluefektiivsemat laternaposti paigaldamist.\n<\/p>\n<p><\/p>","protected":false},"featured_media":5599,"template":"","categories":[55],"class_list":["post-5600","product","type-product","status-publish","has-post-thumbnail","hentry","category-extruded-aluminum-profiles"],"meta_box":{"hilight_text_group":{"product_hilight_text":"Aluminum extrusion 6061 and 6063 aluminum profiles are ideal materials for lampposts due to their durability, strength, and resistance to corrosion. Both alloys are widely used in the construction industry for their versatility and affordability, making them a top choice for lighting applications.","product_chanpin_chanpin":"<li><a href=\"https:\/\/sinoextrud.com\/product\/aluminum-extrud-7003-aluminum-pipe\/\" target=\"_blank\">Aluminum Extrusion 7003 Aluminum Pipe<\/a><\/li>\r\n<li><a href=\"https:\/\/sinoextrud.com\/product\/aluminum-extrusion-2024-aluminum-profile\/\" target=\"_blank\">Aluminum Extrusion 2024 Aluminum Profile<\/a><\/li>\r\n<li><a href=\"https:\/\/sinoextrud.com\/product\/linear-sliding-modules-aluminum-profiles\/\" target=\"_blank\">Linear Sliding Modules Aluminum Profiles<\/a><\/li>\r\n<li><a href=\"https:\/\/sinoextrud.com\/product\/aluminum-extrusion-1060-aluminum-profile\/\" target=\"_blank\">Aluminum Extrusion 1060 Aluminum Profile<\/a><\/li>\r\n<li><a href=\"https:\/\/sinoextrud.com\/product\/aluminum-extrusion-6061-6063-aluminum-profile-for-lamppost\/\" target=\"_blank\">Aluminum Extrusion 6061 6063 Aluminum Profile For Lamppost<\/a><\/li>\r\n<li><a href=\"https:\/\/sinoextrud.com\/product\/6061-6063-6082-street-lamp-column-aluminum-profile\/\" target=\"_blank\">6061 6063 6082 Street Lamp Column Aluminum Profile<\/a><\/li>\r\n<li><a href=\"https:\/\/sinoextrud.com\/product\/aluminum-extrusion-linear-led-lighting-aluminum-profile\/\" target=\"_blank\">Aluminum Extrusion Linear LED Lighting Aluminum Profile<\/a><\/li>\r\n<li><a href=\"https:\/\/sinoextrud.com\/product\/aluminum-extrusion-electroplated-shower-room-aluminum-profile\/\" target=\"_blank\">Aluminum Extrusion Electroplated Shower Room Aluminum Profile<\/a><\/li>\r\n<li><a href=\"https:\/\/sinoextrud.com\/product\/aluminum-extrusion-hard-anodizing-aluminum-profiles\/\" target=\"_blank\">Aluminum Extrusion Hard Anodizing Aluminum Profiles<\/a><\/li>\r\n<li><a href=\"https:\/\/sinoextrud.com\/product\/linear-rail-aluminum-extrusion\/\" target=\"_blank\">Linear Rail Aluminum Extrusion<\/a><\/li>\r\n<li><a href=\"https:\/\/sinoextrud.com\/product\/glass-balcony-railing-aluminum-u-channel-design\/\" target=\"_blank\">Glass Balcony Railing Aluminum U Channel Design<\/a><\/li>"},"feature_list":[]},"_links":{"self":[{"href":"https:\/\/sinoextrud.com\/et\/wp-json\/wp\/v2\/product\/5600","targetHints":{"allow":["GET"]}}],"collection":[{"href":"https:\/\/sinoextrud.com\/et\/wp-json\/wp\/v2\/product"}],"about":[{"href":"https:\/\/sinoextrud.com\/et\/wp-json\/wp\/v2\/types\/product"}],"wp:featuredmedia":[{"embeddable":true,"href":"https:\/\/sinoextrud.com\/et\/wp-json\/wp\/v2\/media\/5599"}],"wp:attachment":[{"href":"https:\/\/sinoextrud.com\/et\/wp-json\/wp\/v2\/media?parent=5600"}],"wp:term":[{"taxonomy":"category","embeddable":true,"href":"https:\/\/sinoextrud.com\/et\/wp-json\/wp\/v2\/categories?post=5600"}],"curies":[{"name":"wp","href":"https:\/\/api.w.org\/{rel}","templated":true}]}}