{"id":5542,"date":"2025-05-14T16:42:41","date_gmt":"2025-05-14T16:42:41","guid":{"rendered":"https:\/\/sinoextrud.com\/?post_type=product&#038;p=5542"},"modified":"2025-06-24T03:52:20","modified_gmt":"2025-06-24T03:52:20","slug":"alumiiniumi-ekstrusioon-2024-alumiiniumprofiil","status":"publish","type":"product","link":"https:\/\/sinoextrud.com\/et\/product\/aluminum-extrusion-2024-aluminum-profile\/","title":{"rendered":"Alumiinium ekstrusioon 2024 Alumiinium profiil"},"content":{"rendered":"<h2>Toodete \u00fcksikasjad<\/h2>\n<table class=\"custom-table\">\n<tr>\n<td class=\"label\">Punkti<\/td>\n<td>Alumiinium ekstrusioon 2024 Alumiinium profiil<\/td>\n<\/tr>\n<tr>\n<td class=\"label\">Temper<\/td>\n<td>T3-T8<\/td>\n<\/tr>\n<tr>\n<td class=\"label\">Protsessi kulgemine<\/td>\n<td>Vormide arendamine - Alumiinium toorikute kuumutamine - vormimine tooralumiiniumiga - eloksoreeritud pulberv\u00e4rvitud pulberv\u00e4rviga<\/td>\n<\/tr>\n<tr>\n<td class=\"label\">Taotlus<\/td>\n<td>T\u00f6\u00f6stus, ehitus<\/td>\n<\/tr>\n<tr>\n<td class=\"label\">Kuju<\/td>\n<td>Kohandamine<\/td>\n<\/tr>\n<tr>\n<td class=\"label\">Pinnat\u00f6\u00f6tlus<\/td>\n<td>Veski viimistletud, anodeeritud, elektrikate, liivapritsimine, elektroforees, harjatud, poleerimine,<\/td>\n<\/tr>\n<tr>\n<td class=\"label\">V\u00e4rv<\/td>\n<td>H\u00f5be, must, kuld, Champange, pronks, punane, sinine; v\u00f5ime kohandada v\u00e4rve klientide proovide p\u00f5hjal.<\/td>\n<\/tr>\n<tr>\n<td class=\"label\">S\u00fcgav t\u00f6\u00f6tlemine<\/td>\n<td>L\u00f5ikamine, puurimine, mehaaniline t\u00f6\u00f6tlemine, l\u00f6\u00f6mine, painutamine, koputades jne.<\/td>\n<\/tr>\n<tr>\n<td class=\"label\">Garantii<\/td>\n<td>ISO: 9001, SONCAP, BV sertifikaat, TUV, SGS v\u00f5i klientide sertifikaat saadaval<\/td>\n<\/tr>\n<tr>\n<td class=\"label\">MOQ<\/td>\n<td>300 kg iga profiili kohta<\/td>\n<\/tr>\n<tr>\n<td class=\"label\">Tarneaeg<\/td>\n<td>Vormi v\u00e4ljat\u00f6\u00f6tamine ja n\u00e4idise kujundamine kestab 12-15 p\u00e4eva, seej\u00e4rel tootmine kestab 15-25 p\u00e4eva p\u00e4rast ostjalt tagatisraha saamist.<\/td>\n<\/tr>\n<tr>\n<td class=\"label\">Tasuta proovi<\/td>\n<td>1-3 p\u00e4eva saab saata<\/td>\n<\/tr>\n<\/table>\n<h2>Meie tootmisbaas<\/h2>\n<h3>Tehase panoraam<\/h3>\n<p><img decoding=\"async\" src=\"\/wp-content\/uploads\/factory-01.webp\"\/><\/p>\n<h3>Alumiiniumvarraste tootmise t\u00f6\u00f6koda<\/h3>\n<p><img decoding=\"async\" src=\"\/wp-content\/uploads\/factory-02.webp\"\/><\/p>\n<\/p>\n<p><img decoding=\"async\" src=\"\/wp-content\/uploads\/factory-03.webp\"\/><\/p>\n<h3>hallituse ladustamise ladu<\/h3>\n<p><img decoding=\"async\" src=\"\/wp-content\/uploads\/factory-04.webp\"\/><\/p>\n<h3>43 alumiiniumi ekstrusiooniliini (500-5500 tonni)<\/h3>\n<p><img decoding=\"async\" src=\"\/wp-content\/uploads\/factory-05.webp\"\/><\/p>\n<p><img decoding=\"async\" src=\"\/wp-content\/uploads\/factory-06.webp\"\/><\/p>\n<p><img decoding=\"async\" src=\"\/wp-content\/uploads\/factory-07.webp\"\/><\/p>\n<h3>Pulberv\u00e4rvimise t\u00f6\u00f6koda<\/h3>\n<p><img decoding=\"async\" src=\"\/wp-content\/uploads\/factory-09.webp\"\/><\/p>\n<h3>Anodiseerimise t\u00f6\u00f6koda<\/h3>\n<p><img decoding=\"async\" src=\"\/wp-content\/uploads\/factory-10.webp\"\/><\/p>\n<h3>S\u00fcgavt\u00f6\u00f6tlemise t\u00f6\u00f6tuba<\/h3>\n<p><img decoding=\"async\" src=\"\/wp-content\/uploads\/factory-11.webp\"\/><\/p>\n<h3>CNC-t\u00e4ppist\u00f6\u00f6tlemise t\u00f6\u00f6koda<\/h3>\n<p><img decoding=\"async\" src=\"\/wp-content\/uploads\/factory-11.5.webp\"\/><\/p>\n<h3>Valmistoodete ja ekspordi ladu<\/h3>\n<p><img decoding=\"async\" src=\"\/wp-content\/uploads\/factory-12.webp\"\/><\/p>\n<p><img decoding=\"async\" src=\"\/wp-content\/uploads\/factory-13.webp\"\/><\/p>\n<p><img decoding=\"async\" src=\"\/wp-content\/uploads\/factory-14.webp\"\/><\/p>\n<h2>KKK<\/h2>\n<p><b>1.Milleks kasutatakse 2024 alumiiniumprofiili? <\/b><\/p>\n<p> 2024 alumiiniumprofiili kasutatakse tavaliselt lennunduses, autot\u00f6\u00f6stuses ja k\u00f5rgtehnoloogilistes konstruktsioonirakendustes t\u00e4nu selle erakordsele tugevusele ja v\u00e4simuskindlusele.\n<\/p>\n<p><\/p>\n<p><b>2.Millised on 2024 alumiiniumprofiili peamised omadused? <\/b><\/p>\n<p> Alumiiniumprofiil 2024 pakub suurt t\u00f5mbetugevust, suurep\u00e4rast mehaanilist t\u00f6\u00f6deldavust ja head v\u00e4simuskindlust, mist\u00f5ttu on see ideaalne alumiiniumi t\u00e4ppisekstrusiooni jaoks.\n<\/p>\n<p><\/p>\n<p><b>3.Kas 2024 alumiiniumprofiil on korrosioonikindel? <\/b><\/p>\n<p> Alumiiniumprofiil 2024 on piiratud korrosioonikindlusega ja sageli on see anodeeritud v\u00f5i kaetud, et suurendada vastupidavust karmides tingimustes.\n<\/p>\n<p><\/p>\n<p><b>4.Miks valida 2024 alumiinium ekstrusiooniprofiilide jaoks? <\/b><\/p>\n<p> Alumiinium 2024 pakub suurep\u00e4rast tugevuse ja kaalu suhet ning suurep\u00e4raseid mehaanilisi omadusi, mist\u00f5ttu on see parim valik kriitiliste alumiiniumist ekstrusioonikonstruktsioonide jaoks.\n<\/p>\n<p><\/p>\n<p><b>5.Kuidas on 2024 alumiinium v\u00f5rreldav 6061-ga ekstrusioonil? <\/b><\/p>\n<p> Alumiiniumprofiil 2024 on tugevam kui 6061, kuid madalama korrosioonikindlusega, mist\u00f5ttu on see parem k\u00f5rge koormusega rakendustes, kus tugevus on esmat\u00e4htis.\n<\/p>\n<p><\/p>\n<p><b>6.Kas 2024 alumiiniumprofiili saab keevitada? <\/b><\/p>\n<p> 2024 alumiiniumprofiil ei ole kergesti keevitatav ja n\u00f5uab tavaliselt alumiiniumprofiilide monteerimiseks spetsiaalset tehnikat v\u00f5i mehaanilist kinnitamist.\n<\/p>\n<p><\/p>\n<p><b>7.Millised t\u00f6\u00f6stusharud kasutavad 2024 alumiiniumprofiile? <\/b><\/p>\n<p> Lennundus-, transpordi- ja kaitset\u00f6\u00f6stus kasutavad 2024 alumiiniumprofiile kergete konstruktsioonikomponentide jaoks, mis n\u00f5uavad suurt j\u00f5udlust ja vastupidavust.\n<\/p>\n<p><\/p>\n<p><b>8.Kas 2024 alumiinium sobib CNC-t\u00f6\u00f6tluseks? <\/b><\/p>\n<p> Jah, 2024 alumiiniumprofiil sobib suurep\u00e4raselt CNC-t\u00f6\u00f6tluseks t\u00e4nu oma suurele tugevusele ja suurep\u00e4rasele t\u00f6\u00f6deldavusele t\u00e4ppispressioonit\u00f6\u00f6del.\n<\/p>\n<p><\/p>\n<p><b>9.Millised on 2024 alumiiniumprofiili mehaanilised omadused? <\/b><\/p>\n<p> Alumiiniumprofiil 2024 pakub suurt voolavus- ja t\u00f5mbetugevust, mis muudab selle ideaalseks kandvaks alumiiniumist pressimisrakendusteks.\n<\/p>\n<p><\/p>\n<p><b>10.Kas 2024 alumiiniumprofiil toetab kuumt\u00f6\u00f6tlust? <\/b><\/p>\n<p> Jah, 2024 alumiiniumprofiili saab kuumt\u00f6\u00f6delda, et parandada selle mehaanilisi omadusi, mis on peamine eelis konstruktsioonilise alumiiniumi ekstrusiooni puhul.\n<\/p>\n<p><\/p>","protected":false},"featured_media":5541,"template":"","categories":[55],"class_list":["post-5542","product","type-product","status-publish","has-post-thumbnail","hentry","category-extruded-aluminum-profiles"],"meta_box":{"hilight_text_group":{"product_hilight_text":"Aluminum extrusion 2024 aluminum profile is a high-strength aluminum alloy product with excellent corrosion resistance and machinability, which is widely used in aviation, aerospace, automotive and other fields.","product_chanpin_chanpin":"<li><a href=\"https:\/\/sinoextrud.com\/product\/aluminium-extrusion-6061-6082-7075-aluminum-alloy-profiles\/\" target=\"_blank\">Aluminium Extrusion 6061 6082 7075 Aluminum Alloy Profiles<\/a><\/li>\r\n<li><a href=\"https:\/\/sinoextrud.com\/product\/aluminium-extrud-anodised-aluminium-tube\/\" target=\"_blank\">Aluminium Extrusion Anodised Aluminium Tube<\/a><\/li>\r\n<li><a href=\"https:\/\/sinoextrud.com\/product\/aluminium-extrusion-tube\/\" target=\"_blank\">Aluminium Extrusion Tube<\/a><\/li>\r\n<li><a href=\"https:\/\/sinoextrud.com\/product\/aluminum-extrud-7003-aluminum-pipe\/\" target=\"_blank\">Aluminum Extrusion 7003 Aluminum Pipe<\/a><\/li>\r\n<li><a href=\"https:\/\/sinoextrud.com\/product\/aluminum-extrusion-2024-aluminum-profile\/\" target=\"_blank\">Aluminum Extrusion 2024 Aluminum Profile<\/a><\/li>\r\n<li><a href=\"https:\/\/sinoextrud.com\/product\/linear-sliding-modules-aluminum-profiles\/\" target=\"_blank\">Linear Sliding Modules Aluminum Profiles<\/a><\/li>\r\n<li><a href=\"https:\/\/sinoextrud.com\/product\/aluminum-extrusion-1060-aluminum-profile\/\" target=\"_blank\">Aluminum Extrusion 1060 Aluminum Profile<\/a><\/li>\r\n<li><a href=\"https:\/\/sinoextrud.com\/product\/aluminum-extrusion-6061-6063-aluminum-profile-for-lamppost\/\" target=\"_blank\">Aluminum Extrusion 6061 6063 Aluminum Profile For Lamppost<\/a><\/li>\r\n<li><a href=\"https:\/\/sinoextrud.com\/product\/6061-6063-6082-street-lamp-column-aluminum-profile\/\" target=\"_blank\">6061 6063 6082 Street Lamp Column Aluminum Profile<\/a><\/li>\r\n<li><a href=\"https:\/\/sinoextrud.com\/product\/black-extruded-aluminum-heat-sink-profiles\/\" target=\"_blank\">Black Extruded Aluminum Heat Sink Profiles<\/a><\/li>\r\n<li><a href=\"https:\/\/sinoextrud.com\/product\/triangle-champagne-aluminum-extruded-tube\/\" target=\"_blank\">Triangle Champagne Aluminum Extruded Tube<\/a><\/li>"},"feature_list":[]},"_links":{"self":[{"href":"https:\/\/sinoextrud.com\/et\/wp-json\/wp\/v2\/product\/5542","targetHints":{"allow":["GET"]}}],"collection":[{"href":"https:\/\/sinoextrud.com\/et\/wp-json\/wp\/v2\/product"}],"about":[{"href":"https:\/\/sinoextrud.com\/et\/wp-json\/wp\/v2\/types\/product"}],"wp:featuredmedia":[{"embeddable":true,"href":"https:\/\/sinoextrud.com\/et\/wp-json\/wp\/v2\/media\/5541"}],"wp:attachment":[{"href":"https:\/\/sinoextrud.com\/et\/wp-json\/wp\/v2\/media?parent=5542"}],"wp:term":[{"taxonomy":"category","embeddable":true,"href":"https:\/\/sinoextrud.com\/et\/wp-json\/wp\/v2\/categories?post=5542"}],"curies":[{"name":"wp","href":"https:\/\/api.w.org\/{rel}","templated":true}]}}