{"id":5529,"date":"2025-05-14T12:46:03","date_gmt":"2025-05-14T12:46:03","guid":{"rendered":"https:\/\/sinoextrud.com\/?post_type=product&#038;p=5529"},"modified":"2025-06-24T03:52:14","modified_gmt":"2025-06-24T03:52:14","slug":"alumiinium-ekstrud-anodeeritud-alumiiniumtoru","status":"publish","type":"product","link":"https:\/\/sinoextrud.com\/et\/product\/aluminium-extrud-anodised-aluminium-tube\/","title":{"rendered":"Alumiiniumist ekstrusioon anodeeritud alumiiniumtoru"},"content":{"rendered":"<h2>Toodete \u00fcksikasjad<\/h2>\n<table class=\"custom-table\">\n<tr>\n<td class=\"label\">Toote nimi<\/td>\n<td>alumiiniumist ekstrusiooniga anodeeritud alumiiniumtoru<\/td>\n<\/tr>\n<tr>\n<td class=\"label\">Tootevalik<\/td>\n<td>alumiiniumist ekstrusioonid ruudukujulise toru \/ ristk\u00fclikukujulise toru \/ \u00fcmar toru \/ ovaalne toru \/ kolmnurkne toru \/ trapetsikujuline toru \/ poolringikujuline toru \/ spetsiaalne kohandatud toru jne.<\/td>\n<\/tr>\n<tr>\n<td class=\"label\">Sobivad s\u00fcsteemid T\u00fc\u00fcbid<\/td>\n<td>Alumiinium \u00fcmmargused torud, alumiinium ruudukujulised torud, alumiiniumtorude painutamine, ovaalsed alumiiniumtorud, alumiiniumi ekstrusiooniprusside lihvitud ruudukujulised torud, alumiiniumist ekstrudeeritud torude kuju jne.<\/td>\n<\/tr>\n<tr>\n<td class=\"label\">Alumiiniumsulam<\/td>\n<td>3003 seeria, 5052 seeria, 5083 seeria, 6005 seeria, 6060 seeria, 6061 seeria, 6063 seeria, 6082 seeria jne.<\/td>\n<\/tr>\n<tr>\n<td class=\"label\">Temper<\/td>\n<td>T5-T8<\/td>\n<\/tr>\n<tr>\n<td class=\"label\">Kuju<\/td>\n<td>Nelinurkne, \u00fcmmargune, ovaalne, painduv, poolringikujuline v\u00f5i kohandamine<\/td>\n<\/tr>\n<tr>\n<td class=\"label\">V\u00e4rv<\/td>\n<td>kohandamine<\/td>\n<\/tr>\n<tr>\n<td class=\"label\">Pinnat\u00f6\u00f6tlus<\/td>\n<td>freesitud, anodeeritud, puidumass, elektripinnakate, liivapritsimine, elektroforees, harjatud, poleerimine jne.<\/td>\n<\/tr>\n<tr>\n<td class=\"label\">CNC s\u00fcgavt\u00f6\u00f6tlemine<\/td>\n<td>l\u00f5ikamine, puurimine, mehaaniline t\u00f6\u00f6tlemine, stantsimine, painutamine, koputades jne.<\/td>\n<\/tr>\n<tr>\n<td class=\"label\">Sertifikaadid<\/td>\n<td>CE, ISO, SGS, TUV, ROHS<\/td>\n<\/tr>\n<tr>\n<td class=\"label\">Proovid<\/td>\n<td>tasuta proov. 1-3 p\u00e4eva jooksul toimetatakse teile.<\/td>\n<\/tr>\n<tr>\n<td class=\"label\">MOQ<\/td>\n<td>200 kg iga profiili kohta<\/td>\n<\/tr>\n<tr>\n<td class=\"label\">Tarneaeg<\/td>\n<td>Vormi v\u00e4ljat\u00f6\u00f6tamine ja n\u00e4idise konformatsioon on 12-15 p\u00e4eva, seej\u00e4rel tootmisperiood on 15-25 p\u00e4eva p\u00e4rast ostjalt tagatisraha saamist.<\/td>\n<\/tr>\n<tr>\n<td class=\"label\">Maksetingimused<\/td>\n<td>30% tagatisraha enne tootmist ja saldo enne saatmist.<\/td>\n<\/tr>\n<\/table>\n<h2>Meie tootmisbaas<\/h2>\n<h3>Tehase panoraam<\/h3>\n<p><img decoding=\"async\" src=\"\/wp-content\/uploads\/factory-01.webp\"\/><\/p>\n<h3>Alumiiniumvarraste tootmise t\u00f6\u00f6koda<\/h3>\n<p><img decoding=\"async\" src=\"\/wp-content\/uploads\/factory-02.webp\"\/><\/p>\n<\/p>\n<p><img decoding=\"async\" src=\"\/wp-content\/uploads\/factory-03.webp\"\/><\/p>\n<h3>hallituse ladustamise ladu<\/h3>\n<p><img decoding=\"async\" src=\"\/wp-content\/uploads\/factory-04.webp\"\/><\/p>\n<h3>43 alumiiniumi ekstrusiooniliini (500-5500 tonni)<\/h3>\n<p><img decoding=\"async\" src=\"\/wp-content\/uploads\/factory-05.webp\"\/><\/p>\n<p><img decoding=\"async\" src=\"\/wp-content\/uploads\/factory-06.webp\"\/><\/p>\n<p><img decoding=\"async\" src=\"\/wp-content\/uploads\/factory-07.webp\"\/><\/p>\n<h3>Pulberv\u00e4rvimise t\u00f6\u00f6koda<\/h3>\n<p><img decoding=\"async\" src=\"\/wp-content\/uploads\/factory-09.webp\"\/><\/p>\n<h3>Anodiseerimise t\u00f6\u00f6koda<\/h3>\n<p><img decoding=\"async\" src=\"\/wp-content\/uploads\/factory-10.webp\"\/><\/p>\n<h3>S\u00fcgavt\u00f6\u00f6tlemise t\u00f6\u00f6tuba<\/h3>\n<p><img decoding=\"async\" src=\"\/wp-content\/uploads\/factory-11.webp\"\/><\/p>\n<h3>CNC-t\u00e4ppist\u00f6\u00f6tlemise t\u00f6\u00f6koda<\/h3>\n<p><img decoding=\"async\" src=\"\/wp-content\/uploads\/factory-11.5.webp\"\/><\/p>\n<h3>Valmistoodete ja ekspordi ladu<\/h3>\n<p><img decoding=\"async\" src=\"\/wp-content\/uploads\/factory-12.webp\"\/><\/p>\n<p><img decoding=\"async\" src=\"\/wp-content\/uploads\/factory-13.webp\"\/><\/p>\n<p><img decoding=\"async\" src=\"\/wp-content\/uploads\/factory-14.webp\"\/><\/p>\n<h2>KKK<\/h2>\n<p><b>1.Mis on alumiiniumist ekstrusiooni anodeeritud alumiiniumtoru? <\/b><\/p>\n<p> Anodeeritud alumiiniumist ekstrudeeritud alumiiniumtoru on \u00f5\u00f5nes silindriline profiil, mis on valmistatud alumiiniumi ekstrudeerimise ja anodeeritud viimistluse abil, mis parandab vastupidavust, korrosioonikindlust ja esteetilist v\u00e4limust.\n<\/p>\n<p><\/p>\n<p><b>3.Millised on alumiiniumist ekstrusioonitorude anodeerimise eelised? <\/b><\/p>\n<p> Alumiiniumist pressitud torude anodeerimine suurendab korrosioonikindlust, parandab pinna k\u00f5vadust, suurendab kulumiskindlust ja v\u00f5imaldab erinevaid v\u00e4rvilisi viimistlusi, s\u00e4ilitades samas kerged omadused.\n<\/p>\n<p><\/p>\n<p><b>5.Kas anodeeritud alumiiniumtoru sobib kasutamiseks v\u00e4listingimustes? <\/b><\/p>\n<p> Jah, anodeeritud alumiiniumtorud on v\u00e4ga vastupidavad ilmastikule ja UV-kiirgusele, mist\u00f5ttu on need ideaalsed v\u00e4litingimustes kasutamiseks, n\u00e4iteks kaide, raamid ja arhitektuursed konstruktsioonid.\n<\/p>\n<p><\/p>\n<p><b>7.Kui tugevad on anodeeritud alumiiniumist ekstrusioonitorud? <\/b><\/p>\n<p> Anodeeritud alumiiniumist pressitud torud pakuvad suurep\u00e4rast tugevuse ja kaalu suhet, tagades struktuurilise terviklikkuse, olles samas kerged ja kergesti k\u00e4sitsetavad.\n<\/p>\n<p><\/p>\n<p><b>9.Kas anodeeritud alumiiniumtorusid saab kohandada? <\/b><\/p>\n<p> Jah, anodeeritud alumiiniumtorusid saab kohandada l\u00e4bim\u00f5\u00f5du, seina paksuse, pikkuse ja anodeerimisv\u00e4rvi poolest, et vastata projekti spetsiifilistele n\u00f5uetele.\n<\/p>\n<p><\/p>\n<p><b>11.Kas anodeeritud alumiiniumtorud on keskkonnas\u00f5bralikud? <\/b><\/p>\n<p> Jah, alumiinium on 100% taaskasutatav ja anodeerimisprotsess on mittetoksiline, mist\u00f5ttu anodeeritud alumiiniumtorud on j\u00e4tkusuutlik materjalivalik.\n<\/p>\n<p><\/p>\n<p><b>13.Millised t\u00f6\u00f6stusharud kasutavad alumiiniumist ekstrusiooniga anodeeritud torusid? <\/b><\/p>\n<p> Sellised t\u00f6\u00f6stusharud nagu ehitus, autot\u00f6\u00f6stus, lennundus, m\u00f6\u00f6bel ja elektroonika kasutavad tavaliselt anodeeritud alumiiniumist ekstrusioonitorusid nende tugevuse, v\u00e4limuse ja korrosioonikindluse t\u00f5ttu.\n<\/p>\n<p><\/p>\n<p><b>15.Miks valida alumiiniumist ekstrusioon teiste metallide asemel? <\/b><\/p>\n<p> Alumiiniumist pressimist eelistatakse selle kerge kaalu, k\u00f5rge korrosioonikindluse, lihtsa mehaanilise t\u00f6\u00f6tlemise ja kuluefektiivsuse t\u00f5ttu v\u00f5rreldes terase v\u00f5i muude metallidega.\n<\/p>\n<p><\/p>\n<p><b>17.Millised on anodeeritud alumiiniumtorude viimistlusviimistlused? <\/b><\/p>\n<p> Anodeeritud alumiiniumtorusid on saadaval mitmesuguste viimistlustega, sealhulgas l\u00e4bipaistev, must, pronks, kuld ja kohandatud v\u00e4rvid dekoratiivsetel v\u00f5i funktsionaalsetel eesm\u00e4rkidel.\n<\/p>\n<p><\/p>\n<p><b>19.Kui kaua kestab anodeeritud alumiinium? <\/b><\/p>\n<p> Anodeeritud alumiiniumtorud on pika elueaga, mis kestab tavaliselt aastak\u00fcmneid ilma m\u00e4rkimisv\u00e4\u00e4rse lagunemiseta, eriti keskkondades, kus korrosioonikindlus on kriitiline.\n<\/p>\n<p><\/p>","protected":false},"featured_media":5530,"template":"","categories":[55],"class_list":["post-5529","product","type-product","status-publish","has-post-thumbnail","hentry","category-extruded-aluminum-profiles"],"meta_box":{"hilight_text_group":{"product_hilight_text":"Square tube \/ Rectangular tube \/ Round pipe \/ Oval tube \/ Triangle tube \/ Trapezoidal tube \/ Semicircular tube \/ Special custom Tube \/ Aluminium extrusion anodised aluminium tube","product_chanpin_chanpin":"<li><a href=\"https:\/\/sinoextrud.com\/product\/oval-aluminum-extrusion-profile\/\" target=\"_blank\">Oval Aluminum Extrusion Profile<\/a><\/li>\r\n<li><a href=\"https:\/\/sinoextrud.com\/product\/large-aluminum-extrusion\/\" target=\"_blank\">Large Aluminum Extrusion<\/a><\/li>\r\n<li><a href=\"https:\/\/sinoextrud.com\/product\/large-aluminum-extrud\/\" target=\"_blank\">Large Aluminum Extrud<\/a><\/li>\r\n<li><a href=\"https:\/\/sinoextrud.com\/product\/aluminium-extrusion-6061-6082-7075-aluminum-alloy-profiles\/\" target=\"_blank\">Aluminium Extrusion 6061 6082 7075 Aluminum Alloy Profiles<\/a><\/li>\r\n<li><a href=\"https:\/\/sinoextrud.com\/product\/aluminium-extrud-anodised-aluminium-tube\/\" target=\"_blank\">Aluminium Extrusion Anodised Aluminium Tube<\/a><\/li>\r\n<li><a href=\"https:\/\/sinoextrud.com\/product\/aluminium-extrusion-tube\/\" target=\"_blank\">Aluminium Extrusion Tube<\/a><\/li>\r\n<li><a href=\"https:\/\/sinoextrud.com\/product\/aluminum-extrud-7003-aluminum-pipe\/\" target=\"_blank\">Aluminum Extrusion 7003 Aluminum Pipe<\/a><\/li>\r\n<li><a href=\"https:\/\/sinoextrud.com\/product\/aluminum-extrusion-2024-aluminum-profile\/\" target=\"_blank\">Aluminum Extrusion 2024 Aluminum Profile<\/a><\/li>\r\n<li><a href=\"https:\/\/sinoextrud.com\/product\/linear-sliding-modules-aluminum-profiles\/\" target=\"_blank\">Linear Sliding Modules Aluminum Profiles<\/a><\/li>\r\n<li><a href=\"https:\/\/sinoextrud.com\/product\/extruded-aluminum-stock-shapes\/\" target=\"_blank\">Extruded Aluminum Stock Shapes<\/a><\/li>\r\n<li><a href=\"https:\/\/sinoextrud.com\/product\/aluminium-extrusion-anodized-aluminum-profile\/\" target=\"_blank\">Aluminium Extrusion Anodized Aluminum Profile<\/a><\/li>"},"feature_list":[]},"_links":{"self":[{"href":"https:\/\/sinoextrud.com\/et\/wp-json\/wp\/v2\/product\/5529","targetHints":{"allow":["GET"]}}],"collection":[{"href":"https:\/\/sinoextrud.com\/et\/wp-json\/wp\/v2\/product"}],"about":[{"href":"https:\/\/sinoextrud.com\/et\/wp-json\/wp\/v2\/types\/product"}],"wp:featuredmedia":[{"embeddable":true,"href":"https:\/\/sinoextrud.com\/et\/wp-json\/wp\/v2\/media\/5530"}],"wp:attachment":[{"href":"https:\/\/sinoextrud.com\/et\/wp-json\/wp\/v2\/media?parent=5529"}],"wp:term":[{"taxonomy":"category","embeddable":true,"href":"https:\/\/sinoextrud.com\/et\/wp-json\/wp\/v2\/categories?post=5529"}],"curies":[{"name":"wp","href":"https:\/\/api.w.org\/{rel}","templated":true}]}}