{"id":5273,"date":"2025-05-13T02:35:22","date_gmt":"2025-05-13T02:35:22","guid":{"rendered":"https:\/\/sinoextrud.com\/?post_type=product&#038;p=5273"},"modified":"2025-06-24T03:52:11","modified_gmt":"2025-06-24T03:52:11","slug":"6061-6082-7075-alumiiniumprofiilid-6061-6082-7075-alumiiniumisulamist-profiilid","status":"publish","type":"product","link":"https:\/\/sinoextrud.com\/et\/product\/aluminium-extrusion-6061-6082-7075-aluminum-alloy-profiles\/","title":{"rendered":"Alumiiniumi ekstrusioon 6061 6082 7075 alumiiniumisulamist profiilid"},"content":{"rendered":"<h2>Toodete \u00fcksikasjad<\/h2>\n<table class=\"custom-table\">\n<tr>\n<td class=\"label\">Toote nimi<\/td>\n<td>Alumiiniumi ekstrusioon 6061 6082 7075 alumiiniumisulamist profiilid<\/td>\n<\/tr>\n<tr>\n<td class=\"label\">Tootevalik<\/td>\n<td>alumiiniumprofiilid alumiinium 6061, alumiinium 6082, alumiinium 7075, jne.<\/td>\n<\/tr>\n<tr>\n<td class=\"label\">Sobivad s\u00fcsteemid T\u00fc\u00fcbid<\/td>\n<td>Alumiiniumsulam Aerospace, alumiiniumsulam paat, alumiiniumsulam paat auto, alumiiniumsulam soojusalvestus, jne.<\/td>\n<\/tr>\n<tr>\n<td class=\"label\">Alumiiniumsulam<\/td>\n<td>5000 seeria, 6000 seeria, 7000 seeria<\/td>\n<\/tr>\n<tr>\n<td class=\"label\">Temper<\/td>\n<td>T5-T8<\/td>\n<\/tr>\n<tr>\n<td class=\"label\">Kuju<\/td>\n<td>kohandamine<\/td>\n<\/tr>\n<tr>\n<td class=\"label\">V\u00e4rv<\/td>\n<td>kohandamine<\/td>\n<\/tr>\n<tr>\n<td class=\"label\">Pinnat\u00f6\u00f6tlus<\/td>\n<td>freesitud, anodeeritud, puidumass, elektripinnakate, liivapritsimine, elektroforees, harjatud, poleerimine jne.<\/td>\n<\/tr>\n<tr>\n<td class=\"label\">CNC s\u00fcgavt\u00f6\u00f6tlemine<\/td>\n<td>l\u00f5ikamine, puurimine, mehaaniline t\u00f6\u00f6tlemine, stantsimine, painutamine, koputades jne.<\/td>\n<\/tr>\n<tr>\n<td class=\"label\">Sertifikaadid<\/td>\n<td>CE, ISO, SGS, TUV, ROHS<\/td>\n<\/tr>\n<tr>\n<td class=\"label\">Proovid<\/td>\n<td>tasuta proov. 1-3 p\u00e4eva jooksul toimetatakse teile.<\/td>\n<\/tr>\n<tr>\n<td class=\"label\">MOQ<\/td>\n<td>200 kg iga profiili kohta<\/td>\n<\/tr>\n<tr>\n<td class=\"label\">Tarneaeg<\/td>\n<td>Vormi v\u00e4ljat\u00f6\u00f6tamine ja n\u00e4idise konformatsioon on 12-15 p\u00e4eva, seej\u00e4rel tootmisperiood on 15-25 p\u00e4eva p\u00e4rast ostjalt tagatisraha saamist.<\/td>\n<\/tr>\n<\/table>\n<h2>Meie tootmisbaas<\/h2>\n<h3>Tehase panoraam<\/h3>\n<p><img decoding=\"async\" src=\"\/wp-content\/uploads\/factory-01.webp\"\/><\/p>\n<h3>Alumiiniumvarraste tootmise t\u00f6\u00f6koda<\/h3>\n<p><img decoding=\"async\" src=\"\/wp-content\/uploads\/factory-02.webp\"\/><\/p>\n<\/p>\n<p><img decoding=\"async\" src=\"\/wp-content\/uploads\/factory-03.webp\"\/><\/p>\n<h3>hallituse ladustamise ladu<\/h3>\n<p><img decoding=\"async\" src=\"\/wp-content\/uploads\/factory-04.webp\"\/><\/p>\n<h3>43 alumiiniumi ekstrusiooniliini (500-5500 tonni)<\/h3>\n<p><img decoding=\"async\" src=\"\/wp-content\/uploads\/factory-05.webp\"\/><\/p>\n<p><img decoding=\"async\" src=\"\/wp-content\/uploads\/factory-06.webp\"\/><\/p>\n<p><img decoding=\"async\" src=\"\/wp-content\/uploads\/factory-07.webp\"\/><\/p>\n<h3>Pulberv\u00e4rvimise t\u00f6\u00f6koda<\/h3>\n<p><img decoding=\"async\" src=\"\/wp-content\/uploads\/factory-09.webp\"\/><\/p>\n<h3>Anodiseerimise t\u00f6\u00f6koda<\/h3>\n<p><img decoding=\"async\" src=\"\/wp-content\/uploads\/factory-10.webp\"\/><\/p>\n<h3>S\u00fcgavt\u00f6\u00f6tlemise t\u00f6\u00f6tuba<\/h3>\n<p><img decoding=\"async\" src=\"\/wp-content\/uploads\/factory-11.webp\"\/><\/p>\n<h3>CNC-t\u00e4ppist\u00f6\u00f6tlemise t\u00f6\u00f6koda<\/h3>\n<p><img decoding=\"async\" src=\"\/wp-content\/uploads\/factory-11.5.webp\"\/><\/p>\n<h3>Valmistoodete ja ekspordi ladu<\/h3>\n<p><img decoding=\"async\" src=\"\/wp-content\/uploads\/factory-12.webp\"\/><\/p>\n<p><img decoding=\"async\" src=\"\/wp-content\/uploads\/factory-13.webp\"\/><\/p>\n<p><img decoding=\"async\" src=\"\/wp-content\/uploads\/factory-14.webp\"\/><\/p>\n<h2>KKK<\/h2>\n<p><b>1.Millised on 6061 alumiiniumist ekstrusiooniprofiilide peamised eelised?<\/b><\/p>\n<p>6061 alumiiniumist ekstrusiooniprofiilid pakuvad suurep\u00e4rast tugevust, korrosioonikindlust, head keevitatavust ja mitmek\u00fclgset t\u00f6\u00f6deldavust, mist\u00f5ttu on need ideaalsed konstruktsiooni- ja kosmoset\u00f6\u00f6stusrakendustes.\n<\/p>\n<p><\/p>\n<p><b>2.Kuidas on 6082 alumiiniumisulam v\u00f5rreldes 6061-ga ekstrusiooniprofiilides?<\/b><\/p>\n<p>6082 alumiiniumprofiilid on 6061-ga v\u00f5rreldes veidi tugevamad ja korrosioonikindlamad, mist\u00f5ttu sobivad need rasketele konstruktsioonielementidele ja merekeskkondadele.\n<\/p>\n<p><\/p>\n<p><b>3.Miks valida 7075 alumiiniumisulamist profiilid ekstrusiooniks?<\/b><\/p>\n<p>7075 alumiiniumisulamist profiilid on tuntud oma erakordselt suure tugevuse ja kaalu suhte poolest, mist\u00f5ttu sobivad need ideaalselt lennundus- ja kosmoset\u00f6\u00f6stuses, autot\u00f6\u00f6stuses ja k\u00f5rgtehnoloogilistes rakendustes.\n<\/p>\n<p><\/p>\n<p><b>4.Millised t\u00f6\u00f6stusharud kasutavad tavaliselt 6061 alumiiniumprofiile?<\/b><\/p>\n<p>6061 alumiiniumprofiile kasutatakse laialdaselt ehitus-, transpordi-, elektroonika- ja kosmoset\u00f6\u00f6stuses nende vastupidavuse ja kuluefektiivsuse t\u00f5ttu.\n<\/p>\n<p><\/p>\n<p><b>5.Kas 6082 alumiiniumprofiilid on korrosioonikindlad?<\/b><\/p>\n<p>Jah, 6082 alumiiniumsulamist profiilid pakuvad suurep\u00e4rast korrosioonikindlust, eriti v\u00e4lis- ja merekeskkonnas, mis teeb neist usaldusv\u00e4\u00e4rse valiku konstruktsioonirakenduste jaoks.\n<\/p>\n<p><\/p>\n<p><b>6.Kas 7075 alumiiniumprofiil sobib keevitamiseks?<\/b><\/p>\n<p>7075 alumiiniumisulam ei ole oma suure tugevuse t\u00f5ttu keevitamiseks ideaalne, kuid see sobib suurep\u00e4raselt rakendustes, kus mehaanilised omadused on kriitilise t\u00e4htsusega.\n<\/p>\n<p><\/p>\n<p><b>7.Millised on 6061 alumiiniumprofiili mehaanilised omadused?<\/b><\/p>\n<p>6061 alumiiniumprofiilide t\u00f5mbetugevus on umbes 290 MPa ja voolavuspiir 240 MPa, mis tagab tasakaalu tugevuse ja t\u00f6\u00f6deldavuse vahel.\n<\/p>\n<p><\/p>\n<p><b>8.Kas 6082 alumiiniumist ekstrusiooniprofiile saab anodeerida?<\/b><\/p>\n<p>Jah, 6082 alumiiniumprofiilid sobivad v\u00e4ga h\u00e4sti anodeerimiseks, mis parandab pinnakaitset ja esteetilist v\u00e4limust.\n<\/p>\n<p><\/p>\n<p><b>9.Mis muudab 7075 alumiiniumprofiilid ideaalseks lennundusrakenduste jaoks?<\/b><\/p>\n<p>7075 alumiiniumisulamist profiilidel on suurep\u00e4rane tugevus ja v\u00e4simuskindlus, mis on oluline lennundus- ja kosmoset\u00f6\u00f6stuses kasutatavate komponentide puhul, kus j\u00f5udlus ja ohutus on esmat\u00e4htsad.\n<\/p>\n<p><\/p>\n<p><b>10.Milline alumiiniumisulam on parim suure koormusega struktuursete ekstrusioonide jaoks?<\/b><\/p>\n<p>6082 ja 7075 alumiiniumisulamid on t\u00e4nu oma suurele tugevusele ja stabiilsusele pinge all parimad suure koormusega struktuursete ekstrusioonide valmistamiseks.\n<\/p>\n<p><\/p>","protected":false},"featured_media":5279,"template":"","categories":[55],"class_list":["post-5273","product","type-product","status-publish","has-post-thumbnail","hentry","category-extruded-aluminum-profiles"],"meta_box":{"hilight_text_group":{"product_hilight_text":"Aluminum alloys are widely used in various industries due to their excellent properties such as high strength, lightweight, corrosion resistance, and easy machinability. Among various aluminum alloys, Aluminum 6061, 6082, and 7075 are the most commonly used alloys for extrusion profiles.","product_chanpin_chanpin":"<li><a href=\"https:\/\/sinoextrud.com\/product\/aluminum-cladding-system\/\" target=\"_blank\">Aluminum Cladding System<\/a><\/li>\r\n<li><a href=\"https:\/\/sinoextrud.com\/product\/oval-aluminum-extrusion-profile\/\" target=\"_blank\">Oval Aluminum Extrusion Profile<\/a><\/li>\r\n<li><a href=\"https:\/\/sinoextrud.com\/product\/large-aluminum-extrusion\/\" target=\"_blank\">Large Aluminum Extrusion<\/a><\/li>\r\n<li><a href=\"https:\/\/sinoextrud.com\/product\/large-aluminum-extrud\/\" target=\"_blank\">Large Aluminum Extrud<\/a><\/li>\r\n<li><a href=\"https:\/\/sinoextrud.com\/product\/aluminium-extrusion-6061-6082-7075-aluminum-alloy-profiles\/\" target=\"_blank\">Aluminium Extrusion 6061 6082 7075 Aluminum Alloy Profiles<\/a><\/li>\r\n<li><a href=\"https:\/\/sinoextrud.com\/product\/aluminium-extrud-anodised-aluminium-tube\/\" target=\"_blank\">Aluminium Extrusion Anodised Aluminium Tube<\/a><\/li>\r\n<li><a href=\"https:\/\/sinoextrud.com\/product\/aluminium-extrusion-tube\/\" target=\"_blank\">Aluminium Extrusion Tube<\/a><\/li>\r\n<li><a href=\"https:\/\/sinoextrud.com\/product\/aluminum-extrud-7003-aluminum-pipe\/\" target=\"_blank\">Aluminum Extrusion 7003 Aluminum Pipe<\/a><\/li>\r\n<li><a href=\"https:\/\/sinoextrud.com\/product\/aluminum-extrusion-2024-aluminum-profile\/\" target=\"_blank\">Aluminum Extrusion 2024 Aluminum Profile<\/a><\/li>\r\n<li><a href=\"https:\/\/sinoextrud.com\/product\/cnc-machining-anodized-item-extruded-aluminum\/\" target=\"_blank\">CNC Machining Anodized Item Extruded Aluminum<\/a><\/li>\r\n<li><a href=\"https:\/\/sinoextrud.com\/product\/aluminium-extrud-6061-6082-7075-aluminum-alloy-profiles\/\" target=\"_blank\">Aluminum Extrusion 2024 7001 7003 Aluminum Profile<\/a><\/li>"},"feature_list":[]},"_links":{"self":[{"href":"https:\/\/sinoextrud.com\/et\/wp-json\/wp\/v2\/product\/5273","targetHints":{"allow":["GET"]}}],"collection":[{"href":"https:\/\/sinoextrud.com\/et\/wp-json\/wp\/v2\/product"}],"about":[{"href":"https:\/\/sinoextrud.com\/et\/wp-json\/wp\/v2\/types\/product"}],"wp:featuredmedia":[{"embeddable":true,"href":"https:\/\/sinoextrud.com\/et\/wp-json\/wp\/v2\/media\/5279"}],"wp:attachment":[{"href":"https:\/\/sinoextrud.com\/et\/wp-json\/wp\/v2\/media?parent=5273"}],"wp:term":[{"taxonomy":"category","embeddable":true,"href":"https:\/\/sinoextrud.com\/et\/wp-json\/wp\/v2\/categories?post=5273"}],"curies":[{"name":"wp","href":"https:\/\/api.w.org\/{rel}","templated":true}]}}