{"id":3772,"date":"2025-04-30T14:41:18","date_gmt":"2025-04-30T14:41:18","guid":{"rendered":"https:\/\/sinoextrud.com\/?post_type=product&#038;p=3772"},"modified":"2025-06-24T03:52:05","modified_gmt":"2025-06-24T03:52:05","slug":"ovaalne-alumiiniumprofiil","status":"publish","type":"product","link":"https:\/\/sinoextrud.com\/et\/product\/oval-aluminum-extrusion-profile\/","title":{"rendered":"Ovaalne alumiiniumist ekstrusiooniprofiil"},"content":{"rendered":"<h2>STANDARDSED SUURUSED<\/h2>\n<table class=\"custom-table\">\n<tr>\n<td class=\"label\">\u5f62\u72b6<\/td>\n<td>Ovaalne\/ruut\/ruutk\u00fclikukujuline<\/td>\n<\/tr>\n<tr>\n<td class=\"label\">\u8868\u9762\u5904\u7406<\/td>\n<td>Valmis, anodeeritud, pulberv\u00e4rvitud, harjatud, poleeritud, liivapritsitud<\/td>\n<\/tr>\n<tr>\n<td class=\"label\">\u957f\u5ea6<\/td>\n<td>3-6 meetrit<\/td>\n<\/tr>\n<tr>\n<td class=\"label\">\u7528\u9014<\/td>\n<td>T\u00f6\u00f6stuslik rakendus Alumiiniumprofiil<\/td>\n<\/tr>\n<tr>\n<td class=\"label\">\u786c\u5ea6<\/td>\n<td>8-12HW<\/td>\n<\/tr>\n<tr>\n<td class=\"label\">\u662f\u5426\u5408\u91d1<\/td>\n<td>Mitteseotud sulam<\/td>\n<\/tr>\n<tr>\n<td class=\"label\">\u9000\u706b\u72b6\u6001  \u9000\u706b\u72b6\u6001<\/td>\n<td>T3 - T8<\/td>\n<\/tr>\n<tr>\n<td class=\"label\">Al\u6700\u4f4e\u542b\u91cf  Al\u6700\u4f4e\u542b\u91cf<\/td>\n<td>98<\/td>\n<\/tr>\n<tr>\n<td class=\"label\">\u58c1\u539a<\/td>\n<td>0.8mm-5.0mm<\/td>\n<\/tr>\n<\/table>\n<h2>Meie tootmisbaas<\/h2>\n<h3>Tehase panoraam<\/h3>\n<p><img decoding=\"async\" src=\"\/wp-content\/uploads\/factory-01.webp\"\/><\/p>\n<h3>Alumiiniumvarraste tootmise t\u00f6\u00f6koda<\/h3>\n<p><img decoding=\"async\" src=\"\/wp-content\/uploads\/factory-02.webp\"\/><\/p>\n<\/p>\n<p><img decoding=\"async\" src=\"\/wp-content\/uploads\/factory-03.webp\"\/><\/p>\n<h3>hallituse ladustamise ladu<\/h3>\n<p><img decoding=\"async\" src=\"\/wp-content\/uploads\/factory-04.webp\"\/><\/p>\n<h3>43 alumiiniumi ekstrusiooniliini (500-5500 tonni)<\/h3>\n<p><img decoding=\"async\" src=\"\/wp-content\/uploads\/factory-05.webp\"\/><\/p>\n<p><img decoding=\"async\" src=\"\/wp-content\/uploads\/factory-06.webp\"\/><\/p>\n<p><img decoding=\"async\" src=\"\/wp-content\/uploads\/factory-07.webp\"\/><\/p>\n<h3>Pulberv\u00e4rvimise t\u00f6\u00f6koda<\/h3>\n<p><img decoding=\"async\" src=\"\/wp-content\/uploads\/factory-09.webp\"\/><\/p>\n<h3>Anodiseerimise t\u00f6\u00f6koda<\/h3>\n<p><img decoding=\"async\" src=\"\/wp-content\/uploads\/factory-10.webp\"\/><\/p>\n<h3>S\u00fcgavt\u00f6\u00f6tlemise t\u00f6\u00f6tuba<\/h3>\n<p><img decoding=\"async\" src=\"\/wp-content\/uploads\/factory-11.webp\"\/><\/p>\n<h3>CNC-t\u00e4ppist\u00f6\u00f6tlemise t\u00f6\u00f6koda<\/h3>\n<p><img decoding=\"async\" src=\"\/wp-content\/uploads\/factory-11.5.webp\"\/><\/p>\n<h3>Valmistoodete ja ekspordi ladu<\/h3>\n<p><img decoding=\"async\" src=\"\/wp-content\/uploads\/factory-12.webp\"\/><\/p>\n<p><img decoding=\"async\" src=\"\/wp-content\/uploads\/factory-13.webp\"\/><\/p>\n<p><img decoding=\"async\" src=\"\/wp-content\/uploads\/factory-14.webp\"\/><\/p>\n<h2>KKK<\/h2>\n<p><b>1.Mis on ovaalne alumiiniumprofiil?<\/b><\/p>\n<p>Ovaalne alumiiniumprofiil on kohandatud kujuga alumiiniumprofiil, millel on elliptiline ristl\u00f5ige ja mida kasutatakse tavaliselt arhitektuuri-, auto- ja konstruktsioonirakendustes.\n<\/p>\n<p><\/p>\n<p><b>2.Millised on ovaalsete alumiiniumist pressprofiilide eelised?<\/b><\/p>\n<p>Ovaalsed alumiiniumprofiilid pakuvad elegantset v\u00e4limust, kerget tugevust, korrosioonikindlust ja aerod\u00fcnaamilisi eeliseid kaasaegsete disainirakenduste jaoks.\n<\/p>\n<p><\/p>\n<p><b>3.Kus kasutatakse tavaliselt ovaalseid alumiiniumprofiile?<\/b><\/p>\n<p>Ovaalsed alumiiniumprofiilid on t\u00e4nu oma ainulaadsele kujule ja vastupidavusele laialdaselt kasutusel m\u00f6\u00f6blis, valgustuses, v\u00e4ljapanekus\u00fcsteemides, jalgrattaraamides ja k\u00e4sipuudes.\n<\/p>\n<p><\/p>\n<p><b>4.Miks valida ovaalne alumiiniumprofiil \u00fcmmarguse v\u00f5i ruudukujulise profiili asemel?<\/b><\/p>\n<p>Ovaalsed alumiiniumprofiilid tagavad tasakaalu struktuurilise tugevuse ja esteetilise v\u00e4limuse vahel, mis on ideaalne nii funktsionaalsust kui ka disaini n\u00f5udvate rakenduste jaoks.\n<\/p>\n<p><\/p>\n<p><b>5.Kas ovaalsed alumiiniumprofiilid on kohandatavad?<\/b><\/p>\n<p>Jah, ovaalseid alumiiniumprofiile saab kohandada m\u00f5\u00f5tmete, sulamit\u00fc\u00fcpide, pinnaviimistluse ja seinapaksuse poolest vastavalt projekti spetsiifilistele vajadustele.\n<\/p>\n<p><\/p>\n<p><b>6.Kas ovaalseid alumiiniumprofiile saab anodeerida v\u00f5i pulberv\u00e4rvida?<\/b><\/p>\n<p>Absoluutselt ovaalseid alumiiniumprofiile saab anodeerida v\u00f5i pulberv\u00e4rvida, et suurendada korrosioonikindlust, v\u00e4rvide kohandamist ja pinnakaitset.\n<\/p>\n<p><\/p>\n<p><b>7.Milliseid sulameid kasutatakse tavaliselt ovaalsete alumiiniumist ekstrusiooniprofiilide jaoks?<\/b><\/p>\n<p>Levinud sulamid on 6061 ja 6063 alumiinium, mis pakuvad ovaalsete profiilide jaoks suurep\u00e4rast tugevust, korrosioonikindlust ja mehaanilist t\u00f6\u00f6deldavust.\n<\/p>\n<p><\/p>\n<p><b>8.Kas ovaalsed alumiiniumprofiilid sobivad v\u00e4litingimustes kasutamiseks?<\/b><\/p>\n<p>Jah, ovaalsed alumiiniumprofiilid on korrosioonikindlad ja ilmastikukindlad, mist\u00f5ttu sobivad need ideaalselt v\u00e4liskonstruktsioonidele ja v\u00e4litingimustes kasutamiseks.\n<\/p>\n<p><\/p>\n<p><b>9.Kuidas valmistatakse ovaalseid alumiiniumprofiile?<\/b><\/p>\n<p>Ovaalsed alumiiniumprofiilid valmistatakse, surudes kuumutatud alumiiniumitoorikuid l\u00e4bi spetsiaalsete matriitside, et luua t\u00e4psete m\u00f5\u00f5tmetega elliptilised ristl\u00f5iked.\n<\/p>\n<p><\/p>\n<p><b>10.Kas ovaalne alumiiniumi ekstrusioon on keskkonnas\u00f5bralik?<\/b><\/p>\n<p>Jah, ovaalsed alumiiniumprofiilid on valmistatud taaskasutatavast alumiiniumist, toetades keskkonnas\u00e4\u00e4stlikku ja v\u00e4heste j\u00e4\u00e4tmetega tootmist.\n<\/p>\n<p><\/p>","protected":false},"featured_media":3775,"template":"","categories":[54],"class_list":["post-3772","product","type-product","status-publish","has-post-thumbnail","hentry","category-industrial-aluminum-profiles"],"meta_box":{"hilight_text_group":{"product_hilight_text":"<li>High-strength aluminum alloy, lightweight and corrosion-resistant\u2014ideal for transport, construction, and solar energy sectors<\/li>\r\r\n<li>Oval cross-section profile enhances airflow and aesthetics\u2014perfect for EV battery enclosures, railings, and signage frames<\/li>\r\r\n<li>Custom extrusion services: support for anodizing, powder coating, and CNC machining to match exact project specs<\/li>\r\r\n<li>Easy integration with modular systems\u2014streamlines installation for industrial automation and assembly lines<\/li>\r\r\n<li>Reliable mass production with fast lead times\u2014trusted by OEMs and system integrators worldwide<\/li>","product_chanpin_chanpin":"<li><a href=\"https:\/\/sinoextrud.com\/product\/quadrate-pipe-baffle-ceiling-system\/\" target=\"_blank\">Quadrate-pipe Baffle Ceiling System<\/a><\/li>\r\n<li><a href=\"https:\/\/sinoextrud.com\/product\/o-shaped-pipe-baffle-ceiling-system\/\" target=\"_blank\">O-shaped pipe Baffle Ceiling System<\/a><\/li>\r\n<li><a href=\"https:\/\/sinoextrud.com\/product\/custom-made-ceiling-system\/\" target=\"_blank\">Custom-made Ceiling System<\/a><\/li>\r\n<li><a href=\"https:\/\/sinoextrud.com\/product\/aluminum-cladding-system\/\" target=\"_blank\">Aluminum Cladding System<\/a><\/li>\r\n<li><a href=\"https:\/\/sinoextrud.com\/product\/oval-aluminum-extrusion-profile\/\" target=\"_blank\">Oval Aluminum Extrusion Profile<\/a><\/li>\r\n<li><a href=\"https:\/\/sinoextrud.com\/product\/large-aluminum-extrusion\/\" target=\"_blank\">Large Aluminum Extrusion<\/a><\/li>\r\n<li><a href=\"https:\/\/sinoextrud.com\/product\/large-aluminum-extrud\/\" target=\"_blank\">Large Aluminum Extrud<\/a><\/li>\r\n<li><a href=\"https:\/\/sinoextrud.com\/product\/aluminium-extrusion-6061-6082-7075-aluminum-alloy-profiles\/\" target=\"_blank\">Aluminium Extrusion 6061 6082 7075 Aluminum Alloy Profiles<\/a><\/li>\r\n<li><a href=\"https:\/\/sinoextrud.com\/product\/aluminium-extrud-anodised-aluminium-tube\/\" target=\"_blank\">Aluminium Extrusion Anodised Aluminium Tube<\/a><\/li>\r\n<li><a href=\"https:\/\/sinoextrud.com\/product\/aluminum-u-profile\/\" target=\"_blank\">Aluminum U Profile<\/a><\/li>\r\n<li><a href=\"https:\/\/sinoextrud.com\/product\/aluminum-extrusion-aluminum-rolling-shutters-profile\/\" target=\"_blank\">Aluminum Extrusion Aluminum Rolling Shutters Profile<\/a><\/li>"},"feature_list":[]},"_links":{"self":[{"href":"https:\/\/sinoextrud.com\/et\/wp-json\/wp\/v2\/product\/3772","targetHints":{"allow":["GET"]}}],"collection":[{"href":"https:\/\/sinoextrud.com\/et\/wp-json\/wp\/v2\/product"}],"about":[{"href":"https:\/\/sinoextrud.com\/et\/wp-json\/wp\/v2\/types\/product"}],"wp:featuredmedia":[{"embeddable":true,"href":"https:\/\/sinoextrud.com\/et\/wp-json\/wp\/v2\/media\/3775"}],"wp:attachment":[{"href":"https:\/\/sinoextrud.com\/et\/wp-json\/wp\/v2\/media?parent=3772"}],"wp:term":[{"taxonomy":"category","embeddable":true,"href":"https:\/\/sinoextrud.com\/et\/wp-json\/wp\/v2\/categories?post=3772"}],"curies":[{"name":"wp","href":"https:\/\/api.w.org\/{rel}","templated":true}]}}