{"id":3541,"date":"2025-04-26T09:09:40","date_gmt":"2025-04-26T09:09:40","guid":{"rendered":"https:\/\/sinoextrud.com\/?post_type=product&#038;p=3541"},"modified":"2025-06-24T03:51:32","modified_gmt":"2025-06-24T03:51:32","slug":"kombineeritud-lahtine-laesusteem","status":"publish","type":"product","link":"https:\/\/sinoextrud.com\/et\/product\/combination-open-cell-ceiling-system\/","title":{"rendered":"Kombineeritud lahtine lae s\u00fcsteem"},"content":{"rendered":"<h2>STANDARDSED SUURUSED<\/h2>\n<p>1: Mittestandardseid suurusi saab kohandada;<\/p>\n<p>2: tsingitud rauast laotud plaat saab kohandada<\/p>\n<table class=\"custom-table\">\n<tr>\n<td class=\"label\">Toote nimi<\/td>\n<td>SIZE<\/td>\n<\/tr>\n<tr>\n<td class=\"label\">Laius<\/td>\n<td>10mm<\/td>\n<\/tr>\n<tr>\n<td class=\"label\">Haight<\/td>\n<td>40mm<\/td>\n<\/tr>\n<tr>\n<td class=\"label\">Suurus<\/td>\n<td>1800x1200mm\uff0c1800x600mm<\/td>\n<\/tr>\n<\/table>\n<h2>Paigaldusdiagramm<\/h2>\n<p><img decoding=\"async\" src=\"https:\/\/sinoextrud.com\/wp-content\/uploads\/Combination-Open-Cell-Ceiling-System-anzhuang.webp\" alt=\"Kombineeritud lahtine lae s\u00fcsteem\"  \/><\/p>\n<h2>Tootmisprotsess<\/h2>\n<p><img decoding=\"async\" src=\"\/wp-content\/uploads\/zzlc01.webp\" alt=\"Tootmisprotsess\"  \/><br \/>\n<img decoding=\"async\" src=\"\/wp-content\/uploads\/zzlc02.webp\" alt=\"Tootmisprotsess\"  \/><br \/>\n<img decoding=\"async\" src=\"\/wp-content\/uploads\/zzlc03.webp\" alt=\"Tootmisprotsess\"  \/><br \/>\n<img decoding=\"async\" src=\"\/wp-content\/uploads\/zzlc04.webp\" alt=\"Tootmisprotsess\"  \/><\/p>\n<h2>KKK<\/h2>\n<p><b>1.Mis on kombineeritud lahtine laes\u00fcsteem?<\/b><\/p>\n<p>Kombineeritud lahtine laes\u00fcsteem on modulaarne laelahendus, mis \u00fchendab erinevaid lahtri kujundeid ja suurusi - n\u00e4iteks ruudukujuline, rombikujuline v\u00f5i kolmnurkne -, et luua d\u00fcnaamilisi ja kohandatavaid lae kujundusi.\n<\/p>\n<p><\/p>\n<p><b>2.Millised on kombineeritud lahtise lae s\u00fcsteemi eelised?<\/b><\/p>\n<p>Kombineeritud lahtised laes\u00fcsteemid pakuvad suurt disaini paindlikkust, paremat \u00f5huringlust, moodsat esteetikat ja lihtsat juurdep\u00e4\u00e4su \u00fclalpool asuvatele kommunaalteenustele.\n<\/p>\n<p><\/p>\n<p><b>3.Kus kasutatakse tavaliselt kombineeritud lahtise lae s\u00fcsteemi?<\/b><\/p>\n<p>Neid s\u00fcsteeme kasutatakse laialdaselt \u00e4rihoonetes, transpordis\u00f5lmedes, kaubanduskeskustes, kontorites ja avalikes ruumides nende loomingulise visuaalse atraktiivsuse ja funktsionaalsete eeliste t\u00f5ttu.\n<\/p>\n<p><\/p>\n<p><b>4.Kuidas suurendab kombineeritud lahtine lagi disaini paindlikkust?<\/b><\/p>\n<p>See laes\u00fcsteem v\u00f5imaldab arhitektidel erinevate rakukujude ja -mustrite segamisega luua ainulaadseid ruumilisi efekte ja projekti teemale kohandatud disainilahendusi.\n<\/p>\n<p><\/p>\n<p><b>5.Milliseid materjale kasutatakse kombineeritud lahtise lae s\u00fcsteemides?<\/b><\/p>\n<p>Kombineeritud lahtised laed on tavaliselt valmistatud kergest alumiiniumist v\u00f5i tsingitud terasest, mis tagab tugevuse, vastupidavuse ja korrosioonikindluse.\n<\/p>\n<p><\/p>\n<p><b>6.Kas kombineeritud lahtise lae s\u00fcsteemid on kohandatavad?<\/b><\/p>\n<p>Jah, lahtri suurust, mustrikonfiguratsiooni, v\u00e4rvi, materjali paksust ja pinnaviimistlust saab kohandada vastavalt konkreetsetele arhitektuurilistele ja disainivajadustele.\n<\/p>\n<p><\/p>\n<p><b>7.Kas valgustuse integreerimine on v\u00f5imalik kombineeritud lahtise lae puhul?<\/b><\/p>\n<p>Kindlasti v\u00f5imaldab avatud konstruktsioon sujuvalt integreerida valgustid lae kohal v\u00f5i laeruudu sees, et suurendada funktsionaalsust ja atmosf\u00e4\u00e4ri.\n<\/p>\n<p><\/p>\n<p><b>8.Kas kombineeritud lahtise lae s\u00fcsteemi on lihtne paigaldada ja hooldada?<\/b><\/p>\n<p>Jah, modulaarne konstruktsioon v\u00f5imaldab kiiret paigaldamist, paneelide vahetamist ja lihtsat juurdep\u00e4\u00e4su tavaliseks hoolduseks ja hoolduseks.\n<\/p>\n<p><\/p>\n<p><b>9.Millised viimistlusv\u00f5imalused on saadaval kombineeritud lahtiste lagedele?<\/b><\/p>\n<p>Viimistlused h\u00f5lmavad pulberv\u00e4rvi, anodeeritud alumiiniumi, harjatud metalli, puidumassi ja kohandatud RAL-v\u00e4rve, mis pakuvad laias valikus kujundusv\u00f5imalusi.\n<\/p>\n<p><\/p>\n<p><b>10.Kas kombineeritud lahtine laes\u00fcsteem on keskkonnas\u00f5bralik?<\/b><\/p>\n<p>Jah, need laes\u00fcsteemid on valmistatud taaskasutatavatest materjalidest ning toetavad s\u00e4\u00e4stvaid ehitustavasid ja rohelise ehituse sertifikaate.\n<\/p>\n<p><\/p>","protected":false},"featured_media":3544,"template":"","categories":[49],"class_list":["post-3541","product","type-product","status-publish","has-post-thumbnail","hentry","category-open-cell-ceiling-systems"],"meta_box":{"hilight_text_group":{"product_hilight_text":"Composite open cell ceiling through the designer's ideas .break through the traditional concept .using complexceiling , and is different from the general grille , generousbeauty,strong stereo sense, Transparent structure . casy tomaintain :it can put the lamps and lanterns , airconditioning system , fire fighting equipment placed withinthe ceiling The installation is simple . but optiona!installation and removal , no special tools , convenientmaintenanoe.","product_tu_tu":"<img width=\"320\" height=\"210\" src=\"https:\/\/sinoextrud.com\/wp-content\/uploads\/Combination-Open-Cell-Ceiling-System-XG.webp\" alt=\"Combination Open Cell Ceiling System\" title=\"Combination Open Cell Ceiling System\">","product_chanpin_chanpin":"<li><a href=\"https:\/\/sinoextrud.com\/product\/h-shaped-closed-linear-ceiling-system\/\" target=\"_blank\">H-Shaped Closed Linear Ceiling System<\/a><\/li>\r\n<li><a href=\"https:\/\/sinoextrud.com\/product\/g-shaped-linear-ceiling-system\/\" target=\"_blank\">G-Shaped Linear Ceiling System<\/a><\/li>\r\n<li><a href=\"https:\/\/sinoextrud.com\/product\/u-shaped-with-open-linear-ceiling-system\/\" target=\"_blank\">U-Shaped With Open Linear Ceiling System<\/a><\/li>\r\n<li><a href=\"https:\/\/sinoextrud.com\/product\/v-shaped-linear-ceiling-system\/\" target=\"_blank\">V-Shaped Linear Ceiling System<\/a><\/li>\r\n<li><a href=\"https:\/\/sinoextrud.com\/product\/combination-open-cell-ceiling-system\/\" target=\"_blank\">Combination Open Cell Ceiling System<\/a><\/li>\r\n<li><a href=\"https:\/\/sinoextrud.com\/product\/pyramid-open-cell-ceiling-system\/\" target=\"_blank\">Pyramid Open Cell Ceiling System<\/a><\/li>\r\n<li><a href=\"https:\/\/sinoextrud.com\/product\/clip-type-screen-ceiling-system\/\" target=\"_blank\">Clip Type Screen Ceiling System<\/a><\/li>\r\n<li><a href=\"https:\/\/sinoextrud.com\/product\/hook-type-sereen-ceiling-system\/\" target=\"_blank\">Hook Type Sereen Ceiling System<\/a><\/li>\r\n<li><a href=\"https:\/\/sinoextrud.com\/product\/vertical-type-screen-ceiling-system\/\" target=\"_blank\">Vertical Type Screen Ceiling System<\/a><\/li>\r\n<li><a href=\"https:\/\/sinoextrud.com\/product\/aluminum-profile-with-t-slot-flat\/\" target=\"_blank\">Aluminum Profile With T Slot Flat<\/a><\/li>\r\n<li><a href=\"https:\/\/sinoextrud.com\/product\/thermal-break-aluminium-profiles\/\" target=\"_blank\">Thermal Break Aluminium Profiles<\/a><\/li>"},"feature_list":[]},"_links":{"self":[{"href":"https:\/\/sinoextrud.com\/et\/wp-json\/wp\/v2\/product\/3541","targetHints":{"allow":["GET"]}}],"collection":[{"href":"https:\/\/sinoextrud.com\/et\/wp-json\/wp\/v2\/product"}],"about":[{"href":"https:\/\/sinoextrud.com\/et\/wp-json\/wp\/v2\/types\/product"}],"wp:featuredmedia":[{"embeddable":true,"href":"https:\/\/sinoextrud.com\/et\/wp-json\/wp\/v2\/media\/3544"}],"wp:attachment":[{"href":"https:\/\/sinoextrud.com\/et\/wp-json\/wp\/v2\/media?parent=3541"}],"wp:term":[{"taxonomy":"category","embeddable":true,"href":"https:\/\/sinoextrud.com\/et\/wp-json\/wp\/v2\/categories?post=3541"}],"curies":[{"name":"wp","href":"https:\/\/api.w.org\/{rel}","templated":true}]}}